{"id":2200,"date":"2024-05-20T12:15:46","date_gmt":"2024-05-20T15:15:46","guid":{"rendered":"https:\/\/portal.uern.br\/proeg\/sisu\/?page_id=2200"},"modified":"2024-06-12T09:46:48","modified_gmt":"2024-06-12T12:46:48","slug":"duvidas-frequentes","status":"publish","type":"page","link":"https:\/\/portal.uern.br\/proeg\/sisu\/duvidas-frequentes\/","title":{"rendered":"D\u00favidas Frequentes"},"content":{"rendered":"<p>&nbsp;<\/p>\n<p>Nesta p\u00e1gina, constam alguns questionamentos frequentes sobre os Processos Seletivos para ingresso nos cursos de gradua\u00e7\u00e3o presenciais da Uern.<\/p>\n<p>As respostas aos questionamentos foram organizados nas seguintes categorias:<\/p>\n<p>&#8211;&gt; <a href=\"https:\/\/portal.uern.br\/proeg\/sisu\/ingresso-na-uern-duvidas\/\">Ingresso na Uern<\/a><\/p>\n<p>&#8211;&gt; Processos Seletivos:<\/p>\n<ul>\n<li><a href=\"https:\/\/portal.uern.br\/proeg\/sisu\/psvi-duvidas-frequentes\/\">Psvi<\/a><\/li>\n<li><a href=\"https:\/\/portal.uern.br\/proeg\/sisu\/psvni-duvidas-frequentes\/\">Psvni<\/a><\/li>\n<li><a href=\"https:\/\/portal.uern.br\/proeg\/sisu\/psvo-duvidas-frequentes\/\">Psvo<\/a><\/li>\n<\/ul>\n<p>&nbsp;<\/p>\n<p><strong>ATEN\u00c7\u00c3O!\u00a0<\/strong><\/p>\n<p>A consulta \u00e0s informa\u00e7\u00f5es dispon\u00edveis nesta p\u00e1gina <strong>N\u00c3O<\/strong> dispensa o(a) candidato(a) da leitura na \u00edntegra do Edital do processo seletivo.<\/p>\n","protected":false},"excerpt":{"rendered":"<p>&nbsp; Nesta p\u00e1gina, constam alguns questionamentos frequentes sobre os Processos Seletivos para ingresso nos cursos de gradua\u00e7\u00e3o presenciais da Uern. As respostas aos questionamentos foram organizados nas seguintes categorias: &#8211;&gt; Ingresso na Uern &#8211;&gt; Processos Seletivos: Psvi Psvni Psvo &nbsp; ATEN\u00c7\u00c3O!\u00a0 A consulta \u00e0s informa\u00e7\u00f5es dispon\u00edveis nesta p\u00e1gina N\u00c3O dispensa o(a) candidato(a) da leitura na [&hellip;]<\/p>\n","protected":false},"author":6,"featured_media":0,"parent":0,"menu_order":0,"comment_status":"closed","ping_status":"closed","template":"","meta":{"footnotes":""},"class_list":["post-2200","page","type-page","status-publish","hentry"],"_links":{"self":[{"href":"https:\/\/portal.uern.br\/proeg\/sisu\/wp-json\/wp\/v2\/pages\/2200","targetHints":{"allow":["GET"]}}],"collection":[{"href":"https:\/\/portal.uern.br\/proeg\/sisu\/wp-json\/wp\/v2\/pages"}],"about":[{"href":"https:\/\/portal.uern.br\/proeg\/sisu\/wp-json\/wp\/v2\/types\/page"}],"author":[{"embeddable":true,"href":"https:\/\/portal.uern.br\/proeg\/sisu\/wp-json\/wp\/v2\/users\/6"}],"replies":[{"embeddable":true,"href":"https:\/\/portal.uern.br\/proeg\/sisu\/wp-json\/wp\/v2\/comments?post=2200"}],"version-history":[{"count":14,"href":"https:\/\/portal.uern.br\/proeg\/sisu\/wp-json\/wp\/v2\/pages\/2200\/revisions"}],"predecessor-version":[{"id":2445,"href":"https:\/\/portal.uern.br\/proeg\/sisu\/wp-json\/wp\/v2\/pages\/2200\/revisions\/2445"}],"wp:attachment":[{"href":"https:\/\/portal.uern.br\/proeg\/sisu\/wp-json\/wp\/v2\/media?parent=2200"}],"curies":[{"name":"wp","href":"https:\/\/api.w.org\/{rel}","templated":true}]}}