{"id":1993,"date":"2024-04-10T12:28:19","date_gmt":"2024-04-10T15:28:19","guid":{"rendered":"https:\/\/portal.uern.br\/proeg\/sisu\/?page_id=1993"},"modified":"2024-04-17T11:11:57","modified_gmt":"2024-04-17T14:11:57","slug":"psvi-sisu-uern-2019","status":"publish","type":"page","link":"https:\/\/portal.uern.br\/proeg\/sisu\/psvi-sisu-uern-2019\/","title":{"rendered":"Psvi Sisu\/Uern 2019"},"content":{"rendered":"<h3 style=\"text-align: center\"><strong>Editais PSVI Sisu\/Uern 2019<\/strong><\/h3>\n<p>&nbsp;<\/p>\n<p><em><strong>EDITAL DE ABERTURA DO PSVI SISU\/UERN 2019<\/strong><\/em><\/p>\n<p><a href=\"https:\/\/www.uern.br\/controledepaginas\/proeg-editais\/arquivos\/0975edital_003.2019_proeg_psvi_2019.pdf\">Edital n\u00ba 03\/2019 &#8211; Proeg<\/a>: Disp\u00f5e sobre as normas para ocupa\u00e7\u00e3o de vagas iniciais dos cursos regulares de gradua\u00e7\u00e3o, na modalidade presencial, da Universidade do Estado do Rio Grande do Norte \u2013 UERN.<\/p>\n<p><a href=\"https:\/\/www.uern.br\/controledepaginas\/proeg-editais\/arquivos\/0975edital_006.2019_proeg_aditivo_ao_edital_003_2019_proeg.pdf\">Edital n 06\/2019 &#8211; Proeg<\/a>: Aditivo ao Edital 003\/2019-PROEG<\/p>\n<p><a href=\"https:\/\/www.uern.br\/controledepaginas\/proeg-editais\/arquivos\/0975edital_009.2019_proeg_aditivo_ao_anexo_i_do_edital_na_003.2019_proeg_quadro_de_vagas_do_psvi_2019.pdf\">Edital n\u00ba09\/2019 &#8211; Proeg<\/a>: Aditivo ao Anexo I do Edital n\u00ba 003.2019 \u2013 PROEG \u2013 Quadro de Vagas do PSVI 2019<\/p>\n<hr \/>\n<p>&nbsp;<\/p>\n<p><em><strong>CHAMADA REGULAR<\/strong><\/em><\/p>\n<p><a href=\"https:\/\/www.uern.br\/controledepaginas\/proeg-editais\/arquivos\/0975edital_011.2019_proeg_convocaa%C2%A7a%C2%A3o_e_cadastro_institucional.pdf\">Edital n\u00ba 11\/2019 &#8211; Proeg<\/a>: Divulga a rela\u00e7\u00e3o dos aprovados na chamada regular do SISU 2019 e convoca para a realiza\u00e7\u00e3o do Cadastro Institucional<\/p>\n<p><a href=\"https:\/\/www.uern.br\/controledepaginas\/proeg-editais\/arquivos\/0975edital_014.2019_lista_de_espera_sisu_2019.pdf\">Edital n\u00ba 14\/2024 &#8211; Proeg<\/a>: Divulga a rela\u00e7\u00e3o de candidatos constantes em Lista de Espera do SISU\/UERN 2019<\/p>\n<p><em><strong>\u00a0 \u00a0 \u00a0 \u00a0 \u00a0<\/strong><\/em><em><strong>Junta Multiprofissional<\/strong><\/em><\/p>\n<p><a href=\"https:\/\/www.uern.br\/controledepaginas\/proeg-editais\/arquivos\/0975edital_021.2019_proeg_convocaa%C2%A7a%C2%A3o_para_a_junta_multiprofissional_psvi_enem_sisu_uern_2019.pdf\">Edital n\u00ba 21\/2019 &#8211; Proeg<\/a>: Convoca\u00e7\u00e3o da Junta Multiprofissional<\/p>\n<p>&nbsp;<\/p>\n<hr \/>\n<p><em><strong>LISTA DE ESPERA<br \/>\n<\/strong><\/em><\/p>\n<p>&nbsp;<\/p>\n<hr \/>\n<p><em><strong>REMANEJAMENTO DE SEMESTRE<\/strong><\/em><\/p>\n<p>&nbsp;<\/p>\n<hr \/>\n<p><em><strong>SEGUNDA CHAMADA<\/strong><\/em><\/p>\n<p><a href=\"https:\/\/www.uern.br\/controledepaginas\/proeg-editais\/arquivos\/0975edital_035.2019_proeg_2a_chamada_sisu_2019.pdf\">Edital n\u00ba 35\/2019 &#8211; Proeg<\/a>: Convoca\u00e7\u00e3o da Segunda Chamada<\/p>\n<p><a href=\"https:\/\/www.uern.br\/controledepaginas\/proeg-editais\/arquivos\/0975edital_036.2019_aditivo_do_edital_035.proeg.pdf\">Edital n\u00ba 36\/2019 &#8211; Proeg<\/a>: Aditivo ao Edital n\u00ba 35\/2019<\/p>\n<p>&nbsp;<\/p>\n<hr \/>\n<p><em><strong>MATR\u00cdCULAS 2019.1<\/strong><\/em><\/p>\n<p><a href=\"https:\/\/www.uern.br\/controledepaginas\/proeg-editais\/arquivos\/0975edital_041.2019_proeg_matriculas_curriculares__2019.1.pdf\">Edital n\u00ba41\/2019 &#8211; Proeg<\/a>: Disp\u00f5e sobre a Matr\u00edcula Curricular do Semestre 2019.1<\/p>\n<hr \/>\n<p><em><strong>DECLARA\u00c7\u00c3O DE INTERESSE<\/strong><\/em><\/p>\n<p>&nbsp;<\/p>\n<hr \/>\n<p><em><strong>TERCEIRA CHAMADA<\/strong><\/em><\/p>\n<p><a href=\"https:\/\/www.uern.br\/controledepaginas\/proeg-editais\/arquivos\/0975edital_040.2019_resultado_3a_chamada_sisu_2019.pdf\">Edital n\u00ba 40\/2019 &#8211; Proeg<\/a>: Convoca\u00e7\u00e3o da Terceira Chamada<\/p>\n<p>&nbsp;<\/p>\n<hr \/>\n<p><em><strong>QUARTA CHAMADA<\/strong><\/em><\/p>\n<p><a href=\"https:\/\/www.uern.br\/controledepaginas\/proeg-editais\/arquivos\/0975edital_047.2019_proeg_abertura_4a_chamada_sisu_2019.pdf\">Edital n\u00ba 47\/2019 &#8211; Proeg<\/a>: Convoca candidatos constantes na Lista de Espera do SISU 2019 da Uern para declararem interesse por vaga da Quarta Chamada<\/p>\n<p><a href=\"https:\/\/www.uern.br\/controledepaginas\/proeg-editais\/arquivos\/0975edital_049.2019_proeg_resultado_4a_chamada_sisu_2019.pdf\">Edital n\u00ba 49\/2019 &#8211; Proeg<\/a>: Convoca candidatos aprovados na Quarta Chamada do SISU\/UERN para realizarem Cadastro Institucional e Matr\u00edcula Curricular<\/p>\n<p>&nbsp;<\/p>\n<hr \/>\n<p><em><strong>REMANEJAMENTO DE SEMESTRE<\/strong><\/em><\/p>\n<p><a href=\"https:\/\/www.uern.br\/controledepaginas\/proeg-editais\/arquivos\/0975edital_048.2019_proeg_abertura_remanejamento_2019.1.pdf\">Edital n\u00ba 48\/2019 &#8211; Proeg<\/a>: Divulga os procedimentos para solicita\u00e7\u00e3o de remanejamento para o semestre letivo 2019.2<\/p>\n<p><a href=\"https:\/\/www.uern.br\/controledepaginas\/proeg-editais\/arquivos\/0975edital_050.2019_proeg_resultado_remanejamento_2019.1.pdf\">Edital n\u00ba 50\/2019 &#8211; Proeg<\/a>: Convoca os candidatos aprovados no remanejamento de semestre para realizarem Matr\u00edcula Curricular<\/p>\n<hr \/>\n<p><em><strong>MATR\u00cdCULAS 2019.2<\/strong><\/em><\/p>\n<p><a href=\"https:\/\/www.uern.br\/controledepaginas\/proeg-editais\/arquivos\/0975edital_070.2019_edital_de_matriculas__2019.2.pdf\">Edital n\u00ba 70\/2019 &#8211; Proeg<\/a>: Disp\u00f5e sobre a Matr\u00edcula Curricular no semestre 2019.2<\/p>\n<hr \/>\n<p><em><strong>QUINTA CHAMADA<\/strong><\/em><\/p>\n<p><a href=\"https:\/\/portal.uern.br\/wp-content\/uploads\/2019\/10\/Edital-072.2019-PROEG-de-Abertura-5a-Chamada-SiSU-2019.pdf\">Edital n\u00ba 72\/2019 &#8211; Proeg<\/a>: Divulga a rela\u00e7\u00e3o de Candidatos Aprovados na Quinta Chamada do Psvi Sisu\/Uern 2019 e convoca para a realiza\u00e7\u00e3o do Cadastro Institucional<\/p>\n<p><a href=\"https:\/\/www.uern.br\/controledepaginas\/proeg-editais\/arquivos\/0975edital_078.2019_proeg_resultado_5a_chamada_sisu_2019.pdf\">Edital n\u00ba 78\/2019 &#8211; Proeg<\/a>: Resultado da 5\u00aa chamada SiSU 2019<\/p>\n<p><em><strong>\u00a0 \u00a0 \u00a0 <\/strong><\/em><\/p>\n<hr \/>\n<p><em><strong>SEXTA CHAMADA<\/strong><\/em><\/p>\n<p><a href=\"https:\/\/www.uern.br\/controledepaginas\/proeg-editais\/arquivos\/0975edital_082.2019_proeg_6a_chamada_sisu_2019.pdf\">Edital n\u00ba 82\/2019 &#8211; Proeg<\/a>: Divulga a rela\u00e7\u00e3o de Candidatos Aprovados na Sexta Chamada do Psvi Sisu\/Uern 2019<\/p>\n<p><em><strong>S\u00c9TIMA CHAMADA<\/strong><\/em><\/p>\n<p><a href=\"https:\/\/www.uern.br\/controledepaginas\/proeg-editais\/arquivos\/0975edital_087.2019_7a_chamada_sisu_2019.pdf\">Edital n\u00ba 87\/2019 &#8211; Proeg<\/a>: Divulga a rela\u00e7\u00e3o de Candidatos Aprovados na S\u00e9tima Chamada do Psvi Sisu\/Uern 2019<\/p>\n","protected":false},"excerpt":{"rendered":"<p>Editais PSVI Sisu\/Uern 2019 &nbsp; EDITAL DE ABERTURA DO PSVI SISU\/UERN 2019 Edital n\u00ba 03\/2019 &#8211; Proeg: Disp\u00f5e sobre as normas para ocupa\u00e7\u00e3o de vagas iniciais dos cursos regulares de gradua\u00e7\u00e3o, na modalidade presencial, da Universidade do Estado do Rio Grande do Norte \u2013 UERN. Edital n 06\/2019 &#8211; Proeg: Aditivo ao Edital 003\/2019-PROEG Edital [&hellip;]<\/p>\n","protected":false},"author":6,"featured_media":0,"parent":0,"menu_order":0,"comment_status":"closed","ping_status":"closed","template":"","meta":{"footnotes":""},"class_list":["post-1993","page","type-page","status-publish","hentry"],"_links":{"self":[{"href":"https:\/\/portal.uern.br\/proeg\/sisu\/wp-json\/wp\/v2\/pages\/1993","targetHints":{"allow":["GET"]}}],"collection":[{"href":"https:\/\/portal.uern.br\/proeg\/sisu\/wp-json\/wp\/v2\/pages"}],"about":[{"href":"https:\/\/portal.uern.br\/proeg\/sisu\/wp-json\/wp\/v2\/types\/page"}],"author":[{"embeddable":true,"href":"https:\/\/portal.uern.br\/proeg\/sisu\/wp-json\/wp\/v2\/users\/6"}],"replies":[{"embeddable":true,"href":"https:\/\/portal.uern.br\/proeg\/sisu\/wp-json\/wp\/v2\/comments?post=1993"}],"version-history":[{"count":6,"href":"https:\/\/portal.uern.br\/proeg\/sisu\/wp-json\/wp\/v2\/pages\/1993\/revisions"}],"predecessor-version":[{"id":2149,"href":"https:\/\/portal.uern.br\/proeg\/sisu\/wp-json\/wp\/v2\/pages\/1993\/revisions\/2149"}],"wp:attachment":[{"href":"https:\/\/portal.uern.br\/proeg\/sisu\/wp-json\/wp\/v2\/media?parent=1993"}],"curies":[{"name":"wp","href":"https:\/\/api.w.org\/{rel}","templated":true}]}}