{"id":1991,"date":"2024-04-10T12:28:02","date_gmt":"2024-04-10T15:28:02","guid":{"rendered":"https:\/\/portal.uern.br\/proeg\/sisu\/?page_id=1991"},"modified":"2025-04-16T07:17:36","modified_gmt":"2025-04-16T10:17:36","slug":"psvi-sisu-uern-2020","status":"publish","type":"page","link":"https:\/\/portal.uern.br\/proeg\/sisu\/psvi-sisu-uern-2020\/","title":{"rendered":"Psvi Sisu\/Uern 2020"},"content":{"rendered":"<h3 style=\"text-align: center\"><strong>Editais PSVI Sisu\/Uern 2020<\/strong><\/h3>\n<p>&nbsp;<\/p>\n<p><em><strong>EDITAL DE ABERTURA DO PSVI SISU\/UERN 2020<\/strong><\/em><\/p>\n<p><strong><a href=\"https:\/\/portal.uern.br\/proeg\/sisu\/wp-content\/uploads\/sites\/3\/2025\/04\/Edital-no-57_2025-Resultado-da-Junta-Multiprofissional-da-1a-2a-3a-4a-chamadas-2020.pdf\">Edital n\u00ba 57\/2025 &#8211; Proeg<\/a>: Resultado da Junta Multiprofissional referente \u00e0<\/strong><strong> Primeira, Segunda, Terceira e Quarta Chamadas do Sisu\/Uern 2020 na categoria Pessoa com Defici\u00eancia.<\/strong><\/p>\n<p><strong><a href=\"https:\/\/portal.uern.br\/proeg\/sisu\/wp-content\/uploads\/sites\/3\/2025\/04\/EDITAL-No-053.2025-PROEG-UERN-Junta-Multiprofissional-2a-chamada.docx.pdf\">Edital n\u00ba 53\/2025 &#8211; Proeg<\/a>: Convoca candidatos aprovados na Primeira, Segunda, Terceira e Quarta Chamadas do Sisu\/Uern 2020 na categoria Pessoa com Defici\u00eancia, para realiza\u00e7\u00e3o de per\u00edcia da Junta Multiprofissional da Uern em cumprimento \u00e0 decis\u00e3o judicial prolatada nos autos do Processo n\u00ba 0804878-03.2021.8.20.5001<\/strong><\/p>\n<p><a href=\"https:\/\/portal.uern.br\/proeg\/sisu\/wp-content\/uploads\/sites\/3\/2025\/04\/Edital-089.2019-PSVI-2020-com-anexos-RESOLUCAO-25.2019-completo.docx.pdf\">Edital n\u00ba 89\/2019 &#8211; Proeg<\/a>: Republica edital pertinente \u00e0s normas para ocupa\u00e7\u00e3o de vagas iniciais dos cursos regulares de gradua\u00e7\u00e3o da Uern<\/p>\n<p><a href=\"https:\/\/portal.uern.br\/proeg\/sisu\/wp-content\/uploads\/sites\/3\/2025\/04\/EDITAL-No-004.2020-Chamada-Regular-SiSU-2020.docx.pdf\">Edital n\u00ba 04\/2020 &#8211; Proeg:<\/a> Republica edital pertinente \u00e0 rela\u00e7\u00e3o dos candidatos aprovados na Chamada Regular do Sisu 2020<\/p>\n<p><a href=\"https:\/\/portal.uern.br\/proeg\/sisu\/wp-content\/uploads\/sites\/3\/2025\/04\/EDITAL-No-059.2020-PROEG-UERN-Junta-Multiprofissional-2a-chamada.docx.pdf\">Edital n\u00ba 59\/2020 &#8211; Proeg:<\/a> Reconvoca candidatos aprovados na Segunda Chamada do Sisu\/Uern 2020 em cursos com in\u00edcio no semestre letivo 2020.1, na categoria Pessoa com Defici\u00eancia, para realiza\u00e7\u00e3o de per\u00edcia pela Junta Multiprofissional da Uern.<\/p>\n<p><a href=\"https:\/\/portal.uern.br\/proeg\/sisu\/wp-content\/uploads\/sites\/3\/2025\/04\/EDITAL-No-063.2020-PROEG-UERN-Junta-Multiprofissional-3a-chamada.docx.pdf\">Edital n\u00ba 63\/2020 &#8211; Proeg:<\/a> Reconvoca candidatos aprovados na Segunda Chamada do Sisu\/Uern 2020 em cursos com in\u00edcio no semestre letivo 2020.2 e aprovados na Terceira Chamada, na categoria Pessoa com Defici\u00eancia, para realiza\u00e7\u00e3o de per\u00edcia pela Junta Multiprofissional da Uern<\/p>\n<p><a href=\"https:\/\/portal.uern.br\/proeg\/sisu\/wp-content\/uploads\/sites\/3\/2025\/04\/EDITAL-No-085.2020-PROEG-UERN-Junta-Multiprofissional-4a-chamada.docx.pdf\">Edital n\u00ba 85\/2025 &#8211; Proeg:<\/a> Republica edital pertinente \u00e0 convoca\u00e7\u00e3o dos candidatos aprovados na Quarta Chamada do Sisu\/Uern 2020, na categoria Pessoa com Defici\u00eancia, para realiza\u00e7\u00e3o de per\u00edcia pela Junta Multiprofissional da Uern.<\/p>\n<p><a href=\"https:\/\/portal.uern.br\/proeg\/sisu\/wp-content\/uploads\/sites\/3\/2025\/04\/EDITAL-No-002.2021-PROEG-UERN-Junta-Multiprofissional-5a-chamada.docx.pdf\">Edital n\u00ba 02\/2021 &#8211; Proeg:<\/a> Reconvoca candidatos aprovados na Quinta Chamada do Sistema de Sele\u00e7\u00e3o Unificada &#8211; SiSU 2020 da Uern para realizarem Cadastro Institucional e Matr\u00edcula Curricular<\/p>\n<p><a href=\"https:\/\/portal.uern.br\/proeg\/sisu\/wp-content\/uploads\/sites\/3\/2025\/04\/EDITAL-No-006.2021-PROEG-UERN-Junta-Multiprofissional-6a-chamada.docx.pdf\">Edital n\u00ba 06\/2021 &#8211; Proeg:<\/a> Reconvoca candidatos aprovados na Sexta Chamada do Processo Seletivo de Vagas Iniciais SiSU Uern 2020 para realizarem Cadastro Institucional e Matr\u00edcula Curricular<\/p>\n<p><a href=\"https:\/\/portal.uern.br\/proeg\/sisu\/wp-content\/uploads\/sites\/3\/2024\/04\/Edital-089.2019-PSVI-2020-com-anexos-RESOLUCAO-25.2019-completo.pdf\">Edital n\u00ba 89\/2019 &#8211; Proeg<\/a>: Disp\u00f5e sobre as normas para ocupa\u00e7\u00e3o de vagas iniciais dos cursos regulares de gradua\u00e7\u00e3o, na modalidade presencial, da Universidade do Estado do Rio Grande do Norte \u2013 UERN.<\/p>\n<p><a href=\"https:\/\/www.uern.br\/controledepaginas\/proeg-editais\/arquivos\/0975edital_003.2020_aditivo_ao_edital_089.2019_proeg_psvi_2020.pdf\">Edital n\u00ba 03\/2020 &#8211; Proeg<\/a>: Aditivo ao edital 89\/2019 &#8211; Proeg &#8211; PSVI 2020<\/p>\n<p>&nbsp;<\/p>\n<hr \/>\n<p>&nbsp;<\/p>\n<p><em><strong>CHAMADA REGULAR<\/strong><\/em><\/p>\n<p><a href=\"https:\/\/portal.uern.br\/proeg\/sisu\/wp-content\/uploads\/sites\/3\/2024\/04\/Edital-004.2020-Chamada-Regular-SiSU-2020.pdf\">Edital n\u00ba 04\/2020 &#8211; Proeg<\/a>: Convoca\u00e7\u00e3o da Chamada Regular e do Procedimento de Heteroidentifica\u00e7\u00e3o e da Junta Multiprofissional (<a href=\"https:\/\/drive.google.com\/file\/d\/1_zQwH0srz1XDfAobFz1noOHui2AarAjq\/view?usp=sharing\">\u00c1udio<\/a>)<\/p>\n<p><em><strong>\u00a0 \u00a0 \u00a0 \u00a0 \u00a0 Procedimento de Heteroidentifica\u00e7\u00e3o<\/strong><\/em><\/p>\n<p><a href=\"https:\/\/portal.uern.br\/proeg\/sisu\/wp-content\/uploads\/sites\/3\/2024\/04\/5636edital_022.2020_proeg_procedimento_de_heteroidenticaa\u00a7ao_psvi_2020.pdf\">Edital n\u00ba 22\/2020 &#8211; Proeg<\/a>: Convoca\u00e7\u00e3o do Procedimento de Heteroidentifica\u00e7\u00e3o<\/p>\n<p><a href=\"https:\/\/portal.uern.br\/proeg\/wp-content\/uploads\/2023\/05\/Edital-025.2020-PROEG-Resultado-do-Procedimento-de-Heteroidenticacao-PSVI-2020.pdf\">Edital n\u00b0 25\/2024 &#8211; Proeg<\/a>: Resultado do Procedimento de Heteroidentifica\u00e7\u00e3o (\u00c1udio)<\/p>\n<p><em><strong>\u00a0 \u00a0 \u00a0 \u00a0 \u00a0<\/strong><\/em><em><strong>Junta Multiprofissional<\/strong><\/em><\/p>\n<p><a href=\"https:\/\/portal.uern.br\/proeg\/sisu\/wp-content\/uploads\/sites\/3\/2024\/04\/chamada-regular-RESULTADO-DA-JUNTA.pdf\">Lista &#8211; Proeg<\/a>: Resultado da Junta Multiprofissional (\u00c1udio)(Libras)<\/p>\n<hr \/>\n<p><em><strong>LISTA DE ESPERA<br \/>\n<\/strong><\/em><\/p>\n<p><a href=\"https:\/\/www.uern.br\/controledepaginas\/proeg-editais\/arquivos\/0975edital_012.2020_divulga_lista_de_espera_sisu_2020.pdf\">Edital n\u00ba 12\/2020<\/a>: Divulga a rela\u00e7\u00e3o dos candidatos constantes em Lista de Espera do SISU\/UERN 2020<\/p>\n<hr \/>\n<p><em><strong>MATR\u00cdCULAS 2020.1<\/strong><\/em><\/p>\n<p><a href=\"https:\/\/www.uern.br\/controledepaginas\/proeg-editais\/arquivos\/0975edital_020.2020_proeg_edital_de_matra%C2%ADculas_2020.1.pdf\">Edital n\u00ba 20\/2020 &#8211; Proeg<\/a>: Disp\u00f5e sobre a matr\u00edcula curricular para o semestre letivo 2020.1<\/p>\n<p><a href=\"https:\/\/drive.google.com\/file\/d\/1v46h_IwQq8Ah9SX4H0w1dz3B95phIbeV\/view\">Edital n\u00ba 57\/2020 &#8211; Proeg<\/a>: Aditivo ao Edital n\u00ba 20\/2020 &#8211; Proeg<\/p>\n<hr \/>\n<p><em><strong>REMANEJAMENTO DE SEMESTRE<\/strong><\/em><\/p>\n<p><a href=\"https:\/\/portal.uern.br\/proeg\/sisu\/wp-content\/uploads\/sites\/3\/2024\/04\/Minuta-Abertura-Remanejamento-2020.pdf\">Edital n\u00ba 24\/2020 &#8211; Proeg<\/a>: Abertura de solicita\u00e7\u00e3o de Remanejamento de Semestre<\/p>\n<p><a href=\"https:\/\/portal.uern.br\/proeg\/sisu\/wp-content\/uploads\/sites\/3\/2024\/04\/Minuta-Resultado-Remanejamento-.pdf\">Edital n\u00ba 30\/2020 &#8211; Proeg<\/a>: Resultado do Remanejamento de Semestre<\/p>\n<hr \/>\n<p><em><strong>SEGUNDA CHAMADA<\/strong><\/em><\/p>\n<p><a href=\"https:\/\/portal.uern.br\/proeg\/sisu\/wp-content\/uploads\/sites\/3\/2024\/04\/Edital-029.2020-PROEG-2a-CHAMADA-SISI-UERN-2020.docx.pdf\">Edital n\u00ba 29\/2020 &#8211; Proeg<\/a>: Convoca\u00e7\u00e3o da Segunda Chamada<\/p>\n<p><a href=\"https:\/\/portal.uern.br\/proeg\/sisu\/wp-content\/uploads\/sites\/3\/2024\/04\/Aditivo-ao-Edital-no-029-2020-\u2013-PROEG-UERN.docx.pdf\">Edital n\u00ba 31\/2020 &#8211; Proeg<\/a>: Aditivo ao Edital n\u00ba 29\/2020<\/p>\n<p><em><strong>\u00a0 \u00a0 \u00a0 \u00a0 \u00a0 Procedimento de Heteroidentifica\u00e7\u00e3o<\/strong><\/em><\/p>\n<p><a href=\"https:\/\/portal.uern.br\/proeg\/sisu\/wp-content\/uploads\/sites\/3\/2024\/04\/5636edital_053.2020_proeg_heteroidentificaa\u00a7ao.pdf\">Edital n\u00ba 53\/2020 &#8211; Proeg<\/a>: Convoca\u00e7\u00e3o do Procedimento de Heteroidentifica\u00e7\u00e3o<\/p>\n<p><a href=\"https:\/\/portal.uern.br\/wp-content\/uploads\/2020\/08\/Edital055.2020-PROEG-Aditivo-ao-Edital-n%C2%BA-053-2020-%E2%80%93-PROEG-Altera%C3%A7%C3%B5es-nos-Anexo-I-e-II-2.pdf\">Edital n\u00ba 55\/2020 &#8211; Proeg<\/a>: Aditivo ao edital 053\/2020-PROEG<\/p>\n<p><a href=\"https:\/\/portal.uern.br\/proeg\/sisu\/wp-content\/uploads\/sites\/3\/2024\/04\/Resultado-do-Procedimento-de-Heteroidenticacao-2a-chamada-2020.pdf\">Edital n\u00ba 60\/2020 &#8211; Proeg<\/a>: Resultado do Procedimento de Heteroidentifica\u00e7\u00e3o<\/p>\n<p><em><strong>\u00a0 \u00a0 \u00a0 \u00a0 \u00a0 Junta Multiprofissional<\/strong><\/em><\/p>\n<p><a href=\"https:\/\/portal.uern.br\/proeg\/sisu\/wp-content\/uploads\/sites\/3\/2024\/04\/EDITAL-No-059_2020-\u2013-PROEG_UERN-Junta-Multiprof-2a-chamada.pdf\">Edital n\u00ba 59\/2020 &#8211; Proeg<\/a>: Convoca\u00e7\u00e3o da Junta Multiprofissional (<a href=\"https:\/\/drive.google.com\/file\/d\/16advyeSIXZZsRKUt7UJwGEW5M6Bj0rLo\/view?usp=sharing\">\u00c1udio<\/a>)(<a href=\"https:\/\/drive.google.com\/file\/d\/1Rq8B-5vPAeyiQ0pII31xmb8XxC5P6OMv\/view?usp=sharing\">Libras<\/a>)<\/p>\n<p><a href=\"https:\/\/portal.uern.br\/proeg\/sisu\/wp-content\/uploads\/sites\/3\/2024\/04\/Resultado-junta-multiprofissional-2a-chamada-2020.pdf\">Edital n\u00ba 61\/2020 &#8211; Proeg<\/a>: Resultado da Junta Multiprofissional (<a href=\"https:\/\/drive.google.com\/file\/d\/1zE_6A-Nx2htMNpblKj0G5gXK77Y35GTT\/view?usp=sharing\">\u00c1udio<\/a>)(<a href=\"https:\/\/drive.google.com\/file\/d\/1ZleKYCCm-anjdMiJJMqQKQ_zNI-MRkTA\/view?usp=sharing\">Libras<\/a>)<\/p>\n<p><a href=\"https:\/\/drive.google.com\/file\/d\/1BkIgPoyJYYQ6B8xw1_OCh7YTin0r7B3f\/view?usp=sharing\">\u00c1udio Anexo I<\/a><\/p>\n<p><a href=\"https:\/\/drive.google.com\/file\/d\/1FeVTCHN7qnMUTzN0VqMlL0gV3j94yxrC\/view?usp=sharing\">\u00c1udio Anexo II<\/a><\/p>\n<hr \/>\n<p><em><strong>DECLARA\u00c7\u00c3O DE INTERESSE<\/strong><\/em><\/p>\n<p><a href=\"https:\/\/portal.uern.br\/proeg\/sisu\/wp-content\/uploads\/sites\/3\/2024\/04\/Edital-034.2020-PROEG-Abertura-3a-Chamada-SiSU-2020.pdf\">Edital n\u00ba 34\/2020 &#8211; Proeg<\/a>: Convoca\u00e7\u00e3o de Candidatos Constantes na Lista de Espera do Psvi Sisu\/Uern 2020 para Declara\u00e7\u00e3o de Interesse por vaga da Terceira Chamada (<a href=\"https:\/\/drive.google.com\/file\/d\/1qSQr-xDMdQnWQBmq25hD1jVXfCfOQ6M6\/view?usp=sharing\">\u00c1udio<\/a>)<\/p>\n<p><a href=\"https:\/\/portal.uern.br\/proeg\/sisu\/wp-content\/uploads\/sites\/3\/2024\/04\/Retificado-Edital-037.2020-PROEG-RELACAO-DOS-CANDIDATOS-QUE-DECLARARAM-INTERESSE-POR-VAGA-NA-3a-CHAMADA-DO-SISU-UERN-2020.pdf\">Edital n\u00ba 37\/2020 &#8211; Proeg<\/a>: Rela\u00e7\u00e3o dos Candidatos que declararam interesse em eventual vaga remanescente para a Terceira Chamada<\/p>\n<p><a href=\"https:\/\/portal.uern.br\/proeg\/sisu\/wp-content\/uploads\/sites\/3\/2024\/04\/ERRATA-REFERENTE-AO-ANEXO-UNICO-DO-EDITAL-No-037-2020-PROEG.pdf\">Errata<\/a> &#8211; Referente ao anexo \u00fanico do Edital n\u00ba 37\/2020<\/p>\n<hr \/>\n<p><em><strong>TERCEIRA CHAMADA<\/strong><\/em><\/p>\n<p><a href=\"https:\/\/portal.uern.br\/proeg\/sisu\/wp-content\/uploads\/sites\/3\/2024\/04\/Edital-062-3a-Chamada-com-heteroidentificacao-2020.pdf\">Edital n\u00ba 62\/2020 &#8211; Proeg<\/a>: Convoca\u00e7\u00e3o da Terceira Chamada com Heteroidentifica\u00e7\u00e3o (<a href=\"https:\/\/drive.google.com\/file\/d\/1tp7KLUMq7SLT3_nLR3RAekEhikj4egY6\/view?usp=sharing\">\u00c1udio<\/a>)(<a href=\"https:\/\/drive.google.com\/file\/d\/1pOjdc3Ay7YOcRQ8jYO6KEaCyPNdkjLcd\/view?usp=sharing\">Libras<\/a>)<\/p>\n<p><em><strong>\u00a0 \u00a0 \u00a0 \u00a0 \u00a0 Procedimento de Heteroidentifica\u00e7\u00e3o<\/strong><\/em><\/p>\n<p><a href=\"https:\/\/portal.uern.br\/proeg\/sisu\/wp-content\/uploads\/sites\/3\/2024\/04\/Edital-065_2020_Resultado-Heteroidenticacao-3a-chamada.pdf\">Edital n\u00ba 65\/2020 &#8211; Proeg<\/a>: Resultado do Procedimento de Heteroidentifica\u00e7\u00e3o<\/p>\n<p><a href=\"https:\/\/portal.uern.br\/proeg\/sisu\/wp-content\/uploads\/sites\/3\/2024\/04\/Edital-071.2020-Aditivo-ao-edital-065_2020-Heteroidentificacao-3a-chamada.pdf\">Edital n\u00ba 71\/2020 &#8211; Proeg<\/a>: Aditivo ao Edital n\u00ba 65\/2020 &#8211; Proeg<\/p>\n<p><em><strong>\u00a0 \u00a0 \u00a0 \u00a0 \u00a0 Junta Multiprofissional<\/strong><\/em><\/p>\n<p><a href=\"https:\/\/portal.uern.br\/proeg\/sisu\/wp-content\/uploads\/sites\/3\/2024\/04\/EDITAL-No-063_2020-\u2013-PROEG_UERN-Junta-Multiprof-3a-chamada.pdf\">Edital n\u00ba 63\/2020 &#8211; Proeg<\/a>: Convoca\u00e7\u00e3o da Junta Multiprofissional (<a href=\"https:\/\/drive.google.com\/file\/d\/1x8g0t16DZQcUrcbGVfngrgzT5emw77Xa\/view?usp=sharing\">\u00c1udio<\/a>)<\/p>\n<p><a href=\"https:\/\/portal.uern.br\/proeg\/sisu\/wp-content\/uploads\/sites\/3\/2024\/04\/Edital-068_2020_Resultado-junta-multiprofissional-2a-chamada-2020.2-e-3a-chamada.pdf\">Edital n\u00ba 68\/2020\u00a0&#8211; Proeg<\/a>: Resultado da Junta Multiprofissional<\/p>\n<hr \/>\n<p><em><strong>QUARTA CHAMADA<\/strong><\/em><\/p>\n<p><a href=\"https:\/\/portal.uern.br\/proeg\/sisu\/wp-content\/uploads\/sites\/3\/2024\/04\/Edital-067_2020-4a-Chamada-2020.pdf\">Edital n\u00ba 67\/2020 &#8211; Proeg<\/a>: Divulga a rela\u00e7\u00e3o dos Candidatos Aprovados na Quarta Chamada do Psvi Sisu\/Uern 2022, convoca para a realiza\u00e7\u00e3o do Cadastro Institucional e convoca os aprovados nas categorias PCD e PPI para a Junta Multiprofissional e para o Procedimento de Heteroidentifica\u00e7\u00e3o<\/p>\n<p><a href=\"https:\/\/portal.uern.br\/proeg\/sisu\/wp-content\/uploads\/sites\/3\/2024\/04\/Edital-096.2021-PROEG-Aditivo-ao-edital-092_2021-Convocacao-4a-Chamada.pdf\">Edital n\u00ba 96\/2021 &#8211; Proeg<\/a>: Aditivo ao Edital n\u00ba 92\/2021 &#8211; Proeg<\/p>\n<p><em><strong>\u00a0 \u00a0 \u00a0 \u00a0 Procedimento de Heteroidentifica\u00e7\u00e3o<\/strong><\/em><\/p>\n<p><a href=\"https:\/\/portal.uern.br\/proeg\/sisu\/wp-content\/uploads\/sites\/3\/2024\/04\/Edital-075_2020_Resultado-Heteroidenticacao-4a-chamada.pdf\">Edital n\u00ba 75\/2020 &#8211; Proeg<\/a>: Resultado do Procedimento de Heteroidentifica\u00e7\u00e3o<\/p>\n<p><em><strong>\u00a0 \u00a0 \u00a0 \u00a0 Junta Multiprofissional<\/strong><\/em><\/p>\n<p><a href=\"https:\/\/portal.uern.br\/proeg\/sisu\/wp-content\/uploads\/sites\/3\/2024\/04\/EDITAL-No-085_2020-PROEG_UERN-Junta-Multiprof-4a-chamada.pdf\">Edital n\u00ba 85\/2020 &#8211; Proeg<\/a>: Convoca\u00e7\u00e3o da Junta Multiprofissional<\/p>\n<p><a href=\"https:\/\/portal.uern.br\/proeg\/sisu\/wp-content\/uploads\/sites\/3\/2024\/04\/Edital-094_2020_Resultado-junta-multiprofissional-4a-chamada-20202.pdf\">Edital n\u00ba 94\/2020 &#8211; Proeg<\/a>: Resultado da Junta Multiprofissional<\/p>\n<hr \/>\n<p><em><strong>MATR\u00cdCULAS 2022.2<\/strong><\/em><\/p>\n<p><a href=\"https:\/\/portal.uern.br\/wp-content\/uploads\/2020\/11\/Edital-103.2020-PROEG-Matr%C3%ADcula-2020.2.pdf\">Edital n\u00ba 103\/2020 &#8211; Proeg<\/a>: Disp\u00f5e sobre a matr\u00edcula curricular para o semestre letivo 2020.2<\/p>\n<p><a href=\"https:\/\/www.uern.br\/controledepaginas\/sisu-2020\/arquivos\/5636edital_098_2020_heteroidentificacao_2020_2.pdf\">Edital n\u00ba 98\/2020 &#8211; Proeg<\/a>: Covoca\u00e7\u00e3o processo de heteroidentifica\u00e7\u00e3o convocados 2\u00aa, 3\u00aa e 4\u00aa chamada do SiSU<\/p>\n<p><a href=\"https:\/\/portal.uern.br\/wp-content\/uploads\/2020\/12\/Edital-110_2020_Resultado-Heteroidenticacao-2020_2.pdf\">Edital n\u00ba 110\/2020 &#8211; Proeg<\/a>: Resultado procedimento de heteroidentifica\u00e7\u00e3o<\/p>\n<hr \/>\n<p><em><strong>QUINTA CHAMADA<\/strong><\/em><\/p>\n<p><a href=\"https:\/\/portal.uern.br\/proeg\/sisu\/wp-content\/uploads\/sites\/3\/2024\/04\/Edital-002_2021_5a_cham.pdf\">Edital n\u00ba 02\/2021 &#8211; Proeg<\/a>: Divulga a rela\u00e7\u00e3o de Candidatos Aprovados na Quinta Chamada do Psvi Sisu\/Uern 2021 e convoca para a realiza\u00e7\u00e3o do Cadastro Institucional e convoca os aprovados nas categorias PCD e PPI para a Junta Multiprofissional e para o Procedimento de Heteroidentifica\u00e7\u00e3o(<a href=\"https:\/\/drive.google.com\/file\/d\/1ZX7FqKqp5tZ_2Ge7_jdDVclMthUZgnPt\/view?usp=sharing\">\u00c1udio<\/a>)<\/p>\n<p><em><strong>\u00a0 \u00a0 \u00a0 \u00a0 Procedimento de Heteroidentifica\u00e7\u00e3o<\/strong><\/em><\/p>\n<p><a href=\"https:\/\/portal.uern.br\/proeg\/sisu\/wp-content\/uploads\/sites\/3\/2024\/04\/Edital-004_2021_Resultado-Heteroidenticacao-2020_2.pdf\">Edital n\u00ba 04\/2021 &#8211; Proeg<\/a>: Resultado do Procedimento de Heteroidentifica\u00e7\u00e3o (<a href=\"https:\/\/drive.google.com\/file\/d\/1fxbstHJva4pEYSRneLH4PVgdH8_GAixz\/view?usp=sharing\">\u00c1udio<\/a>)(<a href=\"https:\/\/drive.google.com\/file\/d\/1j42NdGMrMcAV6UZ1TnOeE15groCMkJcu\/view?usp=sharing\">Libras<\/a>)<\/p>\n<p><a href=\"https:\/\/drive.google.com\/file\/d\/11SGsXYZIwZqTIk26ezOZUa-Y_BEiVQt3\/view?usp=sharing\">\u00c1udio Anexo II<\/a><\/p>\n<p><em><strong>\u00a0 \u00a0 \u00a0 \u00a0 Junta Multiprofissional<\/strong><\/em><\/p>\n<p><a href=\"https:\/\/portal.uern.br\/proeg\/sisu\/wp-content\/uploads\/sites\/3\/2024\/04\/Edital-003_2021_Resultado-junta-multiprofissional-5a-chamada-2020.2.pdf\">Edital n\u00ba 03\/2021 &#8211; Proeg<\/a>: Resultado da Junta Multiprofissional<\/p>\n<hr \/>\n<p><em><strong>SEXTA CHAMADA<\/strong><\/em><\/p>\n<p><a href=\"https:\/\/portal.uern.br\/proeg\/sisu\/wp-content\/uploads\/sites\/3\/2024\/04\/Edital-006_2021_6a_cham_.pdf\">Edital n\u00ba 06\/2021 &#8211; Proeg<\/a>: Divulga a rela\u00e7\u00e3o de Candidatos Aprovados na Sexta Chamada do Psvi Sisu\/Uern 2021, convoca para a realiza\u00e7\u00e3o do Cadastro Institucional e convoca os aprovados nas categorias PCD e PPI para a Junta Multiprofissional e para o Procedimento de Heteroidentifica\u00e7\u00e3o (<a href=\"https:\/\/drive.google.com\/file\/d\/161qk1cG-qvINiVS0aadtkjIuDBjgq3GA\/view?usp=sharing\">\u00c1udio<\/a>)<\/p>\n<p style=\"text-align: left\"><em><strong>\u00a0 \u00a0 \u00a0 Procedimento de Heteroidentifica\u00e7\u00e3o<\/strong><\/em><\/p>\n<p><a href=\"https:\/\/portal.uern.br\/proeg\/sisu\/wp-content\/uploads\/sites\/3\/2024\/04\/Edital-011_2021_6CH_Resultado-Heteroidenticacao-2020_2-1.pdf\">Edital n\u00ba 11\/2021 &#8211; Proeg<\/a>: Resultado do Procedimento de Heteroidentifica\u00e7\u00e3o (<a href=\"https:\/\/drive.google.com\/file\/d\/1Bsum7yIQrzQdvvSFfeq5cG0toOrK-J0Q\/view?usp=sharing\">\u00c1udio<\/a>)<\/p>\n<p><em><strong>\u00a0 \u00a0 \u00a0 Junta Multiprofissional<\/strong><\/em><\/p>\n<p><a href=\"https:\/\/portal.uern.br\/proeg\/sisu\/wp-content\/uploads\/sites\/3\/2024\/04\/Edital-010_2021_Resultado-junta-multiprofissional-6a-chamada-2020.2.pdf\">Edital n\u00ba 10\/2021 &#8211; Proeg<\/a>: Resultado da Junta Multiprofissional<\/p>\n","protected":false},"excerpt":{"rendered":"<p>Editais PSVI Sisu\/Uern 2020 &nbsp; EDITAL DE ABERTURA DO PSVI SISU\/UERN 2020 Edital n\u00ba 57\/2025 &#8211; Proeg: Resultado da Junta Multiprofissional referente \u00e0 Primeira, Segunda, Terceira e Quarta Chamadas do Sisu\/Uern 2020 na categoria Pessoa com Defici\u00eancia. Edital n\u00ba 53\/2025 &#8211; Proeg: Convoca candidatos aprovados na Primeira, Segunda, Terceira e Quarta Chamadas do Sisu\/Uern 2020 [&hellip;]<\/p>\n","protected":false},"author":6,"featured_media":0,"parent":0,"menu_order":0,"comment_status":"closed","ping_status":"closed","template":"","meta":{"footnotes":""},"class_list":["post-1991","page","type-page","status-publish","hentry"],"_links":{"self":[{"href":"https:\/\/portal.uern.br\/proeg\/sisu\/wp-json\/wp\/v2\/pages\/1991","targetHints":{"allow":["GET"]}}],"collection":[{"href":"https:\/\/portal.uern.br\/proeg\/sisu\/wp-json\/wp\/v2\/pages"}],"about":[{"href":"https:\/\/portal.uern.br\/proeg\/sisu\/wp-json\/wp\/v2\/types\/page"}],"author":[{"embeddable":true,"href":"https:\/\/portal.uern.br\/proeg\/sisu\/wp-json\/wp\/v2\/users\/6"}],"replies":[{"embeddable":true,"href":"https:\/\/portal.uern.br\/proeg\/sisu\/wp-json\/wp\/v2\/comments?post=1991"}],"version-history":[{"count":16,"href":"https:\/\/portal.uern.br\/proeg\/sisu\/wp-json\/wp\/v2\/pages\/1991\/revisions"}],"predecessor-version":[{"id":3076,"href":"https:\/\/portal.uern.br\/proeg\/sisu\/wp-json\/wp\/v2\/pages\/1991\/revisions\/3076"}],"wp:attachment":[{"href":"https:\/\/portal.uern.br\/proeg\/sisu\/wp-json\/wp\/v2\/media?parent=1991"}],"curies":[{"name":"wp","href":"https:\/\/api.w.org\/{rel}","templated":true}]}}