{"id":1989,"date":"2024-04-10T12:27:23","date_gmt":"2024-04-10T15:27:23","guid":{"rendered":"https:\/\/portal.uern.br\/proeg\/sisu\/?page_id=1989"},"modified":"2024-04-15T14:15:21","modified_gmt":"2024-04-15T17:15:21","slug":"psvi-sisu-uern-2021","status":"publish","type":"page","link":"https:\/\/portal.uern.br\/proeg\/sisu\/psvi-sisu-uern-2021\/","title":{"rendered":"Psvi Sisu\/Uern 2021"},"content":{"rendered":"<h3 style=\"text-align: center\"><strong>Editais PSVI Sisu\/Uern 2021<\/strong><\/h3>\n<p>&nbsp;<\/p>\n<p><em><strong>EDITAL DE ABERTURA DO PSVI SISU\/UERN 2021<\/strong><\/em><\/p>\n<p><a href=\"https:\/\/portal.uern.br\/proeg\/sisu\/wp-content\/uploads\/sites\/3\/2024\/04\/Edital-008.2021-PROEG-PSVI-2021.pdf\">Edital n\u00ba 08\/2021 &#8211; Proeg<\/a>: Disp\u00f5e sobre as normas para ocupa\u00e7\u00e3o de vagas iniciais dos cursos regulares de gradua\u00e7\u00e3o, na modalidade presencial, da Universidade do Estado do Rio Grande do Norte \u2013 UERN.<\/p>\n<p>&nbsp;<\/p>\n<hr \/>\n<p>&nbsp;<\/p>\n<p><em><strong>CHAMADA REGULAR<\/strong><\/em><\/p>\n<p><a href=\"https:\/\/portal.uern.br\/proeg\/sisu\/wp-content\/uploads\/sites\/3\/2024\/04\/Edital-031_2021-Chamada-Regular-2021.pdf\">Edital n\u00ba 31\/2021 &#8211; Proeg<\/a>: Convoca\u00e7\u00e3o da Chamada Regular<\/p>\n<p>&nbsp;<\/p>\n<p><em><strong>\u00a0 \u00a0 \u00a0 \u00a0 \u00a0 Procedimento de Heteroidentifica\u00e7\u00e3o<\/strong><\/em><\/p>\n<p><a href=\"https:\/\/portal.uern.br\/proeg\/sisu\/wp-content\/uploads\/sites\/3\/2024\/04\/Edital-043_2021_Heteroidentificacao-2021_1.pdf\">Edital n\u00ba 43\/2021 &#8211; Proeg<\/a>: Convoca\u00e7\u00e3o do Procedimento de Heteroidentifica\u00e7\u00e3o<\/p>\n<p><a href=\"https:\/\/portal.uern.br\/proeg\/sisu\/wp-content\/uploads\/sites\/3\/2024\/04\/Edital-045.2021-PROEG-Aditivo-ao-edital-043_2021-Heteroidentificacao.pdf\">Edital n\u00ba 45\/2021 &#8211; Proeg<\/a>: Aditivo ao Edital n\u00ba 43\/2021 &#8211; Proeg<\/p>\n<p><a href=\"https:\/\/portal.uern.br\/proeg\/sisu\/wp-content\/uploads\/sites\/3\/2024\/04\/Edital-050_2021_Resultado-Heteroidenticacao-2021_1.pdf\">Edital n\u00ba 50\/2021 &#8211; Proeg<\/a>: Resultado do Procedimento de Heteroidentifica\u00e7\u00e3o (<a href=\"https:\/\/drive.google.com\/file\/d\/1J81Nv0aBW_JNzzxKmrup-NNdCKYF9pZI\/view?usp=sharing\">\u00c1udio<\/a>)<\/p>\n<p><a href=\"https:\/\/portal.uern.br\/proeg\/sisu\/wp-content\/uploads\/sites\/3\/2024\/04\/Edital-066.2021-PROEG-Aditivo-ao-edital-050_2021-Resultado-Heteroidentificacao.pdf\">Edital n\u00ba 66\/2021 &#8211; Proeg<\/a>: Aditivo ao Edital n\u00ba 50\/2021 &#8211; Proeg<\/p>\n<p><em><strong>\u00a0 \u00a0 \u00a0 \u00a0 \u00a0<\/strong><\/em><em><strong>Junta Multiprofissional<\/strong><\/em><\/p>\n<p><a href=\"https:\/\/portal.uern.br\/proeg\/sisu\/wp-content\/uploads\/sites\/3\/2024\/04\/EDITAL-No-040_2021-\u2013-PROEG_UERN-Junta-Multiprof-chamada-regular.pdf\">Edital n\u00ba 40\/2021\u00a0&#8211; Proeg<\/a>: Convoca\u00e7\u00e3o da Junta Multiprofissional<\/p>\n<p><a href=\"https:\/\/portal.uern.br\/proeg\/sisu\/wp-content\/uploads\/sites\/3\/2024\/04\/Resultado-junta-multiprofissional-chamada-reg-2021.pdf\">Edital n\u00ba 61\/2021 &#8211; Proeg<\/a>: Resultado da Junta Multiprofissional (<a href=\"https:\/\/drive.google.com\/file\/d\/1S20it3LQ97rO-zglIgVQqWQaXgZfzu4a\/view?usp=sharing\">\u00c1udio<\/a>)(<a href=\"https:\/\/drive.google.com\/file\/d\/1FbWeuQrbs61s3bU-4-SnMKMYrfwJbQUa\/view?usp=sharing\">Libras<\/a>)<\/p>\n<hr \/>\n<p><em><strong>LISTA DE ESPERA<br \/>\n<\/strong><\/em><\/p>\n<p><a href=\"https:\/\/portal.uern.br\/proeg\/sisu\/wp-content\/uploads\/sites\/3\/2024\/04\/Edital-039.2021-Lista-de-Espera.pdf\">Edital n\u00ba 39\/2021 &#8211; Proeg<\/a>: Lista de Espera<\/p>\n<p><a href=\"https:\/\/portal.uern.br\/proeg\/sisu\/wp-content\/uploads\/sites\/3\/2024\/04\/Edital-042.2021-PROEG-Aditivo-ao-edital-039_2021-Lista-de-Espera.pdf\">Edital n\u00ba 42\/2021 &#8211; Proeg<\/a>: Aditivo ao Edital n\u00ba 39\/2021 (<a href=\"https:\/\/drive.google.com\/file\/d\/16N3OGIAewihwTxHmCHnDmmTRdUClGFkD\/view?usp=sharing\">Libras<\/a>)<\/p>\n<hr \/>\n<p><em><strong>REMANEJAMENTO DE SEMESTRE<\/strong><\/em><\/p>\n<p><a href=\"https:\/\/portal.uern.br\/proeg\/sisu\/wp-content\/uploads\/sites\/3\/2024\/04\/Edital-041.2021-PROEG-Abertura-Remanejamento-2021.pdf\">Edital n\u00ba 41\/2021 &#8211; Proeg<\/a>: Abertura de solicita\u00e7\u00e3o de Remanejamento de Semestre (<a href=\"https:\/\/drive.google.com\/file\/d\/1c5wejLrxwy-fACX13oH85apadASRXIuY\/view?usp=sharing\">Libras<\/a>)<\/p>\n<p><a href=\"https:\/\/portal.uern.br\/proeg\/sisu\/wp-content\/uploads\/sites\/3\/2024\/04\/Edital-052_2021-PROEG-Resultado-Remanejamento-.pdf\">Edital n\u00ba 52\/2021 &#8211; Proeg<\/a>: Resultado do Remanejamento de Semestre (<a href=\"https:\/\/drive.google.com\/file\/d\/1-_NkzeOJSWwe5XmnzrN2b-SnHit8fZnK\/view?usp=sharing\">Libras<\/a>)<\/p>\n<hr \/>\n<p><em><strong>SEGUNDA CHAMADA<\/strong><\/em><\/p>\n<p><a href=\"https:\/\/portal.uern.br\/proeg\/sisu\/wp-content\/uploads\/sites\/3\/2024\/04\/Edital-053_2021-PROEG-2a-Chamada-SiSU-2021.1.pdf\">Edital n\u00ba 53\/2021 &#8211; Proeg<\/a>: Convoca\u00e7\u00e3o da Segunda Chamada (<a href=\"https:\/\/drive.google.com\/file\/d\/1gzh-xKQy9zpho7z9MndJzgF5FtDhbXHn\/view?usp=sharing\">Libras<\/a>)<\/p>\n<p><em><strong>\u00a0 \u00a0 \u00a0 \u00a0 \u00a0 Procedimento de Heteroidentifica\u00e7\u00e3o<\/strong><\/em><\/p>\n<p><a href=\"https:\/\/portal.uern.br\/proeg\/sisu\/wp-content\/uploads\/sites\/3\/2024\/04\/Edital-065_2021_Heteroidentificacao-2a-CH-2021_1.pdf\">Edital n\u00ba 65\/2021 &#8211; Proeg<\/a>: Convoca\u00e7\u00e3o do Procedimento de Heteroidentifica\u00e7\u00e3o<\/p>\n<p><a href=\"https:\/\/portal.uern.br\/proeg\/sisu\/wp-content\/uploads\/sites\/3\/2024\/04\/Edital-070.2021-PROEG-Aditivo-ao-edital-050_2021-Resultado-Heteroidentificacao.pdf\">Edital n\u00ba 70\/2021 &#8211; Proeg<\/a>: Aditivo ao Edital n\u00ba 65\/2021 &#8211; Proeg<\/p>\n<p><a href=\"https:\/\/portal.uern.br\/proeg\/sisu\/wp-content\/uploads\/sites\/3\/2024\/04\/Edital-068_2021_Resultado-Heteroidenticacao-2a-CH-2021_1.pdf\">Edital n\u00ba 68\/2021 &#8211; Proeg<\/a>: Resultado do Procedimento de Heteroidentifica\u00e7\u00e3o (<a href=\"https:\/\/drive.google.com\/file\/d\/13UDyb0N-MjtDg53cX2yqfoBWb3w8XXxz\/view?usp=sharing\">Libras<\/a>)<\/p>\n<p><em><strong>\u00a0 \u00a0 \u00a0 \u00a0 \u00a0 Junta Multiprofissional<\/strong><\/em><\/p>\n<p><a href=\"https:\/\/portal.uern.br\/proeg\/sisu\/wp-content\/uploads\/sites\/3\/2024\/04\/EDITAL-No-0064_2021-\u2013-PROEG_UERN-Junta-Multiprof-2a-chamada.pdf\">Edital n\u00ba 64\/2021 &#8211; Proeg<\/a>: Convoca\u00e7\u00e3o da Junta Multiprofissional (<a href=\"https:\/\/drive.google.com\/file\/d\/1z5VQulf9Vk24VoNncF3vjVYcF0YTokEB\/view?usp=sharing\">Libras<\/a>)<\/p>\n<p><a href=\"https:\/\/portal.uern.br\/proeg\/sisu\/wp-content\/uploads\/sites\/3\/2024\/04\/Edital-069.2021-PROEG-Resultado-junta-multiprofissional-segunda-chamada-2021.pdf\">Edital n\u00ba 69\/2021 &#8211; Proeg<\/a>: Resultado da Junta Multiprofissional<\/p>\n<hr \/>\n<p><em><strong>MATR\u00cdCULAS 2021.1<\/strong><\/em><\/p>\n<p>&nbsp;<\/p>\n<hr \/>\n<p><em><strong>DECLARA\u00c7\u00c3O DE INTERESSE<\/strong><\/em><\/p>\n<p><a href=\"https:\/\/portal.uern.br\/proeg\/sisu\/wp-content\/uploads\/sites\/3\/2024\/04\/Edital-059_2021-PROEG-DECLARACAO-INTERESSE-SiSU-2021.pdf\">Edital n\u00ba 59\/2021 &#8211; Proeg<\/a>: Convoca\u00e7\u00e3o de Candidatos Constantes na Lista de Espera do Psvi Sisu\/Uern 2021 para Declara\u00e7\u00e3o de Interesse por vaga da Terceira Chamada (<a href=\"https:\/\/drive.google.com\/file\/d\/1D63tQTHFJIz0UsEGtaWDJDptKM_BbJcR\/view?usp=sharing\">\u00c1udio<\/a>)<\/p>\n<p><a href=\"https:\/\/portal.uern.br\/proeg\/sisu\/wp-content\/uploads\/sites\/3\/2024\/04\/Edital-074.2021-PROEG-Aditivo-ao-edital-059_2021-DECLARACAO-DE-INTERESSE.pdf\">Edital n\u00ba 74\/2021 &#8211; Proeg<\/a>: Aditivo ao Edital n\u00ba 59\/2021 &#8211; Proeg<\/p>\n<p><a href=\"https:\/\/portal.uern.br\/proeg\/sisu\/wp-content\/uploads\/sites\/3\/2024\/04\/Edital-071.2021-PROEG-RELACAO-DOS-CANDIDATOS-QUE-DECLARARAM-INTERESSE-POR-VAGA-NA-3a-CHAMADA-DO-SISU-UERN-2021.pdf\">Edital n\u00ba 71\/2021 &#8211; Proeg<\/a>: Rela\u00e7\u00e3o dos Candidatos que declararam interesse em eventual vaga remanescente para a Terceira Chamada (<a href=\"https:\/\/drive.google.com\/file\/d\/1RWkDpPvA1MQb-q8gjYqNbD51emoNvLYe\/view?usp=sharing\">\u00c1udio<\/a>)<\/p>\n<p><a href=\"https:\/\/portal.uern.br\/proeg\/sisu\/wp-content\/uploads\/sites\/3\/2024\/04\/Edital-075.2021-PROEG-Aditivo-ao-edital-071_2021-Relacao-dos-Candidatos-que-Declararam-Interesse.pdf\">Edital n\u00ba 75\/2021 &#8211; Proeg<\/a>: Aditivo ao Edital n\u00ba 71\/2021 &#8211; Proeg<\/p>\n<hr \/>\n<p><em><strong>TERCEIRA CHAMADA<\/strong><\/em><\/p>\n<p><a href=\"https:\/\/portal.uern.br\/proeg\/sisu\/wp-content\/uploads\/sites\/3\/2024\/04\/EDITAL-No-072-2021-PROEG-APROVADOS-NA-TERCEIRA-CHAMADA-DO-SISU-UERN-2021.pdf\">Edital n\u00ba 72\/2021 &#8211; Proeg<\/a>: Convoca\u00e7\u00e3o da Terceira Chamada (<a href=\"https:\/\/drive.google.com\/file\/d\/1nWmYBvtZm9j4pLSY--f5THcHucycPKh3\/view?usp=sharing\">\u00c1udio<\/a>)(<a href=\"https:\/\/drive.google.com\/file\/d\/1MX3xNA1Us9q-hH1oLfJJb2T9ZuxflTs2\/view?usp=sharing\">Libras<\/a>)<\/p>\n<p><a href=\"https:\/\/portal.uern.br\/proeg\/sisu\/wp-content\/uploads\/sites\/3\/2024\/04\/ERRATA-ANEXO-I-DO-EDITAL-No-072-2021-PROEG-APROVADOS-NA-TERCEIRA-CHAMADA-DO-SISU-UERN-2021.doc.pdf\">Errata<\/a> &#8211; Referente ao Anexo I do Edital n\u00ba 72\/2021 &#8211; Proeg<\/p>\n<p><em><strong>\u00a0 \u00a0 \u00a0 \u00a0 \u00a0 Procedimento de Heteroidentifica\u00e7\u00e3o<\/strong><\/em><\/p>\n<p style=\"text-align: justify\"><a href=\"https:\/\/portal.uern.br\/proeg\/sisu\/wp-content\/uploads\/sites\/3\/2024\/04\/Edital-080_2021_PROEG_Heteroidentificacao-3-CH-2021_1.pdf\">Edital n\u00ba 80\/2021 &#8211; Proeg<\/a>: Convoca\u00e7\u00e3o do Procedimento de Heteroidentifica\u00e7\u00e3o (<a href=\"https:\/\/drive.google.com\/file\/d\/1rIFoMcytVVZp24lS1IzxCFkRrA79rzGB\/view?usp=sharing\">\u00c1udio<\/a>)(<a href=\"https:\/\/drive.google.com\/file\/d\/1wIRzNzCC3MxrrWXmkUglRerplC3P0SDc\/view?usp=sharing\">Libras 1<\/a>)(<a href=\"https:\/\/drive.google.com\/file\/d\/1coO3d1w5u8NM7rINS3RUB2d7QIlMESTG\/view?usp=sharing\">Libras 2<\/a>)<\/p>\n<p><a href=\"https:\/\/portal.uern.br\/proeg\/sisu\/wp-content\/uploads\/sites\/3\/2024\/04\/Edital-088_2021_Resultado-Heteroidenticacao-3a-CH-2021_1.pdf\">Edital n\u00ba 88\/2021 &#8211; Proeg<\/a>: Resultado do Procedimento de Heteroidentifica\u00e7\u00e3o<\/p>\n<p><a href=\"https:\/\/portal.uern.br\/proeg\/sisu\/wp-content\/uploads\/sites\/3\/2024\/04\/Edital-093.2021-PROEG-Aditivo-ao-edital-088_2021-Resultado-Heteroidentificacao.pdf\">Edital n\u00ba 93\/2021 &#8211; Proeg<\/a>: Aditivo ao Edital n\u00ba 88\/2021 &#8211; Proeg<\/p>\n<p><em><strong>\u00a0 \u00a0 \u00a0 \u00a0 \u00a0 Junta Multiprofissional<\/strong><\/em><\/p>\n<p><a href=\"https:\/\/portal.uern.br\/proeg\/sisu\/wp-content\/uploads\/sites\/3\/2024\/04\/EDITAL-No-079_2021-\u2013-PROEG_UERN-Junta-Multiprof-3a-chamada.pdf\">Edital n\u00ba 79\/2021 &#8211; Proeg<\/a>: Convoca\u00e7\u00e3o da Junta Multiprofissional (<a href=\"https:\/\/drive.google.com\/file\/d\/1q4eNmVtIo_opSj-AtP08KETTxcybBAfc\/view?usp=sharing\">\u00c1udio<\/a>)<\/p>\n<p><a href=\"https:\/\/portal.uern.br\/proeg\/sisu\/wp-content\/uploads\/sites\/3\/2024\/04\/Edital-083.2021-PROEG-Resultado-junta-multiprofissional-terceira-chamada-2021.pdf\">Edital n\u00ba 83\/2021 &#8211; Proeg<\/a>: Resultado da Junta Multiprofissional (<a href=\"https:\/\/drive.google.com\/file\/d\/1c-VSzfJSrt7fdovwCVqwRgzDgGyzMpqN\/view?usp=sharing\">\u00c1udio<\/a>)<\/p>\n<hr \/>\n<p><em><strong>QUARTA CHAMADA<\/strong><\/em><\/p>\n<p><a href=\"https:\/\/portal.uern.br\/proeg\/sisu\/wp-content\/uploads\/sites\/3\/2024\/04\/EDITAL-No-092-2021-PROEG-APROVADOS-NA-QUARTA-CHAMADA-DO-SISU-UERN-2021.pdf\">Edital n\u00ba 92\/2021 &#8211; Proeg<\/a>: Divulga a rela\u00e7\u00e3o dos Candidatos Aprovados na Quarta Chamada do Psvi Sisu\/Uern 2021, convoca para a realiza\u00e7\u00e3o do Cadastro Institucional e convoca os aprovados nas categorias PCD e PPI para a Junta Multiprofissional e para o Procedimento de Heteroidentifica\u00e7\u00e3o (<a href=\"https:\/\/drive.google.com\/file\/d\/1CPGN-s8DFuxoKIDC-5UU1W4VrUNLVAhO\/view?usp=sharing\">\u00c1udio<\/a>)(<a href=\"https:\/\/drive.google.com\/file\/d\/1N8K41id7TMKqNA-4bKe4yejtGtbezmDw\/view?usp=sharing\">Libras<\/a>)<\/p>\n<p><a href=\"https:\/\/portal.uern.br\/proeg\/sisu\/wp-content\/uploads\/sites\/3\/2024\/04\/Edital-096.2021-PROEG-Aditivo-ao-edital-092_2021-Convocacao-4a-Chamada.pdf\">Edital n\u00ba 96\/2021 &#8211; Proeg<\/a>: Aditivo ao Edital n\u00ba 92\/2021 &#8211; Proeg<\/p>\n<p><em><strong>\u00a0 \u00a0 \u00a0 \u00a0 Procedimento de Heteroidentifica\u00e7\u00e3o<\/strong><\/em><\/p>\n<p><a href=\"https:\/\/portal.uern.br\/proeg\/sisu\/wp-content\/uploads\/sites\/3\/2024\/04\/Edital-098_2021_Resultado-Heteroidenticacao-4a-CH-2021_1.pdf\">Edital n\u00ba 98\/2021 &#8211; Proeg<\/a>: Resultado do Procedimento de Heteroidentifica\u00e7\u00e3o (<a href=\"https:\/\/drive.google.com\/file\/d\/12jq7o4sFDa_tP7VqSOynmkEgxzsUquVq\/view?usp=sharing\">\u00c1udio<\/a>)(<a href=\"https:\/\/drive.google.com\/file\/d\/1AwO0ItUvrOVpSXLZM0fXM_ekvisITuSh\/view?usp=sharing\">Libras<\/a>)<\/p>\n<p><em><strong>\u00a0 \u00a0 \u00a0 \u00a0 Junta Multiprofissional<\/strong><\/em><\/p>\n<p><a href=\"https:\/\/portal.uern.br\/proeg\/sisu\/wp-content\/uploads\/sites\/3\/2024\/04\/Edital-100.2021-PROEG-Resultado-junta-multiprofissional-quarta-chamada-2021.pdf\">Edital n\u00ba 100\/2021 &#8211; Proeg<\/a>: Resultado da Junta Multiprofissional (<a href=\"https:\/\/drive.google.com\/file\/d\/1COiTYAau-SWZ7EMtmAXRx_2YnfR_FfUe\/view?usp=sharing\">\u00c1udio<\/a>)(<a href=\"https:\/\/drive.google.com\/file\/d\/1ErRRh0FtU0rqQIH8UihII8CFoKspWbdb\/view?usp=sharing\">Libras<\/a>)<\/p>\n<hr \/>\n<p><em><strong>MATR\u00cdCULAS 2021.2<\/strong><\/em><\/p>\n<p>&nbsp;<\/p>\n<hr \/>\n<p><em><strong>QUINTA CHAMADA<\/strong><\/em><\/p>\n<p><a href=\"https:\/\/portal.uern.br\/proeg\/sisu\/wp-content\/uploads\/sites\/3\/2024\/04\/EDITAL-No-120.2021-PROEG-APROVADOS-NA-5a-CHAMADA-DO-SISU-UERN-2021.pdf\">Edital n\u00ba 120\/2021 &#8211; Proeg<\/a>: Divulga a rela\u00e7\u00e3o de Candidatos Aprovados na Quinta Chamada do Psvi Sisu\/Uern 2021 e convoca para a realiza\u00e7\u00e3o do Cadastro Institucional (<a href=\"https:\/\/drive.google.com\/file\/d\/1LgB5OtK7qrI3gvqdigGEAu1oKI1vSCbt\/view?usp=sharing\">\u00c1udio<\/a>)(<a href=\"https:\/\/drive.google.com\/file\/d\/1_EmiFQ382Af6221ZCW8-Mn5ICGsNYWLd\/view?usp=sharing\">Libras<\/a>)<\/p>\n<p><em><strong>\u00a0 \u00a0 \u00a0 \u00a0 Procedimento de Heteroidentifica\u00e7\u00e3o<\/strong><\/em><\/p>\n<p><a href=\"https:\/\/portal.uern.br\/proeg\/sisu\/wp-content\/uploads\/sites\/3\/2024\/04\/Edital-122.2021_PROEG_Heteroidentificacao-5-CH-2021_2.pdf\">Edital n\u00ba 122\/2021 &#8211; Proeg<\/a>: Convoca\u00e7\u00e3o do Procedimento de Heteroidentifica\u00e7\u00e3o (<a href=\"https:\/\/drive.google.com\/file\/d\/16RKngQmS-eIb6en8_meCHC9Ss7_KKWsD\/view?usp=sharing\">\u00c1udio<\/a>)<\/p>\n<p><a href=\"https:\/\/portal.uern.br\/proeg\/sisu\/wp-content\/uploads\/sites\/3\/2024\/04\/Edital-129_2021_Resultado-Heteroidenticacao-5a-CH-2021_2.pdf\">Edital n\u00ba 129\/2021 &#8211; Proeg<\/a>: Resultado do Procedimento de Heteroidentifica\u00e7\u00e3o<\/p>\n<hr \/>\n<p><em><strong>SEXTA CHAMADA<\/strong><\/em><\/p>\n<p><a href=\"https:\/\/portal.uern.br\/proeg\/sisu\/wp-content\/uploads\/sites\/3\/2024\/04\/EDITAL-No-138_2021-PROEG-APROVADOS-NA-6a-CHAMADA-DO-SISU-UERN-2021.pdf\">Edital n\u00ba 138\/2021 &#8211; Proeg<\/a>: Divulga a rela\u00e7\u00e3o de Candidatos Aprovados na Sexta Chamada do Psvi Sisu\/Uern 2021, convoca para a realiza\u00e7\u00e3o do Cadastro Institucional e convoca para a realiza\u00e7\u00e3o da Junta Multiprofissional e para o Procedimento de Heteroidentifica\u00e7\u00e3o<\/p>\n<p style=\"text-align: left\"><em><strong>\u00a0 \u00a0 \u00a0 Procedimento de Heteroidentifica\u00e7\u00e3o<\/strong><\/em><\/p>\n<p><a href=\"https:\/\/portal.uern.br\/proeg\/sisu\/wp-content\/uploads\/sites\/3\/2024\/04\/Edital-139_2021_Resultado-Heteroidenticacao-6a-CH-2021_2.pdf\">Edital n\u00ba 139\/2021 &#8211; Proeg<\/a>: Resultado do Procedimento de Heteroidentifica\u00e7\u00e3o<\/p>\n<p><em><strong>\u00a0 \u00a0 \u00a0 Junta Multiprofissional<\/strong><\/em><\/p>\n<p><a href=\"https:\/\/portal.uern.br\/proeg\/sisu\/wp-content\/uploads\/sites\/3\/2024\/04\/Edital-140.2021-PROEG-Resultado-junta-multiprofissional-sexta-chamada-2021.pdf\">Edital n\u00ba 140\/2021 &#8211; Proeg<\/a>: Resultado da Junta Multiprofissional<\/p>\n<p><em><strong>S\u00c9TIMA CHAMADA<\/strong><\/em><\/p>\n<p><a href=\"https:\/\/portal.uern.br\/proeg\/sisu\/wp-content\/uploads\/sites\/3\/2024\/04\/EDITAL-No-141_2021-PROEG-APROVADOS-NA-7a-CHAMADA.pdf\">Edital n\u00ba 141\/2021 &#8211; Proeg<\/a>: Divulga a rela\u00e7\u00e3o de Candidatos Aprovados na Sexta Chamada do Psvi Sisu\/Uern 2021, convoca para a realiza\u00e7\u00e3o do Cadastro Institucional e convoca para a realiza\u00e7\u00e3o da Junta Multiprofissional<\/p>\n<p><em><strong>\u00a0 \u00a0 \u00a0 Junta Multiprofissional<\/strong><\/em><\/p>\n<p><a href=\"https:\/\/portal.uern.br\/proeg\/sisu\/wp-content\/uploads\/sites\/3\/2024\/04\/Edital-006_2022_PROEG_Resultado-junta-multiprofissional-setima-chamada-2021.pdf\">Edital n\u00ba 06\/2022 &#8211; Proeg<\/a>: Resultado da Junta Multiprofissional da S\u00e9tima Chamada do Psvi 2021<\/p>\n","protected":false},"excerpt":{"rendered":"<p>Editais PSVI Sisu\/Uern 2021 &nbsp; EDITAL DE ABERTURA DO PSVI SISU\/UERN 2021 Edital n\u00ba 08\/2021 &#8211; Proeg: Disp\u00f5e sobre as normas para ocupa\u00e7\u00e3o de vagas iniciais dos cursos regulares de gradua\u00e7\u00e3o, na modalidade presencial, da Universidade do Estado do Rio Grande do Norte \u2013 UERN. &nbsp; &nbsp; CHAMADA REGULAR Edital n\u00ba 31\/2021 &#8211; Proeg: Convoca\u00e7\u00e3o [&hellip;]<\/p>\n","protected":false},"author":6,"featured_media":0,"parent":0,"menu_order":0,"comment_status":"closed","ping_status":"closed","template":"","meta":{"footnotes":""},"class_list":["post-1989","page","type-page","status-publish","hentry"],"_links":{"self":[{"href":"https:\/\/portal.uern.br\/proeg\/sisu\/wp-json\/wp\/v2\/pages\/1989","targetHints":{"allow":["GET"]}}],"collection":[{"href":"https:\/\/portal.uern.br\/proeg\/sisu\/wp-json\/wp\/v2\/pages"}],"about":[{"href":"https:\/\/portal.uern.br\/proeg\/sisu\/wp-json\/wp\/v2\/types\/page"}],"author":[{"embeddable":true,"href":"https:\/\/portal.uern.br\/proeg\/sisu\/wp-json\/wp\/v2\/users\/6"}],"replies":[{"embeddable":true,"href":"https:\/\/portal.uern.br\/proeg\/sisu\/wp-json\/wp\/v2\/comments?post=1989"}],"version-history":[{"count":19,"href":"https:\/\/portal.uern.br\/proeg\/sisu\/wp-json\/wp\/v2\/pages\/1989\/revisions"}],"predecessor-version":[{"id":2151,"href":"https:\/\/portal.uern.br\/proeg\/sisu\/wp-json\/wp\/v2\/pages\/1989\/revisions\/2151"}],"wp:attachment":[{"href":"https:\/\/portal.uern.br\/proeg\/sisu\/wp-json\/wp\/v2\/media?parent=1989"}],"curies":[{"name":"wp","href":"https:\/\/api.w.org\/{rel}","templated":true}]}}