{"id":171,"date":"2023-02-12T20:26:57","date_gmt":"2023-02-12T23:26:57","guid":{"rendered":"http:\/\/beta.apps.uern.br\/wordpress\/proeg\/sisu\/?page_id=171"},"modified":"2024-04-01T11:45:45","modified_gmt":"2024-04-01T14:45:45","slug":"psvni-2023","status":"publish","type":"page","link":"https:\/\/portal.uern.br\/proeg\/sisu\/psvni-2023\/","title":{"rendered":"Psvni 2023"},"content":{"rendered":"<p><img decoding=\"async\" src=\"https:\/\/portal.uern.br\/proeg\/sisu\/wp-content\/uploads\/sites\/3\/2023\/02\/PSVNI-2023_1.png\" \/><\/p>\n<p style=\"text-align: center\"><strong>CRONOGRAMA\u00a0<\/strong><\/p>\n<p><strong>PSVNI 2023.1<\/strong><\/p>\n<p>&nbsp;<\/p>\n<p><strong>Edital de Abertura:<\/strong> 10\/02\/23<\/p>\n<p><strong>Inscri\u00e7\u00f5es:<\/strong> 13 a 24\/02\/23<\/p>\n<p><strong>Resultado Parcial:<\/strong> 21\/03\/23<\/p>\n<p><strong>Recursos:<\/strong> 22 a 23\/03\/23<\/p>\n<p><strong>Resultado dos Recursos:<\/strong> 28\/03\/23<\/p>\n<p><b>Resultado Final: <\/b>31\/03\/23<\/p>\n<p><strong>Segunda Chamada:<\/strong> 16\/05\/23<\/p>\n<hr \/>\n<p><strong>PSVNI 2023.2<\/strong><\/p>\n<p><strong>Edital de Abertura:<\/strong> 05\/07\/23<\/p>\n<p><strong>Inscri\u00e7\u00f5es:<\/strong> 10 a 21\/07\/23<\/p>\n<p><strong>Resultado Parcial:<\/strong> 22\/08\/23<\/p>\n<p><strong>Recursos:<\/strong> 23 a 24\/08\/23<\/p>\n<p><strong>Resultado dos Recursos:<\/strong> 25\/08\/23<\/p>\n<p><b>Resultado Final: <\/b>30\/09\/23<\/p>\n<p><strong>Resultado Parcial (Curso de Medicina):<\/strong> 30\/08\/23<\/p>\n<p><strong>Resultado Final (Curso de Medicina):<\/strong> 06\/09\/23<\/p>\n<p><strong>Segunda Chamada:<\/strong> 05\/10\/23<\/p>\n<p>&nbsp;<\/p>\n<hr \/>\n<p style=\"text-align: center\"><strong>EDITAIS<\/strong><\/p>\n<p><strong>2023.1<\/strong><\/p>\n<p><a href=\"http:\/\/www.uern.br\/controledepaginas\/psvni2023-uern\/arquivos\/7284edital_03_2023_psvni_2023_1.pdf\">Edital n\u00ba 03\/2023 &#8211; Proeg<\/a>: Torna p\u00fablico o Processo Seletivo de Vagas N\u00e3o-Iniciais (PSVNI) referente ao 1\u00ba semestre letivo de 2023 na Uern. (<a href=\"https:\/\/drive.google.com\/file\/d\/1zBjH2TJvGesHIuN4qrGGECeiyrnT8Xip\/view?usp=sharing\">\u00c1udio<\/a>)(<a href=\"https:\/\/drive.google.com\/file\/d\/1J118J8UIG6JxX57eEBNt7tg4xvwT0FxH\/view?usp=sharing\">Libras<\/a>)<\/p>\n<p>Anexos do Edital 003\/2023 &#8211; Proeg:\u00a0<a href=\"https:\/\/drive.google.com\/file\/d\/1DuWiIzzuitj-Zr-9SqiYUC6P2ah71JMW\/view?usp=sharing\">\u00c1udio do Anexo I<\/a>;\u00a0<a href=\"https:\/\/drive.google.com\/file\/d\/1fDXWyAxSKsPHXa0Yuzg2lrMu4BGQ3uWl\/view?usp=sharing\">\u00c1udio do Anexo II<\/a>;\u00a0<a href=\"https:\/\/drive.google.com\/file\/d\/1CUHjzMYC2JF56IkPW9Uettlai1sJQq1X\/view?usp=sharing\">\u00c1udio do Anexo III<\/a>.<\/p>\n<p>&nbsp;<\/p>\n<p><a href=\"https:\/\/portal.uern.br\/proeg\/sisu\/wp-content\/uploads\/sites\/3\/2023\/03\/Edital-29.2023-Resultado-Parcial-PSVNI_2023.1.pdf\">Edital n\u00ba 29\/2023 &#8211; Proeg:<\/a> Divulga Resultado Parcial do PSVNI 2023.1. (<a href=\"https:\/\/portal.uern.br\/proeg\/sisu\/wp-content\/uploads\/sites\/3\/2023\/03\/Edital-29.2023-Resultado-Parcial-PSVNI_2023.1.mp3\">\u00c1udio<\/a>)(<a href=\"https:\/\/drive.google.com\/file\/d\/13YRYkve6UiWzKbofzSrMiXqmYPGGF_2Z\/view?usp=sharing\">Libras<\/a>)<\/p>\n<p><a href=\"https:\/\/drive.google.com\/drive\/folders\/1hhzE8wARhMr-7CWDiGKzO77Th1vFWbVr?usp=sharing\">\u00c1udios<\/a> dos Anexos<\/p>\n<p>&nbsp;<\/p>\n<p><a href=\"https:\/\/portal.uern.br\/proeg\/sisu\/wp-content\/uploads\/sites\/3\/2023\/04\/Edital-054.2023-PSVNI_Resultado-Final_2023.1.pdf\">Edital n\u00ba 54\/2023 &#8211; Proeg<\/a>: Divulga Resultado Final do PSVNI 2023.1 (<a href=\"https:\/\/portal.uern.br\/proeg\/sisu\/wp-content\/uploads\/sites\/3\/2023\/03\/Edital-054.2023-PSVNI_Resultado-Final_2023.1.mp3\">\u00c1udio<\/a>)(<a href=\"https:\/\/drive.google.com\/file\/d\/1SeUBhcVW_WISE9Nnmo0APJYc4eDiCCbX\/view?usp=sharing\">Libras<\/a>)<\/p>\n<p><a href=\"https:\/\/drive.google.com\/drive\/folders\/1lQxqwAN1YxpIh0J7mZ2Jh78MowS-0TPm?usp=sharing\">\u00c1udios<\/a> dos Anexos<\/p>\n<p>&nbsp;<\/p>\n<p><a href=\"https:\/\/portal.uern.br\/proeg\/sisu\/wp-content\/uploads\/sites\/3\/2023\/04\/Edital-79_2023-Retifica-o-Resultado-Final-PSVNI-2023.1.pdf\">Edital n\u00ba 79\/2023 &#8211; Proeg:<\/a> Retifica Resultado Final do PSVNI 2023.1<\/p>\n<p><a href=\"https:\/\/portal.uern.br\/proeg\/sisu\/wp-content\/uploads\/sites\/3\/2023\/04\/Edital-082_2023-Proeg-Retifica-o-Resultado-Final-PSVNI-2023.1.pdf\">Edital n\u00ba 82\/2023 &#8211; Proeg:<\/a> Retifica Resultado Final do PSVNI 2023.1<\/p>\n<p>&nbsp;<\/p>\n<p><a href=\"https:\/\/portal.uern.br\/proeg\/sisu\/wp-content\/uploads\/sites\/3\/2023\/05\/Edital-104.2023-SEGUNDA-CHAMADA-PSVNI-2023_1.pdf\">Edital n\u00ba 104\/2023 &#8211; Proeg:<\/a> Segunda Chamada do Processo Seletivo de Vagas N\u00e3o Iniciais (PSVNI) 2023.1 (<a href=\"https:\/\/portal.uern.br\/proeg\/sisu\/wp-content\/uploads\/sites\/3\/2023\/05\/Edital-104.2023-SEGUNDA-CHAMADA-PSVNI-2023_1.mp3\">\u00c1udio<\/a>)(<a href=\"https:\/\/drive.google.com\/file\/d\/1BmMI1rPuHSYcqzydcPnEUf8BrNE-QqQq\/view?usp=sharing\">Libras<\/a>)<\/p>\n<p><a href=\"https:\/\/portal.uern.br\/proeg\/sisu\/wp-content\/uploads\/sites\/3\/2023\/05\/Edital-109_2023-Proeg-Retifica-a-Segunda-Chamada-do-PSVNI-2023.1.pdf\">Edital n\u00ba 109\/2023 &#8211; Proeg:<\/a> Retifica o Edital n\u00ba 104\/2023 &#8211; Proeg<\/p>\n<p>&nbsp;<\/p>\n<hr \/>\n<p><strong>2023.2<\/strong><\/p>\n<p><a href=\"https:\/\/portal.uern.br\/proeg\/sisu\/wp-content\/uploads\/sites\/3\/2023\/07\/EDITAL-No-133_2023-PROEG-PSVNI-2023_2.pdf\">Edital n\u00ba 133\/2023 &#8211; Proeg:<\/a> Divulga o Processo Seletivo de Vagas N\u00e3o-Iniciais 2023.2 (<a href=\"https:\/\/drive.google.com\/file\/d\/1AH6d9wUINKkG9kkHS4no69zKr6ur6a49\/view?usp=sharing\">\u00c1udio<\/a>)(<a href=\"https:\/\/drive.google.com\/file\/d\/1Oxb6j8puXmQ2OUCiVn4bVgB6c61TdJDb\/view?usp=sharing\">Libras<\/a>)<\/p>\n<p><a href=\"https:\/\/portal.uern.br\/proeg\/sisu\/wp-content\/uploads\/sites\/3\/2023\/06\/ANEXO-I-DAS-VAGAS-NO-PSVNI-2023.2.mp3\">\u00c1udio<\/a> do Anexo I<\/p>\n<p><a href=\"https:\/\/portal.uern.br\/proeg\/sisu\/wp-content\/uploads\/sites\/3\/2023\/06\/ANEXO-II-DOS-E-MAILS-PARA-ENVIO-DA-DOCUMENTACAO-DO-PSVNI-2023.2.mp3\">\u00c1udio<\/a> do Anexo II<\/p>\n<p><a href=\"https:\/\/portal.uern.br\/proeg\/sisu\/wp-content\/uploads\/sites\/3\/2023\/06\/ANEXO-III-DO-FORMULARIO-DE-INSCRICAO-DO-PSVNI-2023_2.mp3\">\u00c1udio<\/a> do Anexo III<\/p>\n<p>&nbsp;<\/p>\n<p><a href=\"https:\/\/portal.uern.br\/proeg\/sisu\/wp-content\/uploads\/sites\/3\/2023\/07\/Edital-162_2023-Aditivo-ao-EDITAL-PROEG-PSVNI-2023.2.pdf\">Edital n\u00ba 162\/2023 &#8211; Proeg:<\/a> Aditivo ao Edital n\u00ba 133\/2023 &#8211; Proeg &#8211; estende o per\u00edodo de inscri\u00e7\u00f5es<\/p>\n<p><a href=\"https:\/\/portal.uern.br\/proeg\/sisu\/wp-content\/uploads\/sites\/3\/2023\/08\/Edital-171.2023-Resultado-Parcial-PSVNI_2023.2.pdf\">Edital n\u00ba 171\/2023 &#8211; Proeg:<\/a> Resultado Parcial do Processo Seletivo de Vagas N\u00e3o-Iniciais (PSVNI) 2023.2 (<a href=\"https:\/\/portal.uern.br\/proeg\/sisu\/wp-content\/uploads\/sites\/3\/2023\/08\/Edital-171.2023-Resultado-Parcial-PSVNI_2023.2.mp3\">\u00c1udio<\/a>)(<a href=\"https:\/\/drive.google.com\/file\/d\/1ZuASn-YSzecqAi3dZNSFq1Xeg-WlN21J\/view?usp=sharing\">Libras<\/a>)<\/p>\n<p><a href=\"https:\/\/portal.uern.br\/proeg\/sisu\/wp-content\/uploads\/sites\/3\/2023\/08\/Edital-177.2023-Resultado-Parcial-Medicina-PSVNI_2023_2.pdf\">Edital n\u00ba 177\/2023 &#8211; Proeg<\/a>: Resultado Parcial do Processo Seletivo de Vagas N\u00e3o Iniciais (PSVNI) 2023.2 &#8211; Curso de Medicina (<a href=\"https:\/\/portal.uern.br\/proeg\/sisu\/wp-content\/uploads\/sites\/3\/2023\/08\/Edital-177.2023-Resultado-Parcial-Medicina-PSVNI_2023_2.mp3\">\u00c1udio<\/a>)(<a href=\"https:\/\/drive.google.com\/file\/d\/1303XEWWpyng018D1Mc0aLZaFz_9wkkVC\/view?usp=sharing\">Libras<\/a>)<\/p>\n<p><a href=\"https:\/\/portal.uern.br\/proeg\/sisu\/wp-content\/uploads\/sites\/3\/2023\/08\/Edital-178.2023-PSVNI_Resultado-Final_2023.2.pdf\">Edital n\u00ba 178\/2023 &#8211; Proeg<\/a>: Resultado Final do Processo Seletivo de Vagas N\u00e3o Iniciais (PSVNI) 2023.2 (<a href=\"https:\/\/drive.google.com\/file\/d\/16Ru8pOgQQmk_EekJqwCvdHOHXoUs2hQp\/view?usp=sharing\">\u00c1udio<\/a>)(<a href=\"https:\/\/drive.google.com\/file\/d\/15mxWFD9Vejy011egUuDn1MWP0gDDvywc\/view?usp=sharing\">Libras<\/a>)<br \/>\n<a href=\"https:\/\/drive.google.com\/drive\/folders\/1mIe-buktY_nyiL7g4kAg2Xo_yIJZX4r1?usp=sharing\">\u00c1udios<\/a> do Anexo I<\/p>\n<p><a href=\"https:\/\/portal.uern.br\/proeg\/sisu\/wp-content\/uploads\/sites\/3\/2023\/08\/Edital-182_2023-Proeg-Retifica-o-Resultado-Final-PSVNI-2023.2.pdf\">Edital n\u00ba 182\/2023 &#8211; Proeg<\/a>: Retifica o Resultado Final do Processo Seletivo de Vagas N\u00e3o Iniciais (PSVNI) 2023.2<\/p>\n<p><a href=\"https:\/\/portal.uern.br\/proeg\/sisu\/wp-content\/uploads\/sites\/3\/2023\/09\/Edital-185_2023-Proeg-Retifica-o-Resultado-Final-PSVNI-2023.2.pdf\">Edital n\u00ba 185\/2023 &#8211; Proeg:<\/a> Retifica o Resultado Final do Processo Seletivo de Vagas N\u00e3o Iniciais (PSVNI) 2023.2<\/p>\n<p><a href=\"https:\/\/portal.uern.br\/proeg\/sisu\/wp-content\/uploads\/sites\/3\/2023\/09\/Edital-180.2023-PSVNI_Resultado-Final_2023_2-Medicina.pdf\">Edital n\u00ba 180\/2023 &#8211; Proeg:<\/a> Resultado Final do Processo Seletivo de Vagas N\u00e3o Iniciais (PSVNI) 2023.2 &#8211; Curso de Medicina (<a href=\"https:\/\/portal.uern.br\/proeg\/sisu\/wp-content\/uploads\/sites\/3\/2023\/08\/Edital-180.2023-PSVNI_Resultado-Final_2023_2-Medicina.mp3\">\u00c1udio<\/a>) (<a href=\"https:\/\/drive.google.com\/file\/d\/11GzU61RucUP5jiw6vb9cYJNtJe6ipw6m\/view?usp=sharing\">Libras<\/a>)<\/p>\n<p><a href=\"https:\/\/drive.google.com\/drive\/folders\/1vO4mIAhaLqfeNQDR4hWO069ovj0scxJ4?usp=sharing\">\u00c1udios<\/a> do Anexo \u00danico<\/p>\n<p><a href=\"https:\/\/portal.uern.br\/proeg\/sisu\/wp-content\/uploads\/sites\/3\/2023\/10\/Edital-189.2023-SEGUNDA-CHAMADA-PSVNI-2023_2.pdf\">Edital n\u00ba 189\/2023 &#8211; Proeg:<\/a> Segunda Chamada do PSVNI 2023.2 (<a href=\"https:\/\/portal.uern.br\/proeg\/sisu\/wp-content\/uploads\/sites\/3\/2023\/09\/Edital-189.2023-SEGUNDA-CHAMADA-PSVNI-2023_2.mp3\">\u00c1udio<\/a>)(<a href=\"https:\/\/drive.google.com\/file\/d\/1nd8H712hwM8KVyMr-_9a95nhpSdUa9Yk\/view?usp=sharing\">Libras<\/a>)<\/p>\n<p><a href=\"https:\/\/portal.uern.br\/proeg\/sisu\/wp-content\/uploads\/sites\/3\/2023\/10\/Edital-222.2023-TERCEIRA-CHAMADA-PSVNI-2023_2.pdf\">Edital n\u00ba 222\/2023 &#8211; Proeg:<\/a> Terceira Chamada do PSVNI 2023.2<\/p>\n","protected":false},"excerpt":{"rendered":"<p>CRONOGRAMA\u00a0 PSVNI 2023.1 &nbsp; Edital de Abertura: 10\/02\/23 Inscri\u00e7\u00f5es: 13 a 24\/02\/23 Resultado Parcial: 21\/03\/23 Recursos: 22 a 23\/03\/23 Resultado dos Recursos: 28\/03\/23 Resultado Final: 31\/03\/23 Segunda Chamada: 16\/05\/23 PSVNI 2023.2 Edital de Abertura: 05\/07\/23 Inscri\u00e7\u00f5es: 10 a 21\/07\/23 Resultado Parcial: 22\/08\/23 Recursos: 23 a 24\/08\/23 Resultado dos Recursos: 25\/08\/23 Resultado Final: 30\/09\/23 Resultado Parcial [&hellip;]<\/p>\n","protected":false},"author":1,"featured_media":0,"parent":0,"menu_order":0,"comment_status":"closed","ping_status":"closed","template":"","meta":{"footnotes":""},"class_list":["post-171","page","type-page","status-publish","hentry"],"_links":{"self":[{"href":"https:\/\/portal.uern.br\/proeg\/sisu\/wp-json\/wp\/v2\/pages\/171","targetHints":{"allow":["GET"]}}],"collection":[{"href":"https:\/\/portal.uern.br\/proeg\/sisu\/wp-json\/wp\/v2\/pages"}],"about":[{"href":"https:\/\/portal.uern.br\/proeg\/sisu\/wp-json\/wp\/v2\/types\/page"}],"author":[{"embeddable":true,"href":"https:\/\/portal.uern.br\/proeg\/sisu\/wp-json\/wp\/v2\/users\/1"}],"replies":[{"embeddable":true,"href":"https:\/\/portal.uern.br\/proeg\/sisu\/wp-json\/wp\/v2\/comments?post=171"}],"version-history":[{"count":48,"href":"https:\/\/portal.uern.br\/proeg\/sisu\/wp-json\/wp\/v2\/pages\/171\/revisions"}],"predecessor-version":[{"id":1930,"href":"https:\/\/portal.uern.br\/proeg\/sisu\/wp-json\/wp\/v2\/pages\/171\/revisions\/1930"}],"wp:attachment":[{"href":"https:\/\/portal.uern.br\/proeg\/sisu\/wp-json\/wp\/v2\/media?parent=171"}],"curies":[{"name":"wp","href":"https:\/\/api.w.org\/{rel}","templated":true}]}}