{"id":163,"date":"2023-02-12T20:20:27","date_gmt":"2023-02-12T23:20:27","guid":{"rendered":"http:\/\/beta.apps.uern.br\/wordpress\/proeg\/sisu\/?page_id=163"},"modified":"2025-06-30T12:11:14","modified_gmt":"2025-06-30T15:11:14","slug":"matricula-curricular","status":"publish","type":"page","link":"https:\/\/portal.uern.br\/proeg\/sisu\/matricula-curricular\/","title":{"rendered":"Matr\u00edcula Curricular"},"content":{"rendered":"<p><strong>Procedimento para realiza\u00e7\u00e3o de Matr\u00edcula Curricular<\/strong><\/p>\n<p>A\/O ingressante deve ficar atento, pois as formas de matr\u00edcula variam de acordo com o processo seletivo no qual foi aprovado. Seguem as formas de matr\u00edcula para cada processo seletivo.<\/p>\n<p>&nbsp;<\/p>\n<p><strong>Psvi Sisu\/Uern e Psvo<\/strong><\/p>\n<p>Os ingressantes do Psvi Sisu\/Uern e Psvo \u00e9 realizada automaticamente pelos servidores da Unidade Universit\u00e1ria a qual o aluno est\u00e1 se vinculando, em todos os componentes curriculares do primeiro semestre letivo de seu curso.<br \/>\nAp\u00f3s a realiza\u00e7\u00e3o das matr\u00edculas no per\u00edodo indicado no Edital de Matr\u00edculas do semestre de ingresso, os alunos recebem e-mail contendo:<\/p>\n<ul>\n<li>Seu n\u00famero de matr\u00edcula;<\/li>\n<li>Forma de cadastro de login e senha no Sigaa;<\/li>\n<li>Data de in\u00edcio de suas aulas.<\/li>\n<\/ul>\n<p>&nbsp;<\/p>\n<p><strong>Psvni<\/strong><\/p>\n<p>No per\u00edodo indicado no Edital de Matr\u00edculas do semestre de ingresso, os ingressantes do Psvni devem\u00a0 realizar a pr\u00f3pria matr\u00edcula nos componentes curriculares que desejar cursar.<\/p>\n<p>Caso as disciplinas constantes no hist\u00f3rico apresentado no momento da inscri\u00e7\u00e3o do certame sejam consideradas aproveit\u00e1veis pela comiss\u00e3o do Psvni da Unidade Universit\u00e1ria, esses componentes\u00a0j\u00e1 constar\u00e3o no seu hist\u00f3rico como aproveitados no momento da matr\u00edcula.<\/p>\n<p>&nbsp;<\/p>\n<p><strong>Editais de Matr\u00edcula 2025<\/strong><\/p>\n<p><a href=\"https:\/\/portal.uern.br\/proeg\/wp-content\/uploads\/2024\/12\/Edital_PROEG___Procedimentos_de_Matriculas-2025.1.pdf\">Edital 166\/2024 \u2013 Proeg:<\/a> Procedimentos de Matr\u00edculas Semestre 2025.1<\/p>\n<p><a href=\"https:\/\/portal.uern.br\/proeg\/wp-content\/uploads\/2025\/06\/Edital_de_Matriculas-2025.2.pdf\">Edital 067\/2025 \u2013 Proeg:<\/a> Procedimentos de Matr\u00edculas Semestre 2025.2<\/p>\n<p>&nbsp;<\/p>\n<p><strong>Editais de Matr\u00edcula 2024<\/strong><\/p>\n<p><a href=\"https:\/\/portal.uern.br\/wp-content\/uploads\/2024\/02\/AGECOM-Edital-24.2024-PROEG-Procedimentos-de-Matriculas-Semestre-2024.1-.docx.pdf\">Edital 024\/2024 &#8211; Proeg:<\/a> Procedimentos de Matr\u00edculas Semestre 2024.1<\/p>\n<p><a href=\"https:\/\/portal.uern.br\/wp-content\/uploads\/2024\/06\/2024.2-Edital-PROEG-Procedimentos-de-Matriculas.pdf\">Edital 83\/2024 &#8211; Proeg:<\/a> Procedimentos de Matr\u00edculas Semestre 2024.2<\/p>\n<p>&nbsp;<\/p>\n<p><strong>Editais de Matr\u00edcula 2023<\/strong><\/p>\n<p><a href=\"https:\/\/portal.uern.br\/proeg\/wp-content\/uploads\/2023\/03\/Edital-030.2023-PROEG-Procedimentos-de-Matriculas-Semestre-2023.1.docx.pdf\">Edital 030\/2023 &#8211; Proeg:<\/a> Procedimentos de Matr\u00edculas Semestre 2023.1<\/p>\n<p><a href=\"https:\/\/portal.uern.br\/wp-content\/uploads\/2023\/08\/Edital-165.2023-_PROEG___Procedimentos_de_Matriculas_Semestre_2023.2.pdf\">Edital 165\/2023 &#8211; Proeg:<\/a> Procedimentos de Matr\u00edculas Semestre 2023.2<\/p>\n<p><a href=\"https:\/\/portal.uern.br\/proeg\/sisu\/wp-content\/uploads\/sites\/3\/2023\/10\/Edital-199_2023-Aditivo-Edital-de-Matriculas-2023.2.pdf\">Edital 199\/2023 &#8211; Proeg (Aditivo ao Edital 165\/2023 &#8211; Proeg):<\/a> Procedimentos de Matr\u00edculas Semestre 2023.2<\/p>\n<p>&nbsp;<\/p>\n<p><strong>Editais de Matr\u00edcula 2022<\/strong><\/p>\n<p><a href=\"https:\/\/portal.uern.br\/wp-content\/uploads\/2022\/04\/Edital_028.2022___PROEG___Procedimentos_de_Matriculas_Semestre_2022.1.pdf\">Edital\u00a0028\/2022 &#8211; Proeg:<\/a>\u00a0Procedimentos de Matriculas Semestre 2022.1<\/p>\n<p><a href=\"http:\/\/www.uern.br\/controledepaginas\/sisu-uern-2022\/arquivos\/6535edital_086.2022_proeg_procedimentos_de_matriculas_semestre_2022.2.pdf\">Edital 086\/2022 &#8211; Proeg<\/a>:\u00a0Disp\u00f5e sobre a\u00a0Matr\u00edcula Curricular\u00a0nos cursos de Gradua\u00e7\u00e3o da Uern, para o\u00a0semestre letivo 2022.2<\/p>\n<p><a href=\"https:\/\/www.uern.br\/controledepaginas\/proeg-editais\/arquivos\/0975edital_094.2022_proeg_aditivo_edital_matra%C2%ADculas_2022.2.docx.pdf\">Edital 094\/2022 &#8211; Proeg (Aditivo ao Edital 086\/2022-Proeg)<\/a>: Matr\u00edcula Curricular 2022.2<\/p>\n","protected":false},"excerpt":{"rendered":"<p>Procedimento para realiza\u00e7\u00e3o de Matr\u00edcula Curricular A\/O ingressante deve ficar atento, pois as formas de matr\u00edcula variam de acordo com o processo seletivo no qual foi aprovado. Seguem as formas de matr\u00edcula para cada processo seletivo. &nbsp; Psvi Sisu\/Uern e Psvo Os ingressantes do Psvi Sisu\/Uern e Psvo \u00e9 realizada automaticamente pelos servidores da Unidade [&hellip;]<\/p>\n","protected":false},"author":1,"featured_media":0,"parent":0,"menu_order":0,"comment_status":"closed","ping_status":"closed","template":"","meta":{"footnotes":""},"class_list":["post-163","page","type-page","status-publish","hentry"],"_links":{"self":[{"href":"https:\/\/portal.uern.br\/proeg\/sisu\/wp-json\/wp\/v2\/pages\/163","targetHints":{"allow":["GET"]}}],"collection":[{"href":"https:\/\/portal.uern.br\/proeg\/sisu\/wp-json\/wp\/v2\/pages"}],"about":[{"href":"https:\/\/portal.uern.br\/proeg\/sisu\/wp-json\/wp\/v2\/types\/page"}],"author":[{"embeddable":true,"href":"https:\/\/portal.uern.br\/proeg\/sisu\/wp-json\/wp\/v2\/users\/1"}],"replies":[{"embeddable":true,"href":"https:\/\/portal.uern.br\/proeg\/sisu\/wp-json\/wp\/v2\/comments?post=163"}],"version-history":[{"count":10,"href":"https:\/\/portal.uern.br\/proeg\/sisu\/wp-json\/wp\/v2\/pages\/163\/revisions"}],"predecessor-version":[{"id":3189,"href":"https:\/\/portal.uern.br\/proeg\/sisu\/wp-json\/wp\/v2\/pages\/163\/revisions\/3189"}],"wp:attachment":[{"href":"https:\/\/portal.uern.br\/proeg\/sisu\/wp-json\/wp\/v2\/media?parent=163"}],"curies":[{"name":"wp","href":"https:\/\/api.w.org\/{rel}","templated":true}]}}