{"id":1574,"date":"2023-11-08T08:17:21","date_gmt":"2023-11-08T11:17:21","guid":{"rendered":"https:\/\/portal.uern.br\/proeg\/sisu\/?page_id=1574"},"modified":"2024-03-27T08:40:45","modified_gmt":"2024-03-27T11:40:45","slug":"psvi-sisu-uern-2022","status":"publish","type":"page","link":"https:\/\/portal.uern.br\/proeg\/sisu\/psvi-sisu-uern-2022\/","title":{"rendered":"Psvi Sisu\/Uern 2022"},"content":{"rendered":"<p><a href=\"https:\/\/portal.uern.br\/proeg\/sisu\/wp-content\/uploads\/sites\/3\/2023\/11\/termo_adesao_71_UERN_DEFINITIVO.pdf\">Termo de Ades\u00e3o Sisu\/Uern 2022<\/a><\/p>\n<h3 style=\"text-align: center\"><strong>Editais PSVI Sisu\/Uern 2022<\/strong><\/h3>\n<p>&nbsp;<\/p>\n<p><em><strong>EDITAL DE ABERTURA DO PSVI SISU\/UERN 2022<\/strong><\/em><\/p>\n<p><a href=\"https:\/\/portal.uern.br\/proeg\/sisu\/wp-content\/uploads\/sites\/3\/2023\/11\/Edital-002.2022-PROEG-Abertura-PSVI-2022-Anexo-da-Resolucao-N-079.2021-PSVI-2022.pdf\">Edital n\u00ba 02\/2022-Proeg:<\/a> Disp\u00f5e sobre as normas para ocupa\u00e7\u00e3o de vagas iniciais dos cursos regulares de gradua\u00e7\u00e3o, na modalidade presencial, da Universidade do Estado do Rio Grande do Norte \u2013 UERN.<\/p>\n<p>&nbsp;<\/p>\n<hr \/>\n<p>&nbsp;<\/p>\n<p><em><strong>CHAMADA REGULAR<\/strong><\/em><\/p>\n<p><a href=\"https:\/\/portal.uern.br\/proeg\/sisu\/wp-content\/uploads\/sites\/3\/2024\/03\/Edital-011_2022-Chamada-Regular-e-heteroidentificacao-2022.pdf\">Edital n\u00ba 11\/2022 &#8211; Proeg:<\/a> Convoca\u00e7\u00e3o da Chamada Regular e Procedimento de Heteroidentifica\u00e7\u00e3o (<a href=\"https:\/\/drive.google.com\/file\/d\/1GwYy-KawSgvTeiex8JP3foYbCGywVf-8\/view?usp=sharing\">\u00c1udio<\/a>)(<a href=\"https:\/\/drive.google.com\/file\/d\/1CZOnGrqxAODl5uajFTXAulAu5iP0Dx-1\/view?usp=sharing\">Libras<\/a>)<\/p>\n<p>&nbsp;<\/p>\n<p><em><strong>\u00a0 \u00a0 \u00a0 \u00a0 \u00a0 Procedimento de Heteroidentifica\u00e7\u00e3o<\/strong><\/em><\/p>\n<p><a href=\"https:\/\/portal.uern.br\/proeg\/sisu\/wp-content\/uploads\/sites\/3\/2024\/03\/Edital-021.2022_Resultado-Heteroidentificacao-chamada-regular.pdf\">Edital n\u00ba 21\/2022 &#8211; Proeg<\/a>: Resultado do Procedimento de Heteroidentifica\u00e7\u00e3o<\/p>\n<p><a href=\"https:\/\/portal.uern.br\/proeg\/sisu\/wp-content\/uploads\/sites\/3\/2024\/03\/Edital-024.2022-PROEG-Aditivo-ao-edital-021.2022-Resultado-do-procedimento-de-heteroid.pdf\">Edital n\u00ba 24\/2022 &#8211; Proeg<\/a>: Aditivo ao Edital n\u00ba 21\/2022 &#8211; Proeg<\/p>\n<p>&nbsp;<\/p>\n<p><em><strong>\u00a0 \u00a0 \u00a0 \u00a0 \u00a0 Junta Multiprofissional<\/strong><\/em><\/p>\n<p><a href=\"https:\/\/portal.uern.br\/proeg\/sisu\/wp-content\/uploads\/sites\/3\/2024\/03\/EDITAL-No-012_2022-\u2013-PROEG_UERN-Junta-Multiprof-chamada-regular.pdf\">Edital n\u00ba 12\/2022 &#8211; Proeg<\/a>: Convoca\u00e7\u00e3o da Junta Multiprofissional (<a href=\"https:\/\/drive.google.com\/file\/d\/1BMJs-ectm7F87j632L3lyfoVNrrsN7Sj\/view?usp=sharing\">\u00c1udio<\/a>)(<a href=\"https:\/\/drive.google.com\/file\/d\/1ZcUwg9KOlq9FXiSGPLSs2zDtHnvPlvx9\/view?usp=sharing\">Libras<\/a>)<\/p>\n<p><a href=\"https:\/\/portal.uern.br\/proeg\/sisu\/wp-content\/uploads\/sites\/3\/2024\/03\/Edital-020_2022_PROEG_Resultado-junta-multiprofissional-chamada-regular-2022.pdf\">Edital n\u00ba 20\/2022 &#8211; Proeg<\/a>: Resultado da Junta Multiprofissional (<a href=\"https:\/\/drive.google.com\/file\/d\/1aDvoSt64RmCcPzo4_XIeVVe5GiJWwQAZ\/view?usp=sharing\">\u00c1udio<\/a>)<\/p>\n<hr \/>\n<p><em><strong>LISTA DE ESPERA<br \/>\n<\/strong><\/em><\/p>\n<p><a href=\"https:\/\/portal.uern.br\/proeg\/sisu\/wp-content\/uploads\/sites\/3\/2024\/03\/Edital-014.2022-Lista-de-Espera.pdf\">Edital n\u00ba 14\/2022 &#8211; Proeg<\/a>: Lista de Espera<\/p>\n<hr \/>\n<p><em><strong>REMANEJAMENTO DE SEMESTRE<\/strong><\/em><\/p>\n<p><a href=\"https:\/\/portal.uern.br\/proeg\/sisu\/wp-content\/uploads\/sites\/3\/2024\/03\/Edital-015.2022-PROEG-Abertura-Remanejamento-2022.pdf\">Edital n\u00ba 15\/2022 &#8211; Proeg<\/a>: Abertura de solicita\u00e7\u00e3o de Remanejamento de Semestre<\/p>\n<p><a href=\"https:\/\/portal.uern.br\/proeg\/sisu\/wp-content\/uploads\/sites\/3\/2024\/03\/Edital-022_2022-PROEG-Resultado-Remanejamento-.pdf\">Edital n\u00ba 22\/2022 &#8211; Proeg<\/a>: Resultado do Remanejamento de Semestre<\/p>\n<hr \/>\n<p><em><strong>SEGUNDA CHAMADA<\/strong><\/em><\/p>\n<p><a href=\"https:\/\/portal.uern.br\/proeg\/sisu\/wp-content\/uploads\/sites\/3\/2024\/03\/Edital-023.2022-2a-Chamada-SiSU-2022.pdf\">Edital n\u00ba 23\/2022 &#8211; Proeg<\/a>: Convoca\u00e7\u00e3o da Segunda Chamada<\/p>\n<p><em><strong>\u00a0 \u00a0 \u00a0 \u00a0 \u00a0 Procedimento de Heteroidentifica\u00e7\u00e3o<\/strong><\/em><\/p>\n<p><a href=\"https:\/\/portal.uern.br\/proeg\/sisu\/wp-content\/uploads\/sites\/3\/2024\/03\/Edital-027_2022-heteroidentificacao-segunda-chamada.pdf\">Edital n\u00ba 27\/2022 &#8211; Proeg<\/a>: Convoca\u00e7\u00e3o do Procedimento de Heteroidentifica\u00e7\u00e3o<\/p>\n<p><a href=\"https:\/\/portal.uern.br\/proeg\/sisu\/wp-content\/uploads\/sites\/3\/2024\/03\/Edital-030.2022-PROEG-Aditivo-ao-edital-027.2022-Declaracao-de-Interesse-SiSU-2022.pdf\">Edital n\u00ba 30\/2022 &#8211; Proeg<\/a>: Aditivo ao Edital n\u00ba 27\/2022 &#8211; Proeg<\/p>\n<p><a href=\"https:\/\/portal.uern.br\/proeg\/sisu\/wp-content\/uploads\/sites\/3\/2024\/03\/Edital-035.2022_Resultado-Heteroidentificacao-segunda-chamada.pdf\">Edital n\u00ba 35\/2022 &#8211; Proeg<\/a>: Resultado do Procedimento de Heteroidentifica\u00e7\u00e3o<\/p>\n<p><em><strong>\u00a0 \u00a0 \u00a0 \u00a0 \u00a0 Junta Multiprofissional<\/strong><\/em><\/p>\n<p><a href=\"https:\/\/portal.uern.br\/proeg\/sisu\/wp-content\/uploads\/sites\/3\/2024\/03\/EDITAL-No-026_2022-\u2013-PROEG_UERN-Junta-Multiprof-segunda-chamada.pdf\">Edital n\u00ba 26\/2022 &#8211; Proeg<\/a>: Convoca\u00e7\u00e3o da Junta Multiprofissional<\/p>\n<p><a href=\"https:\/\/portal.uern.br\/proeg\/sisu\/wp-content\/uploads\/sites\/3\/2024\/03\/Edital-036.2022_PROEG_Resultado-junta-multiprofissional-segunda-chamada-2022.pdf\">Edital n\u00ba 36\/2022 &#8211; Proeg<\/a>: Resultado da Junta Multiprofissional<\/p>\n<hr \/>\n<p><em><strong>MATR\u00cdCULAS 2022.1<\/strong><\/em><\/p>\n<p>&nbsp;<\/p>\n<hr \/>\n<p><em><strong>DECLARA\u00c7\u00c3O DE INTERESSE<\/strong><\/em><\/p>\n<p><a href=\"https:\/\/portal.uern.br\/proeg\/sisu\/wp-content\/uploads\/sites\/3\/2024\/03\/Edital-025_2022-PROEG-DECLARACAO-INTERESSE-SiSU-2022.pdf\">Edital n\u00ba 25\/2022 &#8211; Proeg<\/a>: Convoca\u00e7\u00e3o de Candidatos Constantes na Lista de Espera do Psvi Sisu\/Uern 2022 para Declara\u00e7\u00e3o de Interesse por vaga da Terceira Chamada<\/p>\n<p><a href=\"https:\/\/portal.uern.br\/proeg\/sisu\/wp-content\/uploads\/sites\/3\/2024\/03\/Edital-029.2022-PROEG-Aditivo-ao-edital-025.2022-Declaracao-de-Interesse-SiSU-2022.pdf\">Edital n\u00ba 29\/2022 &#8211; Proeg<\/a>: Aditivo ao Edital n\u00ba 25\/2022 &#8211; Proeg<\/p>\n<p><a href=\"https:\/\/portal.uern.br\/proeg\/sisu\/wp-content\/uploads\/sites\/3\/2024\/03\/Edital-039.2022-PROEG-RELACAO-DOS-CANDIDATOS-QUE-DECLARARAM-INTERESSE-POR-VAGA-NA-3a-CHAMADA-DO-SISU-UERN-2021.pdf\">Edital n\u00ba 39\/2022 &#8211; Proeg<\/a>: Rela\u00e7\u00e3o dos Candidatos que declararam interesse em eventual vaga remanescente para a Terceira Chamada<\/p>\n<hr \/>\n<p><em><strong>TERCEIRA CHAMADA<\/strong><\/em><\/p>\n<p><a href=\"https:\/\/portal.uern.br\/proeg\/sisu\/wp-content\/uploads\/sites\/3\/2024\/03\/Edital-040.2022-3a-Chamada-Sisu-2022v2.pdf\">Edital n\u00ba 23\/2022 &#8211; Proeg<\/a>: Convoca\u00e7\u00e3o da Terceira Chamada<\/p>\n<p><em><strong>\u00a0 \u00a0 \u00a0 \u00a0 \u00a0 Procedimento de Heteroidentifica\u00e7\u00e3o<\/strong><\/em><\/p>\n<p><a href=\"https:\/\/portal.uern.br\/proeg\/sisu\/wp-content\/uploads\/sites\/3\/2024\/03\/Edital-043_2022-heteroidentificacao-Terceira-Chamada.pdf\">Edital n\u00ba 43\/2022 &#8211; Proeg<\/a>: Convoca\u00e7\u00e3o do Procedimento de Heteroidentifica\u00e7\u00e3o<\/p>\n<p><a href=\"https:\/\/portal.uern.br\/proeg\/sisu\/wp-content\/uploads\/sites\/3\/2024\/03\/Edital-051.2022-Resultado-Heteroidentificacao-terceira-chamada-2022.pdf\">Edital n\u00ba 51\/2022 -Proeg<\/a>: Resultado do Procedimento de Heteroidentifca\u00e7\u00e3o<\/p>\n<p><em><strong>\u00a0 \u00a0 \u00a0 \u00a0 \u00a0 Junta Multiprofissional<\/strong><\/em><\/p>\n<p><a href=\"https:\/\/portal.uern.br\/proeg\/sisu\/wp-content\/uploads\/sites\/3\/2024\/03\/EDITAL-No-044_2022-\u2013-PROEG_UERN-Junta-Multiprof-terceira-chamada.pdf\">Edital n\u00ba 44\/2022 &#8211; Proeg<\/a>: Convoca\u00e7\u00e3o da Junta Multiprofissional<\/p>\n<p><a href=\"https:\/\/portal.uern.br\/proeg\/sisu\/wp-content\/uploads\/sites\/3\/2024\/03\/Edital-047.2022_PROEG_Resultado-junta-multiprofissional-terceira-chamada-2022.pdf\">Edital n\u00ba 47\/2022 &#8211; Proeg<\/a>: Resultado da Junta Multiprofissional<\/p>\n<hr \/>\n<p><em><strong>QUARTA CHAMADA<\/strong><\/em><\/p>\n<p><a href=\"https:\/\/portal.uern.br\/proeg\/sisu\/wp-content\/uploads\/sites\/3\/2024\/03\/Edital-056.2022-4a-Chamada-Sisu-2022.pdf\">Edital n\u00ba 56\/2022 &#8211; Proeg<\/a>: Divulga a rela\u00e7\u00e3o dos Candidatos Aprovados na Quarta Chamada do Psvi Sisu\/Uern 2022 e convoca para a realiza\u00e7\u00e3o do Cadastro Institucional<\/p>\n<p><em><strong>\u00a0 \u00a0 \u00a0 \u00a0 Procedimento de Heteroidentifica\u00e7\u00e3o<\/strong><\/em><\/p>\n<p><a href=\"https:\/\/portal.uern.br\/proeg\/sisu\/wp-content\/uploads\/sites\/3\/2024\/03\/Edital-062_2022-heteroidentificacao-Quarta-Chamada.pdf\">Edital n\u00ba 62\/2022 &#8211; Proeg<\/a>: Convoca\u00e7\u00e3o do Procedimento de Heteroidentifica\u00e7\u00e3o<\/p>\n<p><a href=\"https:\/\/portal.uern.br\/proeg\/sisu\/wp-content\/uploads\/sites\/3\/2024\/03\/Edital-068.2022-Resultado-Heteroidentificacao-quarta-chamada-2022.pdf\">Edital n\u00ba 68\/2022 &#8211; Proeg<\/a>: Resultado do Procedimento de Heteroidentifica\u00e7\u00e3o<\/p>\n<hr \/>\n<p><em><strong>MATR\u00cdCULAS 2022.2<\/strong><\/em><\/p>\n<p>&nbsp;<\/p>\n<hr \/>\n<p><em><strong>QUINTA CHAMADA<\/strong><\/em><\/p>\n<p><a href=\"https:\/\/portal.uern.br\/proeg\/sisu\/wp-content\/uploads\/sites\/3\/2024\/03\/Edital-072.2022-PROEG-5a-Chamada-Sisu-2022-1.pdf\">Edital n\u00ba 72\/2022 &#8211; Proeg<\/a>: Divulga a rela\u00e7\u00e3o de Candidatos Aprovados na Quinta Chamada do Psvi Sisu\/Uern 2022 e convoca para a realiza\u00e7\u00e3o do Cadastro Institucional<\/p>\n<p><a href=\"https:\/\/portal.uern.br\/proeg\/sisu\/wp-content\/uploads\/sites\/3\/2024\/03\/ERRATA-REFERENTE-AO-EDITAL-No-072_2022-\u2013-PROEG_UERN-1.pdf\">Errata referente ao Edital n\u00ba 72\/2022 &#8211; Proeg<\/a>: Retifica a rela\u00e7\u00e3o dos candidatos aprovados na Quinta Chamada do Psvi Sisu\/Uern 2022<\/p>\n<p><em><strong>\u00a0 \u00a0 \u00a0 \u00a0 Procedimento de Heteroidentifica\u00e7\u00e3o<\/strong><\/em><\/p>\n<p><a href=\"https:\/\/portal.uern.br\/proeg\/sisu\/wp-content\/uploads\/sites\/3\/2024\/03\/Edital-076_2022-heteroidentificacao-Quinta-Chamada.pdf\">Edital n\u00ba 76\/2022 &#8211; Proeg<\/a>: Convoca\u00e7\u00e3o do Procedimento de Heteroidentifica\u00e7\u00e3o<\/p>\n<p><a href=\"https:\/\/portal.uern.br\/proeg\/sisu\/wp-content\/uploads\/sites\/3\/2024\/03\/Edital-078.2022-Resultado-Heteroidentificacao-quinta-chamada-2022.pdf\">Edital n\u00ba 78\/2022 &#8211; Proeg<\/a>: Resultado do Procedimento de Heteroidentifica\u00e7\u00e3o<\/p>\n<hr \/>\n<p><em><strong>SEXTA CHAMADA<\/strong><\/em><\/p>\n<p><a href=\"https:\/\/portal.uern.br\/proeg\/sisu\/wp-content\/uploads\/sites\/3\/2024\/03\/Edital-084.2022-PROEG-6a-Chamada-Sisu-2022.pdf\">Edital n\u00ba 84\/2022 &#8211; Proeg<\/a>: Divulga a rela\u00e7\u00e3o de Candidatos Aprovados na Sexta Chamada do Psvi Sisu\/Uern 2022 e convoca para a realiza\u00e7\u00e3o do Cadastro Institucional<\/p>\n<p><em><strong>S\u00c9TIMA CHAMADA<\/strong><\/em><\/p>\n<p><a href=\"https:\/\/portal.uern.br\/proeg\/sisu\/wp-content\/uploads\/sites\/3\/2024\/03\/Edital-115.2022-PROEG-7a-Chamada-Sisu-2022.pdf\">Edital n\u00ba 115\/2022 &#8211; Proeg<\/a>: Divulga a rela\u00e7\u00e3o de Candidatos Aprovados na S\u00e9tima Chamada do Psvi Sisu\/Uern 2022 e convoca para a realiza\u00e7\u00e3o do Cadastro Institucional<\/p>\n<p><em><strong>\u00a0 \u00a0 \u00a0 Procedimento de Heteroidentifica\u00e7\u00e3o<\/strong><\/em><\/p>\n<p><a href=\"https:\/\/portal.uern.br\/proeg\/sisu\/wp-content\/uploads\/sites\/3\/2024\/03\/Edital-118.2022-Heteroidentificacao-Setima-Chamada.pdf\">Edital n\u00ba 118\/2022 &#8211; Proeg<\/a>: Convoca\u00e7\u00e3o do Procedimento de Heteroidentifica\u00e7\u00e3o<\/p>\n<p><a href=\"https:\/\/portal.uern.br\/proeg\/sisu\/wp-content\/uploads\/sites\/3\/2024\/03\/Edital-132.2022-Resultado-Heteroidentificacao-setima-chamada-2022.pdf\">Edital n\u00ba 132\/2022 &#8211; Proeg<\/a>: Resultado do Procedimento de Heteroidentifica\u00e7\u00e3o<\/p>\n<p><em><strong>\u00a0 \u00a0 \u00a0 Junta Multiprofissional<\/strong><\/em><\/p>\n<p><a href=\"https:\/\/portal.uern.br\/proeg\/sisu\/wp-content\/uploads\/sites\/3\/2024\/03\/EDITAL-119.2022-Junta-Multiprofissional-Setima-Chamada.pdf\">Edital n\u00ba 119\/2022 &#8211; Proeg<\/a>: Convoca\u00e7\u00e3o da Junta Multiprofissional<\/p>\n<p><a href=\"https:\/\/portal.uern.br\/proeg\/sisu\/wp-content\/uploads\/sites\/3\/2024\/03\/Edital-131.2022_PROEG_Resultado-junta-multiprofissional-setima-chamada-2022.pdf\">Edital n\u00ba 131\/2022 &#8211; Proeg<\/a>: Resultado da Junta Multiprofissional<\/p>\n","protected":false},"excerpt":{"rendered":"<p>Termo de Ades\u00e3o Sisu\/Uern 2022 Editais PSVI Sisu\/Uern 2022 &nbsp; EDITAL DE ABERTURA DO PSVI SISU\/UERN 2022 Edital n\u00ba 02\/2022-Proeg: Disp\u00f5e sobre as normas para ocupa\u00e7\u00e3o de vagas iniciais dos cursos regulares de gradua\u00e7\u00e3o, na modalidade presencial, da Universidade do Estado do Rio Grande do Norte \u2013 UERN. &nbsp; &nbsp; CHAMADA REGULAR Edital n\u00ba 11\/2022 [&hellip;]<\/p>\n","protected":false},"author":6,"featured_media":0,"parent":0,"menu_order":0,"comment_status":"closed","ping_status":"closed","template":"","meta":{"footnotes":""},"class_list":["post-1574","page","type-page","status-publish","hentry"],"_links":{"self":[{"href":"https:\/\/portal.uern.br\/proeg\/sisu\/wp-json\/wp\/v2\/pages\/1574","targetHints":{"allow":["GET"]}}],"collection":[{"href":"https:\/\/portal.uern.br\/proeg\/sisu\/wp-json\/wp\/v2\/pages"}],"about":[{"href":"https:\/\/portal.uern.br\/proeg\/sisu\/wp-json\/wp\/v2\/types\/page"}],"author":[{"embeddable":true,"href":"https:\/\/portal.uern.br\/proeg\/sisu\/wp-json\/wp\/v2\/users\/6"}],"replies":[{"embeddable":true,"href":"https:\/\/portal.uern.br\/proeg\/sisu\/wp-json\/wp\/v2\/comments?post=1574"}],"version-history":[{"count":59,"href":"https:\/\/portal.uern.br\/proeg\/sisu\/wp-json\/wp\/v2\/pages\/1574\/revisions"}],"predecessor-version":[{"id":1924,"href":"https:\/\/portal.uern.br\/proeg\/sisu\/wp-json\/wp\/v2\/pages\/1574\/revisions\/1924"}],"wp:attachment":[{"href":"https:\/\/portal.uern.br\/proeg\/sisu\/wp-json\/wp\/v2\/media?parent=1574"}],"curies":[{"name":"wp","href":"https:\/\/api.w.org\/{rel}","templated":true}]}}