{"id":1553,"date":"2023-11-07T12:54:21","date_gmt":"2023-11-07T15:54:21","guid":{"rendered":"https:\/\/portal.uern.br\/proeg\/sisu\/?page_id=1553"},"modified":"2024-09-17T09:39:30","modified_gmt":"2024-09-17T12:39:30","slug":"psvni-2024","status":"publish","type":"page","link":"https:\/\/portal.uern.br\/proeg\/sisu\/psvni-2024\/","title":{"rendered":"Psvni 2024"},"content":{"rendered":"<p><strong><img decoding=\"async\" src=\"https:\/\/portal.uern.br\/proeg\/sisu\/wp-content\/uploads\/sites\/3\/2024\/07\/PSVNI-2024.2_imagem-de-destaque-para-site.png\" \/><\/strong><\/p>\n<p>&nbsp;<\/p>\n<p><strong>D\u00favidas sobre o Psvni?<\/strong> <a href=\"https:\/\/portal.uern.br\/proeg\/sisu\/psvni-duvidas-frequentes\/\">Clique aqui!<\/a><\/p>\n<p style=\"text-align: center\"><strong>Cronograma <\/strong><\/p>\n<p style=\"text-align: left\"><strong>PSVNI 2024.1<br \/>\n<\/strong><\/p>\n<p style=\"text-align: left\"><strong>Publica\u00e7\u00e3o do Edital de Abertura: <\/strong>30\/11\/23<\/p>\n<p><strong>Inscri\u00e7\u00f5es:<\/strong> 04\/12\/23 a 31\/01\/24<\/p>\n<p><strong>Publica\u00e7\u00e3o de Edital de Resultado Parcial: <\/strong>28\/02\/24<\/p>\n<p><strong>Per\u00edodo de Recursos:<\/strong> 29\/02\/24 a 1\u00ba\/03\/24<\/p>\n<p><strong>Resultado dos Recursos:<\/strong> 05\/03\/24<\/p>\n<p><strong>Publica\u00e7\u00e3o de Edital de Resultado Final:<\/strong> 08\/03\/24<\/p>\n<hr \/>\n<p>&nbsp;<\/p>\n<p style=\"text-align: left\"><strong>PSVNI 2024.2<br \/>\n<\/strong><\/p>\n<p style=\"text-align: left\"><strong>Publica\u00e7\u00e3o do Edital de Abertura: <\/strong>29\/05\/24<\/p>\n<p><strong>Inscri\u00e7\u00f5es:<\/strong> 30\/05\/24 a 14\/06\/24<\/p>\n<p><strong>Publica\u00e7\u00e3o de Edital de Resultado Parcial: <\/strong>18\/07\/24<\/p>\n<p><strong>Per\u00edodo de Recursos:<\/strong> 19 a 22\/07\/24<\/p>\n<p><strong>Resultado dos Recursos:<\/strong> 24\/07\/24<\/p>\n<p><strong>Publica\u00e7\u00e3o de Edital de Resultado Final:<\/strong> 26\/07\/24<\/p>\n<p><strong>Publica\u00e7\u00e3o de Edital de Resultado Parcial do curso de Medicina:<\/strong> 31\/07\/24<\/p>\n<p><strong>Per\u00edodo de Recursos do curso de Medicina:<\/strong> 31\/07 a 02\/08\/24<\/p>\n<p><strong>Resultado dos Recursos do curso de Medicina:<\/strong> 05\/08\/24<\/p>\n<p><strong>Publica\u00e7\u00e3o de Edital de Resultado Final do curso de Medicina:<\/strong> 07\/08\/24<\/p>\n<p><strong>Matr\u00edculas Curriculares:<\/strong> 05 a 11\/08\/24<\/p>\n<p><strong>Matr\u00edculas Curriculares do curso de Medicina:<\/strong> 08 a 11\/08\/24<\/p>\n<p><strong>In\u00edcio das Aulas:<\/strong> 19\/08\/24<\/p>\n<hr \/>\n<p>&nbsp;<\/p>\n<p style=\"text-align: center\"><strong>Editais <\/strong><\/p>\n<p style=\"text-align: left\"><strong>PSVNI 2024.1<\/strong><\/p>\n<p><a href=\"https:\/\/portal.uern.br\/proeg\/sisu\/wp-content\/uploads\/sites\/3\/2023\/11\/EDITAL-No-234_2023-PROEG-Abertura-do-PSVNI-2024.1.pdf\">Edital n\u00ba 234\/2023 &#8211; Proeg<\/a>: Processo Seletivo de Vagas N\u00e3o Iniciais (Psvni), referente ao 1\u00ba semestre do ano letivo de 2024 da Uern (<a href=\"https:\/\/drive.google.com\/file\/d\/1uOJ_V7LuIqKUQSLZAqZxRSHfPJkfMgIo\/view?usp=drive_link\">\u00c1udio<\/a>) (<a href=\"https:\/\/drive.google.com\/file\/d\/1UWKYPuG3cUOqS1q4YHFgYPA9BQ3e8hN0\/view?usp=sharing\">Libras<\/a>)<br \/>\n<a href=\"https:\/\/portal.uern.br\/proeg\/sisu\/wp-content\/uploads\/sites\/3\/2023\/11\/ANEXO-I-DAS-VAGAS-NO-PSVNI-2024_1.mp3\">\u00c1udio<\/a> do Anexo I<br \/>\n<a href=\"https:\/\/portal.uern.br\/proeg\/sisu\/wp-content\/uploads\/sites\/3\/2023\/11\/ANEXO-II-DOS-E-MAILS-PARA-ENVIO-DA-DOCUMENTACAO-PSVNI-2024_1.mp3\">\u00c1udio<\/a> do Anexo II<br \/>\n<a href=\"https:\/\/portal.uern.br\/proeg\/sisu\/wp-content\/uploads\/sites\/3\/2023\/11\/ANEXO-III-DO-FORMULARIO-DE-INSCRICAO-DO-PSVNI-2024_1.mp3\">\u00c1udio<\/a> do Anexo III<\/p>\n<p><a href=\"https:\/\/portal.uern.br\/proeg\/sisu\/wp-content\/uploads\/sites\/3\/2023\/12\/Edital-240_2023-Proeg-Retifica-o-Edital-de-Abertura-PSVNI-2024.1.pdf\">Edital n\u00ba 240\/2023 &#8211; Proeg:<\/a> Retifica o Edital n\u00ba 234\/2023 &#8211; Proeg<\/p>\n<p><a href=\"https:\/\/portal.uern.br\/proeg\/sisu\/wp-content\/uploads\/sites\/3\/2023\/12\/Edital-242_2023-Proeg-Retifica-o-Edital-do-PSVNI-2024.1.pdf\">Edital n\u00ba 242\/2023 &#8211; Proeg:<\/a> Retifica o Edital n\u00ba 240\/2023 &#8211; Proeg<\/p>\n<p>&nbsp;<\/p>\n<p><a href=\"https:\/\/portal.uern.br\/proeg\/sisu\/wp-content\/uploads\/sites\/3\/2024\/02\/Edital-39.2024-Resultado-Parcial-PSVNI_2024.1.pdf\">Edital n\u00ba 39\/2024 &#8211; Proeg:<\/a> Resultado Parcial do Processo Seletivo de Vagas N\u00e3o-Iniciais (Psvni) 2024.1 (<a href=\"https:\/\/drive.google.com\/file\/d\/11XVAwK9jkY-Yf0D7SoGkXfUQRuRwu5DB\/view?usp=sharing\">\u00c1udio<\/a>)<\/p>\n<p><a href=\"https:\/\/portal.uern.br\/proeg\/sisu\/wp-content\/uploads\/sites\/3\/2024\/03\/Edital-44.2024-PSVNI_Resultado-Final_2024.1.pdf\">Edital n\u00ba 44\/2024 &#8211; Proeg:<\/a> Resultado Final do Processo Seletivo de Vagas N\u00e3o Iniciais (Psvni) 2024.1<\/p>\n<p><a href=\"https:\/\/portal.uern.br\/proeg\/sisu\/wp-content\/uploads\/sites\/3\/2024\/04\/Edital-60.2024-SEGUNDA-CHAMADA-PSVNI-2024.1.pdf\">Edital n\u00ba 60\/2024 &#8211; Proeg:<\/a> Segunda Chamada do Psvni 2024.1<\/p>\n<p><a href=\"https:\/\/portal.uern.br\/proeg\/sisu\/wp-content\/uploads\/sites\/3\/2024\/07\/Edital-100_2024-Proeg-Retifica-o-Edital-44_2024-PSVNI-2024.1.docx.pdf\">Edital n\u00ba 110\/2024 &#8211; Proeg:<\/a> Retifica o Edital n\u00ba 44\/2024<\/p>\n<hr \/>\n<p>&nbsp;<\/p>\n<p><strong>PSVNI 2024.2<\/strong><\/p>\n<p><a href=\"https:\/\/portal.uern.br\/proeg\/sisu\/wp-content\/uploads\/sites\/3\/2024\/05\/EDITAL-No-78_2024-PROEG-Abertura-do-PSVNI-2024.2.pdf\">Edital n\u00ba 78\/2024 &#8211; Proeg<\/a>: Abertura do Processo Seletivo de Vagas N\u00e3o-Iniciais (Psvni) 2024.2 (<a href=\"https:\/\/drive.google.com\/file\/d\/1JnzxID1_oJDn4au_hw3T7VQA0bu_eGYC\/view?usp=sharing\">Libras<\/a>)<\/p>\n<p><a href=\"https:\/\/portal.uern.br\/proeg\/sisu\/wp-content\/uploads\/sites\/3\/2024\/07\/Edital-91.2024-Resultado-Parcial-PSVNI_2024.2.docx-1.pdf\">Edital n\u00ba 91\/2024 &#8211; Proeg:<\/a> Resultado Parcial do Processo Seletivo de Vagas N\u00e3o-Iniciais (Psvni) 2024.2 (<a href=\"https:\/\/drive.google.com\/file\/d\/1tcwSsyTlOF92q0w0GWtKvzHvGVlSF5ye\/view?usp=sharing\">Libras<\/a>)<\/p>\n<p><a href=\"https:\/\/portal.uern.br\/proeg\/sisu\/wp-content\/uploads\/sites\/3\/2024\/07\/ERRATA-EDITAL-RESULTADO-PARCIAL-PSVNI-MEDICINA.pdf\">ERRATA AO RESULTADO PARCIAL DO PSVNI 2024.2 &#8211; MEDICINA<\/a><\/p>\n<p><a href=\"https:\/\/portal.uern.br\/proeg\/sisu\/wp-content\/uploads\/sites\/3\/2024\/08\/Edital-95.2024-PSVNI_Resultado-Final_2024.2-1.pdf\">Edital n\u00ba 95\/2024 &#8211; Proeg:<\/a> Resultado Final do Processo Seletivo de Vagas N\u00e3o Iniciais (Psvni) 2024.2 (<a href=\"https:\/\/drive.google.com\/file\/d\/15po5n1z98K0o_YI3gj-6H1Le3Gcc-Jxp\/view?usp=sharing\">Libras<\/a>)<\/p>\n<p><a href=\"https:\/\/portal.uern.br\/proeg\/sisu\/wp-content\/uploads\/sites\/3\/2024\/07\/Edital-107.2024-Resultado-Parcial-Medicina-PSVNI_2024.2.docx.pdf\">Edital n\u00ba 107\/2024 &#8211; Proeg:<\/a> Resultado Parcial de Medicina do Processo Seletivo de Vagas N\u00e3o Iniciais (Psvni) 2024.2 (<a href=\"https:\/\/drive.google.com\/file\/d\/1iy-BHghPNg5m-8u463K76MsTKUkWwErY\/view?usp=sharing\">Libras<\/a>)<\/p>\n<p><a href=\"https:\/\/portal.uern.br\/proeg\/sisu\/wp-content\/uploads\/sites\/3\/2024\/08\/Edital-108.2024-PSVNI_Resultado-Final-Medicina_2024.2-2.pdf\">Edital n\u00ba 108\/2024 &#8211; Proeg:<\/a> Resultado Final de Medicina do Processo Seletivo de Vagas N\u00e3o Iniciais (Psvni) 2024.2 (<a href=\"https:\/\/drive.google.com\/file\/d\/1i2mLNX8S9785v2aD_-iUlI1EGNS73Zwm\/view?usp=sharing\">Libras<\/a>)<\/p>\n<p><a href=\"https:\/\/portal.uern.br\/proeg\/sisu\/wp-content\/uploads\/sites\/3\/2024\/08\/Edital-115.2024-SEGUNDA-CHAMADA-PSVNI-2024.2.pdf\">Edital n\u00ba 115\/2024 &#8211; Proeg:<\/a> Segunda Chamada do Psvni 2024.2 (<a href=\"https:\/\/drive.google.com\/file\/d\/1zLUFncaOjcjsfiHVYjtX41zx5kOUQ2aC\/view?usp=sharing\">Libras<\/a>)<\/p>\n<p><a href=\"https:\/\/portal.uern.br\/proeg\/sisu\/wp-content\/uploads\/sites\/3\/2024\/09\/EDITAL-No-120.2024-RETIFICA-O-RESULTADO-PARCIAL-DO-PSVNI-2024.2-CURSO-MEDICINA-MODALIDADE-TRANSFERENCIA-EXTERNA.docx.pdf\">Edital n\u00ba 120\/2024 &#8211; Proeg:<\/a> Retifica o Resultado Parcial do Processo Seletivo de Vagas N\u00e3o Iniciais (Psvni) 2024.2 &#8211; Referente \u00e0 modalidade de Transfer\u00eancia Externa do curso de Medicina da Uern<\/p>\n<p><strong><a href=\"https:\/\/portal.uern.br\/proeg\/sisu\/wp-content\/uploads\/sites\/3\/2024\/09\/Edital-126.2024-RESULTADO-FINAL-DO-PSVNI-2024.2-CURSO-MEDICINA-MODALIDADE-TRANSFERENCIA-EXTERNA.pdf\">Edital n\u00ba 126\/2024 &#8211; Proeg:<\/a> Resultado Final do Processo Seletivo de Vagas N\u00e3o Iniciais (Psvni) 2024.2 &#8211; Referente \u00e0 modalidade de Transfer\u00eancia Externa do curso de Medicina da Uern<\/strong><\/p>\n","protected":false},"excerpt":{"rendered":"<p>&nbsp; D\u00favidas sobre o Psvni? Clique aqui! Cronograma PSVNI 2024.1 Publica\u00e7\u00e3o do Edital de Abertura: 30\/11\/23 Inscri\u00e7\u00f5es: 04\/12\/23 a 31\/01\/24 Publica\u00e7\u00e3o de Edital de Resultado Parcial: 28\/02\/24 Per\u00edodo de Recursos: 29\/02\/24 a 1\u00ba\/03\/24 Resultado dos Recursos: 05\/03\/24 Publica\u00e7\u00e3o de Edital de Resultado Final: 08\/03\/24 &nbsp; PSVNI 2024.2 Publica\u00e7\u00e3o do Edital de Abertura: 29\/05\/24 Inscri\u00e7\u00f5es: 30\/05\/24 [&hellip;]<\/p>\n","protected":false},"author":6,"featured_media":0,"parent":0,"menu_order":0,"comment_status":"closed","ping_status":"closed","template":"","meta":{"footnotes":""},"class_list":["post-1553","page","type-page","status-publish","hentry"],"_links":{"self":[{"href":"https:\/\/portal.uern.br\/proeg\/sisu\/wp-json\/wp\/v2\/pages\/1553","targetHints":{"allow":["GET"]}}],"collection":[{"href":"https:\/\/portal.uern.br\/proeg\/sisu\/wp-json\/wp\/v2\/pages"}],"about":[{"href":"https:\/\/portal.uern.br\/proeg\/sisu\/wp-json\/wp\/v2\/types\/page"}],"author":[{"embeddable":true,"href":"https:\/\/portal.uern.br\/proeg\/sisu\/wp-json\/wp\/v2\/users\/6"}],"replies":[{"embeddable":true,"href":"https:\/\/portal.uern.br\/proeg\/sisu\/wp-json\/wp\/v2\/comments?post=1553"}],"version-history":[{"count":47,"href":"https:\/\/portal.uern.br\/proeg\/sisu\/wp-json\/wp\/v2\/pages\/1553\/revisions"}],"predecessor-version":[{"id":2753,"href":"https:\/\/portal.uern.br\/proeg\/sisu\/wp-json\/wp\/v2\/pages\/1553\/revisions\/2753"}],"wp:attachment":[{"href":"https:\/\/portal.uern.br\/proeg\/sisu\/wp-json\/wp\/v2\/media?parent=1553"}],"curies":[{"name":"wp","href":"https:\/\/api.w.org\/{rel}","templated":true}]}}