{"id":134,"date":"2022-10-19T11:43:02","date_gmt":"2022-10-19T14:43:02","guid":{"rendered":"https:\/\/paisdemossoro.com.br\/wordpress\/proeg\/sisu\/?page_id=134"},"modified":"2022-10-19T11:43:02","modified_gmt":"2022-10-19T14:43:02","slug":"acessibilidade","status":"publish","type":"page","link":"https:\/\/portal.uern.br\/proeg\/sisu\/acessibilidade\/","title":{"rendered":"Acessibilidade"},"content":{"rendered":"<p><img fetchpriority=\"high\" decoding=\"async\" class=\"alignnone  wp-image-135\" src=\"http:\/\/beta.apps.uern.br\/wordpress\/proeg\/sisu\/wp-content\/uploads\/sites\/3\/2022\/10\/32943295acessibilidade-300x146.jpg\" alt=\"\" width=\"674\" height=\"328\" srcset=\"https:\/\/portal.uern.br\/proeg\/sisu\/wp-content\/uploads\/sites\/3\/2022\/10\/32943295acessibilidade-300x146.jpg 300w, https:\/\/portal.uern.br\/proeg\/sisu\/wp-content\/uploads\/sites\/3\/2022\/10\/32943295acessibilidade-1024x499.jpg 1024w, https:\/\/portal.uern.br\/proeg\/sisu\/wp-content\/uploads\/sites\/3\/2022\/10\/32943295acessibilidade-768x374.jpg 768w, https:\/\/portal.uern.br\/proeg\/sisu\/wp-content\/uploads\/sites\/3\/2022\/10\/32943295acessibilidade-1536x749.jpg 1536w, https:\/\/portal.uern.br\/proeg\/sisu\/wp-content\/uploads\/sites\/3\/2022\/10\/32943295acessibilidade.jpg 1600w\" sizes=\"(max-width: 674px) 100vw, 674px\" \/><\/p>\n<h5>Aqui disponibilizamos alguns softwares para facilitar o acesso as informa\u00e7\u00f5es contidas nesta p\u00e1gina<\/h5>\n<h5>Softwares<\/h5>\n<p><strong>DEFICIENTES VISUAIS<\/strong><br \/>\n<strong>Liane TTS<\/strong><\/p>\n<p>O Liane TTS \u00e9 um aplicativo (compilador) que analisa texto e o traduz em texto compilado no formato de difones (.pho) para processamento e s\u00edntese de voz pelo sistema mbrola (sintetizador de voz baseado na concatena\u00e7\u00e3o de difones). O Liane TTS \u00e9 uma aplica\u00e7\u00e3o software livre, que se comunica com o usu\u00e1rio atrav\u00e9s de s\u00edntese de voz, viabilizando, deste modo, o uso destes computadores por deficientes visuais.<br \/>\nPode ser acoplado a diversos programas para produzir a s\u00edntese de voz, seja atrav\u00e9s de um uso direto de suas rotinas, ou preferencialmente pelo uso do sistema Speech Dispatcher, que \u00e9 uma camada de dispositivo independente para a s\u00edntese de voz que fornece uma interface de uso comum e f\u00e1cil para ambas as aplica\u00e7\u00f5es clientes (programas que disponibilizam texto para a convers\u00e3o) e softwares sintetizadores (programas que de fato s\u00e3o capazes de converter texto para fala).<br \/>\nOs arquivos abaixo dispon\u00edveis para download contem o arquivo de instala\u00e7\u00e3o e os manuais de utiliza\u00e7\u00e3o.<br \/>\nLianeTTS_Linux.tar.gz (ambiente Linux)<br \/>\nLianeTTS_Windows.zip (ambiente Windows)<\/p>\n<p><strong>Fonte<\/strong>:\u00a0Portal do SERPRO<\/p>\n<p><strong>DosVox (gratuito)<\/strong><\/p>\n<p>O\u00a0<a href=\"http:\/\/portal.nce.ufrj.br\">N\u00facleo de Computa\u00e7\u00e3o Eletr\u00f4nica<\/a>\u00a0da Universidade Federal do Rio de Janeiro\u00a0(<a href=\"https:\/\/ufrj.br\">UFRJ<\/a>)\u00a0vem nos \u00faltimos anos se dedicando \u00e0 cria\u00e7\u00e3o de um sistema de computa\u00e7\u00e3o destinado a atender aos deficientes visuais. O sistema operacional DOSVOX permite que pessoas cegas utilizem um microcomputador comum (PC) para desempenhar uma s\u00e9rie de tarefas, adquirindo assim um n\u00edvel alto de independ\u00eancia no estudo e no trabalho.<br \/>\nO DOSVOX tamb\u00e9m convive bem com outros programas de acesso para deficientes visuais (como Virtual Vision, Jaws, Window Bridge, Window-Eyes, ampliadores de tela, etc) que porventura estejam instalados na m\u00e1quina do usu\u00e1rio.<br \/>\nR\u00e1dio DosVox:\u00a0<a href=\"http:\/\/intervox.nce.ufrj.br\/~radio.dv\/?act=exibir&amp;prog=grade\">Grade da semana<\/a><br \/>\nDownloads<br \/>\nUFRJ \u2013 DosVox 4.1 da UFRJ<br \/>\nUFRJ \u2013 Atualiza\u00e7\u00e3o do DosVoz 4.0 para 4.1<br \/>\nUFRJ \u2013 DosVox 4.1 B\u00e1sico<br \/>\nPara maiores informa\u00e7\u00f5es acesse a p\u00e1gina:\u00a0http:\/\/intervox.nce.ufrj.br\/dosvox\/download.htm<\/p>\n<p><strong>Fonte:<\/strong>\u00a0<a href=\"http:\/\/intervox.nce.ufrj.br\/dosvox\/download.htm\">http:\/\/intervox.nce.ufrj.br\/dosvox\/download.htm<\/a><\/p>\n<p><strong>Virtual Vision<\/strong><\/p>\n<p>O Virtual Vision foi desenvolvido em 1997 a partir de pesquisas da MicroPower com\u00a0 modelos de processamento de linguagem natural. \u00c9 hoje o \u00fanico software de leitura de telas desenvolvido nacionalmente capaz de funcionar sobre os aplicativos mais comuns utilizados na maior parte dos computadores (utiliza sistema operacional do Windows e reconhece Word, Excel, Internet Explorer, Outlook, MSN, Skype, entre outros).<br \/>\n<strong>Clientes do\u00a0Bradesco podem receber o Virtual Vison gratuitamente. Basta entrar em contato com a sua ag\u00eancia.<\/strong><br \/>\nSite:\u00a0<a href=\"http:\/\/www.virtualvision.com.br\/\">http:\/\/www.virtualvision.com.br\/<\/a><\/p>\n<p>&nbsp;<\/p>\n<p><strong>Fonte:<\/strong>\u00a0<a href=\"http:\/\/www.virtualvision.com.br\/\">http:\/\/www.virtualvision.com.br\/<\/a><\/p>\n<p><strong>JAWS<\/strong><\/p>\n<p>Desenvolvido para usu\u00e1rios de computador, cuja perda de vis\u00e3o impede de ver o conte\u00fado da tela, o JAWS l\u00ea em voz alta o que est\u00e1 na tela do PC.<br \/>\n<strong>Site:<\/strong>\u00a0<a href=\"https:\/\/www.freedomscientific.com\/products\/software\/jaws\/\">http:\/\/www.freedomscientific.com\/products\/fs\/jaws-product-page.asp<\/a><br \/>\n<a href=\"http:\/\/www.software.com.br\/loja\/product_info.php?products_id=890&amp;osCsid=jdik5pjociq7ftq7180pvajvj0&amp;gclid=CIX-6eDvmakCFQLs7Qod2X8buw\">Informa\u00e7\u00f5es sobre o JAWS na p\u00e1gina do epresentante no Brasil:<\/a><\/p>\n<p><strong>NVDA (gratuito)<\/strong><\/p>\n<p>O \u201cNon Visual Desktop Access\u201d ou NVDA, foi registrado sob a licen\u00e7a GPL (sigla em Ingl\u00eas para \u201cLICEN\u00c7A P\u00daBLICA GERAL GNU\u201d), de autoria da Funda\u00e7\u00e3o para o Software Livre e adotada pelos sistemas GNU\/Linux e outros.<br \/>\nA tecla INS juntamente com a tecla N acess\u00e3o ao menu para configurar o funcionamento do NVDA.<\/p>\n<p><a href=\"http:\/\/sourceforge.net\/projects\/nvda\/files\/releases\/2011.1.1\/nvda_2011.1.1_portable.exe\/download\">Donwload NVDA 2011.1.1<\/a><br \/>\n<a href=\"http:\/\/sourceforge.net\/projects\/nvda\/files\/releases\/2011.1.1\/nvda_2011.1.1_portable.exe\/download\">Download NVDA 2011.1.1 \u2013 Vers\u00e3o port\u00e1til<\/a><\/p>\n<p><strong>Fonte:<\/strong>\u00a0Mundo Cegal,\u00a0<a href=\"http:\/\/sourceforge.net\/projects\/nvda\/files\/releases\/2011.1.1\/nvda_2011.1.1_portable.exe\/download\">NVDA<\/a><\/p>\n<p><strong>MACDAISY<\/strong><\/p>\n<p>Baseado no padr\u00e3o internacional Daisy \u2013 Digital Accessible Information System -, a ferramenta brasileira traz sintetizador de voz (narra\u00e7\u00e3o) e instru\u00e7\u00f5es de uso em portugu\u00eas brasileiro. O software permite converter qualquer texto em formato Daisy e, ap\u00f3s a convers\u00e3o, \u00e9 poss\u00edvel manusear o texto sonoro de maneira semelhante ao texto escrito. \u201cO Mecdaisy permite que o usu\u00e1rio folheie, consulte o \u00edndice, pesquise, fa\u00e7a coment\u00e1rios\u201d, enumerou o analista de sistemas da UFRJ, Jo\u00e3o S\u00e9rgio Assis, que participou da equipe de desenvolvimento da ferramenta.<\/p>\n<p><a href=\"http:\/\/www.intervox.nce.ufrj.br\/mecdaisy\/windows\/v_1.0_r572\/MecDaisy_setup_r572.exe\">Download do MecDaisy<\/a><br \/>\n<a href=\"http:\/\/portal.mec.gov.br\/index.php?option=com_content&amp;view=article&amp;id=\/index.php?option=com_content&amp;view=article&amp;id=13782:nova-tecnologia-torna-livros-acessiveis-a-alunos-cegos&amp;catid=205&amp;Itemid=86\">Maiores informa\u00e7\u00f5es<\/a><\/p>\n<p><strong>Fonte:<\/strong>\u00a0<a href=\"http:\/\/portal.mec.gov.br\/index.php?option=com_content&amp;view=article&amp;id=13786%3Aprograma-amplia-inclusao-de-pessoas-com-deficiencia-ao-converter-texto-em-audio&amp;catid=205&amp;Itemid=826\">Portal do MEC<\/a><\/p>\n<p><a href=\"http:\/\/intervox.nce.ufrj.br\/mecdaisy\/leitura.htm\">Aqui\u00a0<\/a>h\u00e1 um tutorial de como navegar pelo programa.<\/p>\n<h5>\nDEFICIENTES AUDITIVOS<\/h5>\n<p><strong>Dicion\u00e1rio de LIBRAS<\/strong><br \/>\nDicion\u00e1rios de Libras<br \/>\nDigite a palavra ou texto para ver a tradu\u00e7\u00e3o on line do portugu\u00eas para Libras.<\/p>\n<p><strong>Fonte:\u00a0<\/strong><a href=\"http:\/\/www.dicionarioLibras.com.br\">www.dicionarioLibras.com.br<\/a><\/p>\n<p><strong>Ryben\u00e1<\/strong><\/p>\n<p>O\u00a0<a href=\"https:\/\/www.grupoicts.com.br\">Player Ryben\u00e1<\/a>\u00a0\u00e9 um equipamento nacional capaz de converter qualquer p\u00e1gina da Internet ou texto escrito em portugu\u00eas para a Lingua Brasileira de Sinais \u2013 Libras.<br \/>\nO\u00a0<strong>Torpedo Ryben\u00e1<\/strong>\u00a0\u00e9 um servi\u00e7o que permite receber e enviar mensagens de texto na L\u00edngua Brasileira de Sinais \u2013 LIBRAS.<br \/>\nOuvintes podem enviar textos em Portugu\u00eas aos surdos, que receber\u00e3o a mensagem em LIBRAS, que \u00e9 a sua l\u00edngua materna.<br \/>\n<a href=\"https:\/\/www.grupoicts.com.br\/?pg=paginas&amp;area=fale_conosco\">Link para entrar em contato com o Instituto CTS.<\/a><\/p>\n<p>&nbsp;<\/p>\n<p><strong>Fonte:<\/strong><a href=\"http:\/\/www.rybena.com.br\/site-rybena\/home\">\u00a0http:\/\/www.rybena.com.br\/site-rybena\/home<\/a><\/p>\n<h5>DEFICIENTES MOTORES<\/h5>\n<p><strong>Headmouse e Teclado Virtual<\/strong><\/p>\n<p>O\u00a0<strong>Headmouse\u00a0e o Teclado Virtual<\/strong>\u00a0s\u00e3o tecnologias inovadoras que permitem a portadores de defici\u00eancia f\u00edsica acesso facilitado \u00e0 internet e ao uso de computadores pessoais. As duas aplica\u00e7\u00f5es podem ser instaladas em qualquer computador equipado com webcam de baixo custo. As ferramentas foram desenvolvidas pela empresa espanhola Indra, multinacional de tecnologia da informa\u00e7\u00e3o com larga experi\u00eancia na Europa e Am\u00e9rica Latina, em conjunto com a Funda\u00e7\u00e3o Adecco e a Universidade de Lleida, na Espanha. Os Correios tamb\u00e9m ter\u00e3o oportunamente uma equipe de suporte treinada pela Indra para esclarecer d\u00favidas relativas \u00e0 instala\u00e7\u00e3o e ao funcionamento das duas ferramentas. O\u00a0Headmouse\u00a0\u00e9 uma solu\u00e7\u00e3o tecnol\u00f3gica que permite \u00e0s pessoas com mobilidade reduzida controlar o cursor do mouse pelos movimentos da cabe\u00e7a. O software interpreta fun\u00e7\u00f5es como \u201carrastar\u201d arquivos por gestos faciais e piscar de olhos. Complementando a aplica\u00e7\u00e3o, o Teclado Virtual facilita \u00e0s pessoas com defici\u00eancia f\u00edsica a possibilidade de reda\u00e7\u00e3o de textos sem a necessidade de utilizar as m\u00e3os, j\u00e1 que capta os movimentos faciais do usu\u00e1rio, replicando-os sobre o um teclado digital.<\/p>\n<p>Download do Headmouse 3.11,\u00a0Download do Teclado Virtual 2.0,\u00a0Manual do Headmouse 3.11,\u00a0Manual do Teclado Virtual 2.0<\/p>\n<p>Fonte:\u00a0Deficiente Ciente,\u00a0Indra Tecnolog\u00edas Acessibles<\/p>\n<h5>S\u00cdNDROME DE DOWN<\/h5>\n<p><strong>JECRIPE<\/strong><\/p>\n<p>\u201cDesenvolvido por alunos da Universidade Federal Fluminense (UFF) e vencedor do Pr\u00eamio de Cultura do Estado do Rio de Janeiro, o Jogo de Est\u00edmulo a Crian\u00e7as com S\u00edndrome de Down em Idade Pr\u00e9-Escolar (Jecripe), foi criado com o objetivo de auxiliar a terapia de crian\u00e7as com Down, especialmente, entre tr\u00eas e sete anos de idade.\u201d<\/p>\n<p><a href=\"http:\/\/www.g7web.com.br\/instaladorjecripe.exe\">Download do Jecripe<\/a><\/p>\n<p><strong>Fonte:<\/strong>\u00a0<a href=\"https:\/\/saci.org.br\/?modulo=akemi&amp;parametro=32988\">Rede SACI,<\/a>\u00a0<a href=\"https:\/\/www.hugedomains.com\/domain_profile.cfm?d=jecripe.com\">jecripe.com<\/a><\/p>\n<h5>DIFICULDADE DE COMUNICA\u00c7\u00c3O<\/h5>\n<p><strong>Easy Voice<\/strong><\/p>\n<p>Este software especial\u00a0criado por Paulo Condado, de 30 anos, doutorado em eletr\u00f4nica e computa\u00e7\u00e3o, permite que um deficiente que tenha dificuldade em se comunicar se possa fazer entender.<br \/>\nJ\u00e1 foi elogiado em revistas cient\u00edficas, permitir\u00e1 tamb\u00e9m fazer chamadas telef\u00f4nicas atrav\u00e9s do Skype.<br \/>\nO Easy Voice \u2013 Atendimento Sem Barreiras \u00a0&#8211; vai ficar instalado no servi\u00e7o de passaportes do Governo Civil de Faro e permitir\u00e1 a s\u00edntese da voz para este tipo de deficientes.<br \/>\n<a href=\"https:\/\/www.baixaki.com.br\/superdownloads\">DownLoad do Easy Voice\u00a0&#8211; Vers\u00e3o 0.0.10<\/a><\/p>\n<p>Fonte:\u00a0Parapl\u00e9gicos<\/p>\n","protected":false},"excerpt":{"rendered":"<p>Aqui disponibilizamos alguns softwares para facilitar o acesso as informa\u00e7\u00f5es contidas nesta p\u00e1gina Softwares DEFICIENTES VISUAIS Liane TTS O Liane TTS \u00e9 um aplicativo (compilador) que analisa texto e o traduz em texto compilado no formato de difones (.pho) para processamento e s\u00edntese de voz pelo sistema mbrola (sintetizador de voz baseado na concatena\u00e7\u00e3o de [&hellip;]<\/p>\n","protected":false},"author":1,"featured_media":0,"parent":0,"menu_order":0,"comment_status":"closed","ping_status":"closed","template":"","meta":{"footnotes":""},"class_list":["post-134","page","type-page","status-publish","hentry"],"_links":{"self":[{"href":"https:\/\/portal.uern.br\/proeg\/sisu\/wp-json\/wp\/v2\/pages\/134","targetHints":{"allow":["GET"]}}],"collection":[{"href":"https:\/\/portal.uern.br\/proeg\/sisu\/wp-json\/wp\/v2\/pages"}],"about":[{"href":"https:\/\/portal.uern.br\/proeg\/sisu\/wp-json\/wp\/v2\/types\/page"}],"author":[{"embeddable":true,"href":"https:\/\/portal.uern.br\/proeg\/sisu\/wp-json\/wp\/v2\/users\/1"}],"replies":[{"embeddable":true,"href":"https:\/\/portal.uern.br\/proeg\/sisu\/wp-json\/wp\/v2\/comments?post=134"}],"version-history":[{"count":2,"href":"https:\/\/portal.uern.br\/proeg\/sisu\/wp-json\/wp\/v2\/pages\/134\/revisions"}],"predecessor-version":[{"id":137,"href":"https:\/\/portal.uern.br\/proeg\/sisu\/wp-json\/wp\/v2\/pages\/134\/revisions\/137"}],"wp:attachment":[{"href":"https:\/\/portal.uern.br\/proeg\/sisu\/wp-json\/wp\/v2\/media?parent=134"}],"curies":[{"name":"wp","href":"https:\/\/api.w.org\/{rel}","templated":true}]}}