{"id":109,"date":"2022-10-19T11:25:18","date_gmt":"2022-10-19T14:25:18","guid":{"rendered":"https:\/\/paisdemossoro.com.br\/wordpress\/proeg\/sisu\/?page_id=109"},"modified":"2025-07-04T10:59:01","modified_gmt":"2025-07-04T13:59:01","slug":"concorrencia","status":"publish","type":"page","link":"https:\/\/portal.uern.br\/proeg\/sisu\/concorrencia\/","title":{"rendered":"Concorr\u00eancia &#8211; PSVI"},"content":{"rendered":"<h5>Consulte a oferta de curso por campi, turno, vagas, concorr\u00eancia e n\u00famero de convocados para as vagas ofertadas pelo processo seletivo da UERN<\/h5>\n<p>&nbsp;<\/p>\n<p><a href=\"https:\/\/portal.uern.br\/proeg\/sisu\/wp-content\/uploads\/sites\/3\/2025\/03\/SISU-UERN-2025-Vagas-e-Concorrencia.pdf\">SiSU 2025<\/a><\/p>\n<p><a href=\"https:\/\/portal.uern.br\/proeg\/sisu\/wp-content\/uploads\/sites\/3\/2024\/04\/SISU-UERN-2024-Vagas-e-Concorrencia.pdf\">SiSU 2024<\/a><\/p>\n<p><a href=\"https:\/\/portal.uern.br\/proeg\/sisu\/wp-content\/uploads\/sites\/3\/2023\/03\/Levantamento-Geral_Concorrencia-2023.pdf\">SiSU 2023<\/a><\/p>\n<p><a href=\"https:\/\/portal.uern.br\/proeg\/sisu\/wp-content\/uploads\/sites\/3\/2024\/07\/SISU-2022.pdf\">SiSU 2022<\/a><\/p>\n<p><a href=\"https:\/\/portal.uern.br\/proeg\/sisu\/wp-content\/uploads\/sites\/3\/2024\/07\/SISU-2021.pdf\">SiSU 2021<\/a><\/p>\n<p><a href=\"https:\/\/portal.uern.br\/proeg\/sisu\/wp-content\/uploads\/sites\/3\/2024\/09\/SISU-2020.pdf\">SiSU 2020<\/a><\/p>\n<p><a href=\"https:\/\/portal.uern.br\/proeg\/sisu\/wp-content\/uploads\/sites\/3\/2024\/07\/SiSU-2019.pdf\">SiSU 2019<\/a><\/p>\n<p><a href=\"https:\/\/portal.uern.br\/proeg\/sisu\/wp-content\/uploads\/sites\/3\/2024\/07\/SiSU-2018.pdf\">SiSU 2018<\/a><\/p>\n<p><a href=\"https:\/\/portal.uern.br\/proeg\/sisu\/wp-content\/uploads\/sites\/3\/2024\/07\/SiSU-2017.pdf\">SiSU 2017<\/a><\/p>\n<p><a href=\"https:\/\/portal.uern.br\/proeg\/sisu\/wp-content\/uploads\/sites\/3\/2024\/07\/SiSU-2016.pdf\">SiSU 2016<\/a><\/p>\n<p><a href=\"https:\/\/portal.uern.br\/proeg\/sisu\/wp-content\/uploads\/sites\/3\/2024\/07\/SiSU-2015.pdf\">SiSU 2015<\/a><\/p>\n<p><a href=\"http:\/\/beta.apps.uern.br\/wordpress\/proeg\/sisu\/wp-content\/uploads\/sites\/3\/2022\/10\/3272psv_2015.pdf\">PSV 2015<\/a><\/p>\n<p><a href=\"http:\/\/beta.apps.uern.br\/wordpress\/proeg\/sisu\/wp-content\/uploads\/sites\/3\/2022\/10\/3272psv_2014.pdf\">PSV 2014<\/a><\/p>\n<p><a href=\"http:\/\/beta.apps.uern.br\/wordpress\/proeg\/sisu\/wp-content\/uploads\/sites\/3\/2022\/10\/3272psv_2013.pdf\">PSV 2013<\/a><\/p>\n<p><a href=\"http:\/\/beta.apps.uern.br\/wordpress\/proeg\/sisu\/wp-content\/uploads\/sites\/3\/2022\/10\/3272psv_2012.pdf\">PSV 2012<\/a><\/p>\n<p><a href=\"http:\/\/beta.apps.uern.br\/wordpress\/proeg\/sisu\/wp-content\/uploads\/sites\/3\/2022\/10\/3272psv_2011.pdf\">PSV 2011<\/a><\/p>\n<p><a href=\"http:\/\/beta.apps.uern.br\/wordpress\/proeg\/sisu\/wp-content\/uploads\/sites\/3\/2022\/10\/3272psv_2010.pdf\">PSV 2010<\/a><\/p>\n<p><a href=\"http:\/\/beta.apps.uern.br\/wordpress\/proeg\/sisu\/wp-content\/uploads\/sites\/3\/2022\/10\/3272psv_2009.pdf\">PSV 2009<\/a><\/p>\n<p><a href=\"http:\/\/beta.apps.uern.br\/wordpress\/proeg\/sisu\/wp-content\/uploads\/sites\/3\/2022\/10\/3272psv_2008.pdf\">PSV 2008<\/a><\/p>\n<p><a href=\"http:\/\/beta.apps.uern.br\/wordpress\/proeg\/sisu\/wp-content\/uploads\/sites\/3\/2022\/10\/3272psv_2007.pdf\">PSV 2007<\/a><\/p>\n<p><a href=\"http:\/\/beta.apps.uern.br\/wordpress\/proeg\/sisu\/wp-content\/uploads\/sites\/3\/2022\/10\/3272psv_2006.pdf\">PSV 2006<\/a><\/p>\n<p><a href=\"http:\/\/beta.apps.uern.br\/wordpress\/proeg\/sisu\/wp-content\/uploads\/sites\/3\/2022\/10\/3272psv_2005.pdf\">PSV 2005<\/a><\/p>\n<p><a href=\"http:\/\/beta.apps.uern.br\/wordpress\/proeg\/sisu\/wp-content\/uploads\/sites\/3\/2022\/10\/3272psv_2004.pdf\">PSV 2004<\/a><\/p>\n<p><a href=\"http:\/\/beta.apps.uern.br\/wordpress\/proeg\/sisu\/wp-content\/uploads\/sites\/3\/2022\/10\/3272psv_2003.pdf\">PSV 2003<\/a><\/p>\n<p><a href=\"http:\/\/beta.apps.uern.br\/wordpress\/proeg\/sisu\/wp-content\/uploads\/sites\/3\/2022\/10\/3272psv_2002.2.pdf\">PSV 2002.2<\/a><\/p>\n<p><a href=\"http:\/\/beta.apps.uern.br\/wordpress\/proeg\/sisu\/wp-content\/uploads\/sites\/3\/2022\/10\/3272psv_2002.1.pdf\">PSV 2002.1<\/a><\/p>\n","protected":false},"excerpt":{"rendered":"<p>Consulte a oferta de curso por campi, turno, vagas, concorr\u00eancia e n\u00famero de convocados para as vagas ofertadas pelo processo seletivo da UERN &nbsp; SiSU 2025 SiSU 2024 SiSU 2023 SiSU 2022 SiSU 2021 SiSU 2020 SiSU 2019 SiSU 2018 SiSU 2017 SiSU 2016 SiSU 2015 PSV 2015 PSV 2014 PSV 2013 PSV 2012 PSV [&hellip;]<\/p>\n","protected":false},"author":1,"featured_media":0,"parent":0,"menu_order":0,"comment_status":"closed","ping_status":"closed","template":"","meta":{"footnotes":""},"class_list":["post-109","page","type-page","status-publish","hentry"],"_links":{"self":[{"href":"https:\/\/portal.uern.br\/proeg\/sisu\/wp-json\/wp\/v2\/pages\/109","targetHints":{"allow":["GET"]}}],"collection":[{"href":"https:\/\/portal.uern.br\/proeg\/sisu\/wp-json\/wp\/v2\/pages"}],"about":[{"href":"https:\/\/portal.uern.br\/proeg\/sisu\/wp-json\/wp\/v2\/types\/page"}],"author":[{"embeddable":true,"href":"https:\/\/portal.uern.br\/proeg\/sisu\/wp-json\/wp\/v2\/users\/1"}],"replies":[{"embeddable":true,"href":"https:\/\/portal.uern.br\/proeg\/sisu\/wp-json\/wp\/v2\/comments?post=109"}],"version-history":[{"count":10,"href":"https:\/\/portal.uern.br\/proeg\/sisu\/wp-json\/wp\/v2\/pages\/109\/revisions"}],"predecessor-version":[{"id":3198,"href":"https:\/\/portal.uern.br\/proeg\/sisu\/wp-json\/wp\/v2\/pages\/109\/revisions\/3198"}],"wp:attachment":[{"href":"https:\/\/portal.uern.br\/proeg\/sisu\/wp-json\/wp\/v2\/media?parent=109"}],"curies":[{"name":"wp","href":"https:\/\/api.w.org\/{rel}","templated":true}]}}