{"id":7,"date":"2022-10-26T15:45:59","date_gmt":"2022-10-26T18:45:59","guid":{"rendered":"https:\/\/paisdemossoro.com.br\/wordpress\/proeg\/dirca\/?page_id=7"},"modified":"2025-06-27T11:04:41","modified_gmt":"2025-06-27T14:04:41","slug":"apresentacao","status":"publish","type":"page","link":"https:\/\/portal.uern.br\/proeg\/dirca\/","title":{"rendered":"Apresenta\u00e7\u00e3o"},"content":{"rendered":"<p>A Diretoria de Admiss\u00e3o, Registro e Controle Acad\u00eamico (DIRCA) \u00e9 vinculada a Pr\u00f3-Reitoria de Ensino de Gradua\u00e7\u00e3o (PROEG) da UERN, sendo respons\u00e1vel pelo registro e controle dos atos acad\u00eamicos do discente de gradua\u00e7\u00e3o na UERN, desde sua entrada na institui\u00e7\u00e3o at\u00e9 o momento da Cola\u00e7\u00e3o de Grau.<\/p>\n<p>A fun\u00e7\u00e3o principal da DIRCA \u00e9 realizar de forma adequada o registro, contabiliza\u00e7\u00e3o e arquivamento de dados referentes \u00e0 matr\u00edcula institucional, resultado de desempenho, aproveitamento de estudo, transfer\u00eancias e outras atividades de alunos regularmente matriculados nos cursos de gradua\u00e7\u00e3o da UERN em conson\u00e2ncia com a Legisla\u00e7\u00e3o da Universidade.<\/p>\n<p>Al\u00e9m dos discentes regularmente matriculados na UERN, a DIRCA \u00e9 respons\u00e1vel pelo acompanhamento da trajet\u00f3ria acad\u00eamica dos alunos especiais e egressos da institui\u00e7\u00e3o, sendo o \u00f3rg\u00e3o respons\u00e1vel pela emiss\u00e3o oficial de documentos como declara\u00e7\u00f5es, certid\u00f5es, hist\u00f3ricos, e diplomas.<\/p>\n<p>A Diretoria tamb\u00e9m \u00e9 respons\u00e1vel pela emiss\u00e3o oficial de dados referentes ao ensino de gradua\u00e7\u00e3o na UERN para os diversos setores da Reitoria, Pr\u00f3-Reitorias, Faculdades,\u00a0Campi\u00a0e Departamentos, bem como dados e informa\u00e7\u00f5es para a Sociedade em Geral.<\/p>\n<p>Com o objetivo de atender satisfatoriamente a comunidade acad\u00eamica e o p\u00fablico externo, o setor funciona nos turnos matutino e vespertino, nos mesmos hor\u00e1rios das Unidades Universit\u00e1rias, disponibilizando servi\u00e7os como emiss\u00e3o de diversos documentos acad\u00eamicos que comprovem v\u00ednculo do estudante de gradua\u00e7\u00e3o ou do egresso com a UERN.<\/p>\n<p>Hor\u00e1rio de Funcionamento: 07:00 da manh\u00e3 \u00e0s 19:00<\/p>\n<p>&nbsp;<\/p>\n","protected":false},"excerpt":{"rendered":"<p>A Diretoria de Admiss\u00e3o, Registro e Controle Acad\u00eamico (DIRCA) \u00e9 vinculada a Pr\u00f3-Reitoria de Ensino de Gradua\u00e7\u00e3o (PROEG) da UERN, sendo respons\u00e1vel pelo registro e controle dos atos acad\u00eamicos do discente de gradua\u00e7\u00e3o na UERN, desde sua entrada na institui\u00e7\u00e3o at\u00e9 o momento da Cola\u00e7\u00e3o de Grau. A fun\u00e7\u00e3o principal da DIRCA \u00e9 realizar de [&hellip;]<\/p>\n","protected":false},"author":1,"featured_media":0,"parent":0,"menu_order":0,"comment_status":"closed","ping_status":"closed","template":"","meta":{"footnotes":""},"class_list":["post-7","page","type-page","status-publish","hentry"],"_links":{"self":[{"href":"https:\/\/portal.uern.br\/proeg\/dirca\/wp-json\/wp\/v2\/pages\/7","targetHints":{"allow":["GET"]}}],"collection":[{"href":"https:\/\/portal.uern.br\/proeg\/dirca\/wp-json\/wp\/v2\/pages"}],"about":[{"href":"https:\/\/portal.uern.br\/proeg\/dirca\/wp-json\/wp\/v2\/types\/page"}],"author":[{"embeddable":true,"href":"https:\/\/portal.uern.br\/proeg\/dirca\/wp-json\/wp\/v2\/users\/1"}],"replies":[{"embeddable":true,"href":"https:\/\/portal.uern.br\/proeg\/dirca\/wp-json\/wp\/v2\/comments?post=7"}],"version-history":[{"count":7,"href":"https:\/\/portal.uern.br\/proeg\/dirca\/wp-json\/wp\/v2\/pages\/7\/revisions"}],"predecessor-version":[{"id":854,"href":"https:\/\/portal.uern.br\/proeg\/dirca\/wp-json\/wp\/v2\/pages\/7\/revisions\/854"}],"wp:attachment":[{"href":"https:\/\/portal.uern.br\/proeg\/dirca\/wp-json\/wp\/v2\/media?parent=7"}],"curies":[{"name":"wp","href":"https:\/\/api.w.org\/{rel}","templated":true}]}}