{"id":57,"date":"2022-10-26T15:54:58","date_gmt":"2022-10-26T18:54:58","guid":{"rendered":"https:\/\/paisdemossoro.com.br\/wordpress\/proeg\/dirca\/?page_id=57"},"modified":"2024-03-20T09:28:11","modified_gmt":"2024-03-20T12:28:11","slug":"links","status":"publish","type":"page","link":"https:\/\/portal.uern.br\/proeg\/dirca\/links\/","title":{"rendered":"Links"},"content":{"rendered":"<p>Para solicitar documentos e servi\u00e7os acad\u00eamicos \u00e0 DIRCA, \u00e9 necess\u00e1rio preencher os formul\u00e1rios abaixo:<\/p>\n<p>Solicitar documentos acad\u00eamicos:<\/p>\n<p><a href=\"https:\/\/docs.google.com\/forms\/d\/e\/1FAIpQLScpV1tjjf1QU1801Y6jKqlD-_8Iknb0C7uRt9WvuylsR1pjog\/viewform\">https:\/\/docs.google.com\/forms\/d\/e\/1FAIpQLScpV1tjjf1QU1801Y6jKqlD-_8Iknb0C7uRt9WvuylsR1pjog\/viewform<\/a><\/p>\n<p>\u261d\ufe0f Documentos:<br \/>\n&#8211; Hist\u00f3rico;<br \/>\n&#8211; Certid\u00e3o;<br \/>\n&#8211; Declara\u00e7\u00e3o;<br \/>\n&#8211; Diploma.<\/p>\n<p>Solicitar servi\u00e7os acad\u00eamicos:<br \/>\n<a href=\"https:\/\/docs.google.com\/forms\/d\/e\/1FAIpQLSfN6ql2ck0ywmXwR204e3MnTdnioi8-LiwydXWELa_05AMOAQ\/viewform\">https:\/\/docs.google.com\/forms\/d\/e\/1FAIpQLSfN6ql2ck0ywmXwR204e3MnTdnioi8-LiwydXWELa_05AMOAQ\/viewform<\/a><\/p>\n<p>\u261d\ufe0f Exemplos de Servi\u00e7os:<br \/>\n&#8211; Altera\u00e7\u00e3o de nome;<br \/>\n&#8211; Atualiza\u00e7\u00e3o de documento (RG) ou filia\u00e7\u00e3o (nome do pai ou da m\u00e3e);<br \/>\n&#8211; Cola\u00e7\u00e3o extraordin\u00e1ria;<br \/>\n&#8211; Desligamento do curso (j\u00e1 tendo iniciado aulas);<br \/>\n&#8211; Cancelamento no curso (efetuado matr\u00edcula, mas n\u00e3o iniciado as aulas);<br \/>\n&#8211; etc.<\/p>\n","protected":false},"excerpt":{"rendered":"<p>Para solicitar documentos e servi\u00e7os acad\u00eamicos \u00e0 DIRCA, \u00e9 necess\u00e1rio preencher os formul\u00e1rios abaixo: Solicitar documentos acad\u00eamicos: https:\/\/docs.google.com\/forms\/d\/e\/1FAIpQLScpV1tjjf1QU1801Y6jKqlD-_8Iknb0C7uRt9WvuylsR1pjog\/viewform \u261d\ufe0f Documentos: &#8211; Hist\u00f3rico; &#8211; Certid\u00e3o; &#8211; Declara\u00e7\u00e3o; &#8211; Diploma. Solicitar servi\u00e7os acad\u00eamicos: https:\/\/docs.google.com\/forms\/d\/e\/1FAIpQLSfN6ql2ck0ywmXwR204e3MnTdnioi8-LiwydXWELa_05AMOAQ\/viewform \u261d\ufe0f Exemplos de Servi\u00e7os: &#8211; Altera\u00e7\u00e3o de nome; &#8211; Atualiza\u00e7\u00e3o de documento (RG) ou filia\u00e7\u00e3o (nome do pai ou da m\u00e3e); &#8211; Cola\u00e7\u00e3o [&hellip;]<\/p>\n","protected":false},"author":1,"featured_media":0,"parent":0,"menu_order":0,"comment_status":"closed","ping_status":"closed","template":"","meta":{"footnotes":""},"class_list":["post-57","page","type-page","status-publish","hentry"],"_links":{"self":[{"href":"https:\/\/portal.uern.br\/proeg\/dirca\/wp-json\/wp\/v2\/pages\/57","targetHints":{"allow":["GET"]}}],"collection":[{"href":"https:\/\/portal.uern.br\/proeg\/dirca\/wp-json\/wp\/v2\/pages"}],"about":[{"href":"https:\/\/portal.uern.br\/proeg\/dirca\/wp-json\/wp\/v2\/types\/page"}],"author":[{"embeddable":true,"href":"https:\/\/portal.uern.br\/proeg\/dirca\/wp-json\/wp\/v2\/users\/1"}],"replies":[{"embeddable":true,"href":"https:\/\/portal.uern.br\/proeg\/dirca\/wp-json\/wp\/v2\/comments?post=57"}],"version-history":[{"count":4,"href":"https:\/\/portal.uern.br\/proeg\/dirca\/wp-json\/wp\/v2\/pages\/57\/revisions"}],"predecessor-version":[{"id":702,"href":"https:\/\/portal.uern.br\/proeg\/dirca\/wp-json\/wp\/v2\/pages\/57\/revisions\/702"}],"wp:attachment":[{"href":"https:\/\/portal.uern.br\/proeg\/dirca\/wp-json\/wp\/v2\/media?parent=57"}],"curies":[{"name":"wp","href":"https:\/\/api.w.org\/{rel}","templated":true}]}}