{"id":996,"date":"2023-03-30T08:41:59","date_gmt":"2023-03-30T11:41:59","guid":{"rendered":"https:\/\/portal.uern.br\/proad\/?page_id=996"},"modified":"2025-07-08T11:01:07","modified_gmt":"2025-07-08T14:01:07","slug":"setor-de-planejamento","status":"publish","type":"page","link":"https:\/\/portal.uern.br\/proad\/setor-de-planejamento\/","title":{"rendered":"Setor de Planejamento &#8211; SP"},"content":{"rendered":"<h2><\/h2>\n<h2><\/h2>\n<h2><strong><span style=\"color: #0000ff\">Atribui\u00e7\u00f5es:<\/span><\/strong><\/h2>\n<p>&nbsp;<\/p>\n<ul>\n<li style=\"list-style-type: none\">\n<ul>\n<li>Preencher, organizar e compilar o Plano Anual de Contrata\u00e7\u00f5es da Institui\u00e7\u00e3o, a partir das demandas remetidas e produzidas pelos setores competentes, submetendo-os \u00e0 aprova\u00e7\u00e3o de autoridade superior;<\/li>\n<li>Atuar na elabora\u00e7\u00e3o de Termo de Refer\u00eancia, com base nos documentos e informa\u00e7\u00f5es juntadas previamente pelos demandantes, atuando junto a estes em caso de necessidade de ajustes e corre\u00e7\u00f5es;<\/li>\n<li>Outras tarefas correlatas.<\/li>\n<\/ul>\n<\/li>\n<\/ul>\n<p>&nbsp;<\/p>\n","protected":false},"excerpt":{"rendered":"<p>Atribui\u00e7\u00f5es: &nbsp; Preencher, organizar e compilar o Plano Anual de Contrata\u00e7\u00f5es da Institui\u00e7\u00e3o, a partir das demandas remetidas e produzidas pelos setores competentes, submetendo-os \u00e0 aprova\u00e7\u00e3o de autoridade superior; Atuar na elabora\u00e7\u00e3o de Termo de Refer\u00eancia, com base nos documentos e informa\u00e7\u00f5es juntadas previamente pelos demandantes, atuando junto a estes em caso de necessidade de [&hellip;]<\/p>\n","protected":false},"author":2,"featured_media":0,"parent":0,"menu_order":0,"comment_status":"closed","ping_status":"closed","template":"","meta":{"footnotes":""},"class_list":["post-996","page","type-page","status-publish","hentry"],"_links":{"self":[{"href":"https:\/\/portal.uern.br\/proad\/wp-json\/wp\/v2\/pages\/996","targetHints":{"allow":["GET"]}}],"collection":[{"href":"https:\/\/portal.uern.br\/proad\/wp-json\/wp\/v2\/pages"}],"about":[{"href":"https:\/\/portal.uern.br\/proad\/wp-json\/wp\/v2\/types\/page"}],"author":[{"embeddable":true,"href":"https:\/\/portal.uern.br\/proad\/wp-json\/wp\/v2\/users\/2"}],"replies":[{"embeddable":true,"href":"https:\/\/portal.uern.br\/proad\/wp-json\/wp\/v2\/comments?post=996"}],"version-history":[{"count":9,"href":"https:\/\/portal.uern.br\/proad\/wp-json\/wp\/v2\/pages\/996\/revisions"}],"predecessor-version":[{"id":1800,"href":"https:\/\/portal.uern.br\/proad\/wp-json\/wp\/v2\/pages\/996\/revisions\/1800"}],"wp:attachment":[{"href":"https:\/\/portal.uern.br\/proad\/wp-json\/wp\/v2\/media?parent=996"}],"curies":[{"name":"wp","href":"https:\/\/api.w.org\/{rel}","templated":true}]}}