{"id":994,"date":"2023-03-30T08:41:19","date_gmt":"2023-03-30T11:41:19","guid":{"rendered":"https:\/\/portal.uern.br\/proad\/?page_id=994"},"modified":"2025-07-08T10:54:08","modified_gmt":"2025-07-08T13:54:08","slug":"setor-de-contratos-sc","status":"publish","type":"page","link":"https:\/\/portal.uern.br\/proad\/setor-de-contratos-sc\/","title":{"rendered":"Setor de Contratos &#8211; SC"},"content":{"rendered":"<p>&nbsp;<\/p>\n<h2><span style=\"color: #0000ff\"><strong>Atribui\u00e7\u00f5es:<\/strong><\/span><\/h2>\n<h2><\/h2>\n<ul>\n<li style=\"list-style-type: none\">\n<ul>\n<li>Organizar e reunir as informa\u00e7\u00f5es gerais dos contratos (lista de contratos, valores, prorroga\u00e7\u00f5es, repactua\u00e7\u00f5es, reajustes, supress\u00f5es, acr\u00e9scimos, exclus\u00e3o\/inclus\u00e3o de fonte or\u00e7ament\u00e1ria, entre outras altera\u00e7\u00f5es);<\/li>\n<li>Orientar e assessorar os gestores de contratos sobre procedimentos gerais relacionados a contratos, modelos de documentos, modelos de planilhas, entre outros;<\/li>\n<li>Comunicar aos gestores de contratos sobre proximidade de fim de vig\u00eancia de contratos pass\u00edveis de prorroga\u00e7\u00e3o;<\/li>\n<li>Redigir minutas e documentos gerais relacionados a contratos (contrato, termos de designa\u00e7\u00e3o de gestor\/ficais, prorroga\u00e7\u00e3o, repactua\u00e7\u00e3o, reajuste, supress\u00e3o, acr\u00e9scimo, exclus\u00e3o\/inclus\u00e3o de fonte or\u00e7ament\u00e1ria, entre outras altera\u00e7\u00f5es);<\/li>\n<li>Acompanhar e manter registros de procedimentos gerais relacionados a contratos (prorroga\u00e7\u00e3o, repactua\u00e7\u00e3o, reajuste, supress\u00e3o, acr\u00e9scimo, exclus\u00e3o\/inclus\u00e3o de fonte or\u00e7ament\u00e1ria, entre outras altera\u00e7\u00f5es);<\/li>\n<li>Efetuar registros de penalidades contratuais em sistemas dispon\u00edveis para tal (SICAF ou outros que venham a estar dispon\u00edveis);<\/li>\n<li>Fazer interface de contato com representa\u00e7\u00e3o legal da FUERN e fornecedores, para fins de assinatura de contratos;<\/li>\n<li>Fazer interface de contato com autoridade competente, gestores e fiscais, para fins de assinatura de termos de designa\u00e7\u00e3o;<\/li>\n<li>Outras tarefas correlatas.<\/li>\n<\/ul>\n<\/li>\n<\/ul>\n<p>&nbsp;<\/p>\n<p>&nbsp;<\/p>\n<p>&nbsp;<\/p>\n","protected":false},"excerpt":{"rendered":"<p>&nbsp; Atribui\u00e7\u00f5es: Organizar e reunir as informa\u00e7\u00f5es gerais dos contratos (lista de contratos, valores, prorroga\u00e7\u00f5es, repactua\u00e7\u00f5es, reajustes, supress\u00f5es, acr\u00e9scimos, exclus\u00e3o\/inclus\u00e3o de fonte or\u00e7ament\u00e1ria, entre outras altera\u00e7\u00f5es); Orientar e assessorar os gestores de contratos sobre procedimentos gerais relacionados a contratos, modelos de documentos, modelos de planilhas, entre outros; Comunicar aos gestores de contratos sobre proximidade de [&hellip;]<\/p>\n","protected":false},"author":2,"featured_media":0,"parent":0,"menu_order":0,"comment_status":"closed","ping_status":"closed","template":"","meta":{"footnotes":""},"class_list":["post-994","page","type-page","status-publish","hentry"],"_links":{"self":[{"href":"https:\/\/portal.uern.br\/proad\/wp-json\/wp\/v2\/pages\/994","targetHints":{"allow":["GET"]}}],"collection":[{"href":"https:\/\/portal.uern.br\/proad\/wp-json\/wp\/v2\/pages"}],"about":[{"href":"https:\/\/portal.uern.br\/proad\/wp-json\/wp\/v2\/types\/page"}],"author":[{"embeddable":true,"href":"https:\/\/portal.uern.br\/proad\/wp-json\/wp\/v2\/users\/2"}],"replies":[{"embeddable":true,"href":"https:\/\/portal.uern.br\/proad\/wp-json\/wp\/v2\/comments?post=994"}],"version-history":[{"count":6,"href":"https:\/\/portal.uern.br\/proad\/wp-json\/wp\/v2\/pages\/994\/revisions"}],"predecessor-version":[{"id":1802,"href":"https:\/\/portal.uern.br\/proad\/wp-json\/wp\/v2\/pages\/994\/revisions\/1802"}],"wp:attachment":[{"href":"https:\/\/portal.uern.br\/proad\/wp-json\/wp\/v2\/media?parent=994"}],"curies":[{"name":"wp","href":"https:\/\/api.w.org\/{rel}","templated":true}]}}