{"id":992,"date":"2023-03-30T08:40:51","date_gmt":"2023-03-30T11:40:51","guid":{"rendered":"https:\/\/portal.uern.br\/proad\/?page_id=992"},"modified":"2025-07-08T11:01:32","modified_gmt":"2025-07-08T14:01:32","slug":"setor-de-pesquisa-de-preco-spp","status":"publish","type":"page","link":"https:\/\/portal.uern.br\/proad\/setor-de-pesquisa-de-preco-spp\/","title":{"rendered":"Setor de Pesquisa de Pre\u00e7o &#8211; SPP"},"content":{"rendered":"<p>&nbsp;<\/p>\n<h2><strong><span style=\"color: #0000ff\">Atribui\u00e7\u00f5es:<\/span><\/strong><\/h2>\n<p>&nbsp;<\/p>\n<ul>\n<li>Realizar pesquisas de pre\u00e7os e de mercado, na forma prevista em lei, instru\u00e7\u00f5es normativas e regulamentos;<\/li>\n<li>Auxiliar setores demandantes na busca de solu\u00e7\u00f5es de mercado, a fim de viabilizar a pesquisa;<\/li>\n<li>Outras tarefas correlatas.<\/li>\n<\/ul>\n<p>&nbsp;<\/p>\n<p>&nbsp;<\/p>\n<p>&nbsp;<\/p>\n<p>&nbsp;<\/p>\n","protected":false},"excerpt":{"rendered":"<p>&nbsp; Atribui\u00e7\u00f5es: &nbsp; Realizar pesquisas de pre\u00e7os e de mercado, na forma prevista em lei, instru\u00e7\u00f5es normativas e regulamentos; Auxiliar setores demandantes na busca de solu\u00e7\u00f5es de mercado, a fim de viabilizar a pesquisa; Outras tarefas correlatas. &nbsp; &nbsp; &nbsp; &nbsp;<\/p>\n","protected":false},"author":2,"featured_media":0,"parent":0,"menu_order":0,"comment_status":"closed","ping_status":"closed","template":"","meta":{"footnotes":""},"class_list":["post-992","page","type-page","status-publish","hentry"],"_links":{"self":[{"href":"https:\/\/portal.uern.br\/proad\/wp-json\/wp\/v2\/pages\/992","targetHints":{"allow":["GET"]}}],"collection":[{"href":"https:\/\/portal.uern.br\/proad\/wp-json\/wp\/v2\/pages"}],"about":[{"href":"https:\/\/portal.uern.br\/proad\/wp-json\/wp\/v2\/types\/page"}],"author":[{"embeddable":true,"href":"https:\/\/portal.uern.br\/proad\/wp-json\/wp\/v2\/users\/2"}],"replies":[{"embeddable":true,"href":"https:\/\/portal.uern.br\/proad\/wp-json\/wp\/v2\/comments?post=992"}],"version-history":[{"count":7,"href":"https:\/\/portal.uern.br\/proad\/wp-json\/wp\/v2\/pages\/992\/revisions"}],"predecessor-version":[{"id":1807,"href":"https:\/\/portal.uern.br\/proad\/wp-json\/wp\/v2\/pages\/992\/revisions\/1807"}],"wp:attachment":[{"href":"https:\/\/portal.uern.br\/proad\/wp-json\/wp\/v2\/media?parent=992"}],"curies":[{"name":"wp","href":"https:\/\/api.w.org\/{rel}","templated":true}]}}