{"id":962,"date":"2023-02-28T11:56:21","date_gmt":"2023-02-28T14:56:21","guid":{"rendered":"https:\/\/portal.uern.br\/proad\/?page_id=962"},"modified":"2025-02-21T09:08:38","modified_gmt":"2025-02-21T12:08:38","slug":"setor-de-almoxarifado-sa-2","status":"publish","type":"page","link":"https:\/\/portal.uern.br\/proad\/setor-de-almoxarifado-sa-2\/","title":{"rendered":"Setor de Almoxarifado &#8211; SA"},"content":{"rendered":"<p>&nbsp;<\/p>\n<ul>\n<li>Receber e conferir os materiais de consumo adquiridos ou cedidos, de acordo com o documento de compra (Nota de Empenho e Nota Fiscal) ou equivalentes;<\/li>\n<li>Receber, conferir, armazenar e registrar os materiais em estoque;<\/li>\n<li>Registrar em sistema pr\u00f3prio as notas fiscais dos materiais recebidos;<\/li>\n<li>Encaminhar ao Departamento de Materiais e Patrim\u00f4nio as notas fiscais para demais provid\u00eancias, com vistas ao pagamento;<\/li>\n<li>Elaborar estat\u00edsticas de consumo por materiais e centros de custos para previs\u00e3o das compras;<\/li>\n<li>Elaborar balancetes dos materiais de consumo existentes e outros relat\u00f3rios solicitados;<\/li>\n<li>Preservar a qualidade e as quantidades dos materiais estocados;<\/li>\n<li>Garantir que as instala\u00e7\u00f5es estejam adequadas para movimenta\u00e7\u00e3o e retiradas dos materiais, visando um atendimento \u00e1gil e eficiente;<\/li>\n<li>Organizar e manter atualizado o registro de estoque do material existente;<\/li>\n<li>Propor pol\u00edticas e diretrizes relativas a estoques e programa\u00e7\u00e3o de aquisi\u00e7\u00e3o e ao fornecimento de material de consumo;<\/li>\n<li>Estabelecer normas de armazenamento dos materiais estocados;<\/li>\n<li>Estabelecer as necessidades de aquisi\u00e7\u00e3o dos materiais de consumo para fins de reposi\u00e7\u00e3o de estoque, bem como solicitar sua aquisi\u00e7\u00e3o;<\/li>\n<li>Tra\u00e7ar uma log\u00edstica de distribui\u00e7\u00e3o e transporte de materiais de consumo;<\/li>\n<li>Outras tarefas correlatas.<\/li>\n<\/ul>\n","protected":false},"excerpt":{"rendered":"<p>&nbsp; Receber e conferir os materiais de consumo adquiridos ou cedidos, de acordo com o documento de compra (Nota de Empenho e Nota Fiscal) ou equivalentes; Receber, conferir, armazenar e registrar os materiais em estoque; Registrar em sistema pr\u00f3prio as notas fiscais dos materiais recebidos; Encaminhar ao Departamento de Materiais e Patrim\u00f4nio as notas fiscais [&hellip;]<\/p>\n","protected":false},"author":2,"featured_media":0,"parent":0,"menu_order":0,"comment_status":"closed","ping_status":"closed","template":"","meta":{"footnotes":""},"class_list":["post-962","page","type-page","status-publish","hentry"],"_links":{"self":[{"href":"https:\/\/portal.uern.br\/proad\/wp-json\/wp\/v2\/pages\/962","targetHints":{"allow":["GET"]}}],"collection":[{"href":"https:\/\/portal.uern.br\/proad\/wp-json\/wp\/v2\/pages"}],"about":[{"href":"https:\/\/portal.uern.br\/proad\/wp-json\/wp\/v2\/types\/page"}],"author":[{"embeddable":true,"href":"https:\/\/portal.uern.br\/proad\/wp-json\/wp\/v2\/users\/2"}],"replies":[{"embeddable":true,"href":"https:\/\/portal.uern.br\/proad\/wp-json\/wp\/v2\/comments?post=962"}],"version-history":[{"count":3,"href":"https:\/\/portal.uern.br\/proad\/wp-json\/wp\/v2\/pages\/962\/revisions"}],"predecessor-version":[{"id":1634,"href":"https:\/\/portal.uern.br\/proad\/wp-json\/wp\/v2\/pages\/962\/revisions\/1634"}],"wp:attachment":[{"href":"https:\/\/portal.uern.br\/proad\/wp-json\/wp\/v2\/media?parent=962"}],"curies":[{"name":"wp","href":"https:\/\/api.w.org\/{rel}","templated":true}]}}