{"id":953,"date":"2023-02-28T11:53:01","date_gmt":"2023-02-28T14:53:01","guid":{"rendered":"https:\/\/portal.uern.br\/proad\/?page_id=953"},"modified":"2025-06-27T09:52:35","modified_gmt":"2025-06-27T12:52:35","slug":"diretoria-de-administracao-e-servicos-das","status":"publish","type":"page","link":"https:\/\/portal.uern.br\/proad\/diretoria-de-administracao-e-servicos-das\/","title":{"rendered":"Diretoria de Administra\u00e7\u00e3o e Servi\u00e7os &#8211; DAS"},"content":{"rendered":"","protected":false},"excerpt":{"rendered":"","protected":false},"author":2,"featured_media":0,"parent":0,"menu_order":0,"comment_status":"closed","ping_status":"closed","template":"","meta":{"footnotes":""},"class_list":["post-953","page","type-page","status-publish","hentry"],"_links":{"self":[{"href":"https:\/\/portal.uern.br\/proad\/wp-json\/wp\/v2\/pages\/953","targetHints":{"allow":["GET"]}}],"collection":[{"href":"https:\/\/portal.uern.br\/proad\/wp-json\/wp\/v2\/pages"}],"about":[{"href":"https:\/\/portal.uern.br\/proad\/wp-json\/wp\/v2\/types\/page"}],"author":[{"embeddable":true,"href":"https:\/\/portal.uern.br\/proad\/wp-json\/wp\/v2\/users\/2"}],"replies":[{"embeddable":true,"href":"https:\/\/portal.uern.br\/proad\/wp-json\/wp\/v2\/comments?post=953"}],"version-history":[{"count":19,"href":"https:\/\/portal.uern.br\/proad\/wp-json\/wp\/v2\/pages\/953\/revisions"}],"predecessor-version":[{"id":1724,"href":"https:\/\/portal.uern.br\/proad\/wp-json\/wp\/v2\/pages\/953\/revisions\/1724"}],"wp:attachment":[{"href":"https:\/\/portal.uern.br\/proad\/wp-json\/wp\/v2\/media?parent=953"}],"curies":[{"name":"wp","href":"https:\/\/api.w.org\/{rel}","templated":true}]}}