{"id":951,"date":"2023-02-28T11:14:11","date_gmt":"2023-02-28T14:14:11","guid":{"rendered":"https:\/\/portal.uern.br\/proad\/?page_id=951"},"modified":"2023-02-28T11:14:11","modified_gmt":"2023-02-28T14:14:11","slug":"departamento-de-manutencao-e-seguranca-dms","status":"publish","type":"page","link":"https:\/\/portal.uern.br\/proad\/departamento-de-manutencao-e-seguranca-dms\/","title":{"rendered":"Departamento de Manuten\u00e7\u00e3o e Seguran\u00e7a &#8211; DMS"},"content":{"rendered":"","protected":false},"excerpt":{"rendered":"","protected":false},"author":2,"featured_media":0,"parent":0,"menu_order":0,"comment_status":"closed","ping_status":"closed","template":"","meta":{"footnotes":""},"class_list":["post-951","page","type-page","status-publish","hentry"],"_links":{"self":[{"href":"https:\/\/portal.uern.br\/proad\/wp-json\/wp\/v2\/pages\/951","targetHints":{"allow":["GET"]}}],"collection":[{"href":"https:\/\/portal.uern.br\/proad\/wp-json\/wp\/v2\/pages"}],"about":[{"href":"https:\/\/portal.uern.br\/proad\/wp-json\/wp\/v2\/types\/page"}],"author":[{"embeddable":true,"href":"https:\/\/portal.uern.br\/proad\/wp-json\/wp\/v2\/users\/2"}],"replies":[{"embeddable":true,"href":"https:\/\/portal.uern.br\/proad\/wp-json\/wp\/v2\/comments?post=951"}],"version-history":[{"count":1,"href":"https:\/\/portal.uern.br\/proad\/wp-json\/wp\/v2\/pages\/951\/revisions"}],"predecessor-version":[{"id":952,"href":"https:\/\/portal.uern.br\/proad\/wp-json\/wp\/v2\/pages\/951\/revisions\/952"}],"wp:attachment":[{"href":"https:\/\/portal.uern.br\/proad\/wp-json\/wp\/v2\/media?parent=951"}],"curies":[{"name":"wp","href":"https:\/\/api.w.org\/{rel}","templated":true}]}}