{"id":946,"date":"2023-02-28T11:12:38","date_gmt":"2023-02-28T14:12:38","guid":{"rendered":"https:\/\/portal.uern.br\/proad\/?page_id=946"},"modified":"2025-06-27T11:04:49","modified_gmt":"2025-06-27T14:04:49","slug":"departamento-de-materiais-e-patrimonio-dmp","status":"publish","type":"page","link":"https:\/\/portal.uern.br\/proad\/departamento-de-materiais-e-patrimonio-dmp\/","title":{"rendered":"Departamento de Materiais e Patrim\u00f4nio &#8211; DMP"},"content":{"rendered":"<h5><\/h5>\n<p>&nbsp;<\/p>\n<h5><\/h5>\n<h2><span style=\"color: #0000ff\"><strong>ATRIBUI\u00c7\u00d5ES:<\/strong><\/span><\/h2>\n<p>&nbsp;<\/p>\n<ul>\n<li style=\"list-style-type: none\">\n<ul>\n<li>Controlar, gerenciar a execu\u00e7\u00e3o das contrata\u00e7\u00f5es relacionadas \u00e0 aquisi\u00e7\u00e3o de bens de consumo e permanentes;<\/li>\n<li>Conferir a instru\u00e7\u00e3o dos processos de compras e servi\u00e7os;<\/li>\n<li>Emitir Ordens de Compras e Servi\u00e7os de acordo com os contratos;<\/li>\n<li>Realizar o controle de notas de empenho e notas fiscais das compras de bens e materiais em geral;<\/li>\n<li>Manter contato com os fornecedores de bens e materiais em geral;<\/li>\n<li>Outras tarefas correlatas.<\/li>\n<\/ul>\n<\/li>\n<\/ul>\n<p>&nbsp;<\/p>\n<p>&nbsp;<\/p>\n<h3 style=\"padding-left: 40px\"><strong>\u00a0Dois Setores est\u00e3o vinculados ao Departamento de Materiais e Patrim\u00f4nio \u2013 DMP:<\/strong><\/h3>\n<p>&nbsp;<\/p>\n<h4 style=\"padding-left: 40px\"><strong>\u00a0 \u00a0\u00a0\u00a0<span style=\"color: #ff0000\"> a)\u00a0 Se<\/span><\/strong><span style=\"color: #ff0000\"><strong>tor de Almoxarifado \u2013 SA:<\/strong><\/span><\/h4>\n<h5 style=\"padding-left: 40px\"><strong>\u00a0 \u00a0 \u00a0 \u00a0 \u00a0 \u00a0 \u00a0\u00a0<\/strong><strong>Atribui\u00e7\u00f5es:<\/strong><\/h5>\n<ul>\n<li style=\"list-style-type: none\">\n<ul>\n<li style=\"list-style-type: none\">\n<ul>\n<li>Receber e conferir os materiais de consumo adquiridos ou cedidos, de acordo com o documento de compra (Nota de Empenho e Nota Fiscal) ou equivalentes;<\/li>\n<li>Receber, conferir, armazenar e registrar os materiais em estoque;<\/li>\n<li>Registrar em sistema pr\u00f3prio as notas fiscais dos materiais recebidos;<\/li>\n<li>Encaminhar ao Departamento de Materiais e Patrim\u00f4nio as notas fiscais para demais provid\u00eancias, com vistas ao pagamento;<\/li>\n<li>Elaborar estat\u00edsticas de consumo por materiais e centros de custos para previs\u00e3o das compras;<\/li>\n<li>Elaborar balancetes dos materiais de consumo existentes e outros relat\u00f3rios solicitados;<\/li>\n<li>Preservar a qualidade e as quantidades dos materiais estocados;<\/li>\n<li>Garantir que as instala\u00e7\u00f5es estejam adequadas para movimenta\u00e7\u00e3o e retiradas dos materiais, visando um atendimento \u00e1gil e eficiente;<\/li>\n<li>Organizar e manter atualizado o registro de estoque do material existente;<\/li>\n<li>Propor pol\u00edticas e diretrizes relativas a estoques e programa\u00e7\u00e3o de aquisi\u00e7\u00e3o e ao fornecimento de material de consumo;<\/li>\n<li>Estabelecer normas de armazenamento dos materiais estocados;<\/li>\n<li>Estabelecer as necessidades de aquisi\u00e7\u00e3o dos materiais de consumo para fins de reposi\u00e7\u00e3o de estoque, bem como solicitar sua aquisi\u00e7\u00e3o;<\/li>\n<li>Tra\u00e7ar uma log\u00edstica de distribui\u00e7\u00e3o e transporte de materiais de consumo;<\/li>\n<li>Outras tarefas correlatas.<\/li>\n<\/ul>\n<\/li>\n<\/ul>\n<\/li>\n<\/ul>\n<p>&nbsp;<\/p>\n<h4><strong>\u00a0 \u00a0 \u00a0\u00a0<\/strong><strong>b)\u00a0 Se<\/strong><strong>tor de Patrim\u00f4nio \u2013 SPAT:<\/strong><\/h4>\n<h5><strong>\u00a0 \u00a0 \u00a0 \u00a0 \u00a0 \u00a0 \u00a0\u00a0<\/strong><strong>Atribui\u00e7\u00f5es:<\/strong><\/h5>\n<ul>\n<li>\n<ul>\n<li>\n<ul>\n<li>Receber e conferir os materiais permanentes adquiridos ou cedidos, de acordo com o documento de compra (Nota de Empenho e Nota Fiscal) ou equivalentes;<\/li>\n<li>Receber, conferir, armazenar e registrar os materiais em estoque;<\/li>\n<li>Registrar em sistema pr\u00f3prio as notas fiscais dos materiais recebidos;<\/li>\n<li>Encaminhar ao Departamento de Materiais e Patrim\u00f4nio as notas fiscais para demais provid\u00eancias, com vistas ao pagamento;<\/li>\n<li>Elaborar estat\u00edsticas de consumo por materiais e centros de custos para previs\u00e3o das compras;<\/li>\n<li>Elaborar balancetes dos materiais de consumo existentes e outros relat\u00f3rios solicitados;<\/li>\n<li>Preservar a qualidade e as quantidades dos materiais estocados;<\/li>\n<li>Garantir que as instala\u00e7\u00f5es estejam adequadas para movimenta\u00e7\u00e3o e retiradas dos materiais, visando um atendimento \u00e1gil e eficiente;<\/li>\n<li>Organizar e manter atualizado o registro de estoque do material existente;<\/li>\n<li>Estabelecer normas de armazenamento dos materiais estocados;<\/li>\n<li>Tra\u00e7ar uma log\u00edstica de distribui\u00e7\u00e3o e transporte de materiais permanentes e equipamentos solicitados;<\/li>\n<li>Cadastrar e tombar o material permanente recebido;<\/li>\n<li>Registrar a movimenta\u00e7\u00e3o de bens m\u00f3veis;<\/li>\n<li>Providenciar a baixa patrimonial e o seguro dos bens m\u00f3veis e im\u00f3veis;<\/li>\n<li>Proceder, periodicamente, ao invent\u00e1rio dos m\u00f3veis constantes no cadastro;<\/li>\n<li>Verificar, periodicamente, o estados dos bens m\u00f3veis e im\u00f3veis;<\/li>\n<li>Promover medidas administrativas necess\u00e1rias \u00e0 defesa dos bens patrimoniais;<\/li>\n<li>Outras tarefas correlatas.<\/li>\n<\/ul>\n<\/li>\n<\/ul>\n<\/li>\n<\/ul>\n","protected":false},"excerpt":{"rendered":"<p>&nbsp; ATRIBUI\u00c7\u00d5ES: &nbsp; Controlar, gerenciar a execu\u00e7\u00e3o das contrata\u00e7\u00f5es relacionadas \u00e0 aquisi\u00e7\u00e3o de bens de consumo e permanentes; Conferir a instru\u00e7\u00e3o dos processos de compras e servi\u00e7os; Emitir Ordens de Compras e Servi\u00e7os de acordo com os contratos; Realizar o controle de notas de empenho e notas fiscais das compras de bens e materiais em [&hellip;]<\/p>\n","protected":false},"author":2,"featured_media":0,"parent":0,"menu_order":0,"comment_status":"closed","ping_status":"closed","template":"","meta":{"footnotes":""},"class_list":["post-946","page","type-page","status-publish","hentry"],"_links":{"self":[{"href":"https:\/\/portal.uern.br\/proad\/wp-json\/wp\/v2\/pages\/946","targetHints":{"allow":["GET"]}}],"collection":[{"href":"https:\/\/portal.uern.br\/proad\/wp-json\/wp\/v2\/pages"}],"about":[{"href":"https:\/\/portal.uern.br\/proad\/wp-json\/wp\/v2\/types\/page"}],"author":[{"embeddable":true,"href":"https:\/\/portal.uern.br\/proad\/wp-json\/wp\/v2\/users\/2"}],"replies":[{"embeddable":true,"href":"https:\/\/portal.uern.br\/proad\/wp-json\/wp\/v2\/comments?post=946"}],"version-history":[{"count":6,"href":"https:\/\/portal.uern.br\/proad\/wp-json\/wp\/v2\/pages\/946\/revisions"}],"predecessor-version":[{"id":1771,"href":"https:\/\/portal.uern.br\/proad\/wp-json\/wp\/v2\/pages\/946\/revisions\/1771"}],"wp:attachment":[{"href":"https:\/\/portal.uern.br\/proad\/wp-json\/wp\/v2\/media?parent=946"}],"curies":[{"name":"wp","href":"https:\/\/api.w.org\/{rel}","templated":true}]}}