{"id":943,"date":"2023-02-28T11:10:10","date_gmt":"2023-02-28T14:10:10","guid":{"rendered":"https:\/\/portal.uern.br\/proad\/?page_id=943"},"modified":"2026-01-03T15:01:51","modified_gmt":"2026-01-03T18:01:51","slug":"departamento-de-transportes-dt","status":"publish","type":"page","link":"https:\/\/portal.uern.br\/proad\/departamento-de-transportes-dt\/","title":{"rendered":"Departamento de Transportes &#8211; DT"},"content":{"rendered":"<h3><\/h3>\n<p>&nbsp;<\/p>\n<h2><span style=\"color: #0000ff\"><strong>Atribui\u00e7\u00f5es:<\/strong><\/span><\/h2>\n<p>&nbsp;<\/p>\n<ul>\n<li style=\"list-style-type: none\">\n<ul>\n<li>Responder pela log\u00edstica e transporte de professores, t\u00e9cnicos administrativos e estudantes da Universidade, bem como de carga e materiais, no interesse desta IES, orientando e sendo auxiliado pelos Setores de Transportes dos\u00a0<em>Campi<\/em>\u00a0Avan\u00e7ados nestas tarefas;<\/li>\n<li>Responder pela manuten\u00e7\u00e3o e abastecimento da frota veicular;<\/li>\n<li>Responder pelos contratos e servi\u00e7os relacionados aos transportes da Institui\u00e7\u00e3o;<\/li>\n<li>Outras tarefas correlatas.<\/li>\n<\/ul>\n<\/li>\n<\/ul>\n<p>&nbsp;<\/p>\n<p>&nbsp;<\/p>\n<h2 style=\"text-align: justify\"><span style=\"color: #0000ff\"><strong>Solicita\u00e7\u00f5es de Ve\u00edculos\/Transportes:<\/strong><\/span><\/h2>\n<p>&nbsp;<\/p>\n<p style=\"text-align: justify;padding-left: 40px\">As solicita\u00e7\u00f5es de ve\u00edculos\/transportes devem ser feitas por meio de cadastro de requisi\u00e7\u00e3o atrav\u00e9s do Sistema Integrado de Patrim\u00f4nio, Administra\u00e7\u00e3o e Contratos &#8211; SIPAC, pelo link:\u00a0<span style=\"color: #ff0000\"><a style=\"color: #ff0000\" href=\"https:\/\/sipac.uern.br\/sipac\/?modo=classico\">UERN Transportes<\/a><span style=\"color: #000000\">.<\/span><\/span><\/p>\n<p>&nbsp;<\/p>\n<p style=\"text-align: justify;padding-left: 40px\">Segue abaixo um guia, elaborado pela Superintend\u00eancia \u00a0de Tecnologia da Informa\u00e7\u00e3o &#8211; STI, para orientar o preenchimento das requisi\u00e7\u00f5es no SIPAC:<\/p>\n<p style=\"text-align: justify;padding-left: 40px\"><a href=\"https:\/\/sipac.uern.br\/sipac\/\"><span style=\"color: #ff0000\">Requisitar ve\u00edculos\/transportes pelo SIPAC<\/span><\/a><\/p>\n<h5><\/h5>\n","protected":false},"excerpt":{"rendered":"<p>&nbsp; Atribui\u00e7\u00f5es: &nbsp; Responder pela log\u00edstica e transporte de professores, t\u00e9cnicos administrativos e estudantes da Universidade, bem como de carga e materiais, no interesse desta IES, orientando e sendo auxiliado pelos Setores de Transportes dos\u00a0Campi\u00a0Avan\u00e7ados nestas tarefas; Responder pela manuten\u00e7\u00e3o e abastecimento da frota veicular; Responder pelos contratos e servi\u00e7os relacionados aos transportes da Institui\u00e7\u00e3o; [&hellip;]<\/p>\n","protected":false},"author":2,"featured_media":0,"parent":0,"menu_order":0,"comment_status":"closed","ping_status":"closed","template":"","meta":{"footnotes":""},"class_list":["post-943","page","type-page","status-publish","hentry"],"_links":{"self":[{"href":"https:\/\/portal.uern.br\/proad\/wp-json\/wp\/v2\/pages\/943","targetHints":{"allow":["GET"]}}],"collection":[{"href":"https:\/\/portal.uern.br\/proad\/wp-json\/wp\/v2\/pages"}],"about":[{"href":"https:\/\/portal.uern.br\/proad\/wp-json\/wp\/v2\/types\/page"}],"author":[{"embeddable":true,"href":"https:\/\/portal.uern.br\/proad\/wp-json\/wp\/v2\/users\/2"}],"replies":[{"embeddable":true,"href":"https:\/\/portal.uern.br\/proad\/wp-json\/wp\/v2\/comments?post=943"}],"version-history":[{"count":9,"href":"https:\/\/portal.uern.br\/proad\/wp-json\/wp\/v2\/pages\/943\/revisions"}],"predecessor-version":[{"id":1874,"href":"https:\/\/portal.uern.br\/proad\/wp-json\/wp\/v2\/pages\/943\/revisions\/1874"}],"wp:attachment":[{"href":"https:\/\/portal.uern.br\/proad\/wp-json\/wp\/v2\/media?parent=943"}],"curies":[{"name":"wp","href":"https:\/\/api.w.org\/{rel}","templated":true}]}}