{"id":929,"date":"2023-02-28T09:55:29","date_gmt":"2023-02-28T12:55:29","guid":{"rendered":"https:\/\/portal.uern.br\/proad\/?page_id=929"},"modified":"2025-07-08T10:42:53","modified_gmt":"2025-07-08T13:42:53","slug":"diarias-passagens-e-hospedagens","status":"publish","type":"page","link":"https:\/\/portal.uern.br\/proad\/diarias-passagens-e-hospedagens\/","title":{"rendered":"Setor de Di\u00e1rias, Hospedagens e Passagens &#8211; SDHP"},"content":{"rendered":"<h5><\/h5>\n<p>&nbsp;<\/p>\n<h5><\/h5>\n<h2><span style=\"color: #0000ff\"><strong>Atribui\u00e7\u00f5es:<\/strong><\/span><\/h2>\n<p>&nbsp;<\/p>\n<ul>\n<li style=\"list-style-type: none\">\n<ul style=\"text-align: justify\">\n<li><span style=\"color: #000000\">Receber, controlar, regular e organizar as demandas de di\u00e1rias, passagens e hospedagens no \u00e2mbito da UERN;<\/span><\/li>\n<li><span style=\"color: #000000\">Orientar os setores da Institui\u00e7\u00e3o sobre os procedimentos de solicita\u00e7\u00e3o, esclarecendo sobre os limites regulamentares e legais para os pedidos;<\/span><\/li>\n<li><span style=\"color: #000000\">Outras tarefas correlatas.<\/span><\/li>\n<\/ul>\n<\/li>\n<\/ul>\n<p>&nbsp;<\/p>\n<p>&nbsp;<\/p>\n<h2><span style=\"color: #0000ff\"><strong>Orienta\u00e7\u00f5es:<\/strong><\/span><\/h2>\n<p>&nbsp;<\/p>\n<h3><span style=\"color: #800000\"><strong>1 &#8211; Solicita\u00e7\u00f5es de Di\u00e1rias<\/strong><\/span><\/h3>\n<p style=\"text-align: justify\">As Di\u00e1rias devem ser solicitadas atrav\u00e9s de Processo via SEI, por meio de formul\u00e1rio padr\u00e3o da PROAD, que deve ser inserido como documento do pr\u00f3prio SEI e assinado digitalmente (via SEI) pela Chefia Imediata do(a) servidor(a). Os Processos devem ser abertos conforme orienta\u00e7\u00f5es abaixo:<\/p>\n<ul>\n<li>Tipo de Processo: &#8220;Pessoal: Di\u00e1rias e Passagens&#8221;;<\/li>\n<li>Tipo de Documento: &#8220;Solicita\u00e7\u00e3o de Di\u00e1rias&#8221;.<\/li>\n<\/ul>\n<p>&nbsp;<\/p>\n<p style=\"text-align: justify\">As solicita\u00e7\u00f5es devem ser enviadas diretamente ao Setor de Di\u00e1rias, Hospedagens e Passagens &#8211; SDHP, com uma <strong>anteced\u00eancia m\u00ednima de cinco dias \u00fateis<\/strong>, contados a partir da data marcada para a viagem, anexando-se todos os documentos comprobat\u00f3rios do evento: convite de evento, programa\u00e7\u00e3o do evento, cartaz, folder, resumo de trabalho acad\u00eamico, convite para reuni\u00e3o, etc.; bem como com assinatura SEI da Chefia imediata. Todas as solicita\u00e7\u00f5es passar\u00e3o por an\u00e1lise pr\u00e9via, seguindo o <a class=\"wplink-url-error\" href=\"http:\/\/diariooficial.rn.gov.br\/dei\/dorn3\/docview.aspx?id_jor=00000001&amp;data=20200108&amp;id_doc=670870\" target=\"_blank\" rel=\"noopener\"><span style=\"color: #0000ff\">Decreto n\u00ba 29.444 de 07 de<\/span> <span style=\"color: #0000ff\">janeiro de 2020.<\/span><\/a><\/p>\n<p style=\"text-align: justify\">A fim de viabilizar a an\u00e1lise do documento em tempo h\u00e1bil, os formul\u00e1rios devem ter\u00a0todos os seus campos devidamente preenchidos, com justificativa bem definida e indica\u00e7\u00e3o da fonte de recurso, seja por Fonte 100, Fonte 250 (recursos pr\u00f3prios) ou Conv\u00eanios. Quando se tratar de Fonte 250, dever\u00e1 constar na solicita\u00e7\u00e3o, os dados da conta que custear\u00e1 a despesa (banco, ag\u00eancia e conta corrente). Quando o custeio for por conv\u00eanios, al\u00e9m dos dados banc\u00e1rios, deve vir em anexo, toda a documenta\u00e7\u00e3o do conv\u00eanio.<\/p>\n<p style=\"text-align: justify\">Informamos que o servidor benefici\u00e1rio que possuir Portaria que lhe conceda Fun\u00e7\u00e3o Gratificada, caso v\u00e1 viajar como representante dessa Fun\u00e7\u00e3o, dever\u00e1 informar no Formul\u00e1rio o n\u00famero da Portaria que o nomeia, bem como anex\u00e1-la ao Processo, juntamente com sua publica\u00e7\u00e3o.<\/p>\n<p style=\"text-align: justify\">Ap\u00f3s o retorno da viagem, o(a) servidor(a) dever\u00e1 juntar ao Processo de Di\u00e1ria o Relat\u00f3rio de Viagem, que deve ser inserido como documento do pr\u00f3prio SEI e assinado digitalmente pelo(a) servidor(a) benefici\u00e1rio(a), conforme orienta\u00e7\u00e3o abaixo:<\/p>\n<ul>\n<li style=\"text-align: justify\">Tipo de Documento: &#8220;Relat\u00f3rio de Viagem&#8221;.<\/li>\n<\/ul>\n<p>&nbsp;<\/p>\n<p style=\"text-align: justify\"><strong>OBS.: Nenhum(a) servidor(a) deve solicitar di\u00e1ria para si pr\u00f3prio. Em caso de d\u00favidas, entrar em contato com o SDHP atrav\u00e9s do e-mail: <span style=\"color: #0000ff\">diarias.proad@uern.br<\/span>.<\/strong><\/p>\n<p>&nbsp;<\/p>\n<p style=\"text-align: justify\"><span style=\"color: #ff0000\"><a style=\"color: #ff0000\" href=\"https:\/\/drive.google.com\/drive\/folders\/1f3ziKOcD_gZs2PufTcwNYXBVXgspPhjR?usp=sharing\">Formul\u00e1rio de Solicita\u00e7\u00e3o de Di\u00e1ria<\/a><\/span><br \/>\n(acess\u00edvel a partir do e-mail funcional da UERN)<\/p>\n<p><span style=\"color: #ff0000\"><a class=\"wplink-url-error\" style=\"color: #ff0000\" href=\"https:\/\/docs.google.com\/document\/d\/1Jyes9piDCy5nzWwoDbnRQX1mcMnbHUYtAGrhd58ClN0\/edit?usp=share_link\" target=\"_blank\" rel=\"noopener\">Formul\u00e1rio de Relat\u00f3rio de Viagem<\/a><\/span><br \/>\n(acess\u00edvel a partir do e-mail funcional da UERN)<\/p>\n<p>&nbsp;<\/p>\n<h3 style=\"text-align: justify\"><span style=\"color: #800000\"><strong>2 &#8211; Solicita\u00e7\u00f5es de Passagens A\u00e9reas<\/strong><\/span><\/h3>\n<p style=\"text-align: justify\">As Passagens devem ser solicitadas atrav\u00e9s de Processo via SEI, por meio de formul\u00e1rio padr\u00e3o da PROAD, que deve ser inserido como documento do pr\u00f3prio SEI e assinado digitalmente (via SEI) pela Chefia Imediata do(a) servidor(a). Os Processos devem ser abertos conforme orienta\u00e7\u00f5es abaixo:<\/p>\n<ul>\n<li>Tipo de Processo: &#8220;Pessoal: Di\u00e1rias e Passagens&#8221;;<\/li>\n<li>Tipo de Documento: &#8220;Memorando&#8221;.<\/li>\n<\/ul>\n<p>&nbsp;<\/p>\n<p style=\"text-align: justify\">As solicita\u00e7\u00f5es devem ser enviadas diretamente ao Setor de Di\u00e1rias, Hospedagens e Passagens &#8211; SDHP, com uma <strong>anteced\u00eancia m\u00ednima de sete dias \u00fateis<\/strong>, contados a partir da data marcada para a viagem, anexando-se todos os documentos comprobat\u00f3rios do evento: convite de evento, programa\u00e7\u00e3o do evento, cartaz, folder, resumo de trabalho acad\u00eamico, convite para reuni\u00e3o, etc.; bem como com assinatura SEI da Chefia imediata. Todas as solicita\u00e7\u00f5es passar\u00e3o por an\u00e1lise pr\u00e9via, seguindo o <a class=\"wplink-url-error\" href=\"http:\/\/diariooficial.rn.gov.br\/dei\/dorn3\/docview.aspx?id_jor=00000001&amp;data=20200108&amp;id_doc=670870\" target=\"_blank\" rel=\"noopener\"><span style=\"color: #0000ff\">Decreto n\u00ba 29.444 de 07 de<\/span> <span style=\"color: #0000ff\">janeiro de 2020.<\/span><\/a><\/p>\n<p style=\"text-align: justify\">A fim de viabilizar a an\u00e1lise do documento em tempo h\u00e1bil, os formul\u00e1rios devem ter\u00a0todos os seus campos devidamente preenchidos, com justificativa bem definida e indica\u00e7\u00e3o da fonte de recurso, seja por Fonte 100, Fonte 250 (recursos pr\u00f3prios) ou Conv\u00eanios. Quando se tratar de Fonte 250, dever\u00e1 constar na solicita\u00e7\u00e3o, os dados da conta que custear\u00e1 a despesa (banco, ag\u00eancia e conta corrente). Quando o custeio for por conv\u00eanios, al\u00e9m dos dados banc\u00e1rios, deve vir em anexo, toda a documenta\u00e7\u00e3o do conv\u00eanio.<\/p>\n<p style=\"text-align: justify\">Ap\u00f3s o retorno da viagem, o(a) servidor(a) dever\u00e1 escanear e anexar ao Processo, <strong>todos os bilhetes comprovantes de embarques.<\/strong><\/p>\n<p>&nbsp;<\/p>\n<p><strong>OBS.: Nenhum(a) servidor(a) deve solicitar passagens para si pr\u00f3prio. Em caso de d\u00favidas, entrar em contato com o SDHP atrav\u00e9s do e-mail: <span style=\"color: #0000ff\">diarias.proad@uern.br<\/span>.<\/strong><\/p>\n<p>&nbsp;<\/p>\n<p style=\"text-align: justify\"><a href=\"https:\/\/drive.google.com\/drive\/folders\/1f3ziKOcD_gZs2PufTcwNYXBVXgspPhjR?usp=sharing\"><span style=\"color: #ff0000\">Formul\u00e1rio de Solicita\u00e7\u00e3o de Passagem A\u00e9rea<\/span><\/a><br \/>\n(acess\u00edvel a partir do e-mail funcional da UERN)<\/p>\n<p>&nbsp;<\/p>\n<h3 style=\"text-align: justify\"><span style=\"color: #800000\"><strong>3 &#8211; Solicita\u00e7\u00f5es de Hospedagens<\/strong><\/span><\/h3>\n<p style=\"text-align: justify\">As Hospedagens devem ser solicitadas atrav\u00e9s de Processo via SEI, por meio de formul\u00e1rio padr\u00e3o da PROAD, que deve ser inserido como documento do pr\u00f3prio SEI e assinado digitalmente (via SEI) pela Chefia Imediata do(a) servidor(a). Os Processos devem ser abertos conforme orienta\u00e7\u00f5es abaixo:<\/p>\n<ul>\n<li>Tipo de Processo: &#8220;Pessoal: Di\u00e1rias e Passagens&#8221;;<\/li>\n<li>Tipo de Documento: &#8220;Memorando&#8221;.<\/li>\n<\/ul>\n<p>&nbsp;<\/p>\n<p style=\"text-align: justify\">As solicita\u00e7\u00f5es devem ser enviadas diretamente ao Setor de Di\u00e1rias, Hospedagens e Passagens &#8211; SDHP, com uma <strong>anteced\u00eancia m\u00ednima de sete dias \u00fateis<\/strong>, contados a partir da data marcada para o in\u00edcio da hospedagem, anexando-se todos os documentos comprobat\u00f3rios do evento: convite de evento, programa\u00e7\u00e3o do evento, cartaz, folder, resumo de trabalho acad\u00eamico, convite para reuni\u00e3o, etc.; bem como com assinatura SEI da Chefia imediata. Todas as solicita\u00e7\u00f5es passar\u00e3o por an\u00e1lise pr\u00e9via, seguindo o <a class=\"wplink-url-error\" href=\"http:\/\/diariooficial.rn.gov.br\/dei\/dorn3\/docview.aspx?id_jor=00000001&amp;data=20200108&amp;id_doc=670870\" target=\"_blank\" rel=\"noopener\"><span style=\"color: #0000ff\">Decreto n\u00ba 29.444 de 07 de<\/span> <span style=\"color: #0000ff\">janeiro de 2020.<\/span><\/a><\/p>\n<p style=\"text-align: justify\">A fim de viabilizar a an\u00e1lise do documento em tempo h\u00e1bil, os formul\u00e1rios devem ter\u00a0todos os seus campos devidamente preenchidos, com justificativa bem definida e indica\u00e7\u00e3o da fonte de recurso, seja por Fonte 100, Fonte 250 (recursos pr\u00f3prios) ou Conv\u00eanios. Quando se tratar de Fonte 250, dever\u00e1 constar na solicita\u00e7\u00e3o, os dados da conta que custear\u00e1 a despesa (banco, ag\u00eancia e conta corrente). Quando o custeio for por conv\u00eanios, al\u00e9m dos dados banc\u00e1rios, deve vir em anexo, toda a documenta\u00e7\u00e3o do conv\u00eanio.<\/p>\n<p style=\"text-align: justify\">Ap\u00f3s o retorno da viagem, o(a) servidor(a) dever\u00e1 escanear e anexar ao Processo, os <strong>comprovantes de check-in e check-out.<\/strong><\/p>\n<p>&nbsp;<\/p>\n<p style=\"text-align: justify\"><strong>OBS.: Nenhum(a) servidor(a) deve solicitar hospedagens para si pr\u00f3prio. Em caso de d\u00favidas, entrar em contato com o SDHP atrav\u00e9s do e-mail: <span style=\"color: #0000ff\">diarias.proad@uern.br<\/span>.<\/strong><\/p>\n<p>&nbsp;<\/p>\n<p style=\"text-align: justify\"><span style=\"color: #ff0000\"><a style=\"color: #ff0000\" href=\"https:\/\/drive.google.com\/drive\/folders\/1f3ziKOcD_gZs2PufTcwNYXBVXgspPhjR?usp=sharing\">Formul\u00e1rio de Solicita\u00e7\u00e3o de Hospedagem<\/a><\/span><br \/>\n(acess\u00edvel a partir do e-mail funcional da UERN)<\/p>\n<h5><\/h5>\n<p>&nbsp;<\/p>\n","protected":false},"excerpt":{"rendered":"<p>&nbsp; Atribui\u00e7\u00f5es: &nbsp; Receber, controlar, regular e organizar as demandas de di\u00e1rias, passagens e hospedagens no \u00e2mbito da UERN; Orientar os setores da Institui\u00e7\u00e3o sobre os procedimentos de solicita\u00e7\u00e3o, esclarecendo sobre os limites regulamentares e legais para os pedidos; Outras tarefas correlatas. &nbsp; &nbsp; Orienta\u00e7\u00f5es: &nbsp; 1 &#8211; Solicita\u00e7\u00f5es de Di\u00e1rias As Di\u00e1rias devem ser [&hellip;]<\/p>\n","protected":false},"author":2,"featured_media":0,"parent":0,"menu_order":0,"comment_status":"closed","ping_status":"closed","template":"","meta":{"footnotes":""},"class_list":["post-929","page","type-page","status-publish","hentry"],"_links":{"self":[{"href":"https:\/\/portal.uern.br\/proad\/wp-json\/wp\/v2\/pages\/929","targetHints":{"allow":["GET"]}}],"collection":[{"href":"https:\/\/portal.uern.br\/proad\/wp-json\/wp\/v2\/pages"}],"about":[{"href":"https:\/\/portal.uern.br\/proad\/wp-json\/wp\/v2\/types\/page"}],"author":[{"embeddable":true,"href":"https:\/\/portal.uern.br\/proad\/wp-json\/wp\/v2\/users\/2"}],"replies":[{"embeddable":true,"href":"https:\/\/portal.uern.br\/proad\/wp-json\/wp\/v2\/comments?post=929"}],"version-history":[{"count":27,"href":"https:\/\/portal.uern.br\/proad\/wp-json\/wp\/v2\/pages\/929\/revisions"}],"predecessor-version":[{"id":1793,"href":"https:\/\/portal.uern.br\/proad\/wp-json\/wp\/v2\/pages\/929\/revisions\/1793"}],"wp:attachment":[{"href":"https:\/\/portal.uern.br\/proad\/wp-json\/wp\/v2\/media?parent=929"}],"curies":[{"name":"wp","href":"https:\/\/api.w.org\/{rel}","templated":true}]}}