{"id":360,"date":"2022-09-29T09:34:18","date_gmt":"2022-09-29T12:34:18","guid":{"rendered":"https:\/\/paisdemossoro.com.br\/wordpress\/proad\/?page_id=360"},"modified":"2025-02-21T09:35:17","modified_gmt":"2025-02-21T12:35:17","slug":"formularios","status":"publish","type":"page","link":"https:\/\/portal.uern.br\/proad\/formularios\/","title":{"rendered":"Formul\u00e1rios"},"content":{"rendered":"<h5><\/h5>\n<p>&nbsp;<\/p>\n<h3 style=\"text-align: justify\"><span style=\"color: #0000ff\"><strong>1 &#8211;\u00a0\u00a0SOLICITA\u00c7\u00d5ES DE MATERIAIS PERMANENTES E DE CONSUMO<\/strong><\/span><\/h3>\n<p>&nbsp;<\/p>\n<h4 style=\"text-align: justify\"><span style=\"color: #800000\"><strong>1.1 &#8211; Solicita\u00e7\u00f5es de Materiais Permanentes: M\u00f3veis e Equipamentos<\/strong><\/span><\/h4>\n<p style=\"text-align: justify\">As Solicita\u00e7\u00f5es de Materiais Permanentes: M\u00f3veis e Equipamentos, devem ser feitas atrav\u00e9s de Processo via SEI pela Dire\u00e7\u00e3o de cada Unidade Universit\u00e1ria, e enviados \u00e0 PROAD. Os Processos devem ser abertos conforme orienta\u00e7\u00f5es abaixo:<\/p>\n<ul style=\"text-align: justify\">\n<li>Tipo de Processo: &#8220;Compra: Material Permanente&#8221; ou &#8220;Compra: Material de Inform\u00e1tica&#8221; (de acordo com o que ser\u00e1 pedido);<\/li>\n<li>Tipo de Documento: &#8220;Memorando&#8221;.<\/li>\n<\/ul>\n<p>&nbsp;<\/p>\n<p style=\"text-align: justify\">Para facilitar a an\u00e1lise do pedido, bem como agilizar seu atendimento, \u00e9 de fundamental import\u00e2ncia que todos os itens sejam descritos claramente, informando as caracter\u00edsticas b\u00e1sicas dos objetos, quantidades, etc. Informamos que os pedidos ser\u00e3o atendidos conforme disponibilidade em estoque.<\/p>\n<p>&nbsp;<\/p>\n<h4 style=\"text-align: justify\"><span style=\"color: #800000\"><strong>1.2 &#8211; Solicita\u00e7\u00f5es de Materiais de Consumo: Materiais de Expediente e Limpeza<\/strong><\/span><\/h4>\n<p style=\"text-align: justify\">As Solicita\u00e7\u00f5es de Materiais de Consumo: Materiais de Expediente e Limpeza dever\u00e3o ser requisitados pelo Sistema Integrado de Patrim\u00f4nio, Administra\u00e7\u00e3o e Contratos &#8211; SIPAC, e ser\u00e3o atendidos conforme disponibilidade em estoque.<\/p>\n<p>&nbsp;<\/p>\n<p style=\"text-align: justify\">Link de acesso ao SIPAC:<span style=\"color: #ff0000\">\u00a0<\/span><a href=\"https:\/\/sipac.uern.br\/sipac\/\"><span style=\"color: #ff0000\">https:\/\/sipac.uern.br\/sipac\/<\/span><\/a><\/p>\n<p>&nbsp;<\/p>\n<p style=\"text-align: justify\">Segue abaixo um guia elaborado pela Superintend\u00eancia \u00a0de Tecnologia da Informa\u00e7\u00e3o &#8211; STI, para orientar a solicita\u00e7\u00e3o de materiais por meio do SIPAC:<\/p>\n<p style=\"text-align: justify\"><a href=\"http:\/\/beta.apps.uern.br\/wordpress\/proad\/wp-content\/uploads\/2022\/09\/0498modelo_para_solicitaa\u2021a\u0192o_de_material_permanente.zip\"><span style=\"color: #ff0000\">Procedimento para requisitar material pelo SIPAC<\/span><\/a><\/p>\n<h5><\/h5>\n<p>&nbsp;<\/p>\n<h4 style=\"text-align: justify\"><span style=\"color: #800000\"><strong>2 &#8211; SOLICITA\u00c7\u00d5ES DE SERVI\u00c7OS: MANUTEN\u00c7\u00c3O PREDIAL<\/strong><\/span><\/h4>\n<p style=\"text-align: justify\">A solicita\u00e7\u00e3o de Servi\u00e7os de Manuten\u00e7\u00e3o Predial deve ser feita exclusivamente pelo Sistema de Ordem de Servi\u00e7o (<span class=\"il\">SOS<\/span>), atrav\u00e9s do link:\u00a0<span style=\"color: #ff0000\"><a style=\"color: #ff0000\" href=\"http:\/\/sosmp.apps.uern.br\/\" target=\"_blank\" rel=\"noopener\" data-saferedirecturl=\"https:\/\/www.google.com\/url?q=http:\/\/sosmp.apps.uern.br&amp;source=gmail&amp;ust=1676213213124000&amp;usg=AOvVaw1WCgpceIPbHzKU83CJ9Lea\">http:\/\/sosmp.apps.uern.br<\/a><\/span>.<\/p>\n<p style=\"text-align: justify\">Para o acesso ao <span class=\"il\">SOS,<\/span> o(s) servidor(a) utilizar\u00e1 as mesmas credenciais utilizadas anteriormente no SIGS. Em caso de d\u00favidas, pode-se entrar em contato com a Superintend\u00eancia \u00a0de Tecnologia da Informa\u00e7\u00e3o &#8211; STI, atrav\u00e9s do WhatsApp (84) 3315-2222 .<\/p>\n<p style=\"text-align: justify\">Exemplos de servi\u00e7os que podem ser solicitados \u00e0 PROAD:<\/p>\n<ul style=\"text-align: justify\">\n<li>Servi\u00e7os de manuten\u00e7\u00e3o em ar condicionado;<\/li>\n<li>Servi\u00e7os de remo\u00e7\u00e3o de entulho;<\/li>\n<li>Servi\u00e7os de dedetiza\u00e7\u00e3o;<\/li>\n<li>Servi\u00e7os de capinagem e poda.<\/li>\n<\/ul>\n<h5><\/h5>\n<h5 style=\"text-align: justify\"><\/h5>\n<p>&nbsp;<\/p>\n<p><span style=\"color: #800000\"><strong>3 &#8211; PLANILHA B\u00c1SICA PARA PLANEJAMENTO DE CURSO<\/strong><\/span><\/p>\n<p style=\"text-align: justify\">Para ser inclu\u00edda nos processos de de avalia\u00e7\u00e3o dos projetos pol\u00edtico pedag\u00f3gicos dos cursos. A planilha \u00e9 sugestiva, pode ser modificada de acordo com a necessidade de cada curso.<\/p>\n<p style=\"text-align: justify\"><span style=\"color: #ff0000\"><a style=\"color: #ff0000\" href=\"https:\/\/docs.google.com\/spreadsheets\/d\/1niuATKQxpzscNKcYl6z9s2AqTy2_RSy2\/edit?usp=sharing&amp;ouid=101374473257253840211&amp;rtpof=true&amp;sd=true\">Download\u00a0<\/a><\/span><\/p>\n<p>&nbsp;<\/p>\n","protected":false},"excerpt":{"rendered":"<p>&nbsp; 1 &#8211;\u00a0\u00a0SOLICITA\u00c7\u00d5ES DE MATERIAIS PERMANENTES E DE CONSUMO &nbsp; 1.1 &#8211; Solicita\u00e7\u00f5es de Materiais Permanentes: M\u00f3veis e Equipamentos As Solicita\u00e7\u00f5es de Materiais Permanentes: M\u00f3veis e Equipamentos, devem ser feitas atrav\u00e9s de Processo via SEI pela Dire\u00e7\u00e3o de cada Unidade Universit\u00e1ria, e enviados \u00e0 PROAD. Os Processos devem ser abertos conforme orienta\u00e7\u00f5es abaixo: Tipo de [&hellip;]<\/p>\n","protected":false},"author":1,"featured_media":0,"parent":0,"menu_order":0,"comment_status":"closed","ping_status":"closed","template":"","meta":{"footnotes":""},"class_list":["post-360","page","type-page","status-publish","hentry"],"_links":{"self":[{"href":"https:\/\/portal.uern.br\/proad\/wp-json\/wp\/v2\/pages\/360","targetHints":{"allow":["GET"]}}],"collection":[{"href":"https:\/\/portal.uern.br\/proad\/wp-json\/wp\/v2\/pages"}],"about":[{"href":"https:\/\/portal.uern.br\/proad\/wp-json\/wp\/v2\/types\/page"}],"author":[{"embeddable":true,"href":"https:\/\/portal.uern.br\/proad\/wp-json\/wp\/v2\/users\/1"}],"replies":[{"embeddable":true,"href":"https:\/\/portal.uern.br\/proad\/wp-json\/wp\/v2\/comments?post=360"}],"version-history":[{"count":35,"href":"https:\/\/portal.uern.br\/proad\/wp-json\/wp\/v2\/pages\/360\/revisions"}],"predecessor-version":[{"id":1645,"href":"https:\/\/portal.uern.br\/proad\/wp-json\/wp\/v2\/pages\/360\/revisions\/1645"}],"wp:attachment":[{"href":"https:\/\/portal.uern.br\/proad\/wp-json\/wp\/v2\/media?parent=360"}],"curies":[{"name":"wp","href":"https:\/\/api.w.org\/{rel}","templated":true}]}}