{"id":348,"date":"2022-09-29T08:43:19","date_gmt":"2022-09-29T11:43:19","guid":{"rendered":"https:\/\/paisdemossoro.com.br\/wordpress\/proad\/?page_id=348"},"modified":"2023-03-30T09:54:37","modified_gmt":"2023-03-30T12:54:37","slug":"manuais","status":"publish","type":"page","link":"https:\/\/portal.uern.br\/proad\/manuais\/","title":{"rendered":"Manuais"},"content":{"rendered":"<h5 style=\"text-align: justify\"><\/h5>\n<p>&nbsp;<\/p>\n<ul>\n<li style=\"text-align: justify\"><strong>Manual de Compras<\/strong><\/li>\n<\/ul>\n<p style=\"text-align: justify;padding-left: 40px\"><a href=\"http:\/\/beta.apps.uern.br\/wordpress\/proad\/wp-content\/uploads\/2022\/09\/0542projeto_manual_uern_2017.pdf\">Manual de Compras<\/a><\/p>\n<p>&nbsp;<\/p>\n<ul>\n<li style=\"text-align: justify\"><strong>Manual de Gest\u00e3o de Contratos &#8211; TSE<\/strong><\/li>\n<\/ul>\n<p style=\"text-align: justify;padding-left: 40px\"><a href=\"http:\/\/beta.apps.uern.br\/wordpress\/proad\/wp-content\/uploads\/2022\/09\/0542tse_jacoby_manual_de_gestao_de_contratos.pdf\">Gest\u00e3o de Contratos &#8211; TSE<\/a><\/p>\n<p>&nbsp;<\/p>\n<ul>\n<li style=\"text-align: justify\"><strong>Manual de Licita\u00e7\u00f5es e Contratos &#8211; TCU<\/strong><\/li>\n<\/ul>\n<p style=\"text-align: justify;padding-left: 40px\"><a href=\"http:\/\/beta.apps.uern.br\/wordpress\/proad\/wp-content\/uploads\/2022\/09\/0542tcu_licitaa\u00a7a\u00b5es_e_contratos.pdf\">Licita\u00e7\u00f5es e Contratos &#8211; TCU<\/a><\/p>\n","protected":false},"excerpt":{"rendered":"<p>&nbsp; Manual de Compras Manual de Compras &nbsp; Manual de Gest\u00e3o de Contratos &#8211; TSE Gest\u00e3o de Contratos &#8211; TSE &nbsp; Manual de Licita\u00e7\u00f5es e Contratos &#8211; TCU Licita\u00e7\u00f5es e Contratos &#8211; TCU<\/p>\n","protected":false},"author":1,"featured_media":0,"parent":0,"menu_order":0,"comment_status":"closed","ping_status":"closed","template":"","meta":{"footnotes":""},"class_list":["post-348","page","type-page","status-publish","hentry"],"_links":{"self":[{"href":"https:\/\/portal.uern.br\/proad\/wp-json\/wp\/v2\/pages\/348","targetHints":{"allow":["GET"]}}],"collection":[{"href":"https:\/\/portal.uern.br\/proad\/wp-json\/wp\/v2\/pages"}],"about":[{"href":"https:\/\/portal.uern.br\/proad\/wp-json\/wp\/v2\/types\/page"}],"author":[{"embeddable":true,"href":"https:\/\/portal.uern.br\/proad\/wp-json\/wp\/v2\/users\/1"}],"replies":[{"embeddable":true,"href":"https:\/\/portal.uern.br\/proad\/wp-json\/wp\/v2\/comments?post=348"}],"version-history":[{"count":10,"href":"https:\/\/portal.uern.br\/proad\/wp-json\/wp\/v2\/pages\/348\/revisions"}],"predecessor-version":[{"id":1011,"href":"https:\/\/portal.uern.br\/proad\/wp-json\/wp\/v2\/pages\/348\/revisions\/1011"}],"wp:attachment":[{"href":"https:\/\/portal.uern.br\/proad\/wp-json\/wp\/v2\/media?parent=348"}],"curies":[{"name":"wp","href":"https:\/\/api.w.org\/{rel}","templated":true}]}}