{"id":338,"date":"2022-09-29T08:20:02","date_gmt":"2022-09-29T11:20:02","guid":{"rendered":"https:\/\/paisdemossoro.com.br\/wordpress\/proad\/?page_id=338"},"modified":"2026-01-03T14:58:30","modified_gmt":"2026-01-03T17:58:30","slug":"corpo-tecnico","status":"publish","type":"page","link":"https:\/\/portal.uern.br\/proad\/corpo-tecnico\/","title":{"rendered":"Corpo T\u00e9cnico"},"content":{"rendered":"<p>&nbsp;<\/p>\n<h3><\/h3>\n<h3 style=\"text-align: justify\"><span style=\"color: #0000ff\"><strong>Diretoria de Administra\u00e7\u00e3o e Servi\u00e7os &#8211; DAS:<\/strong><\/span><\/h3>\n<ul style=\"text-align: justify\">\n<li><span style=\"color: #0000ff\"><strong>TNS Denise Oliveira Rebou\u00e7as<br \/>\n<\/strong><\/span><\/li>\n<\/ul>\n<ul style=\"text-align: justify\">\n<li><span style=\"color: #0000ff\"><strong>TNS Diego Allan Pinto de Abreu<br \/>\n<\/strong><\/span><\/li>\n<\/ul>\n<ul style=\"text-align: justify\">\n<li><span style=\"color: #0000ff\"><strong>TNS Erione de Souza Costa<br \/>\n<\/strong><\/span><\/li>\n<\/ul>\n<ul style=\"text-align: justify\">\n<li><span style=\"color: #0000ff\"><strong>TNS Ianara Cibelly Vieira<br \/>\n<\/strong><\/span><\/li>\n<\/ul>\n<ul style=\"text-align: justify\">\n<li><span style=\"color: #0000ff\"><strong>TNM Neylson de Jesus Gon\u00e7alves Moreno<br \/>\n<\/strong><\/span><\/li>\n<\/ul>\n<ul>\n<li><strong><span style=\"color: #0000ff\">TNS Eginaldo Alves Guerreiro<br \/>\n<\/span><\/strong><\/li>\n<\/ul>\n<ul style=\"text-align: justify\">\n<li><strong><span style=\"color: #0000ff\">Francisco Assis de Lima &#8211; Vigilante<\/span>\n<p><\/strong><\/li>\n<\/ul>\n<h3 style=\"text-align: justify\"><strong><br \/>\n<span style=\"color: #0000ff\">Departamento de Manuten\u00e7\u00e3o e Seguran\u00e7a &#8211; DMS:<\/span><\/strong><\/h3>\n<ul style=\"text-align: justify\">\n<li><strong><span style=\"color: #0000ff\">TNS Eliseu Damasco de Souza Mascarenhas Segundo &#8211; Secret\u00e1rio<br \/>\n<\/span><\/strong><\/li>\n<\/ul>\n<ul style=\"text-align: justify\">\n<li><strong><span style=\"color: #0000ff\">TNS Antonio Thyago Teixeira Jales &#8211; Chefe de Divis\u00e3o de Governan\u00e7a I<br \/>\n<\/span><\/strong><\/li>\n<\/ul>\n<ul style=\"text-align: justify\">\n<li><strong><span style=\"color: #0000ff\">TNM Diogo Victor Pinheiro da Silva &#8211; Chefe de Divis\u00e3o de Governan\u00e7a II<\/span><\/strong><strong>\u00a0<\/strong><\/li>\n<\/ul>\n<p>&nbsp;<\/p>\n<h3 style=\"text-align: justify\"><strong><br \/>\n<span style=\"color: #0000ff\">Departamento de Transportes &#8211; DT:<\/span><\/strong><\/h3>\n<ul style=\"text-align: justify\">\n<li><span style=\"color: #0000ff\"><strong>TNM Paulo Eduardo Gomes Oliveira<br \/>\n<\/strong><\/span><\/li>\n<\/ul>\n<ul style=\"text-align: justify\">\n<li><strong><span style=\"color: #0000ff\">Marcelo Patrick Viana Rodrigues &#8211; Motorista<\/span>\n<p><\/strong><\/li>\n<\/ul>\n<h3 style=\"text-align: justify\"><strong><br \/>\n<span style=\"color: #0000ff\">Departamento de Materiais e Patrim\u00f4nio &#8211; DMP:<\/span><\/strong><\/h3>\n<ul style=\"text-align: justify\">\n<li><strong><strong><strong><span style=\"color: #0000ff\">TNM Lu\u00e9cia Maria R\u00e9gis Franca &#8211; Secret\u00e1ria<\/span><br \/>\n<\/strong><\/strong><\/strong><\/li>\n<\/ul>\n<ul style=\"text-align: justify\">\n<li><strong><span style=\"color: #0000ff\">TNS <\/span><\/strong><strong><span style=\"color: #0000ff\">Sandy Thomaz dos Santos<br \/>\n<\/span><\/strong><\/li>\n<\/ul>\n<ul>\n<li><strong><span style=\"color: #0000ff\">TNM D\u00e9bora de Sousa Dantas<\/span><\/strong><strong><span style=\"color: #0000ff\"><br \/>\n<\/span><\/strong><\/li>\n<\/ul>\n<p>&nbsp;<\/p>\n<h3 style=\"text-align: justify\"><strong><br \/>\n<span style=\"color: #0000ff\">Setor de Arquivo e Documenta\u00e7\u00e3o &#8211; SAD:<\/span><\/strong><\/h3>\n<ul style=\"text-align: justify\">\n<li><span style=\"color: #0000ff\"><strong>TNM Paulo Alc\u00e2ntara da Silveira<br \/>\n<\/strong><\/span><strong>\u00a0<\/strong><\/li>\n<\/ul>\n<h3><\/h3>\n<h3 style=\"text-align: justify\"><strong><br \/>\n<span style=\"color: #0000ff\">Setor de Almoxarifado &#8211; SA:<\/span><\/strong><\/h3>\n<ul style=\"text-align: justify\">\n<li><span style=\"color: #0000ff\"><strong>TNS Vald\u00eanio Medeiros de Souza<\/strong><\/span><\/li>\n<\/ul>\n<p>&nbsp;<\/p>\n<p>&nbsp;<\/p>\n<h3 style=\"text-align: justify\"><span style=\"color: #0000ff\"><strong>Setor de Di\u00e1rias, Hospedagens e Di\u00e1rias &#8211; SDHP:<\/strong><\/span><\/h3>\n<ul style=\"text-align: justify\">\n<li><strong><strong><strong><span style=\"color: #0000ff\">TNS Andr\u00e9a Emanuelle Bezerra de Oliveira Farias<\/span><br \/>\n<\/strong><\/strong><\/strong><\/li>\n<\/ul>\n<ul style=\"text-align: justify\">\n<li><strong><span style=\"color: #0000ff\">TNM Samira Fortunato do Nascimento Paiva<\/span>\n<p><\/strong><\/li>\n<\/ul>\n<h3><\/h3>\n<h3 style=\"text-align: justify\"><strong><br \/>\n<span style=\"color: #0000ff\">Diretoria de Licita\u00e7\u00f5es e Contratos &#8211; DLC:<\/span><\/strong><\/h3>\n<ul style=\"text-align: justify\">\n<li><strong><strong><strong><span style=\"color: #0000ff\">TNM V\u00e2nia Meyreli Paloma Mendes dos Santos<\/span><br \/>\n<\/strong><\/strong><\/strong><\/li>\n<\/ul>\n<ul style=\"text-align: justify\">\n<li><strong><strong><strong><span style=\"color: #0000ff\">TNM Yasminn Dantas de Macedo<\/span><\/strong><\/strong><\/strong><\/li>\n<\/ul>\n<ul style=\"text-align: justify\">\n<li><strong><strong><strong><span style=\"color: #0000ff\">TNS Il\u00e2nio Maur\u00edcio Nunes<\/span><\/strong><\/strong><\/strong><\/li>\n<\/ul>\n<ul style=\"text-align: justify\">\n<li><strong><strong><strong><span style=\"color: #0000ff\">TNS Mayara Medeiros Alves<\/span><br \/>\n<\/strong><\/strong><\/strong><\/li>\n<\/ul>\n<ul style=\"text-align: justify\">\n<li><strong><strong><strong><span style=\"color: #0000ff\">TNM Jos\u00e9 Victor Pinheiro Azevedo \u2013 Pregoeiro<\/span><\/strong><\/strong><\/strong><\/li>\n<\/ul>\n<ul style=\"text-align: justify\">\n<li><strong><strong><strong><span style=\"color: #0000ff\">TNM Paulo de Tarso de Paula Santiago \u2013 Pregoeiro<\/span><br \/>\n<\/strong><\/strong><\/strong><\/li>\n<\/ul>\n<ul style=\"text-align: justify\">\n<li><strong><span style=\"color: #0000ff\">TNS Ra\u00edssa Carla Fernandes Lobato Marques \u2013 Pregoeira<\/span>\n<p><\/strong><\/li>\n<\/ul>\n<p>&nbsp;<\/p>\n","protected":false},"excerpt":{"rendered":"<p>&nbsp; Diretoria de Administra\u00e7\u00e3o e Servi\u00e7os &#8211; DAS: TNS Denise Oliveira Rebou\u00e7as TNS Diego Allan Pinto de Abreu TNS Erione de Souza Costa TNS Ianara Cibelly Vieira TNM Neylson de Jesus Gon\u00e7alves Moreno TNS Eginaldo Alves Guerreiro Francisco Assis de Lima &#8211; Vigilante Departamento de Manuten\u00e7\u00e3o e Seguran\u00e7a &#8211; DMS: TNS Eliseu Damasco de Souza [&hellip;]<\/p>\n","protected":false},"author":1,"featured_media":0,"parent":0,"menu_order":0,"comment_status":"closed","ping_status":"closed","template":"","meta":{"footnotes":""},"class_list":["post-338","page","type-page","status-publish","hentry"],"_links":{"self":[{"href":"https:\/\/portal.uern.br\/proad\/wp-json\/wp\/v2\/pages\/338","targetHints":{"allow":["GET"]}}],"collection":[{"href":"https:\/\/portal.uern.br\/proad\/wp-json\/wp\/v2\/pages"}],"about":[{"href":"https:\/\/portal.uern.br\/proad\/wp-json\/wp\/v2\/types\/page"}],"author":[{"embeddable":true,"href":"https:\/\/portal.uern.br\/proad\/wp-json\/wp\/v2\/users\/1"}],"replies":[{"embeddable":true,"href":"https:\/\/portal.uern.br\/proad\/wp-json\/wp\/v2\/comments?post=338"}],"version-history":[{"count":49,"href":"https:\/\/portal.uern.br\/proad\/wp-json\/wp\/v2\/pages\/338\/revisions"}],"predecessor-version":[{"id":1873,"href":"https:\/\/portal.uern.br\/proad\/wp-json\/wp\/v2\/pages\/338\/revisions\/1873"}],"wp:attachment":[{"href":"https:\/\/portal.uern.br\/proad\/wp-json\/wp\/v2\/media?parent=338"}],"curies":[{"name":"wp","href":"https:\/\/api.w.org\/{rel}","templated":true}]}}