{"id":306,"date":"2022-06-10T09:19:30","date_gmt":"2022-06-10T12:19:30","guid":{"rendered":"https:\/\/paisdemossoro.com.br\/wordpress\/proad\/?page_id=306"},"modified":"2025-07-08T10:58:09","modified_gmt":"2025-07-08T13:58:09","slug":"apresentacao","status":"publish","type":"page","link":"https:\/\/portal.uern.br\/proad\/","title":{"rendered":"Apresenta\u00e7\u00e3o"},"content":{"rendered":"<h1><\/h1>\n<p>&nbsp;<\/p>\n<p><img fetchpriority=\"high\" decoding=\"async\" class=\"aligncenter\" src=\"https:\/\/www.uern.br\/controledepaginas\/proad-apresentacao\/imagens\/0472proad.jpg\" alt=\"PROAD\" width=\"527\" height=\"376\" \/><\/p>\n<h6 align=\"justify\"><\/h6>\n<p>&nbsp;<\/p>\n<h6 align=\"justify\"><\/h6>\n<h3 class=\"western\" align=\"justify\"><span style=\"color: #0000ff\"><strong><span style=\"font-family: 'Times New Roman', serif\"><span style=\"font-size: medium\">A Pr\u00f3-Reitoria de Administra\u00e7\u00e3o &#8211; PROAD tem por objetivo auxiliar o(a) Reitor(a)\/Presidente(a) em suas tarefas executivas de gest\u00e3o administrativa e patrimonial da UERN\/FUERN.<\/span><\/span><\/strong><\/span><\/h3>\n<h3 class=\"western\" align=\"justify\"><span style=\"color: #0000ff\"><strong><span style=\"font-family: Times New Roman, serif\"><span style=\"font-size: medium\">Por ser uma Pr\u00f3-Reitoria meio, faz interface com as outras Pr\u00f3-Reitorias, C<\/span><\/span><span style=\"font-family: Times New Roman, serif\"><span style=\"font-size: medium\"><i>ampi<\/i><\/span><\/span><span style=\"font-family: Times New Roman, serif\"><span style=\"font-size: medium\">, Faculdades e demais setores da Institui\u00e7\u00e3o, com o objetivo de atingir suas atividades fins: o ensino, a pesquisa e a extens\u00e3o, de forma din\u00e2mica, eficiente e em acordo com as perspectivas da sociedade local e global.<\/span><\/span><\/strong><\/span><\/h3>\n<h3 class=\"western\" align=\"justify\"><span style=\"color: #0000ff\"><strong><span style=\"font-family: 'Times New Roman', serif\"><span style=\"font-size: medium\">S\u00e3o compet\u00eancias da PROAD no \u00e2mbito da UERN, de um modo geral, a execu\u00e7\u00e3o dos procedimentos de licita\u00e7\u00f5es e compras p\u00fablicas, bem como a gest\u00e3o e fiscaliza\u00e7\u00e3o dos contratos de bens e servi\u00e7os comuns.<\/span><\/span><\/strong><\/span><\/h3>\n<h3 class=\"western\" align=\"justify\"><span style=\"color: #0000ff\"><strong><span style=\"font-family: 'Times New Roman', serif\"><span style=\"font-size: medium\">Na PROAD, esse compromisso \u00e9 efetivado atrav\u00e9s da Diretoria de Administra\u00e7\u00e3o e Servi\u00e7os &#8211; DAS e da Diretoria de Licita\u00e7\u00f5es e Contratos &#8211; DLC, mediante as atividades de seus Departamentos e Setores.<\/span><\/span><\/strong><\/span><\/h3>\n<h3 class=\"western\" align=\"justify\"><span style=\"color: #0000ff\"><strong><span style=\"font-family: 'Times New Roman', serif\"><span style=\"font-size: medium\">A partir do seu organograma, s\u00e3o visualizados os setores dessa Pr\u00f3-Reitoria, cuja miss\u00e3o principal \u00e9 dar suporte t\u00e9cnico e administrativo aos diversos setores da UERN\/FUERN, permitindo-lhes desenvolverem suas atividades do modo mais eficiente poss\u00edvel, sem perder de vista o cumprimento dos princ\u00edpios b\u00e1sicos que norteiam a atua\u00e7\u00e3o de qualquer gestor p\u00fablico brasileiro: legalidade, impessoalidade, moralidade, publicidade e efici\u00eancia. Estes s\u00e3o os valores estabelecidos pela PROAD na efetiva\u00e7\u00e3o de suas atividades administrativas. <\/span><\/span><\/strong><\/span><\/h3>\n<p>&nbsp;<\/p>\n<p align=\"justify\">\n","protected":false},"excerpt":{"rendered":"<p>&nbsp; &nbsp; A Pr\u00f3-Reitoria de Administra\u00e7\u00e3o &#8211; PROAD tem por objetivo auxiliar o(a) Reitor(a)\/Presidente(a) em suas tarefas executivas de gest\u00e3o administrativa e patrimonial da UERN\/FUERN. Por ser uma Pr\u00f3-Reitoria meio, faz interface com as outras Pr\u00f3-Reitorias, Campi, Faculdades e demais setores da Institui\u00e7\u00e3o, com o objetivo de atingir suas atividades fins: o ensino, a pesquisa [&hellip;]<\/p>\n","protected":false},"author":1,"featured_media":0,"parent":0,"menu_order":0,"comment_status":"closed","ping_status":"closed","template":"","meta":{"footnotes":""},"class_list":["post-306","page","type-page","status-publish","hentry"],"_links":{"self":[{"href":"https:\/\/portal.uern.br\/proad\/wp-json\/wp\/v2\/pages\/306","targetHints":{"allow":["GET"]}}],"collection":[{"href":"https:\/\/portal.uern.br\/proad\/wp-json\/wp\/v2\/pages"}],"about":[{"href":"https:\/\/portal.uern.br\/proad\/wp-json\/wp\/v2\/types\/page"}],"author":[{"embeddable":true,"href":"https:\/\/portal.uern.br\/proad\/wp-json\/wp\/v2\/users\/1"}],"replies":[{"embeddable":true,"href":"https:\/\/portal.uern.br\/proad\/wp-json\/wp\/v2\/comments?post=306"}],"version-history":[{"count":44,"href":"https:\/\/portal.uern.br\/proad\/wp-json\/wp\/v2\/pages\/306\/revisions"}],"predecessor-version":[{"id":1806,"href":"https:\/\/portal.uern.br\/proad\/wp-json\/wp\/v2\/pages\/306\/revisions\/1806"}],"wp:attachment":[{"href":"https:\/\/portal.uern.br\/proad\/wp-json\/wp\/v2\/media?parent=306"}],"curies":[{"name":"wp","href":"https:\/\/api.w.org\/{rel}","templated":true}]}}