{"id":1780,"date":"2025-06-27T11:24:45","date_gmt":"2025-06-27T14:24:45","guid":{"rendered":"https:\/\/portal.uern.br\/proad\/?page_id=1780"},"modified":"2025-06-27T11:25:22","modified_gmt":"2025-06-27T14:25:22","slug":"atribuicoes-do-dms","status":"publish","type":"page","link":"https:\/\/portal.uern.br\/proad\/atribuicoes-do-dms\/","title":{"rendered":"Atribui\u00e7\u00f5es do DMS"},"content":{"rendered":"<p>&nbsp;<\/p>\n<ul>\n<li style=\"list-style-type: none\">\n<ul>\n<li>Coordenar e supervisionar os setores, a fim de viabilizar a seguran\u00e7a, a limpeza, a conserva\u00e7\u00e3o e o bom funcionamento das estruturas f\u00edsicas e prediais b\u00e1sicas da Institui\u00e7\u00e3o;<\/li>\n<li>Outras tarefas correlatas.<\/li>\n<\/ul>\n<\/li>\n<\/ul>\n<h3><\/h3>\n","protected":false},"excerpt":{"rendered":"<p>&nbsp; Coordenar e supervisionar os setores, a fim de viabilizar a seguran\u00e7a, a limpeza, a conserva\u00e7\u00e3o e o bom funcionamento das estruturas f\u00edsicas e prediais b\u00e1sicas da Institui\u00e7\u00e3o; Outras tarefas correlatas.<\/p>\n","protected":false},"author":2,"featured_media":0,"parent":0,"menu_order":0,"comment_status":"closed","ping_status":"closed","template":"","meta":{"footnotes":""},"class_list":["post-1780","page","type-page","status-publish","hentry"],"_links":{"self":[{"href":"https:\/\/portal.uern.br\/proad\/wp-json\/wp\/v2\/pages\/1780","targetHints":{"allow":["GET"]}}],"collection":[{"href":"https:\/\/portal.uern.br\/proad\/wp-json\/wp\/v2\/pages"}],"about":[{"href":"https:\/\/portal.uern.br\/proad\/wp-json\/wp\/v2\/types\/page"}],"author":[{"embeddable":true,"href":"https:\/\/portal.uern.br\/proad\/wp-json\/wp\/v2\/users\/2"}],"replies":[{"embeddable":true,"href":"https:\/\/portal.uern.br\/proad\/wp-json\/wp\/v2\/comments?post=1780"}],"version-history":[{"count":2,"href":"https:\/\/portal.uern.br\/proad\/wp-json\/wp\/v2\/pages\/1780\/revisions"}],"predecessor-version":[{"id":1784,"href":"https:\/\/portal.uern.br\/proad\/wp-json\/wp\/v2\/pages\/1780\/revisions\/1784"}],"wp:attachment":[{"href":"https:\/\/portal.uern.br\/proad\/wp-json\/wp\/v2\/media?parent=1780"}],"curies":[{"name":"wp","href":"https:\/\/api.w.org\/{rel}","templated":true}]}}