{"id":1722,"date":"2025-06-27T09:52:05","date_gmt":"2025-06-27T12:52:05","guid":{"rendered":"https:\/\/portal.uern.br\/proad\/?page_id=1722"},"modified":"2025-06-27T11:19:28","modified_gmt":"2025-06-27T14:19:28","slug":"departamentos-e-setores-vinculados-a-das","status":"publish","type":"page","link":"https:\/\/portal.uern.br\/proad\/departamentos-e-setores-vinculados-a-das\/","title":{"rendered":"Departamentos e Setores vinculados"},"content":{"rendered":"<h3><\/h3>\n<h3><\/h3>\n<h3><\/h3>\n<h3 style=\"padding-left: 40px\"><strong><span style=\"color: #800000\">1) Setor de Di\u00e1rias, Hospedagens e Passagens &#8211; SDHP:\u00a0<\/span><\/strong><\/h3>\n<h3 style=\"padding-left: 40px\"><strong><span style=\"color: #800000\">2) Setor de Arquivo e Documenta\u00e7\u00e3o &#8211; SAD;<\/span><\/strong><\/h3>\n<h3 style=\"padding-left: 40px\"><strong><span style=\"color: #800000\">3) Departamento de Materiais e Patrim\u00f4nio &#8211; DMP;<\/span><\/strong><span style=\"color: #000000\"><strong>\u00a0\u00a0<\/strong><\/span><\/h3>\n<h3 style=\"padding-left: 40px\"><strong><span style=\"color: #800000\">4) Departamento de Manuten\u00e7\u00e3o e Seguran\u00e7a &#8211; DMS;<\/span><\/strong><\/h3>\n<h5 style=\"padding-left: 40px\"><span style=\"color: #000000\"><strong>\u00a0 \u00a0 \u00a0 \u00a0<\/strong><strong>Atribui\u00e7\u00f5es:<\/strong><\/span><\/h5>\n<ul>\n<li style=\"list-style-type: none\">\n<ul style=\"text-align: justify\">\n<li><span style=\"color: #000000\">Coordenar e supervisionar os setores, a fim de viabilizar a seguran\u00e7a, a limpeza, a conserva\u00e7\u00e3o e o bom funcionamento das estruturas f\u00edsicas e prediais b\u00e1sicas da Institui\u00e7\u00e3o;<\/span><\/li>\n<li><span style=\"color: #000000\">Outras tarefas correlatas.<\/span><\/li>\n<\/ul>\n<\/li>\n<\/ul>\n<p>&nbsp;<\/p>\n<h5>\u00a0 \u00a0 \u00a0 \u00a0 \u00a0 \u00a0 \u00a0<strong> \u00a0 <span style=\"color: #000000\">Dois Setores est\u00e3o vinculados ao Departamento de Manuten\u00e7\u00e3o e Seguran\u00e7a &#8211; DMS:<\/span><\/strong><\/h5>\n<p>&nbsp;<\/p>\n<h4 style=\"padding-left: 40px\"><span style=\"color: #800000\"><strong>\u00a0 \u00a0 \u00a0 <span style=\"color: #ff0000\">a<\/span><\/strong><\/span><span style=\"color: #ff0000\"><strong>)\u00a0 Se<\/strong><strong>tor de Manuten\u00e7\u00e3o &#8211; SM:<\/strong><\/span><\/h4>\n<h5 style=\"padding-left: 40px\"><span style=\"color: #000000\"><strong>\u00a0 \u00a0 \u00a0 \u00a0 \u00a0 \u00a0 \u00a0 <\/strong><strong>Atribui\u00e7\u00f5es:<\/strong><\/span><\/h5>\n<ul>\n<li style=\"list-style-type: none\">\n<ul>\n<li style=\"list-style-type: none\">\n<ul>\n<li><span style=\"color: #000000\">Responder pela limpeza e manuten\u00e7\u00e3o b\u00e1sica em geral das estruturas f\u00edsicas da UERN;<\/span><\/li>\n<li><span style=\"color: #000000\">Gerenciar e fiscalizar servi\u00e7os de limpeza de todos os ambientes da Institui\u00e7\u00e3o, objetivando proporcionar ambientes limpos e confort\u00e1veis aos alunos, professores e t\u00e9cnicos administrativos da UERN;<\/span><\/li>\n<li><span style=\"color: #000000\">Gerenciar e fiscalizar servi\u00e7os de manuten\u00e7\u00e3o em geral, a fim de garantir o funcionamento e conserva\u00e7\u00e3o b\u00e1sica das estruturas prediais e equipamentos da UERN;<\/span><\/li>\n<li><span style=\"color: #000000\">Articular a\u00e7\u00f5es com divis\u00f5es em unidades descentralizadas no Campus de Mossor\u00f3 e divis\u00f5es em todos os <em>Campi,<\/em> a fim de operar, organizar, demandar e propor solu\u00e7\u00f5es nesta \u00e1rea;<\/span><\/li>\n<li><span style=\"color: #000000\">Outras tarefas correlatas.<\/span><\/li>\n<\/ul>\n<\/li>\n<\/ul>\n<\/li>\n<li style=\"list-style-type: none\"><\/li>\n<\/ul>\n<h4 style=\"padding-left: 40px\"><span style=\"color: #800000\"><strong>\u00a0 \u00a0 \u00a0 <\/strong><\/span><span style=\"color: #ff0000\"><strong>b)\u00a0 Se<\/strong><strong>tor de Seguran\u00e7a &#8211; SS:<\/strong><\/span><\/h4>\n<h5 style=\"padding-left: 40px\"><span style=\"color: #800000\"><strong>\u00a0 \u00a0<\/strong><\/span><span style=\"color: #000000\"><strong>\u00a0 \u00a0 \u00a0 \u00a0 \u00a0 \u00a0<\/strong><strong>Atribui\u00e7\u00f5es:<\/strong><\/span><\/h5>\n<ul>\n<li style=\"list-style-type: none\">\n<ul>\n<li style=\"list-style-type: none\">\n<ul style=\"text-align: justify\">\n<li><span style=\"color: #000000\">Responder pela vigil\u00e2ncia patrimonial e seguran\u00e7a em geral da UERN, articulando com os demais <em>Campi,<\/em> a gim de buscar e propor solu\u00e7\u00f5es nesta \u00e1rea, com vistas a proporcionar um ambiente seguro, ordeiro e confort\u00e1vel aos alunos, professores e t\u00e9cnicos administrativos da UERN;<\/span><\/li>\n<li><span style=\"color: #000000\">Orientar os usu\u00e1rios quanto \u00e0 guarda do patrim\u00f4nio f\u00edsico da UERN, assim como responder por aqueles bens que, direta ou indiretamente, estejam sob sua responsabilidade;<\/span><\/li>\n<li><span style=\"color: #000000\">Orientar os usu\u00e1rios sobre procedimentos em caso de ocorr\u00eancias relacionadas \u00e0 seguran\u00e7a patrimonial;<\/span><\/li>\n<li><span style=\"color: #000000\">Outras tarefas correlatas.<\/span><\/li>\n<\/ul>\n<\/li>\n<\/ul>\n<\/li>\n<\/ul>\n<h5><\/h5>\n<h3 style=\"padding-left: 40px\"><strong><span style=\"color: #800000\">5) Departamento de Transportes &#8211; DT:<\/span><\/strong><\/h3>\n<h5 style=\"padding-left: 40px\"><span style=\"color: #000000\"><strong>\u00a0 \u00a0 \u00a0 \u00a0 <\/strong><strong>Atribui\u00e7\u00f5es:<\/strong><\/span><\/h5>\n<ul>\n<li style=\"list-style-type: none\">\n<ul style=\"text-align: justify\">\n<li><span style=\"color: #000000\">Responder pela log\u00edstica e transporte de professores, t\u00e9cnicos administrativos e estudantes da Universidade, bem como de carga e materiais, no interesse desta IES, orientando e sendo auxiliado pelos Setores de Transportes dos <em>Campi<\/em> Avan\u00e7ados nestas tarefas;<\/span><\/li>\n<li><span style=\"color: #000000\">Responder pela manuten\u00e7\u00e3o e abastecimento da frota veicular;<\/span><\/li>\n<li><span style=\"color: #000000\">Responder pelos contratos e servi\u00e7os relacionados aos transportes da Institui\u00e7\u00e3o;<\/span><\/li>\n<li><span style=\"color: #000000\">Outras tarefas correlatas.<\/span><\/li>\n<\/ul>\n<\/li>\n<\/ul>\n<p>&nbsp;<\/p>\n","protected":false},"excerpt":{"rendered":"<p>1) Setor de Di\u00e1rias, Hospedagens e Passagens &#8211; SDHP:\u00a0 2) Setor de Arquivo e Documenta\u00e7\u00e3o &#8211; SAD; 3) Departamento de Materiais e Patrim\u00f4nio &#8211; DMP;\u00a0\u00a0 4) Departamento de Manuten\u00e7\u00e3o e Seguran\u00e7a &#8211; DMS; \u00a0 \u00a0 \u00a0 \u00a0Atribui\u00e7\u00f5es: Coordenar e supervisionar os setores, a fim de viabilizar a seguran\u00e7a, a limpeza, a conserva\u00e7\u00e3o e o bom [&hellip;]<\/p>\n","protected":false},"author":2,"featured_media":0,"parent":0,"menu_order":0,"comment_status":"closed","ping_status":"closed","template":"","meta":{"footnotes":""},"class_list":["post-1722","page","type-page","status-publish","hentry"],"_links":{"self":[{"href":"https:\/\/portal.uern.br\/proad\/wp-json\/wp\/v2\/pages\/1722","targetHints":{"allow":["GET"]}}],"collection":[{"href":"https:\/\/portal.uern.br\/proad\/wp-json\/wp\/v2\/pages"}],"about":[{"href":"https:\/\/portal.uern.br\/proad\/wp-json\/wp\/v2\/types\/page"}],"author":[{"embeddable":true,"href":"https:\/\/portal.uern.br\/proad\/wp-json\/wp\/v2\/users\/2"}],"replies":[{"embeddable":true,"href":"https:\/\/portal.uern.br\/proad\/wp-json\/wp\/v2\/comments?post=1722"}],"version-history":[{"count":5,"href":"https:\/\/portal.uern.br\/proad\/wp-json\/wp\/v2\/pages\/1722\/revisions"}],"predecessor-version":[{"id":1779,"href":"https:\/\/portal.uern.br\/proad\/wp-json\/wp\/v2\/pages\/1722\/revisions\/1779"}],"wp:attachment":[{"href":"https:\/\/portal.uern.br\/proad\/wp-json\/wp\/v2\/media?parent=1722"}],"curies":[{"name":"wp","href":"https:\/\/api.w.org\/{rel}","templated":true}]}}