{"id":1610,"date":"2025-02-20T11:36:34","date_gmt":"2025-02-20T14:36:34","guid":{"rendered":"https:\/\/portal.uern.br\/proad\/?page_id=1610"},"modified":"2025-06-27T10:42:33","modified_gmt":"2025-06-27T13:42:33","slug":"atribuicoes-da-diretoria-dlc","status":"publish","type":"page","link":"https:\/\/portal.uern.br\/proad\/atribuicoes-da-diretoria-dlc\/","title":{"rendered":"Atribui\u00e7\u00f5es da DLC"},"content":{"rendered":"<p>&nbsp;<\/p>\n<h5><\/h5>\n<ul style=\"text-align: justify\">\n<li style=\"list-style-type: none\">\n<ul>\n<li>Responder pela log\u00edstica e transporte de professores, t\u00e9cnicos administrativos e estudantes da Universidade, bem como de carga e materiais, no interesse desta IES, orientando e sendo auxiliado pelos Setores de Transportes dos\u00a0<em>Campi<\/em>\u00a0Avan\u00e7ados nestas tarefas;<\/li>\n<li>Responder, de forma geral, pelas licita\u00e7\u00f5es e compras p\u00fablicas no \u00e2mbito desta IES, regidos na forma da lei e regulamentos vigentes;<\/li>\n<li>Organizar, avaliar e executar os processos de leil\u00f5es e desfazimentos de bens;<\/li>\n<li>Outras tarefas correlatas.<\/li>\n<\/ul>\n<\/li>\n<\/ul>\n","protected":false},"excerpt":{"rendered":"<p>&nbsp; Responder pela log\u00edstica e transporte de professores, t\u00e9cnicos administrativos e estudantes da Universidade, bem como de carga e materiais, no interesse desta IES, orientando e sendo auxiliado pelos Setores de Transportes dos\u00a0Campi\u00a0Avan\u00e7ados nestas tarefas; Responder, de forma geral, pelas licita\u00e7\u00f5es e compras p\u00fablicas no \u00e2mbito desta IES, regidos na forma da lei e regulamentos [&hellip;]<\/p>\n","protected":false},"author":2,"featured_media":0,"parent":0,"menu_order":0,"comment_status":"closed","ping_status":"closed","template":"","meta":{"footnotes":""},"class_list":["post-1610","page","type-page","status-publish","hentry"],"_links":{"self":[{"href":"https:\/\/portal.uern.br\/proad\/wp-json\/wp\/v2\/pages\/1610","targetHints":{"allow":["GET"]}}],"collection":[{"href":"https:\/\/portal.uern.br\/proad\/wp-json\/wp\/v2\/pages"}],"about":[{"href":"https:\/\/portal.uern.br\/proad\/wp-json\/wp\/v2\/types\/page"}],"author":[{"embeddable":true,"href":"https:\/\/portal.uern.br\/proad\/wp-json\/wp\/v2\/users\/2"}],"replies":[{"embeddable":true,"href":"https:\/\/portal.uern.br\/proad\/wp-json\/wp\/v2\/comments?post=1610"}],"version-history":[{"count":7,"href":"https:\/\/portal.uern.br\/proad\/wp-json\/wp\/v2\/pages\/1610\/revisions"}],"predecessor-version":[{"id":1756,"href":"https:\/\/portal.uern.br\/proad\/wp-json\/wp\/v2\/pages\/1610\/revisions\/1756"}],"wp:attachment":[{"href":"https:\/\/portal.uern.br\/proad\/wp-json\/wp\/v2\/media?parent=1610"}],"curies":[{"name":"wp","href":"https:\/\/api.w.org\/{rel}","templated":true}]}}