{"id":1007,"date":"2023-03-30T09:51:04","date_gmt":"2023-03-30T12:51:04","guid":{"rendered":"https:\/\/portal.uern.br\/proad\/?page_id=1007"},"modified":"2023-03-30T09:57:50","modified_gmt":"2023-03-30T12:57:50","slug":"manuais-2","status":"publish","type":"page","link":"https:\/\/portal.uern.br\/proad\/manuais-2\/","title":{"rendered":"Manual de Rotinas Administrativas da UERN"},"content":{"rendered":"<p>&nbsp;<\/p>\n<p>&nbsp;<\/p>\n<p>O Manual de Cargos, Fun\u00e7\u00f5es e Rotinas Administrativas da Universidade do Estado do Rio Grande do Norte-UERN \u00e9 um instrumento de orienta\u00e7\u00e3o e utilidade no servi\u00e7o p\u00fablico que tem por objetivo orientar servidores, gestores, estudantes e demais pessoas interessadas, sobre o trabalho administrativo desenvolvido na Institui\u00e7\u00e3o.<\/p>\n<p>Este apresenta uma metodologia clara, objetiva e informativa, com vistas a atender a miss\u00e3o institucional, buscando harmonizar, uniformizar, racionalizar e otimizar as rela\u00e7\u00f5es de trabalho entre os servidores.<\/p>\n<p>A UERN disp\u00f5e, atualmente, de 09 cargos p\u00fablicos administrativos de provimento efetivo, dispostos conforme as Leis Complementares n\u00bas 388\/2009 e 389\/2009 do Governo do Estado do Rio Grande do Norte, ambas de 30 de junho de 2009.<\/p>\n<p>Os referidos cargos disp\u00f5em de diversas fun\u00e7\u00f5es que, para a devida investidura s\u00e3o determinadas atribui\u00e7\u00f5es gerais, conforme mostra o QUADRO 1.<\/p>\n<p>Com a devida investidura nos respectivos cargos, os servidores executam rotinas administrativas inerentes \u00e0s suas fun\u00e7\u00f5es, com a finalidade de possibilitar maior efic\u00e1cia no desenvolvimento dos trabalhos dos diversos setores da Institui\u00e7\u00e3o. O conhecimento de tais rotinas, torna poss\u00edvel um melhor entendimento da estrutura e funcionamento da UERN, conforme mostra o QUADRO 2.<\/p>\n<p>Este Manual \u00e9, portanto, uma ferramenta de trabalho, para quem dele precisa profissionalmente e um aux\u00edlio a quem vai consult\u00e1-lo esporadicamente para as mais diversas finalidades.<\/p>\n<p>&nbsp;<\/p>\n<ul>\n<li><a href=\"https:\/\/drive.google.com\/file\/d\/1jcWK1TxHGEs2dCz0u8aL7KdaNxag4uXy\/view?usp=share_link\">Manual de Rotinas Administrativas da UERN<\/a><\/li>\n<\/ul>\n<p>&nbsp;<\/p>\n<p>&nbsp;<\/p>\n","protected":false},"excerpt":{"rendered":"<p>&nbsp; &nbsp; O Manual de Cargos, Fun\u00e7\u00f5es e Rotinas Administrativas da Universidade do Estado do Rio Grande do Norte-UERN \u00e9 um instrumento de orienta\u00e7\u00e3o e utilidade no servi\u00e7o p\u00fablico que tem por objetivo orientar servidores, gestores, estudantes e demais pessoas interessadas, sobre o trabalho administrativo desenvolvido na Institui\u00e7\u00e3o. Este apresenta uma metodologia clara, objetiva e [&hellip;]<\/p>\n","protected":false},"author":2,"featured_media":0,"parent":0,"menu_order":0,"comment_status":"closed","ping_status":"closed","template":"","meta":{"footnotes":""},"class_list":["post-1007","page","type-page","status-publish","hentry"],"_links":{"self":[{"href":"https:\/\/portal.uern.br\/proad\/wp-json\/wp\/v2\/pages\/1007","targetHints":{"allow":["GET"]}}],"collection":[{"href":"https:\/\/portal.uern.br\/proad\/wp-json\/wp\/v2\/pages"}],"about":[{"href":"https:\/\/portal.uern.br\/proad\/wp-json\/wp\/v2\/types\/page"}],"author":[{"embeddable":true,"href":"https:\/\/portal.uern.br\/proad\/wp-json\/wp\/v2\/users\/2"}],"replies":[{"embeddable":true,"href":"https:\/\/portal.uern.br\/proad\/wp-json\/wp\/v2\/comments?post=1007"}],"version-history":[{"count":8,"href":"https:\/\/portal.uern.br\/proad\/wp-json\/wp\/v2\/pages\/1007\/revisions"}],"predecessor-version":[{"id":1017,"href":"https:\/\/portal.uern.br\/proad\/wp-json\/wp\/v2\/pages\/1007\/revisions\/1017"}],"wp:attachment":[{"href":"https:\/\/portal.uern.br\/proad\/wp-json\/wp\/v2\/media?parent=1007"}],"curies":[{"name":"wp","href":"https:\/\/api.w.org\/{rel}","templated":true}]}}