{"id":974,"date":"2023-02-24T16:41:31","date_gmt":"2023-02-24T19:41:31","guid":{"rendered":"https:\/\/portal.uern.br\/prae\/?page_id=974"},"modified":"2025-02-07T12:55:12","modified_gmt":"2025-02-07T15:55:12","slug":"apresentacao-setor-de-acoes-afirmativas-e-assistencia-estudantil","status":"publish","type":"page","link":"https:\/\/portal.uern.br\/prae\/apresentacao-setor-de-acoes-afirmativas-e-assistencia-estudantil\/","title":{"rendered":"Apresenta\u00e7\u00e3o &#8211; Setor de A\u00e7\u00f5es Afirmativas e Assist\u00eancia Estudantil"},"content":{"rendered":"<p align=\"justify\"><span style=\"color: #000000\"><span style=\"font-family: Arial\"><span style=\"font-size: medium\">Para fortalecer as a\u00e7\u00f5es de assist\u00eancias aos(\u00e0s) estudantes, a PRAE disp\u00f5e do Setor de A\u00e7\u00f5es Afirmativas e Assist\u00eancia Estudantil, que \u00e9 respons\u00e1vel pelo controle e gerenciamento dos programas e aux\u00edlios que objetivam promover a perman\u00eancia dos(as) discentes cursos de gradua\u00e7\u00e3o e p\u00f3s-gradua\u00e7\u00e3o. Em todos os processos seletivos para a distribui\u00e7\u00e3o dos aux\u00edlios h\u00e1 a reserva de pelo menos 5% das vagas para Pessoas com Defici\u00eancia.<\/span><\/span><\/span><\/p>\n<p align=\"justify\"><span style=\"color: #000000\"><span style=\"font-family: Arial\"><span style=\"font-size: medium\">Os programas e aux\u00edlios de assist\u00eancia estudantil destinados aos estudantes em situa\u00e7\u00e3o de vulnerabilidade socioecon\u00f4mica incluem o Programa de Apoio ao Estudante (PAE), Programa de Moradia Universit\u00e1ria nas modalidades Resid\u00eancia Universit\u00e1ria e Aux\u00edlio Financeiro, Aux\u00edlio Inclus\u00e3o Digital e o Programa Aux\u00edlio-Creche. Al\u00e9m disso, h\u00e1 tamb\u00e9m o Aux\u00edlio \u00e0 participa\u00e7\u00e3o de estudantes em Atividades Acad\u00eamicas, Cient\u00edficas e Culturais que pode ser conferido a qualquer estudante que realize o requerimento e cumpra os requisitos da Resolu\u00e7\u00e3o N.\u00ba 39\/2009-CD, desde que haja disponibilidade or\u00e7ament\u00e1ria.<\/span><\/span><\/span><\/p>\n<p>&nbsp;<\/p>\n<p>Mar\u00edllia Grabrielly Dantas de Morais<\/p>\n<p><strong>Chefe do Setor\u00a0<\/strong><\/p>\n<p align=\"justify\">\n","protected":false},"excerpt":{"rendered":"<p>Para fortalecer as a\u00e7\u00f5es de assist\u00eancias aos(\u00e0s) estudantes, a PRAE disp\u00f5e do Setor de A\u00e7\u00f5es Afirmativas e Assist\u00eancia Estudantil, que \u00e9 respons\u00e1vel pelo controle e gerenciamento dos programas e aux\u00edlios que objetivam promover a perman\u00eancia dos(as) discentes cursos de gradua\u00e7\u00e3o e p\u00f3s-gradua\u00e7\u00e3o. Em todos os processos seletivos para a distribui\u00e7\u00e3o dos aux\u00edlios h\u00e1 a reserva [&hellip;]<\/p>\n","protected":false},"author":3,"featured_media":0,"parent":0,"menu_order":0,"comment_status":"closed","ping_status":"closed","template":"","meta":{"footnotes":""},"class_list":["post-974","page","type-page","status-publish","hentry"],"_links":{"self":[{"href":"https:\/\/portal.uern.br\/prae\/wp-json\/wp\/v2\/pages\/974","targetHints":{"allow":["GET"]}}],"collection":[{"href":"https:\/\/portal.uern.br\/prae\/wp-json\/wp\/v2\/pages"}],"about":[{"href":"https:\/\/portal.uern.br\/prae\/wp-json\/wp\/v2\/types\/page"}],"author":[{"embeddable":true,"href":"https:\/\/portal.uern.br\/prae\/wp-json\/wp\/v2\/users\/3"}],"replies":[{"embeddable":true,"href":"https:\/\/portal.uern.br\/prae\/wp-json\/wp\/v2\/comments?post=974"}],"version-history":[{"count":3,"href":"https:\/\/portal.uern.br\/prae\/wp-json\/wp\/v2\/pages\/974\/revisions"}],"predecessor-version":[{"id":2546,"href":"https:\/\/portal.uern.br\/prae\/wp-json\/wp\/v2\/pages\/974\/revisions\/2546"}],"wp:attachment":[{"href":"https:\/\/portal.uern.br\/prae\/wp-json\/wp\/v2\/media?parent=974"}],"curies":[{"name":"wp","href":"https:\/\/api.w.org\/{rel}","templated":true}]}}