{"id":970,"date":"2023-02-24T16:33:21","date_gmt":"2023-02-24T19:33:21","guid":{"rendered":"https:\/\/portal.uern.br\/prae\/?page_id=970"},"modified":"2026-01-06T12:49:00","modified_gmt":"2026-01-06T15:49:00","slug":"apresentacao-setor-de-esporte-cultura-e-lazer","status":"publish","type":"page","link":"https:\/\/portal.uern.br\/prae\/apresentacao-setor-de-esporte-cultura-e-lazer\/","title":{"rendered":"Apresenta\u00e7\u00e3o &#8211; Setor de Esporte, Cultura e Lazer"},"content":{"rendered":"<p align=\"justify\">Setor respons\u00e1vel pela promo\u00e7\u00e3o de a\u00e7\u00f5es e eventos esportivos, culturais e de lazer para a comunidade acad\u00eamica. No eixo de esportes, incentiva a composi\u00e7\u00e3o de equipes universit\u00e1rias institucionalizadas para participarem de competi\u00e7\u00f5es estaduais e nacionais, e \u00e9 o setor da PRAE incubido pela realiza\u00e7\u00e3o dos Jogos Universit\u00e1rios da Uern (JUERNS), evento no qual ocorrem os jogos intercursos e entre os campi avan\u00e7ados, como uma forma de fomentar a pr\u00e1tica esportiva na Universidade. Al\u00e9m disso, h\u00e1 o Semin\u00e1rio de Ambienta\u00e7\u00e3o Acad\u00eamica (SAMBA) que ocorre de forma semestral e objetiva recepcionar os(as) estudantes ingressantes com atra\u00e7\u00f5es culturais, entretenimento e pr\u00e1ticas esportivas como dan\u00e7a, xadrez e slackline, e a distribui\u00e7\u00e3o de materiais informativos sobre a estrutura e funcionamento da Uern.<\/p>\n<p>&nbsp;<\/p>\n<p>Hideraldo Bezerra dos Santos<\/p>\n<p><strong>Chefe do Setor<\/strong><\/p>\n","protected":false},"excerpt":{"rendered":"<p>Setor respons\u00e1vel pela promo\u00e7\u00e3o de a\u00e7\u00f5es e eventos esportivos, culturais e de lazer para a comunidade acad\u00eamica. No eixo de esportes, incentiva a composi\u00e7\u00e3o de equipes universit\u00e1rias institucionalizadas para participarem de competi\u00e7\u00f5es estaduais e nacionais, e \u00e9 o setor da PRAE incubido pela realiza\u00e7\u00e3o dos Jogos Universit\u00e1rios da Uern (JUERNS), evento no qual ocorrem os [&hellip;]<\/p>\n","protected":false},"author":3,"featured_media":0,"parent":0,"menu_order":0,"comment_status":"closed","ping_status":"closed","template":"","meta":{"footnotes":""},"class_list":["post-970","page","type-page","status-publish","hentry"],"_links":{"self":[{"href":"https:\/\/portal.uern.br\/prae\/wp-json\/wp\/v2\/pages\/970","targetHints":{"allow":["GET"]}}],"collection":[{"href":"https:\/\/portal.uern.br\/prae\/wp-json\/wp\/v2\/pages"}],"about":[{"href":"https:\/\/portal.uern.br\/prae\/wp-json\/wp\/v2\/types\/page"}],"author":[{"embeddable":true,"href":"https:\/\/portal.uern.br\/prae\/wp-json\/wp\/v2\/users\/3"}],"replies":[{"embeddable":true,"href":"https:\/\/portal.uern.br\/prae\/wp-json\/wp\/v2\/comments?post=970"}],"version-history":[{"count":3,"href":"https:\/\/portal.uern.br\/prae\/wp-json\/wp\/v2\/pages\/970\/revisions"}],"predecessor-version":[{"id":3061,"href":"https:\/\/portal.uern.br\/prae\/wp-json\/wp\/v2\/pages\/970\/revisions\/3061"}],"wp:attachment":[{"href":"https:\/\/portal.uern.br\/prae\/wp-json\/wp\/v2\/media?parent=970"}],"curies":[{"name":"wp","href":"https:\/\/api.w.org\/{rel}","templated":true}]}}