{"id":532,"date":"2023-02-07T10:39:51","date_gmt":"2023-02-07T13:39:51","guid":{"rendered":"http:\/\/beta.apps.uern.br\/wordpress\/prae\/?page_id=532"},"modified":"2025-04-02T17:21:56","modified_gmt":"2025-04-02T20:21:56","slug":"formularios","status":"publish","type":"page","link":"https:\/\/portal.uern.br\/prae\/formularios\/","title":{"rendered":"Formul\u00e1rios"},"content":{"rendered":"<p>REQUERIMENTOS<\/p>\n<p>Formul\u00e1rio para Ajuda de Custo (<a href=\"https:\/\/docs.google.com\/forms\/d\/1qZgXXV_u7jNmB5PK2KishrSJqmn7zG1sM0N-hffe7CU\/viewform?edit_requested=true\">AQUI<\/a>)<\/p>\n<p>Justificativa para acesso aos Programas de Assist\u00eancia Estudantil (uso exclusivo para os discentes n\u00e3o cotistas)\u00a0<a href=\"https:\/\/www.uern.br\/controledepaginas\/dae-formulario\/arquivos\/2976requerimento_justificativa_para_concessa\u00a3o_dos_auxa\u00adlio_alimentos_e_da_pae.pdf\">(AQUI)<\/a><\/p>\n<p>Cadastro Socioecon\u00f4mico:<\/p>\n<p><a href=\"https:\/\/portal.uern.br\/prae\/wp-content\/uploads\/2024\/01\/Edital-0082024-PRAEUERN.pdf\">Edital n\u00ba 008\/2024-PRAE<\/a><\/p>\n<p style=\"text-align: left\" data-raofz=\"16\"><a href=\"https:\/\/forms.gle\/FQYthckooV149UuBA\">ANEXO I &#8211; FORMUL\u00c1RIO<\/a><br \/>\n<a href=\"https:\/\/portal.uern.br\/prae\/wp-content\/uploads\/2024\/01\/ANEXO-II-DOCUMENTACAO-PARA-INSCRICAO-CAD-2.pdf\">ANEXO II &#8211; DOCUMENTOS OBRIGAT\u00d3RIOS<\/a><br \/>\n<a href=\"https:\/\/portal.uern.br\/prae\/wp-content\/uploads\/2024\/01\/ANEXO-III-DECLARACAO-DE-DESEMPREGO-CAD.docx.pdf\">ANEXO III &#8211; DECLARA\u00c7\u00c3O DE DESEMPREGO<\/a><br \/>\n<a href=\"https:\/\/portal.uern.br\/prae\/wp-content\/uploads\/2024\/01\/ANEXO-IV-DECLARACAO-DE-TRABALHO-EVENTUAL-CAD.pdf\">ANEXO IV &#8211; DECLARA\u00c7\u00c3O DE TRABALHO EVENTUAL<\/a><br \/>\n<a href=\"https:\/\/portal.uern.br\/prae\/wp-content\/uploads\/2024\/01\/ANEXO-V-DECLARACAO-DE-TRABALHO-INFORMAL-CAD.pdf\">ANEXO V &#8211; DECLARA\u00c7\u00c3O DE TRABALHO INFORMAL<\/a><br \/>\n<a href=\"https:\/\/portal.uern.br\/prae\/wp-content\/uploads\/2024\/01\/ANEXO-VI-DECLARACAO-DE-TRABALHO-AUTONOMO-CAD.pdf\">ANEXO VI &#8211; DECLARA\u00c7\u00c3O DE TRABALHO AUT\u00d4NOMO<\/a><br \/>\n<a href=\"https:\/\/portal.uern.br\/prae\/wp-content\/uploads\/2024\/01\/ANEXO-VII-DECLARACAO-DE-ATIVIDADE-RURAL-OU-PESCA-CAD.pdf\">ANEXO VII &#8211; DECLARA\u00c7\u00c3O DE ATIVIDADE RURAL OU PESCA<\/a><\/p>\n","protected":false},"excerpt":{"rendered":"<p>REQUERIMENTOS Formul\u00e1rio para Ajuda de Custo (AQUI) Justificativa para acesso aos Programas de Assist\u00eancia Estudantil (uso exclusivo para os discentes n\u00e3o cotistas)\u00a0(AQUI) Cadastro Socioecon\u00f4mico: Edital n\u00ba 008\/2024-PRAE ANEXO I &#8211; FORMUL\u00c1RIO ANEXO II &#8211; DOCUMENTOS OBRIGAT\u00d3RIOS ANEXO III &#8211; DECLARA\u00c7\u00c3O DE DESEMPREGO ANEXO IV &#8211; DECLARA\u00c7\u00c3O DE TRABALHO EVENTUAL ANEXO V &#8211; DECLARA\u00c7\u00c3O DE TRABALHO [&hellip;]<\/p>\n","protected":false},"author":3,"featured_media":0,"parent":0,"menu_order":0,"comment_status":"closed","ping_status":"closed","template":"","meta":{"footnotes":""},"class_list":["post-532","page","type-page","status-publish","hentry"],"_links":{"self":[{"href":"https:\/\/portal.uern.br\/prae\/wp-json\/wp\/v2\/pages\/532","targetHints":{"allow":["GET"]}}],"collection":[{"href":"https:\/\/portal.uern.br\/prae\/wp-json\/wp\/v2\/pages"}],"about":[{"href":"https:\/\/portal.uern.br\/prae\/wp-json\/wp\/v2\/types\/page"}],"author":[{"embeddable":true,"href":"https:\/\/portal.uern.br\/prae\/wp-json\/wp\/v2\/users\/3"}],"replies":[{"embeddable":true,"href":"https:\/\/portal.uern.br\/prae\/wp-json\/wp\/v2\/comments?post=532"}],"version-history":[{"count":10,"href":"https:\/\/portal.uern.br\/prae\/wp-json\/wp\/v2\/pages\/532\/revisions"}],"predecessor-version":[{"id":2658,"href":"https:\/\/portal.uern.br\/prae\/wp-json\/wp\/v2\/pages\/532\/revisions\/2658"}],"wp:attachment":[{"href":"https:\/\/portal.uern.br\/prae\/wp-json\/wp\/v2\/media?parent=532"}],"curies":[{"name":"wp","href":"https:\/\/api.w.org\/{rel}","templated":true}]}}