{"id":522,"date":"2023-02-07T10:19:39","date_gmt":"2023-02-07T13:19:39","guid":{"rendered":"http:\/\/beta.apps.uern.br\/wordpress\/prae\/?page_id=522"},"modified":"2026-01-06T12:54:31","modified_gmt":"2026-01-06T15:54:31","slug":"contatos","status":"publish","type":"page","link":"https:\/\/portal.uern.br\/prae\/contatos\/","title":{"rendered":"Contatos"},"content":{"rendered":"<p><img fetchpriority=\"high\" decoding=\"async\" class=\"aligncenter wp-image-523 size-medium\" src=\"http:\/\/beta.apps.uern.br\/wordpress\/prae\/wp-content\/uploads\/2023\/02\/WhatsApp-Image-2023-02-07-at-10.13.19-300x300.jpeg\" alt=\"\" width=\"300\" height=\"300\" srcset=\"https:\/\/portal.uern.br\/prae\/wp-content\/uploads\/2023\/02\/WhatsApp-Image-2023-02-07-at-10.13.19-300x300.jpeg 300w, https:\/\/portal.uern.br\/prae\/wp-content\/uploads\/2023\/02\/WhatsApp-Image-2023-02-07-at-10.13.19-1024x1024.jpeg 1024w, https:\/\/portal.uern.br\/prae\/wp-content\/uploads\/2023\/02\/WhatsApp-Image-2023-02-07-at-10.13.19-150x150.jpeg 150w, https:\/\/portal.uern.br\/prae\/wp-content\/uploads\/2023\/02\/WhatsApp-Image-2023-02-07-at-10.13.19-768x768.jpeg 768w, https:\/\/portal.uern.br\/prae\/wp-content\/uploads\/2023\/02\/WhatsApp-Image-2023-02-07-at-10.13.19.jpeg 1080w\" sizes=\"(max-width: 300px) 100vw, 300px\" \/><\/p>\n<ul>\n<li><strong>Tel:<\/strong>\u00a0(84) 3315-2185<\/li>\n<li><strong>Gabinete da Pr\u00f3-Reitoria\u00a0&#8211;\u00a0<\/strong>gab.prae@uern.br<\/li>\n<li><strong>Gabinete da Pr\u00f3-Reitoria Adjunta &#8211;\u00a0<\/strong>adj.prae@uern.br<\/li>\n<li><strong>Assessoria &#8211;\u00a0<\/strong>assessoria.prae@uern.br<\/li>\n<li><strong>Diretoria de Assuntos Estudantis &#8211;\u00a0<\/strong>dae.prae@uern.rn<\/li>\n<li><strong>Setor de Aten\u00e7\u00e3o a Sa\u00fade e Qualidade de Vida Estudantil &#8211;\u00a0<\/strong>seas.prae@uern.br<\/li>\n<li><strong>Setor de A\u00e7\u00f5es Afirmativas e Assist\u00eancia Estudantil<\/strong>\u00a0&#8211; sae.prae@uern.br<\/li>\n<li><strong>Aux\u00edlio \u00e0 Participa\u00e7\u00e3o em Eventos <\/strong>\u2013 auxilioeventos.prae@uern.br<\/li>\n<li><strong>Setor de Est\u00e1gio N\u00e3o Obrigat\u00f3rio<\/strong>\u00a0&#8211; sec.prae@uern.br<\/li>\n<li><strong>Setor de Esportes e Eventos<\/strong> &#8211; esporte.prae@uern.br<\/li>\n<li><strong>Secretaria da PRAE<\/strong>\u00a0&#8211; prae@uern.br<\/li>\n<\/ul>\n<p><strong>Redes Sociais<\/strong><\/p>\n<ul>\n<li>Acesse informa\u00e7\u00f5es no canal p\u00fablico do Telegram PRAEUERN &#8211;\u00a0<a href=\"https:\/\/t.me\/PRAEUERN\">Clique aqui.<\/a><\/li>\n<li>Acompanhe o nosso instagram &#8211;\u00a0<a href=\"https:\/\/www.instagram.com\/prae.uern\/?hl=pt-br\" target=\"_blank\" rel=\"noopener\">Clique aqui.<\/a><\/li>\n<\/ul>\n","protected":false},"excerpt":{"rendered":"<p>Tel:\u00a0(84) 3315-2185 Gabinete da Pr\u00f3-Reitoria\u00a0&#8211;\u00a0gab.prae@uern.br Gabinete da Pr\u00f3-Reitoria Adjunta &#8211;\u00a0adj.prae@uern.br Assessoria &#8211;\u00a0assessoria.prae@uern.br Diretoria de Assuntos Estudantis &#8211;\u00a0dae.prae@uern.rn Setor de Aten\u00e7\u00e3o a Sa\u00fade e Qualidade de Vida Estudantil &#8211;\u00a0seas.prae@uern.br Setor de A\u00e7\u00f5es Afirmativas e Assist\u00eancia Estudantil\u00a0&#8211; sae.prae@uern.br Aux\u00edlio \u00e0 Participa\u00e7\u00e3o em Eventos \u2013 auxilioeventos.prae@uern.br Setor de Est\u00e1gio N\u00e3o Obrigat\u00f3rio\u00a0&#8211; sec.prae@uern.br Setor de Esportes e Eventos &#8211; [&hellip;]<\/p>\n","protected":false},"author":3,"featured_media":0,"parent":0,"menu_order":0,"comment_status":"closed","ping_status":"closed","template":"","meta":{"footnotes":""},"class_list":["post-522","page","type-page","status-publish","hentry"],"_links":{"self":[{"href":"https:\/\/portal.uern.br\/prae\/wp-json\/wp\/v2\/pages\/522","targetHints":{"allow":["GET"]}}],"collection":[{"href":"https:\/\/portal.uern.br\/prae\/wp-json\/wp\/v2\/pages"}],"about":[{"href":"https:\/\/portal.uern.br\/prae\/wp-json\/wp\/v2\/types\/page"}],"author":[{"embeddable":true,"href":"https:\/\/portal.uern.br\/prae\/wp-json\/wp\/v2\/users\/3"}],"replies":[{"embeddable":true,"href":"https:\/\/portal.uern.br\/prae\/wp-json\/wp\/v2\/comments?post=522"}],"version-history":[{"count":4,"href":"https:\/\/portal.uern.br\/prae\/wp-json\/wp\/v2\/pages\/522\/revisions"}],"predecessor-version":[{"id":3064,"href":"https:\/\/portal.uern.br\/prae\/wp-json\/wp\/v2\/pages\/522\/revisions\/3064"}],"wp:attachment":[{"href":"https:\/\/portal.uern.br\/prae\/wp-json\/wp\/v2\/media?parent=522"}],"curies":[{"name":"wp","href":"https:\/\/api.w.org\/{rel}","templated":true}]}}