{"id":504,"date":"2023-02-07T09:50:29","date_gmt":"2023-02-07T12:50:29","guid":{"rendered":"http:\/\/beta.apps.uern.br\/wordpress\/prae\/?page_id=504"},"modified":"2026-01-06T12:17:39","modified_gmt":"2026-01-06T15:17:39","slug":"juerns","status":"publish","type":"page","link":"https:\/\/portal.uern.br\/prae\/juerns\/","title":{"rendered":"Jogos Universit\u00e1rios da UERN &#8211; JUERNS"},"content":{"rendered":"<p><a href=\"https:\/\/juerns.uern.br\/\"><img fetchpriority=\"high\" decoding=\"async\" class=\"aligncenter wp-image-3055 size-full\" src=\"https:\/\/portal.uern.br\/prae\/wp-content\/uploads\/2026\/01\/Design-sem-nome-14.png\" alt=\"\" width=\"1920\" height=\"538\" srcset=\"https:\/\/portal.uern.br\/prae\/wp-content\/uploads\/2026\/01\/Design-sem-nome-14.png 1920w, https:\/\/portal.uern.br\/prae\/wp-content\/uploads\/2026\/01\/Design-sem-nome-14-300x84.png 300w, https:\/\/portal.uern.br\/prae\/wp-content\/uploads\/2026\/01\/Design-sem-nome-14-1024x287.png 1024w, https:\/\/portal.uern.br\/prae\/wp-content\/uploads\/2026\/01\/Design-sem-nome-14-768x215.png 768w, https:\/\/portal.uern.br\/prae\/wp-content\/uploads\/2026\/01\/Design-sem-nome-14-1536x430.png 1536w\" sizes=\"(max-width: 1920px) 100vw, 1920px\" \/><\/a><\/p>\n<p>&nbsp;<\/p>\n<p><iframe title=\"UERN TV EM A\u00c7\u00c3O | ABERTURA DO JUERNS 2025\" width=\"800\" height=\"450\" src=\"https:\/\/www.youtube.com\/embed\/Ty-RST0UcoY?start=2&#038;feature=oembed\" frameborder=\"0\" allow=\"accelerometer; autoplay; clipboard-write; encrypted-media; gyroscope; picture-in-picture; web-share\" referrerpolicy=\"strict-origin-when-cross-origin\" allowfullscreen><\/iframe><\/p>\n<p><iframe title=\"UERN TV EM A\u00c7\u00c3O - ABERTURA DO JUERNS 2024\" width=\"800\" height=\"450\" src=\"https:\/\/www.youtube.com\/embed\/WEsYDqvHoaI?feature=oembed\" frameborder=\"0\" allow=\"accelerometer; autoplay; clipboard-write; encrypted-media; gyroscope; picture-in-picture; web-share\" referrerpolicy=\"strict-origin-when-cross-origin\" allowfullscreen><\/iframe><\/p>\n<p><iframe title=\"JUERNS 2023 - Final de V\u00f4lei Masculino | UERN TV EM A\u00c7\u00c3O\" width=\"800\" height=\"450\" src=\"https:\/\/www.youtube.com\/embed\/7PkG_Mi8-Wk?start=2&#038;feature=oembed\" frameborder=\"0\" allow=\"accelerometer; autoplay; clipboard-write; encrypted-media; gyroscope; picture-in-picture; web-share\" referrerpolicy=\"strict-origin-when-cross-origin\" allowfullscreen><\/iframe><\/p>\n<h3><\/h3>\n<h3><\/h3>\n<p>&nbsp;<\/p>\n<p>&nbsp;<\/p>\n<p>&nbsp;<\/p>\n","protected":false},"excerpt":{"rendered":"<p>&nbsp; &nbsp; &nbsp; &nbsp;<\/p>\n","protected":false},"author":3,"featured_media":0,"parent":0,"menu_order":0,"comment_status":"closed","ping_status":"closed","template":"","meta":{"footnotes":""},"class_list":["post-504","page","type-page","status-publish","hentry"],"_links":{"self":[{"href":"https:\/\/portal.uern.br\/prae\/wp-json\/wp\/v2\/pages\/504","targetHints":{"allow":["GET"]}}],"collection":[{"href":"https:\/\/portal.uern.br\/prae\/wp-json\/wp\/v2\/pages"}],"about":[{"href":"https:\/\/portal.uern.br\/prae\/wp-json\/wp\/v2\/types\/page"}],"author":[{"embeddable":true,"href":"https:\/\/portal.uern.br\/prae\/wp-json\/wp\/v2\/users\/3"}],"replies":[{"embeddable":true,"href":"https:\/\/portal.uern.br\/prae\/wp-json\/wp\/v2\/comments?post=504"}],"version-history":[{"count":12,"href":"https:\/\/portal.uern.br\/prae\/wp-json\/wp\/v2\/pages\/504\/revisions"}],"predecessor-version":[{"id":3056,"href":"https:\/\/portal.uern.br\/prae\/wp-json\/wp\/v2\/pages\/504\/revisions\/3056"}],"wp:attachment":[{"href":"https:\/\/portal.uern.br\/prae\/wp-json\/wp\/v2\/media?parent=504"}],"curies":[{"name":"wp","href":"https:\/\/api.w.org\/{rel}","templated":true}]}}