{"id":486,"date":"2023-02-07T08:53:17","date_gmt":"2023-02-07T11:53:17","guid":{"rendered":"http:\/\/beta.apps.uern.br\/wordpress\/prae\/?page_id=486"},"modified":"2025-03-31T15:20:42","modified_gmt":"2025-03-31T18:20:42","slug":"estagios-nao-obrigatorios","status":"publish","type":"page","link":"https:\/\/portal.uern.br\/prae\/estagios-nao-obrigatorios\/","title":{"rendered":"Est\u00e1gios N\u00e3o-Obrigat\u00f3rios"},"content":{"rendered":"<p>&nbsp;<\/p>\n<div><img fetchpriority=\"high\" decoding=\"async\" class=\"aligncenter wp-image-1896 size-large\" src=\"https:\/\/portal.uern.br\/prae\/wp-content\/uploads\/2024\/04\/ESTAGIO@4x-1024x512.png\" alt=\"\" width=\"800\" height=\"400\" srcset=\"https:\/\/portal.uern.br\/prae\/wp-content\/uploads\/2024\/04\/ESTAGIO@4x-1024x512.png 1024w, https:\/\/portal.uern.br\/prae\/wp-content\/uploads\/2024\/04\/ESTAGIO@4x-300x150.png 300w, https:\/\/portal.uern.br\/prae\/wp-content\/uploads\/2024\/04\/ESTAGIO@4x-768x384.png 768w, https:\/\/portal.uern.br\/prae\/wp-content\/uploads\/2024\/04\/ESTAGIO@4x-1536x768.png 1536w, https:\/\/portal.uern.br\/prae\/wp-content\/uploads\/2024\/04\/ESTAGIO@4x-2048x1024.png 2048w\" sizes=\"(max-width: 800px) 100vw, 800px\" \/><\/div>\n<div>\u00a0<strong>PASSO A PASSO DO EST\u00c1GIO CURRICULAR N\u00c3O OBRIGAT\u00d3RIO:<\/strong><\/div>\n<p>1 \u2013 Ao conseguir vaga para est\u00e1gio por meio dos agentes de integra\u00e7\u00e3o (IEL, CIEE, CIDE, LINK entre outros) ou em empresas e institui\u00e7\u00f5es conveniadas com a UERN, o estudante dever\u00e1 solicitar, junto \u00e0 concedente de est\u00e1gio, seu Termo de Compromisso de Est\u00e1gio\u00a0\u2013 TCE, documento que cont\u00e9m informa\u00e7\u00f5es sobre carga-hor\u00e1ria, valor da bolsa, direitos e deveres etc, e o Plano de Atividades (descrevendo as atividades a serem realizadas pelo estagi\u00e1rio). Ainda na concedente, o aluno dever\u00e1 coletar a assinatura de seu supervisor de campo no referido documento;<\/p>\n<p>2 \u2013 O estudante dever\u00e1 procurar o Departamento Acad\u00eamico de seu curso, onde\u00a0<strong>ser\u00e1 designado<\/strong>\u00a0um professor orientador respons\u00e1vel por seu est\u00e1gio. Este professor dever\u00e1 verificar se o plano de atividades atende \u00e0 proposta do Projeto Pol\u00edtico Pedag\u00f3gico do Curso no que se refere \u00e0 forma\u00e7\u00e3o do discente, bem como supervision\u00e1-lo durante o per\u00edodo estagiado;<\/p>\n<p>3 \u2013 Ap\u00f3s assinatura do professor orientador, o estudante dever\u00e1 procurar a PRAE, com seu contrato digitalizado, pelo e-mail &lt;<a href=\"mailto:sec.prae@uern.br\" target=\"_blank\" rel=\"noopener\">sec.prae@uern.br<\/a>&gt; para verifica\u00e7\u00e3o dos aspectos gerais do est\u00e1gio, e agendamento de atendimento para coleta de assinatura do chefe de setor. A PRAE verificar\u00e1 se o est\u00e1gio \u00e9 adequado \u00e0s normas internas e \u00e0 Lei Federal n\u00ba 11.788\/08.\u00a0<strong>Estando legalmente correto e assinado pelo prof. orientador e supervisor de campo, o TCE \u00e9 atestado como v\u00e1lido.\u00a0<\/strong><\/p>\n<p>IMPORTANTE: o TCE, j\u00e1 assinado pelo supervisor de campo e professor orientador, n\u00e3o poder\u00e1 chegar para an\u00e1lise da PRAE com menos de 2 (dois) dias \u00fateis do in\u00edcio da vig\u00eancia do contrato, e essa determina\u00e7\u00e3o tamb\u00e9m vale para os aditivos de est\u00e1gio. Os TCEs que n\u00e3o respeitarem esse prazo n\u00e3o ser\u00e3o cadastrados e ter\u00e3o que ser refeitos.<\/p>\n<p><strong>Observa\u00e7\u00f5es:<\/strong><\/p>\n<p>a)\u00a0\u00a0\u00a0\u00a0O estudante somente poder\u00e1 ser inserido no campo de est\u00e1gio ap\u00f3s todas as assinaturas;<\/p>\n<p>b)\u00a0\u00a0\u00a0\u00a0A cada seis meses de est\u00e1gio, ou a cada novo contrato ou aditivo, o estagi\u00e1rio dever\u00e1 produzir relat\u00f3rio de est\u00e1gio (conforme modelo da Universidade) e encaminh\u00e1-lo \u00e0 PRAE.\u00a0<strong>O estagi\u00e1rio que n\u00e3o apresentar relat\u00f3rio assinado pelos supervisores n\u00e3o ter\u00e1 seu est\u00e1gio renovado<\/strong>. Clique\u00a0<a href=\"https:\/\/www.uern.br\/controledepaginas\/prae-estagionaoobrigatorio\/arquivos\/4655modelo_de_relatorio_estagio_nao_obrigatorio_prae.pdf\" target=\"_blank\" rel=\"noopener\">AQUI<\/a>\u00a0e baixe o modelo de relat\u00f3rio.<\/p>\n<p>c) Conforme Lei Federal n\u00ba 11.788\/08 o est\u00e1gio tem dura\u00e7\u00e3o de um ano e pode ser prorrogado por igual per\u00edodo na mesma Institui\u00e7\u00e3o.<\/p>\n<h3 class=\"western\" lang=\"pt-PT\">Legisla\u00e7\u00e3o<\/h3>\n<ul>\n<li><a href=\"http:\/\/www.planalto.gov.br\/ccivil_03\/_Ato2007-2010\/2008\/Lei\/L11788.htm\">LEIN\u00ba11.788,DE25DESETEMBRODE2008<\/a><\/li>\n<li><a href=\"https:\/\/www.uern.br\/controledepaginas\/dae-resolucoes\/arquivos\/29880068resolucao_n0_15_2017___consepe___aprova_o_regulamento_de_estagio_curricular_supervisionado_nao_obrigatorio.pdf\">RESOLU\u00c7\u00c3ON\u00ba15\/2017CONSEPE\/UERN<\/a><\/li>\n<li><a href=\"https:\/\/portal.uern.br\/prae\/wp-content\/uploads\/2023\/05\/Instrucao-Normativa-No-01-2022-Cadastro-e-liberacao-de-TCE.pdf\">INSTRU\u00c7\u00c3ONORMATIVA-SEIN\u00ba1,DE26DEJANEIRODE2022<\/a><\/li>\n<li><a href=\"https:\/\/portal.uern.br\/prae\/wp-content\/uploads\/2023\/05\/Resolucao-09_2019.pdf\">RESOLU\u00c7\u00c3O N\u00ba 009\/2019<\/a><\/li>\n<\/ul>\n<h3 class=\"western\" lang=\"pt-PT\">Documentos<\/h3>\n<ul>\n<li><a href=\"https:\/\/docs.google.com\/document\/d\/1Oj7W8Hn_duL1ZmUH_HBD6wjb_jVgFVtu\/edit?usp=share_link&amp;ouid=113378929183415982703&amp;rtpof=true&amp;sd=true\">MODELO DE RELAT\u00d3RIO DE EST\u00c1GIO<\/a><\/li>\n<li><a href=\"https:\/\/docs.google.com\/document\/d\/1P48yQWFeZfk6uhwNXTuCPwV4nB6h0AVX\/edit?usp=share_link&amp;ouid=113378929183415982703&amp;rtpof=true&amp;sd=true\">MODELO DE TRE<\/a><\/li>\n<li><a href=\"https:\/\/docs.google.com\/document\/d\/1GhuFE3C9PnCyu652DVLEsY0cdBR7lbqj\/edit?usp=share_link&amp;ouid=113378929183415982703&amp;rtpof=true&amp;sd=true\">MODELO DE TCE(PADR\u00c3O)<\/a><\/li>\n<\/ul>\n<h3 class=\"western\" lang=\"pt-PT\">Contato<\/h3>\n<ul>\n<li>E-mail:<a href=\"mailto:sec.prae@uern.br\">sec.prae@uern.br<\/a><\/li>\n<\/ul>\n","protected":false},"excerpt":{"rendered":"<p>&nbsp; \u00a0PASSO A PASSO DO EST\u00c1GIO CURRICULAR N\u00c3O OBRIGAT\u00d3RIO: 1 \u2013 Ao conseguir vaga para est\u00e1gio por meio dos agentes de integra\u00e7\u00e3o (IEL, CIEE, CIDE, LINK entre outros) ou em empresas e institui\u00e7\u00f5es conveniadas com a UERN, o estudante dever\u00e1 solicitar, junto \u00e0 concedente de est\u00e1gio, seu Termo de Compromisso de Est\u00e1gio\u00a0\u2013 TCE, documento que [&hellip;]<\/p>\n","protected":false},"author":3,"featured_media":0,"parent":0,"menu_order":0,"comment_status":"closed","ping_status":"closed","template":"","meta":{"footnotes":""},"class_list":["post-486","page","type-page","status-publish","hentry"],"_links":{"self":[{"href":"https:\/\/portal.uern.br\/prae\/wp-json\/wp\/v2\/pages\/486","targetHints":{"allow":["GET"]}}],"collection":[{"href":"https:\/\/portal.uern.br\/prae\/wp-json\/wp\/v2\/pages"}],"about":[{"href":"https:\/\/portal.uern.br\/prae\/wp-json\/wp\/v2\/types\/page"}],"author":[{"embeddable":true,"href":"https:\/\/portal.uern.br\/prae\/wp-json\/wp\/v2\/users\/3"}],"replies":[{"embeddable":true,"href":"https:\/\/portal.uern.br\/prae\/wp-json\/wp\/v2\/comments?post=486"}],"version-history":[{"count":7,"href":"https:\/\/portal.uern.br\/prae\/wp-json\/wp\/v2\/pages\/486\/revisions"}],"predecessor-version":[{"id":1897,"href":"https:\/\/portal.uern.br\/prae\/wp-json\/wp\/v2\/pages\/486\/revisions\/1897"}],"wp:attachment":[{"href":"https:\/\/portal.uern.br\/prae\/wp-json\/wp\/v2\/media?parent=486"}],"curies":[{"name":"wp","href":"https:\/\/api.w.org\/{rel}","templated":true}]}}