{"id":465,"date":"2023-02-06T17:49:11","date_gmt":"2023-02-06T20:49:11","guid":{"rendered":"http:\/\/beta.apps.uern.br\/wordpress\/prae\/?page_id=465"},"modified":"2026-02-23T13:05:42","modified_gmt":"2026-02-23T16:05:42","slug":"servico-social","status":"publish","type":"page","link":"https:\/\/portal.uern.br\/prae\/servico-social\/","title":{"rendered":"Servi\u00e7o Social"},"content":{"rendered":"<p align=\"justify\"><span style=\"color: #000000\"><span style=\"font-family: Arial, serif\"><span style=\"font-size: small\">A atua\u00e7\u00e3o do Servi\u00e7o Social na PRAE <\/span><\/span><\/span><span style=\"font-family: Arial, serif\">est\u00e1<\/span><span style=\"color: #000000\"><span style=\"font-family: Arial, serif\"><span style=\"font-size: small\"> direcionada para os discentes das <\/span><\/span><\/span><span style=\"font-family: Arial, serif\">unidades<\/span> <span style=\"font-family: Arial, serif\">acad\u00eamicas<\/span><span style=\"color: #000000\"><span style=\"font-family: Arial, serif\"><span style=\"font-size: small\">, de acordo com o Decreto n\u00b0 7.234, de 19 de julho de 2010, da Pol\u00edtica Nacional de Assist\u00eancia Estudantil (PNAES), <\/span><\/span><\/span><span style=\"font-family: Arial, serif\">e da Resolu\u00e7\u00e3o N\u00b0 112\/2023 &#8211; CONSUNI que institui a Pol\u00edtica de Assist\u00eancia Estudantil da UERN (PAEST) e das resolu\u00e7\u00e3o do Programa de Apoio \u00e0 Perman\u00eancia Estudantil<\/span><span style=\"color: #000000\"><span style=\"font-family: Arial, serif\"><span style=\"font-size: small\"> na UERN, <\/span><\/span><\/span><span style=\"font-family: Arial, serif\">visando<\/span><span style=\"color: #000000\"><span style=\"font-family: Arial, serif\"><span style=\"font-size: small\"> contribuir para a perman\u00eancia do aluno na universidade durante seu curso. O trabalho \u00e9 operacionalizado atrav\u00e9s de modelo interdisciplinar, juntamente com profissionais t\u00e9cnicos de \u00e1reas distintas, na busca de atendimento integralizado, respeitando as normativas do c\u00f3digo de \u00e9tica do Assistente Social (Resolu\u00e7\u00e3o CFESS n\u00b0 273 de mar\u00e7o de 1993).<\/span><\/span><\/span><\/p>\n<ul>\n<li>\n<p align=\"justify\"><span style=\"color: #000000\"><span style=\"font-family: Arial, serif\"><span style=\"font-size: medium\">O atendimento do Servi\u00e7o Social contribui para a aten\u00e7\u00e3o <\/span><\/span><\/span><span style=\"font-family: Arial, serif\"><span style=\"font-size: medium\">\u00e0 sa\u00fade<\/span><\/span><span style=\"color: #000000\"><span style=\"font-family: Arial, serif\"><span style=\"font-size: medium\"> dos discentes, considerando-os sujeitos participantes do processo ensino e aprendizagem, visando garantir o acesso ao servi\u00e7o e a sua perman\u00eancia na universidade. <\/span><\/span><\/span><\/p>\n<\/li>\n<li>\n<p align=\"justify\"><span style=\"color: #000000\"><span style=\"font-family: Arial, serif\"><span style=\"font-size: medium\">O Servi\u00e7o Social contribui ainda, atrav\u00e9s de Avalia\u00e7\u00f5es Sociais junto ao Programa de A<\/span><\/span><\/span><span style=\"font-family: Arial, serif\"><span style=\"font-size: medium\">poio \u00e0 Perman\u00eancia Estudantil &#8211; UERN<\/span><\/span><span style=\"color: #000000\"><span style=\"font-family: Arial, serif\"><span style=\"font-size: medium\"> do Setor de A\u00e7\u00f5es Afirmativas e Assist\u00eancia Estudantil, para comprova\u00e7\u00e3o de vulnerabilidade socioecon\u00f4mica dos discentes visando a garantia do acesso aos aux\u00edlios ofertados.<\/span><\/span><\/span><\/p>\n<\/li>\n<\/ul>\n<ul>\n<li>\n<p align=\"justify\"><span style=\"color: #000000\"><span style=\"font-family: Arial, serif\"><span style=\"font-size: small\"><b>A\u00e7\u00f5es desenvolvidas:<\/b><\/span><\/span><\/span><\/p>\n<\/li>\n<\/ul>\n<ol>\n<li>\n<p align=\"justify\"><span style=\"font-family: Arial, serif\"><span style=\"font-size: medium\">Orientar, sensibilizar e<\/span><\/span> <span style=\"font-family: Arial, serif\"><span style=\"font-size: medium\">acolher<\/span><\/span><span style=\"color: #000000\"><span style=\"font-family: Arial, serif\"><span style=\"font-size: medium\"> os discentes sobre seus direitos e deveres atrav\u00e9s de escuta qualificada, considerando-os sujeitos participantes no processo de ensino e aprendizagem<\/span><\/span><\/span><span style=\"font-family: Arial, serif\"><span style=\"font-size: medium\">;<\/span><\/span><\/p>\n<\/li>\n<li>\n<p align=\"justify\"><span style=\"font-family: Arial, serif\"><span style=\"font-size: medium\">Elaborar estudos, fazer entrevistas socioecon\u00f4micas, atendimentos individuais, dentre outros, que possibilitem o conhecimento da realidade dos discentes, com o objetivo de atender suas demandas, em especial, daqueles com maior vulnerabilidade social;<\/span><\/span><\/p>\n<\/li>\n<li>\n<p align=\"justify\"><span style=\"color: #000000\"><span style=\"font-family: Arial, serif\"><span style=\"font-size: medium\">Elaborar\/divulgar materiais socioeducativos que facilitem o conhecimento e acesso dos discentes aos servi\u00e7os e a\u00e7\u00f5es oferecidos;<\/span><\/span><\/span><\/p>\n<\/li>\n<li>\n<p align=\"justify\"><span style=\"color: #000000\"><span style=\"font-family: Arial, serif\"><span style=\"font-size: medium\">Planejar, coordenar, assessorar a\u00e7\u00f5es, atividades socioeducativas que contribuam para a melhoria da assist\u00eancia, sa\u00fade e qualidade de vida dos discentes;<\/span><\/span><\/span><\/p>\n<\/li>\n<li>\n<p align=\"justify\"><span style=\"font-family: Arial, serif\"><span style=\"font-size: medium\">Encaminhamento a rede de servi\u00e7os p\u00fablicos sociais na universidade e no munic\u00edpio; <\/span><\/span><\/p>\n<\/li>\n<li>\n<p align=\"justify\"><span style=\"color: #000000\"><span style=\"font-family: Arial, serif\"><span style=\"font-size: medium\">Fazer avalia\u00e7\u00e3o social dos discentes com finalidade de comprovar vulnerabilidade social para acesso ao programa<\/span><\/span><\/span><span style=\"font-family: Arial, serif\"><span style=\"font-size: medium\"> de apoio a perman\u00eancia<\/span><\/span><span style=\"color: #000000\"><span style=\"font-family: Arial, serif\"><span style=\"font-size: medium\"> de aux\u00edlios da PRAE;<\/span><\/span><\/span><\/p>\n<\/li>\n<li>\n<p align=\"justify\"><span style=\"color: #000000\"><span style=\"font-family: Arial, serif\"><span style=\"font-size: medium\">Emitir parecer social do discente quando <\/span><\/span><\/span><span style=\"font-family: Arial, serif\"><span style=\"font-size: medium\">necess\u00e1rio<\/span><\/span> <span style=\"font-family: Arial, serif\"><span style=\"font-size: medium\">para o programa de apoio a perman\u00eancia<\/span><\/span><span style=\"color: #000000\"><span style=\"font-family: Arial, serif\"><span style=\"font-size: medium\"> do <\/span><\/span><\/span><span style=\"font-family: Arial, serif\"><span style=\"font-size: medium\">S<\/span><\/span><span style=\"font-family: Arial, serif\"><span style=\"font-size: medium\">etor de <\/span><\/span><span style=\"font-family: Arial, serif\"><span style=\"font-size: medium\">A\u00e7\u00f5es Afirmativas e Assist\u00eancia Estudantil<\/span><\/span><span style=\"color: #000000\"><span style=\"font-family: Arial, serif\"><span style=\"font-size: medium\">, garantindo assim seu direito aos aux\u00edlios ofertados.<\/span><\/span><\/span><\/p>\n<\/li>\n<\/ol>\n<ul>\n<li>\n<p align=\"justify\"><span style=\"font-family: Arial, serif\"><span style=\"font-size: medium\">Atendimento Social<\/span><\/span><\/p>\n<\/li>\n<\/ul>\n<p align=\"justify\"><span style=\"font-family: Arial, serif\"><span style=\"font-size: medium\">Os atendimentos sociais s\u00e3o realizados todos os dias, de forma presencial, no per\u00edodo da manh\u00e3 de 8:00 \u00e0s 11:00 ou remoto atrav\u00e9s de solicita\u00e7\u00e3o no e-mail servicosocial.prae@uern.br. <\/span><\/span><\/p>\n<p align=\"justify\"><span style=\"font-family: Arial, serif\"><span style=\"font-size: medium\">Assistente Social:<\/span><\/span><\/p>\n<p align=\"justify\"><span style=\"color: #000000\"><span style=\"font-family: Arial, serif\"><span style=\"font-size: small\">Leila Maria Rodrigues de Menezes<\/span><\/span><\/span><\/p>\n<p align=\"justify\"><a href=\"mailto:leilamenezes@uern.br\"><span style=\"color: #1155cc\"><span style=\"font-family: Arial, serif\"><u>leilamenezes@uern.br<\/u><\/span><\/span><\/a><\/p>\n","protected":false},"excerpt":{"rendered":"<p>A atua\u00e7\u00e3o do Servi\u00e7o Social na PRAE est\u00e1 direcionada para os discentes das unidades acad\u00eamicas, de acordo com o Decreto n\u00b0 7.234, de 19 de julho de 2010, da Pol\u00edtica Nacional de Assist\u00eancia Estudantil (PNAES), e da Resolu\u00e7\u00e3o N\u00b0 112\/2023 &#8211; CONSUNI que institui a Pol\u00edtica de Assist\u00eancia Estudantil da UERN (PAEST) e das resolu\u00e7\u00e3o [&hellip;]<\/p>\n","protected":false},"author":3,"featured_media":0,"parent":0,"menu_order":0,"comment_status":"closed","ping_status":"closed","template":"","meta":{"footnotes":""},"class_list":["post-465","page","type-page","status-publish","hentry"],"_links":{"self":[{"href":"https:\/\/portal.uern.br\/prae\/wp-json\/wp\/v2\/pages\/465","targetHints":{"allow":["GET"]}}],"collection":[{"href":"https:\/\/portal.uern.br\/prae\/wp-json\/wp\/v2\/pages"}],"about":[{"href":"https:\/\/portal.uern.br\/prae\/wp-json\/wp\/v2\/types\/page"}],"author":[{"embeddable":true,"href":"https:\/\/portal.uern.br\/prae\/wp-json\/wp\/v2\/users\/3"}],"replies":[{"embeddable":true,"href":"https:\/\/portal.uern.br\/prae\/wp-json\/wp\/v2\/comments?post=465"}],"version-history":[{"count":3,"href":"https:\/\/portal.uern.br\/prae\/wp-json\/wp\/v2\/pages\/465\/revisions"}],"predecessor-version":[{"id":3109,"href":"https:\/\/portal.uern.br\/prae\/wp-json\/wp\/v2\/pages\/465\/revisions\/3109"}],"wp:attachment":[{"href":"https:\/\/portal.uern.br\/prae\/wp-json\/wp\/v2\/media?parent=465"}],"curies":[{"name":"wp","href":"https:\/\/api.w.org\/{rel}","templated":true}]}}