{"id":450,"date":"2023-02-06T17:36:09","date_gmt":"2023-02-06T20:36:09","guid":{"rendered":"http:\/\/beta.apps.uern.br\/wordpress\/prae\/?page_id=450"},"modified":"2026-02-19T09:56:19","modified_gmt":"2026-02-19T12:56:19","slug":"apresentacao-seas","status":"publish","type":"page","link":"https:\/\/portal.uern.br\/prae\/apresentacao-seas\/","title":{"rendered":"Apresenta\u00e7\u00e3o"},"content":{"rendered":"<p>&nbsp;<\/p>\n<p><img fetchpriority=\"high\" decoding=\"async\" class=\"aligncenter wp-image-451 size-medium\" src=\"http:\/\/beta.apps.uern.br\/wordpress\/prae\/wp-content\/uploads\/2023\/02\/WhatsApp-Image-2023-02-06-at-17.35.32-300x300.jpeg\" alt=\"\" width=\"300\" height=\"300\" srcset=\"https:\/\/portal.uern.br\/prae\/wp-content\/uploads\/2023\/02\/WhatsApp-Image-2023-02-06-at-17.35.32-300x300.jpeg 300w, https:\/\/portal.uern.br\/prae\/wp-content\/uploads\/2023\/02\/WhatsApp-Image-2023-02-06-at-17.35.32-1024x1024.jpeg 1024w, https:\/\/portal.uern.br\/prae\/wp-content\/uploads\/2023\/02\/WhatsApp-Image-2023-02-06-at-17.35.32-150x150.jpeg 150w, https:\/\/portal.uern.br\/prae\/wp-content\/uploads\/2023\/02\/WhatsApp-Image-2023-02-06-at-17.35.32-768x768.jpeg 768w, https:\/\/portal.uern.br\/prae\/wp-content\/uploads\/2023\/02\/WhatsApp-Image-2023-02-06-at-17.35.32.jpeg 1400w\" sizes=\"(max-width: 300px) 100vw, 300px\" \/><\/p>\n<p><b>SETOR DE ATEN\u00c7\u00c3O \u00c0 SA\u00daDE E QUALIDADE DE VIDA ESTUDANTIL \u2013 SEAS<\/b><\/p>\n<p align=\"justify\">O Setor de Aten\u00e7\u00e3o \u00e0 Sa\u00fade e Qualidade de Vida Estudantil (SEAS) tem como objetivo a amplia\u00e7\u00e3o das estrat\u00e9gias para apoio e suporte \u00e0 sa\u00fade integral dos(as) estudantes, desenvolvendo a\u00e7\u00f5es de interven\u00e7\u00e3o sobre as quest\u00f5es que emergem a partir de diagn\u00f3sticos ou identifica\u00e7\u00e3o de demandas sobre o processo de sa\u00fade e doen\u00e7a dos (as) estudantes para fortalecimento da qualidade de vida, tendo como foco a sa\u00fade mental, as rela\u00e7\u00f5es no \u00e2mbito acad\u00eamico, viv\u00eancias e processo de aprendizagem.<\/p>\n<p align=\"justify\">O SEAS oferece servi\u00e7os de escuta qualificada, auxiliando aos estudantes no acompanhamento e\/ou cuidado de aten\u00e7\u00e3o biopsicossocial, contribuindo para efetividade na perman\u00eancia estudantil.\u00a0Para tanto, conta com equipe multiprofissional com Assistente Social, Psic\u00f3logas e Psicopedagoga com um trabalho de escuta, apoio e suporte especializado para a preven\u00e7\u00e3o e promo\u00e7\u00e3o da sa\u00fade do estudante.<\/p>\n<p><b>PRINCIPAIS A\u00c7\u00d5ES DO SEAS<\/b><\/p>\n<ul>\n<li><b>PROJETO: PR\u00c1TICAS DE ATEN\u00c7\u00c3O \u00c0 SA\u00daDE E BEM ESTAR<\/b><\/li>\n<\/ul>\n<p align=\"justify\"><b>Objetivo<\/b>: O projeto abre um espa\u00e7o de acolhimento, escuta e orienta\u00e7\u00f5es sobre a sa\u00fade integral dos estudantes, com a realiza\u00e7\u00e3o de pr\u00e1ticas interdisciplinares de aten\u00e7\u00e3o \u00e0 sa\u00fade, qualidade de vida e bem-estar. Promove oficinas, cursos, atividades esportivas, culturais, exames b\u00e1sicos de sa\u00fade, pr\u00e1ticas integrativas e complementares em sa\u00fade, trazendo para dentro da Universidade a possibilidade de cuidados e reflex\u00f5es sobre o quadro de sa\u00fade e qualidade de vida.<\/p>\n<ul>\n<li>\n<p align=\"justify\"><b>#DeDentroPraFora<\/b><\/p>\n<\/li>\n<\/ul>\n<p align=\"justify\"><b>Objetivo:<\/b>\u00a0O projeto desenvolve atividades como parte da Campanha \u201cUERN pela VIDA\u201d na programa\u00e7\u00e3o alusiva ao setembro amarelo. Tem como principal objetivo promo\u00e7\u00e3o da sa\u00fade mental e favorecer o bem-estar dos estudantes, desenvolvendo a reflex\u00e3o, ressignifica\u00e7\u00e3o com foco na participa\u00e7\u00e3o dos discentes de forma ativa e l\u00fadica.<\/p>\n<ul>\n<li>\n<p align=\"justify\"><b>ESTAMOS AQUI<\/b><\/p>\n<\/li>\n<\/ul>\n<p align=\"justify\"><b>Objetivo:<\/b>\u00a0O projeto oferece um espa\u00e7o de apoio e di\u00e1logo para toda a comunidade acad\u00eamica. Por meio de palestras, rodas de conversa e oficinas, abordamos temas essenciais \u2014 como ansiedade, dificuldades de aprendizagem e bullying \u2014 sempre a partir das demandas solicitadas por estudantes, professores ou t\u00e9cnicos. Nosso prop\u00f3sito \u00e9 fortalecer estrat\u00e9gias que promovem bem-estar, qualidade de vida e rela\u00e7\u00f5es mais saud\u00e1veis no ambiente acad\u00eamico.<\/p>\n<p><b>ACESSO AOS ATENDIMENTOS DA EQUIPE MULTIPROFISSIONAL<\/b><\/p>\n<p align=\"justify\">A equipe multiprofissional do SEAS realiza atendimentos sem necessidade de agendamento, acolhendo demandas espont\u00e2neas. Os servi\u00e7os tamb\u00e9m podem ser solicitados por estudantes, professores ou t\u00e9cnicos, al\u00e9m de encaminhamentos feitos pelos departamentos da UERN.<\/p>\n<table width=\"574\" cellspacing=\"0\" cellpadding=\"7\">\n<tbody>\n<tr valign=\"top\">\n<td bgcolor=\"#4472c4\" width=\"112\">\n<p align=\"center\"><span style=\"font-family: Calibri, serif;color: #000000\"><span style=\"font-size: small\"><b>LOCAL<\/b><\/span><\/span><\/p>\n<\/td>\n<td bgcolor=\"#4472c4\" width=\"119\">\n<p align=\"center\"><span style=\"font-family: Calibri, serif;color: #000000\"><span style=\"font-size: small\"><b>DIA<\/b><\/span><\/span><\/p>\n<\/td>\n<td bgcolor=\"#4472c4\" width=\"73\">\n<p align=\"center\"><span style=\"font-family: Calibri, serif;color: #000000\"><span style=\"font-size: small\"><b>HOR\u00c1RIO<\/b><\/span><\/span><\/p>\n<\/td>\n<td bgcolor=\"#4472c4\" width=\"212\">\n<p align=\"center\"><span style=\"font-family: Calibri, serif;color: #000000\"><span style=\"font-size: small\"><b>PROFISSIONAL<\/b><\/span><\/span><\/p>\n<\/td>\n<\/tr>\n<tr valign=\"top\">\n<td width=\"112\">\n<p align=\"center\"><span style=\"font-family: Calibri, serif\"><span style=\"font-size: small\">CAMPUS CENTRAL &#8211; SEAS\/PRAE<\/span><\/span><\/p>\n<\/td>\n<td width=\"119\">\n<p align=\"center\"><span style=\"font-family: Calibri, serif\"><span style=\"font-size: small\">Segunda \u00e0 Sexta<\/span><\/span><\/p>\n<\/td>\n<td width=\"73\">\n<p align=\"center\"><span style=\"font-family: Calibri, serif\"><span style=\"font-size: small\">07:30h \u00e0s 12h<\/span><\/span><\/p>\n<\/td>\n<td width=\"212\">\n<p align=\"justify\"><span style=\"font-family: Calibri, serif\"><span style=\"font-size: small\">Psic\u00f3loga &#8211; Katarine Andrade <\/span><span style=\"font-size: xx-small\">(CRP 17\/3253)<\/span><\/span><\/p>\n<p align=\"justify\"><span style=\"font-family: Calibri, serif\"><span style=\"font-size: small\">Psic\u00f3loga &#8211; Leni Andrade <\/span><span style=\"font-size: xx-small\">(CRP 17\/0683)<\/span><\/span><\/p>\n<p align=\"justify\"><span style=\"font-family: Calibri, serif\"><span style=\"font-size: small\">Psicopedagoga &#8211; Greg\u00f3ria Queiroz<\/span><\/span><\/p>\n<p align=\"justify\"><span style=\"font-family: Calibri, serif\"><span style=\"font-size: small\">Assistente Social &#8211; Leila Menezes <\/span><span style=\"font-size: xx-small\">(CREASS \u2013 0943)<\/span><\/span><\/p>\n<\/td>\n<\/tr>\n<tr valign=\"top\">\n<td width=\"112\">\n<p align=\"center\"><span style=\"font-family: Calibri, serif\"><span style=\"font-size: small\">CAMPUS CENTRAL &#8211; SEAS\/PRAE<\/span><\/span><\/p>\n<\/td>\n<td width=\"119\">\n<p align=\"center\"><span style=\"font-family: Calibri, serif\"><span style=\"font-size: small\">Segunda e Quinta<\/span><\/span><\/p>\n<\/td>\n<td width=\"73\">\n<p align=\"center\"><span style=\"font-family: Calibri, serif\"><span style=\"font-size: small\">13:30h \u00e0s 18h<\/span><\/span><\/p>\n<\/td>\n<td width=\"212\">\n<p align=\"justify\"><span style=\"font-family: Calibri, serif\"><span style=\"font-size: small\">Psic\u00f3loga &#8211; Leni Andrade<\/span><\/span><\/p>\n<\/td>\n<\/tr>\n<tr valign=\"top\">\n<td rowspan=\"2\" width=\"112\">\n<p align=\"center\"><span style=\"font-family: Calibri, serif\"><span style=\"font-size: small\">FAEN<\/span><\/span><\/p>\n<\/td>\n<td width=\"119\">\n<p align=\"center\"><span style=\"font-family: Calibri, serif\"><span style=\"font-size: small\">Ter\u00e7as alternadas<\/span><\/span><\/p>\n<\/td>\n<td width=\"73\">\n<p align=\"center\"><span style=\"font-family: Calibri, serif\"><span style=\"font-size: small\">10h \u00e0s 12h<\/span><\/span><\/p>\n<\/td>\n<td width=\"212\">\n<p align=\"justify\"><span style=\"font-family: Calibri, serif\"><span style=\"font-size: small\">Psic\u00f3loga &#8211; Leni Andrade <\/span><span style=\"font-size: xx-small\">(CRP 17\/0683)<\/span><\/span><\/p>\n<\/td>\n<\/tr>\n<tr valign=\"top\">\n<td width=\"119\">\n<p align=\"center\"><span style=\"font-family: Calibri, serif\"><span style=\"font-size: small\">Quintas alternadas<\/span><\/span><\/p>\n<\/td>\n<td width=\"73\">\n<p align=\"center\"><span style=\"font-family: Calibri, serif\"><span style=\"font-size: small\">10h \u00e0s 12h<\/span><\/span><\/p>\n<\/td>\n<td width=\"212\">\n<p align=\"justify\"><span style=\"font-family: Calibri, serif\"><span style=\"font-size: small\">Psic\u00f3loga &#8211; Katarine Andrade <\/span><span style=\"font-size: xx-small\">(CRP 17\/3253)<\/span><\/span><\/p>\n<\/td>\n<\/tr>\n<tr valign=\"top\">\n<td width=\"112\" height=\"134\">\n<p align=\"center\"><span style=\"font-family: Calibri, serif\"><span style=\"font-size: small\">ATENDIMENTOS REMOTOS<\/span><\/span><\/p>\n<\/td>\n<td colspan=\"2\" width=\"206\">\n<p align=\"justify\"><span style=\"font-family: Calibri, serif\"><span style=\"font-size: small\">&#8211; Realizados pela plataforma do Google Meet;<\/span><\/span><\/p>\n<p align=\"justify\"><span style=\"font-family: Calibri, serif\"><span style=\"font-size: small\">&#8211; Solicitar agendamentos pelo e-mail institucional <b>(@alu)<\/b>.<\/span><\/span><\/p>\n<p align=\"justify\"><span style=\"font-family: Calibri, serif\"><span style=\"font-size: small\"><b>&#8211; <\/b>Para casos de discentes de P\u00f3s-Gradua\u00e7\u00e3o encaminhar a declara\u00e7\u00e3o do curso para confirma\u00e7\u00e3o de v\u00ednculo.<\/span><\/span><\/p>\n<\/td>\n<td width=\"212\">\n<p align=\"justify\"><span style=\"font-family: Calibri, serif\"><span style=\"font-size: small\">Psic\u00f3loga &#8211; Katarine Andrade <\/span><span style=\"font-size: xx-small\">(CRP 17\/3253)<\/span><\/span><\/p>\n<p align=\"justify\"><span style=\"color: #0563c1\"><u><a href=\"mailto:psicologia.prae@uern.br\"><span style=\"font-family: Calibri, serif\"><span style=\"font-size: small\"><span lang=\"pt-BR\">psicologia.prae@uern.br<\/span><\/span><\/span><\/a><\/u><\/span><\/p>\n<p align=\"justify\"><span style=\"font-family: Calibri, serif\"><span style=\"font-size: small\">Psic\u00f3loga &#8211; Leni Andrade <\/span><span style=\"font-size: xx-small\">(CRP 17\/0683)<\/span><\/span><\/p>\n<p align=\"justify\"><span style=\"color: #0563c1\"><u><a href=\"mailto:psicologia2.prae@uern.br\"><span style=\"font-family: Calibri, serif\"><span style=\"font-size: small\"><span lang=\"pt-BR\">psicologia2.prae@uern.br<\/span><\/span><\/span><\/a><\/u><\/span><\/p>\n<p align=\"justify\"><span style=\"font-family: Calibri, serif\"><span style=\"font-size: small\">Psicopedagoga &#8211; Greg\u00f3ria Queiroz<\/span><\/span><\/p>\n<p align=\"justify\"><span style=\"color: #0563c1\"><u><a href=\"mailto:psicopedagogia.prae@uern.br\"><span style=\"font-family: Calibri, serif\"><span style=\"font-size: small\"><span lang=\"pt-BR\">psicopedagogia.prae@uern.br<\/span><\/span><\/span><\/a><\/u><\/span><\/p>\n<p align=\"justify\"><span style=\"font-family: Calibri, serif\"><span style=\"font-size: small\">Assistente Social &#8211; Leila Menezes <\/span><span style=\"font-size: xx-small\">(CREASS \u2013 0943)<\/span><\/span><\/p>\n<p align=\"justify\"><span style=\"color: #0563c1\"><u><a href=\"mailto:servicosocial.prae@uern.br\"><span style=\"font-family: Calibri, serif\"><span style=\"font-size: small\"><span lang=\"pt-BR\">servicosocial.prae@uern.br<\/span><\/span><\/span><\/a><\/u><\/span><\/p>\n<\/td>\n<\/tr>\n<\/tbody>\n<\/table>\n<p><span style=\"font-size: xx-small\">Obs. Para os atendimentos psicol\u00f3gicos nos CAMPI AVAN\u00c7ADOS procurar as secretarias para verificar cronograma de atendimentos.<\/span><\/p>\n<p>&nbsp;<\/p>\n<p><b>Equipe do SEAS<\/b><\/p>\n<p>Lenna Indyara de Lima<\/p>\n<p><span style=\"font-size: small\">Chefe do Setor de Aten\u00e7\u00e3o \u00e0 Sa\u00fade e Qualidade de Vida<\/span><\/p>\n<p>Leila Maria Rodrigues de Menezes<\/p>\n<p><span style=\"font-size: small\">Assistente Social<\/span><\/p>\n<p>Leni Andrade Barros dos Santos<\/p>\n<p><span style=\"font-size: small\">Psic\u00f3loga<\/span><\/p>\n<p>Katarine Andrade e Silva<\/p>\n<p><span style=\"font-size: small\">Psic\u00f3loga<\/span><\/p>\n<p>Greg\u00f3ria Clotilde de Queir\u00f3z<\/p>\n<p><span style=\"font-size: small\">Psicopedagoga<\/span><\/p>\n<p>&nbsp;<\/p>\n<p>E-mail: seas.prae@uern.br<\/p>\n","protected":false},"excerpt":{"rendered":"<p>&nbsp; SETOR DE ATEN\u00c7\u00c3O \u00c0 SA\u00daDE E QUALIDADE DE VIDA ESTUDANTIL \u2013 SEAS O Setor de Aten\u00e7\u00e3o \u00e0 Sa\u00fade e Qualidade de Vida Estudantil (SEAS) tem como objetivo a amplia\u00e7\u00e3o das estrat\u00e9gias para apoio e suporte \u00e0 sa\u00fade integral dos(as) estudantes, desenvolvendo a\u00e7\u00f5es de interven\u00e7\u00e3o sobre as quest\u00f5es que emergem a partir de diagn\u00f3sticos ou [&hellip;]<\/p>\n","protected":false},"author":3,"featured_media":0,"parent":0,"menu_order":0,"comment_status":"closed","ping_status":"closed","template":"","meta":{"footnotes":""},"class_list":["post-450","page","type-page","status-publish","hentry"],"_links":{"self":[{"href":"https:\/\/portal.uern.br\/prae\/wp-json\/wp\/v2\/pages\/450","targetHints":{"allow":["GET"]}}],"collection":[{"href":"https:\/\/portal.uern.br\/prae\/wp-json\/wp\/v2\/pages"}],"about":[{"href":"https:\/\/portal.uern.br\/prae\/wp-json\/wp\/v2\/types\/page"}],"author":[{"embeddable":true,"href":"https:\/\/portal.uern.br\/prae\/wp-json\/wp\/v2\/users\/3"}],"replies":[{"embeddable":true,"href":"https:\/\/portal.uern.br\/prae\/wp-json\/wp\/v2\/comments?post=450"}],"version-history":[{"count":5,"href":"https:\/\/portal.uern.br\/prae\/wp-json\/wp\/v2\/pages\/450\/revisions"}],"predecessor-version":[{"id":3092,"href":"https:\/\/portal.uern.br\/prae\/wp-json\/wp\/v2\/pages\/450\/revisions\/3092"}],"wp:attachment":[{"href":"https:\/\/portal.uern.br\/prae\/wp-json\/wp\/v2\/media?parent=450"}],"curies":[{"name":"wp","href":"https:\/\/api.w.org\/{rel}","templated":true}]}}