{"id":429,"date":"2023-02-06T16:33:08","date_gmt":"2023-02-06T19:33:08","guid":{"rendered":"http:\/\/beta.apps.uern.br\/wordpress\/prae\/?page_id=429"},"modified":"2026-03-26T14:48:50","modified_gmt":"2026-03-26T17:48:50","slug":"equipe","status":"publish","type":"page","link":"https:\/\/portal.uern.br\/prae\/equipe\/","title":{"rendered":"Equipe"},"content":{"rendered":"<h3><strong style=\"font-size: 1.17em\">Pr\u00f3-Reitora de Assuntos Estudantis &#8211; PRAE<\/strong><\/h3>\n<p><strong>\u00a0\u00a0<\/strong>Ana Ang\u00e9lica do Nascimento Nogueira<strong><br \/>\n<\/strong><\/p>\n<h3><strong style=\"font-size: 1.17em\"><strong style=\"font-size: 10px\"><strong style=\"font-size: 1em\"><strong><br \/>\n<\/strong><\/strong><\/strong>Pr\u00f3-Reitor Adjunto de Assuntos Estudantis- PRAE<\/strong><\/h3>\n<p>Nestor Gomes Duarte Junior<\/p>\n<p><strong><img decoding=\"async\" src=\"https:\/\/www.uern.br\/controledepaginas\/prae-equipe\/imagens\/4613erison_foto_atual.jpg\" alt=\"\" \/><\/strong><\/p>\n<h3><strong>Secretaria<\/strong><\/h3>\n<p>J\u00e9ssica Lochayne Lima Lopes<\/p>\n<h3><strong>Recep\u00e7\u00e3o<\/strong><\/h3>\n<p>Jarlene de Almeida Melo<\/p>\n<p>Sandra Daiane Garcia de Medeiros<\/p>\n<h3><\/h3>\n<h3><strong>Assessoria<\/strong><\/h3>\n<p>Abner Praxedes de Oliveira<\/p>\n<p>Luiz Joaquim Diniz da Silva<\/p>\n<p>Rafaela Catherine da Silva Cunha Medeiros<\/p>\n<p><strong>Estagi\u00e1ria<\/strong><\/p>\n<p><span class=\"selectable-text copyable-text false\">Marcicleide Pereira Lins<\/span><\/p>\n<p><strong style=\"font-size: 1.17em\">\u00a0<\/strong><\/p>\n<h3><strong>Diretoria de Assuntos Estudantis<\/strong><\/h3>\n<p><strong>Diretora<\/strong><\/p>\n<p>Jessica de F\u00e1tima Vianna<\/p>\n<p><strong>Secret\u00e1rio<\/strong><\/p>\n<p>Frederico Vitoriano Dantas Pereira J\u00fanior<\/p>\n<p><strong>Estagi\u00e1rios<\/strong><\/p>\n<p>Gabriel Augusto do Nascimento Melo<\/p>\n<p><span class=\"selectable-text copyable-text false\">Maria Luiza Costa Oliveira<\/span><\/p>\n<p><span class=\"selectable-text copyable-text false\">S\u00e1vio Jord\u00e3o da Costa Medeiro<\/span><\/p>\n<h3><\/h3>\n<h3><strong>Setor de A\u00e7\u00f5es Afirmativas e Assist\u00eancia Estudantil<\/strong><\/h3>\n<p><strong>Chefe do Setor\u00a0<\/strong><\/p>\n<p>Mar\u00edllia Gabrielly Dantas de Morais<\/p>\n<p><strong>T\u00e9cnico Administrativo<\/strong><\/p>\n<p>Victor Augusto Freire Costa<\/p>\n<p><strong>Psicopedagoga<\/strong><\/p>\n<p>Greg\u00f3ria Clotilde de Queiroz<\/p>\n<p><strong>Assistente Social<\/strong><\/p>\n<p>Leila Maria Rodrigues de Menezes<\/p>\n<p dir=\"ltr\"><strong>Estagi\u00e1rias<\/strong><\/p>\n<p class=\"selectable-text copyable-text x15bjb6t x1n2onr6\" dir=\"ltr\"><span class=\"selectable-text copyable-text false\">Maria Fernanda Soares de Oliveira<\/span><\/p>\n<p dir=\"ltr\">Joyce Fernanda Costa Oliveira<\/p>\n<p dir=\"ltr\"><span class=\"selectable-text copyable-text false\">Leticia Esther Gomes da Silva\u00a0<\/span><\/p>\n<p>&nbsp;<\/p>\n<h3><strong>Setor de Esporte, Cultura e Lazer<\/strong><\/h3>\n<p><strong>Chefe do Setor\u00a0<\/strong><\/p>\n<p>Hideraldo Bezerra dos Santos<\/p>\n<p><strong>Estagi\u00e1rios<\/strong><\/p>\n<p class=\"selectable-text copyable-text x15bjb6t x1n2onr6\" dir=\"ltr\"><span class=\"selectable-text copyable-text false\">Edy Jonhson Ferreira Bernardo<\/span><\/p>\n<p class=\"selectable-text copyable-text x15bjb6t x1n2onr6\" dir=\"ltr\"><span class=\"selectable-text copyable-text false\">Jo\u00e3o Neiviton Fernandes Vasconcelos <\/span><\/p>\n<p dir=\"ltr\">Wallace Marrone Rocha dos Reis<\/p>\n<h3><\/h3>\n<h3><strong>Setor de Est\u00e1gios\u00a0 N\u00e3o-Obrigat\u00f3rios<\/strong><\/h3>\n<p><strong>Chefe do Setor\u00a0<\/strong><\/p>\n<p>Daniel de Morais Cunha<\/p>\n<p><strong>T\u00e9cnicos Administrativo<\/strong><\/p>\n<p>Tarc\u00edso Marcelino de Oliveira Junior<\/p>\n<p>Luana Cardoso Sansano<\/p>\n<p>&nbsp;<\/p>\n<h3><strong>Setor de Aten\u00e7\u00e3o \u00e0 Sa\u00fade e Qualidade de Vida Estudantil<\/strong><\/h3>\n<p><strong>Chefe do Setor\u00a0<\/strong><\/p>\n<p>Lenna Indyara Lima<\/p>\n<p><strong>Psic\u00f3loga Cl\u00ednica<\/strong><\/p>\n<p>Leni Andrade\u00a0Barros dos\u00a0Santos<\/p>\n<p><strong>Psic\u00f3loga Educacional<\/strong><\/p>\n<p>Katharine Andrade e Silva\u00a0 \u00a0 \u00a0 \u00a0 \u00a0 \u00a0 \u00a0 \u00a0 \u00a0 \u00a0<strong><br \/>\n<\/strong><\/p>\n<p>&nbsp;<\/p>\n<p>&nbsp;<\/p>\n","protected":false},"excerpt":{"rendered":"<p>Pr\u00f3-Reitora de Assuntos Estudantis &#8211; PRAE \u00a0\u00a0Ana Ang\u00e9lica do Nascimento Nogueira Pr\u00f3-Reitor Adjunto de Assuntos Estudantis- PRAE Nestor Gomes Duarte Junior Secretaria J\u00e9ssica Lochayne Lima Lopes Recep\u00e7\u00e3o Jarlene de Almeida Melo Sandra Daiane Garcia de Medeiros Assessoria Abner Praxedes de Oliveira Luiz Joaquim Diniz da Silva Rafaela Catherine da Silva Cunha Medeiros Estagi\u00e1ria Marcicleide Pereira [&hellip;]<\/p>\n","protected":false},"author":3,"featured_media":0,"parent":0,"menu_order":0,"comment_status":"closed","ping_status":"closed","template":"","meta":{"footnotes":""},"class_list":["post-429","page","type-page","status-publish","hentry"],"_links":{"self":[{"href":"https:\/\/portal.uern.br\/prae\/wp-json\/wp\/v2\/pages\/429","targetHints":{"allow":["GET"]}}],"collection":[{"href":"https:\/\/portal.uern.br\/prae\/wp-json\/wp\/v2\/pages"}],"about":[{"href":"https:\/\/portal.uern.br\/prae\/wp-json\/wp\/v2\/types\/page"}],"author":[{"embeddable":true,"href":"https:\/\/portal.uern.br\/prae\/wp-json\/wp\/v2\/users\/3"}],"replies":[{"embeddable":true,"href":"https:\/\/portal.uern.br\/prae\/wp-json\/wp\/v2\/comments?post=429"}],"version-history":[{"count":19,"href":"https:\/\/portal.uern.br\/prae\/wp-json\/wp\/v2\/pages\/429\/revisions"}],"predecessor-version":[{"id":3184,"href":"https:\/\/portal.uern.br\/prae\/wp-json\/wp\/v2\/pages\/429\/revisions\/3184"}],"wp:attachment":[{"href":"https:\/\/portal.uern.br\/prae\/wp-json\/wp\/v2\/media?parent=429"}],"curies":[{"name":"wp","href":"https:\/\/api.w.org\/{rel}","templated":true}]}}