{"id":425,"date":"2023-02-06T16:18:42","date_gmt":"2023-02-06T19:18:42","guid":{"rendered":"http:\/\/beta.apps.uern.br\/wordpress\/prae\/?page_id=425"},"modified":"2024-02-15T13:24:11","modified_gmt":"2024-02-15T16:24:11","slug":"editais","status":"publish","type":"page","link":"https:\/\/portal.uern.br\/prae\/editais\/","title":{"rendered":"Editais"},"content":{"rendered":"<h3><strong>EDITAIS &#8211; PRAE 2024<\/strong><\/h3>\n<p><strong>EDITAIS DE EST\u00c1GIO<\/strong><\/p>\n<ul>\n<li style=\"text-align: left\"><strong>Edital n\u00ba 09\/2024 -PRAE<\/strong> TORNA P\u00daBLICO O EDITAL DE CONVOCA\u00c7\u00c3O PARA ENTREVISTAS DE SELE\u00c7\u00c3O PARA PREENCHIMENTO DE VAGAS EM EST\u00c1GIO N\u00c3O-OBRIGAT\u00d3RIO INTERNO DA UERN. (<a href=\"https:\/\/portal.uern.br\/prae\/wp-content\/uploads\/2024\/02\/EDITAL-09-PRAE-UERN.pdf\">Clique Aqui)<\/a><\/li>\n<\/ul>\n<p><strong>EDITAL DE CADASTRAMENTO SOCIOECON\u00d4MICO PARA INSER\u00c7\u00c3O NOS PROGRAMAS DE ASSIST\u00caNCIA DA UERN\u00a0<\/strong><\/p>\n<ul>\n<li><strong>Edital n\u00ba 008\/2024 &#8211; PRAE<\/strong> &#8211; EDITAL DE CADASTRAMENTO SOCIOECON\u00d4MICO PARA INSER\u00c7\u00c3O NOS PROGRAMAS DE ASSIST\u00caNCIA DA UERN\u00a0. (<a href=\"https:\/\/portal.uern.br\/prae\/wp-content\/uploads\/2024\/01\/Edital-0082024-PRAEUERN.pdf\">Clique Aqui<\/a>)<\/li>\n<\/ul>\n<p>&nbsp;<\/p>\n<p>&nbsp;<\/p>\n<p>&nbsp;<\/p>\n","protected":false},"excerpt":{"rendered":"<p>EDITAIS &#8211; PRAE 2024 EDITAIS DE EST\u00c1GIO Edital n\u00ba 09\/2024 -PRAE TORNA P\u00daBLICO O EDITAL DE CONVOCA\u00c7\u00c3O PARA ENTREVISTAS DE SELE\u00c7\u00c3O PARA PREENCHIMENTO DE VAGAS EM EST\u00c1GIO N\u00c3O-OBRIGAT\u00d3RIO INTERNO DA UERN. (Clique Aqui) EDITAL DE CADASTRAMENTO SOCIOECON\u00d4MICO PARA INSER\u00c7\u00c3O NOS PROGRAMAS DE ASSIST\u00caNCIA DA UERN\u00a0 Edital n\u00ba 008\/2024 &#8211; PRAE &#8211; EDITAL DE CADASTRAMENTO SOCIOECON\u00d4MICO [&hellip;]<\/p>\n","protected":false},"author":1,"featured_media":0,"parent":0,"menu_order":0,"comment_status":"closed","ping_status":"closed","template":"","meta":{"footnotes":""},"class_list":["post-425","page","type-page","status-publish","hentry"],"_links":{"self":[{"href":"https:\/\/portal.uern.br\/prae\/wp-json\/wp\/v2\/pages\/425","targetHints":{"allow":["GET"]}}],"collection":[{"href":"https:\/\/portal.uern.br\/prae\/wp-json\/wp\/v2\/pages"}],"about":[{"href":"https:\/\/portal.uern.br\/prae\/wp-json\/wp\/v2\/types\/page"}],"author":[{"embeddable":true,"href":"https:\/\/portal.uern.br\/prae\/wp-json\/wp\/v2\/users\/1"}],"replies":[{"embeddable":true,"href":"https:\/\/portal.uern.br\/prae\/wp-json\/wp\/v2\/comments?post=425"}],"version-history":[{"count":88,"href":"https:\/\/portal.uern.br\/prae\/wp-json\/wp\/v2\/pages\/425\/revisions"}],"predecessor-version":[{"id":1747,"href":"https:\/\/portal.uern.br\/prae\/wp-json\/wp\/v2\/pages\/425\/revisions\/1747"}],"wp:attachment":[{"href":"https:\/\/portal.uern.br\/prae\/wp-json\/wp\/v2\/media?parent=425"}],"curies":[{"name":"wp","href":"https:\/\/api.w.org\/{rel}","templated":true}]}}