{"id":3153,"date":"2026-03-18T13:19:23","date_gmt":"2026-03-18T16:19:23","guid":{"rendered":"https:\/\/portal.uern.br\/prae\/?page_id=3153"},"modified":"2026-03-23T15:32:51","modified_gmt":"2026-03-23T18:32:51","slug":"cartilha-de-orientacao-sigeleicao-uern","status":"publish","type":"page","link":"https:\/\/portal.uern.br\/prae\/cartilha-de-orientacao-sigeleicao-uern\/","title":{"rendered":"Cartilha de Orienta\u00e7\u00e3o &#8211; SIGElei\u00e7\u00e3o UERN"},"content":{"rendered":"<p><a href=\"https:\/\/heyzine.com\/flip-book\/c1c66ac1df.html\"><img fetchpriority=\"high\" decoding=\"async\" class=\" wp-image-3156 aligncenter\" src=\"https:\/\/portal.uern.br\/prae\/wp-content\/uploads\/2026\/03\/Cartilha-de-Orientacao-SIGEleicao-212x300.png\" alt=\"\" width=\"538\" height=\"761\" srcset=\"https:\/\/portal.uern.br\/prae\/wp-content\/uploads\/2026\/03\/Cartilha-de-Orientacao-SIGEleicao-212x300.png 212w, https:\/\/portal.uern.br\/prae\/wp-content\/uploads\/2026\/03\/Cartilha-de-Orientacao-SIGEleicao-724x1024.png 724w, https:\/\/portal.uern.br\/prae\/wp-content\/uploads\/2026\/03\/Cartilha-de-Orientacao-SIGEleicao-768x1086.png 768w, https:\/\/portal.uern.br\/prae\/wp-content\/uploads\/2026\/03\/Cartilha-de-Orientacao-SIGEleicao-1086x1536.png 1086w, https:\/\/portal.uern.br\/prae\/wp-content\/uploads\/2026\/03\/Cartilha-de-Orientacao-SIGEleicao.png 1414w\" sizes=\"(max-width: 538px) 100vw, 538px\" \/><\/a><\/p>\n<p>&nbsp;<\/p>\n","protected":false},"excerpt":{"rendered":"<p>&nbsp;<\/p>\n","protected":false},"author":4,"featured_media":0,"parent":0,"menu_order":0,"comment_status":"closed","ping_status":"closed","template":"","meta":{"footnotes":""},"class_list":["post-3153","page","type-page","status-publish","hentry"],"_links":{"self":[{"href":"https:\/\/portal.uern.br\/prae\/wp-json\/wp\/v2\/pages\/3153","targetHints":{"allow":["GET"]}}],"collection":[{"href":"https:\/\/portal.uern.br\/prae\/wp-json\/wp\/v2\/pages"}],"about":[{"href":"https:\/\/portal.uern.br\/prae\/wp-json\/wp\/v2\/types\/page"}],"author":[{"embeddable":true,"href":"https:\/\/portal.uern.br\/prae\/wp-json\/wp\/v2\/users\/4"}],"replies":[{"embeddable":true,"href":"https:\/\/portal.uern.br\/prae\/wp-json\/wp\/v2\/comments?post=3153"}],"version-history":[{"count":6,"href":"https:\/\/portal.uern.br\/prae\/wp-json\/wp\/v2\/pages\/3153\/revisions"}],"predecessor-version":[{"id":3180,"href":"https:\/\/portal.uern.br\/prae\/wp-json\/wp\/v2\/pages\/3153\/revisions\/3180"}],"wp:attachment":[{"href":"https:\/\/portal.uern.br\/prae\/wp-json\/wp\/v2\/media?parent=3153"}],"curies":[{"name":"wp","href":"https:\/\/api.w.org\/{rel}","templated":true}]}}