{"id":3101,"date":"2026-02-23T12:59:05","date_gmt":"2026-02-23T15:59:05","guid":{"rendered":"https:\/\/portal.uern.br\/prae\/?page_id=3101"},"modified":"2026-02-23T13:03:43","modified_gmt":"2026-02-23T16:03:43","slug":"teste-1","status":"publish","type":"page","link":"https:\/\/portal.uern.br\/prae\/teste-1\/","title":{"rendered":"Sa\u00fade Mental"},"content":{"rendered":"<p align=\"justify\"><span style=\"color: #1d1d1b\"><span style=\"font-family: Arial, serif\"><span style=\"font-size: medium\">Aten\u00e7\u00e3o \u00e0 Sa\u00fade Mental e Situa\u00e7\u00f5es de Urg\u00eancia\/Emerg\u00eancia<\/span><\/span><\/span><\/p>\n<p align=\"justify\"><span style=\"color: #1d1d1b\"><span style=\"font-family: Arial, serif\"><span style=\"font-size: medium\">O SEAS reafirma seu compromisso com o bem-estar dos estudantes da UERN e convida toda a comunidade acad\u00eamica a buscar apoio sempre que necess\u00e1rio. A sa\u00fade mental \u00e9 um fator essencial para o bom desempenho acad\u00eamico e para uma viv\u00eancia universit\u00e1ria saud\u00e1vel e equilibrada.<\/span><\/span><\/span><\/p>\n<p align=\"justify\"><span style=\"color: #1d1d1b\"><span style=\"font-family: Arial, serif\"><span style=\"font-size: medium\">Al\u00e9m dos atendimentos regulares, \u00e9 essencial que toda a comunidade acad\u00eamica esteja atenta \u00e0s <\/span><\/span><\/span><span style=\"color: #1d1d1b\"><span style=\"font-family: Arial, serif\"><span style=\"font-size: medium\"><b>situa\u00e7\u00f5es de urg\u00eancia e emerg\u00eancia psicol\u00f3gica com os estudantes<\/b><\/span><\/span><\/span><span style=\"color: #1d1d1b\"><span style=\"font-family: Arial, serif\"><span style=\"font-size: medium\">. Nesses casos, deve-se realizar a <\/span><\/span><\/span><span style=\"color: #1d1d1b\"><span style=\"font-family: Arial, serif\"><span style=\"font-size: medium\"><b>notifica\u00e7\u00e3o por meio do formul\u00e1rio institucion<\/b><\/span><\/span><\/span><span style=\"color: #1d1d1b\"><span style=\"font-family: Arial, serif\"><span style=\"font-size: medium\"><b>al<\/b><\/span><\/span><\/span><span style=\"color: #1d1d1b\"><span style=\"font-family: Arial, serif\"><span style=\"font-size: medium\">, dispon\u00edvel nos canais oficiais da PRAE e no link e Qr Code abaixo.<\/span><\/span><\/span><\/p>\n<p align=\"justify\"><span style=\"color: #1d1d1b\"><span style=\"font-family: Arial, serif\"><span style=\"font-size: medium\">Para orientar estudantes, docentes e t\u00e9cnicos sobre como agir diante dessas situa\u00e7\u00f5es, est\u00e1 dispon\u00edvel <\/span><\/span><\/span><span style=\"color: #1d1d1b\"><span style=\"font-family: Arial, serif\"><span style=\"font-size: medium\">n<\/span><\/span><\/span><span style=\"font-family: Arial, serif\"><span style=\"font-size: medium\">o link e Qr Code abaixo <\/span><\/span><span style=\"font-family: Arial, serif\"><span style=\"font-size: medium\">a <\/span><\/span><span style=\"font-family: Arial, serif\"><span style=\"font-size: medium\"><b>Cartilha de Primeiros Socorros Psicol\u00f3gicos<\/b><\/span><\/span><span style=\"font-family: Arial, serif\"><span style=\"font-size: medium\">, <\/span><\/span><span style=\"color: #1d1d1b\"><span style=\"font-family: Arial, serif\"><span style=\"font-size: medium\">que re\u00fane informa\u00e7\u00f5es pr\u00e1ticas e acess\u00edveis para o manejo inicial em casos cr\u00edticos.<\/span><\/span><\/span><\/p>\n<p align=\"justify\"><span style=\"color: #1d1d1b\"><span style=\"font-family: Arial, serif\"><span style=\"font-size: medium\">O conhecimento e a utiliza\u00e7\u00e3o dessas medidas fortalecem a rede de cuidado da universidade e auxiliam a identificar sinais de risco, garantindo respostas r\u00e1pidas e adequadas, al\u00e9m de promover um ambiente acad\u00eamico mais seguro e acolhedor.<\/span><\/span><\/span><\/p>\n<p align=\"justify\"><span style=\"color: #1d1d1b\"><span style=\"font-family: Arial, serif\"><span style=\"font-size: medium\">FORMUL\u00c1RIO DE NOTIFICA\u00c7\u00c3O<\/span><\/span><\/span><\/p>\n<p align=\"justify\"><span style=\"color: #1d1d1b\"><span style=\"font-family: Arial, serif\"><span style=\"font-size: medium\">SITUA\u00c7\u00d5ES DE URG\u00caNCIA E EMERG\u00caNCIA PSICOL\u00d3GICAS <\/span><\/span><\/span><\/p>\n<p align=\"justify\"><span style=\"color: #1d1d1b\"><span style=\"font-family: Arial, serif\"><span style=\"font-size: medium\">Link: <\/span><\/span><\/span><a href=\"https:\/\/docs.google.com\/forms\/d\/13nwZnfVMywXPI_NyZb7bKvFDHnmHSjg43YVH71O5LvQ\/edit\"><span style=\"color: #1155cc\"><span style=\"font-family: Arial, serif\"><span style=\"font-size: medium\"><u>https:\/\/docs.google.com\/forms\/d\/13nwZnfVMywXPI_NyZb7bKvFDHnmHSjg43YVH71O5LvQ\/edit<\/u><\/span><\/span><\/span><\/a><\/p>\n<p align=\"justify\">\n<p align=\"justify\"><img fetchpriority=\"high\" decoding=\"async\" class=\"alignnone  wp-image-3106\" src=\"https:\/\/portal.uern.br\/prae\/wp-content\/uploads\/2026\/02\/qr-300x300.png\" alt=\"\" width=\"250\" height=\"250\" srcset=\"https:\/\/portal.uern.br\/prae\/wp-content\/uploads\/2026\/02\/qr-300x300.png 300w, https:\/\/portal.uern.br\/prae\/wp-content\/uploads\/2026\/02\/qr-1024x1024.png 1024w, https:\/\/portal.uern.br\/prae\/wp-content\/uploads\/2026\/02\/qr-150x150.png 150w, https:\/\/portal.uern.br\/prae\/wp-content\/uploads\/2026\/02\/qr-768x768.png 768w, https:\/\/portal.uern.br\/prae\/wp-content\/uploads\/2026\/02\/qr-1536x1536.png 1536w, https:\/\/portal.uern.br\/prae\/wp-content\/uploads\/2026\/02\/qr.png 2048w\" sizes=\"(max-width: 250px) 100vw, 250px\" \/><\/p>\n","protected":false},"excerpt":{"rendered":"<p>Aten\u00e7\u00e3o \u00e0 Sa\u00fade Mental e Situa\u00e7\u00f5es de Urg\u00eancia\/Emerg\u00eancia O SEAS reafirma seu compromisso com o bem-estar dos estudantes da UERN e convida toda a comunidade acad\u00eamica a buscar apoio sempre que necess\u00e1rio. A sa\u00fade mental \u00e9 um fator essencial para o bom desempenho acad\u00eamico e para uma viv\u00eancia universit\u00e1ria saud\u00e1vel e equilibrada. Al\u00e9m dos atendimentos [&hellip;]<\/p>\n","protected":false},"author":4,"featured_media":0,"parent":0,"menu_order":0,"comment_status":"closed","ping_status":"closed","template":"","meta":{"footnotes":""},"class_list":["post-3101","page","type-page","status-publish","hentry"],"_links":{"self":[{"href":"https:\/\/portal.uern.br\/prae\/wp-json\/wp\/v2\/pages\/3101","targetHints":{"allow":["GET"]}}],"collection":[{"href":"https:\/\/portal.uern.br\/prae\/wp-json\/wp\/v2\/pages"}],"about":[{"href":"https:\/\/portal.uern.br\/prae\/wp-json\/wp\/v2\/types\/page"}],"author":[{"embeddable":true,"href":"https:\/\/portal.uern.br\/prae\/wp-json\/wp\/v2\/users\/4"}],"replies":[{"embeddable":true,"href":"https:\/\/portal.uern.br\/prae\/wp-json\/wp\/v2\/comments?post=3101"}],"version-history":[{"count":3,"href":"https:\/\/portal.uern.br\/prae\/wp-json\/wp\/v2\/pages\/3101\/revisions"}],"predecessor-version":[{"id":3107,"href":"https:\/\/portal.uern.br\/prae\/wp-json\/wp\/v2\/pages\/3101\/revisions\/3107"}],"wp:attachment":[{"href":"https:\/\/portal.uern.br\/prae\/wp-json\/wp\/v2\/media?parent=3101"}],"curies":[{"name":"wp","href":"https:\/\/api.w.org\/{rel}","templated":true}]}}