{"id":3057,"date":"2026-01-06T12:29:52","date_gmt":"2026-01-06T15:29:52","guid":{"rendered":"https:\/\/portal.uern.br\/prae\/?page_id=3057"},"modified":"2026-04-02T06:29:15","modified_gmt":"2026-04-02T09:29:15","slug":"2026-2","status":"publish","type":"page","link":"https:\/\/portal.uern.br\/prae\/2026-2\/","title":{"rendered":"2026"},"content":{"rendered":"<h1 style=\"text-align: center\"><strong>Editais 2026 &#8211; PRAE\/UERN<\/strong><\/h1>\n<p><strong>PROCESSO SELETIVO DO PROGRAMA DE APOIO \u00c0 PERMAN\u00caNCIA ESTUDANTIL &#8211; 2026.1 (Aux\u00edlios: Perman\u00eancia, Creche, Moradia, Transporte, Alimenta\u00e7\u00e3o e Resid\u00eancia Universit\u00e1ria)<\/strong><\/p>\n<ul>\n<li><strong>Edital N\u00ba 005\/2026 \u2013 <\/strong>PRAE- TORNA P\u00daBLICO O PROCESSO SELETIVO REFERENTE PROGRAMA DE APOIO \u00c0 PERMAN\u00caNCIA ESTUDANTIL DA UERN, SEMESTRE 2026.1. (<a href=\"https:\/\/portal.uern.br\/prae\/wp-content\/uploads\/2026\/02\/Edital_005_2026___PRAE.pdf\">Clique Aqui<\/a>)<\/li>\n<li><strong>Edital N\u00ba 007\/2026 \u2013 <\/strong>PRAE- RETIFICA\u00c7\u00c3O DO\u00a0<strong>Edital N\u00ba 005\/2026 \u2013 <\/strong>PRAE (<a href=\"https:\/\/portal.uern.br\/prae\/wp-content\/uploads\/2026\/02\/SEI_39637836_Edital_007_2026___PRAE.pdf\">Clique Aqui<\/a>)<\/li>\n<li><strong>Edital N\u00ba 013\/2026 \u2013 PRAE-<\/strong> TORNA P\u00daBLICO O RESULTADO PRELIMINAR DO PROCESSO SELETIVO REFERENTE PROGRAMA DE APOIO \u00c0 PERMAN\u00caNCIA ESTUDANTIL DA UERN, SEMESTRE 2026.1. (<a href=\"https:\/\/portal.uern.br\/prae\/wp-content\/uploads\/2026\/03\/Edital_013_2026___PRAE.pdf\">Clique Aqui<\/a>)<\/li>\n<li><strong>Edital N\u00ba 014\/2026 \u2013 PRAE-<\/strong> TORNA P\u00daBLICA A CONVOCA\u00c7\u00c3O PARA ENTREVISTAS E RESULTADOS DOS RECURSOS, NO \u00c2MBITO DO PROCESSO SELETIVO REFERENTE AO PROGRAMA DE APOIO \u00c0 PERMAN\u00caNCIA ESTUDANTIL DA UERN, SEMESTRE 2026.1. (<a href=\"https:\/\/portal.uern.br\/prae\/wp-content\/uploads\/2026\/03\/Edital_014_2026___PRAE.pdf\">Clique Aqui<\/a>)<\/li>\n<li><strong>Edital N\u00ba 015\/2026 \u2013 PRAE-<\/strong>TORNA P\u00daBLICO O RESULTADO FINAL DO PROCESSO SELETIVO REFERENTE PROGRAMA DE APOIO \u00c0 PERMAN\u00caNCIA ESTUDANTIL DA UERN, SEMESTRE 2026.1.\u00a0(<a href=\"https:\/\/portal.uern.br\/prae\/wp-content\/uploads\/2026\/04\/SEI_40430766_Edital_015_2026___PRAE.pdf\">Clique Aqui<\/a>)<\/li>\n<\/ul>\n<p>&nbsp;<\/p>\n<p><strong>PROCESSO SELETIVO EST\u00c1GIO N\u00c3O OBRIGAT\u00d3RIO<\/strong><\/p>\n<ul>\n<li><strong>Edital n\u00ba 006\/2026-PRAE\/UERN\/2026<\/strong> &#8211; TORNA P\u00daBLICO O PROCEDIMENTO DE MANIFESTA\u00c7\u00c3O DE INTERESSE PARA OCUPA\u00c7\u00c3O DE VAGAS DE EST\u00c1GIO N\u00c3O OBRIGAT\u00d3RIO PARA ATUA\u00c7\u00c3O NO \u00c2MBITO DA UERN. (<a href=\"https:\/\/portal.uern.br\/prae\/wp-content\/uploads\/2026\/02\/SEI_39528498_Edital_06___PRAE___UERN-1.pdf\">Clique aqui<\/a>)<\/li>\n<li style=\"text-align: left\"><strong>Edital n\u00ba 008\/2026-PRAE\/UERN\/2026 <\/strong>&#8211; TORNA P\u00daBLICO O EDITAL DE RESULTADO DA MANIFESTA\u00c7\u00c3O DE INTERESSE E CONVOCA\u00c7\u00c3O PARA AS ENTREVISTAS DE EST\u00c1GIO DO PROCESSO SELETIVO DE VAGAS DE EST\u00c1GIO N\u00c3O OBRIGAT\u00d3RIO INTERNO DA UERN (<a href=\"https:\/\/portal.uern.br\/prae\/wp-content\/uploads\/2026\/03\/Edital-008-PRAE-UERN.pdf\">Clque aqui<\/a>)<\/li>\n<li><strong>Edital n\u00ba 009\/2026-PRAE\/UERN\/2026 <\/strong>&#8211; ADITIVO AO EDITAL N\u00ba 08-PRAE\/UERN\/2026\u00a0(<a href=\"https:\/\/portal.uern.br\/prae\/wp-content\/uploads\/2026\/03\/Edital-009-PRAE-UERN.pdf\">Clique aqui<\/a>)<\/li>\n<li><strong>Edital n\u00ba 010\/2026-PRAE\/2026\u00a0<\/strong>&#8211; RETIFICA\u00c7\u00c3O DO EDITAL n\u00ba 008\/2026 &#8211; PRAE\/2026- PRAE\/UERN (<a href=\"https:\/\/portal.uern.br\/prae\/wp-content\/uploads\/2026\/03\/Edital-010-2026-PRAE.pdf\">Clique aqui<\/a>)<\/li>\n<li><strong>Edital n\u00ba 011\/2026-PRAE\/2026\u00a0<\/strong>&#8211; TORNA P\u00daBLICO O RESULTADO PRELIMINAR DO PROCESSO SELETIVO PARA PREENCHIMENTO DE VAGAS EM EST\u00c1GIO N\u00c3O-OBRIGAT\u00d3RIO INTERNO DA UERN. (<a href=\"https:\/\/portal.uern.br\/prae\/wp-content\/uploads\/2026\/03\/Edital-011-2026PRAE.pdf\">Clique aqui<\/a>)<\/li>\n<li><strong>Edital n.\u00ba 012\/2026-PRAE\/UERN\u00a0<\/strong>&#8211; TORNA P\u00daBLICO O RESULTADO DO PROCESSO SELETIVO PARA PREENCHIMENTO DE VAGAS DE EST\u00c1GIO N\u00c3O OBRIGAT\u00d3RIO (<a href=\"https:\/\/portal.uern.br\/prae\/wp-content\/uploads\/2026\/03\/EDITAL-N.o-012-RESULTADO-FINAL.pdf\">Clique aqui<\/a>)<\/li>\n<\/ul>\n<p>&nbsp;<\/p>\n<p><strong>PROCESSO SELETIVO EST\u00c1GIO N\u00c3O OBRIGAT\u00d3RIO<\/strong><\/p>\n<ul>\n<li><strong>Edital n\u00ba 006-PRAE\/UERN\/2026<\/strong> &#8211; Torna p\u00fablico o procedimento de manifesta\u00e7\u00e3o de interesse para ocupa\u00e7\u00e3o de vagas de est\u00e1gio n\u00e3oobrigat\u00f3rio para atua\u00e7\u00e3o no \u00e2mbito da UERN. (<a href=\"https:\/\/portal.uern.br\/prae\/wp-content\/uploads\/2026\/02\/SEI_39528498_Edital_06___PRAE___UERN-1.pdf\">Clique aqui<\/a>)<\/li>\n<\/ul>\n<p>&nbsp;<\/p>\n<p><strong>PRESTA\u00c7\u00c3O DE CONTAS \u2013 AUX\u00cdLIO MORADIA<\/strong><\/p>\n<ul>\n<li><strong>Edital N\u00ba 142\/2025 \u2013\u00a0<\/strong>PRAE- TORNA P\u00daBLICA A CONVOCA\u00c7\u00c3O DOS(AS) BENEFICI\u00c1RIOS DO PROGRAMA DE MORADIA UNIVERSIT\u00c1RIA \u2013 AUX\u00cdLIO FINANCEIRO PARA COMPROVA\u00c7\u00c3O DO USO DOS RECURSOS FINANCEIROS RECEBIDOS NO ANO DE 2025.\u00a0(<a href=\"https:\/\/portal.uern.br\/prae\/wp-content\/uploads\/2025\/12\/Edital_142_2025___PRAE.pdf\">Clique Aqui<\/a>)<\/li>\n<li><strong>Edital N\u00ba 002\/2026 \u2013 <\/strong>TORNA P\u00daBLICO O RESULTADO PRELIMINAR DA PRESTA\u00c7\u00c3O DE CONTAS DOS RECURSOS FINANCEIROS RELATIVOS AOS(\u00c0S) BENEFICI\u00c1RIOS(AS) CONTEMPLADOS(AS) NO PROGRAMA MORADIA UNIVERSIT\u00c1RIA, MODALIDADE AUX\u00cdLIO FINANCEIRO. (<a href=\"https:\/\/portal.uern.br\/prae\/wp-content\/uploads\/2026\/01\/Edital_002_2026___PRAE.pdf\">Clique Aqui<\/a>)<\/li>\n<li><strong>Edital N\u00ba 003\/2026 \u2013 <\/strong>TORNA P\u00daBLICO O <strong>RESULTADO FINAL<\/strong> DA PRESTA\u00c7\u00c3O DE CONTAS DOS RECURSOS FINANCEIROS RELATIVOS AOS(\u00c0S) BENEFICI\u00c1RIOS(AS) CONTEMPLADOS(AS) NO <strong>PROGRAMA MORADIA UNIVERSIT\u00c1RIA<\/strong>, MODALIDADE AUX\u00cdLIO FINANCEIRO. (<a href=\"https:\/\/portal.uern.br\/prae\/wp-content\/uploads\/2026\/01\/Edital_003_2026___PRAE.pdf\">Clique Aqui<\/a>)<\/li>\n<\/ul>\n<p>&nbsp;<\/p>\n<p><strong>PRESTA\u00c7\u00c3O DE CONTAS \u2013 AUX\u00cdLIO CRECHE<\/strong><\/p>\n<ul>\n<li><strong>Edital N\u00ba 141\/2025 \u2013 PRAE-\u00a0<\/strong>TORNA P\u00daBLICA A CONVOCA\u00c7\u00c3O DOS(DAS) BENEFICI\u00c1RIOS(AS) CONTEMPLADOS(AS) NO PROGRAMA AUX\u00cdLIO CRECHE PARA COMPROVA\u00c7\u00c3O DO USO DOS RECURSOS FINANCEIROS DO ANO DE 2025.\u00a0(<a href=\"https:\/\/portal.uern.br\/prae\/wp-content\/uploads\/2025\/12\/Edital_141_2025___PRAE.pdf\">Clique Aqui<\/a>)<\/li>\n<li><strong>Edital N\u00ba 001\/2026 \u2013 <\/strong>PRAE-TORNA P\u00daBLICO O RESULTADO PRELIMINAR DA PRESTA\u00c7\u00c3O DE CONTAS DOS RECURSOS FINANCEIROS RELATIVO AOS(\u00c0S) BENEFICI\u00c1RIOS(AS) CONTEMPLADOS(AS) NO PROGRAMA AUX\u00cdLIO CRECHE NO ANO DE 2025.\u00a0(<a href=\"https:\/\/portal.uern.br\/prae\/wp-content\/uploads\/2026\/01\/Edital_001_2026___PRAE.pdf\">Clique Aqui<\/a>)<\/li>\n<li><strong>Edital N\u00ba 004\/2026 \u2013 <\/strong>PRAE-TORNA P\u00daBLICO O RESULTADO PRELIMINAR DA PRESTA\u00c7\u00c3O DE CONTAS DOS RECURSOS FINANCEIROS RELATIVO AOS(\u00c0S) BENEFICI\u00c1RIOS(AS) CONTEMPLADOS(AS) NO PROGRAMA AUX\u00cdLIO CRECHE NO ANO DE 2025.\u00a0(<a href=\"https:\/\/portal.uern.br\/prae\/wp-content\/uploads\/2026\/01\/Edital_004_2026___PRAE.pdf\">Clique Aqui<\/a>)<\/li>\n<\/ul>\n","protected":false},"excerpt":{"rendered":"<p>Editais 2026 &#8211; PRAE\/UERN PROCESSO SELETIVO DO PROGRAMA DE APOIO \u00c0 PERMAN\u00caNCIA ESTUDANTIL &#8211; 2026.1 (Aux\u00edlios: Perman\u00eancia, Creche, Moradia, Transporte, Alimenta\u00e7\u00e3o e Resid\u00eancia Universit\u00e1ria) Edital N\u00ba 005\/2026 \u2013 PRAE- TORNA P\u00daBLICO O PROCESSO SELETIVO REFERENTE PROGRAMA DE APOIO \u00c0 PERMAN\u00caNCIA ESTUDANTIL DA UERN, SEMESTRE 2026.1. (Clique Aqui) Edital N\u00ba 007\/2026 \u2013 PRAE- RETIFICA\u00c7\u00c3O DO\u00a0Edital N\u00ba [&hellip;]<\/p>\n","protected":false},"author":3,"featured_media":0,"parent":0,"menu_order":0,"comment_status":"closed","ping_status":"closed","template":"","meta":{"footnotes":""},"class_list":["post-3057","page","type-page","status-publish","hentry"],"_links":{"self":[{"href":"https:\/\/portal.uern.br\/prae\/wp-json\/wp\/v2\/pages\/3057","targetHints":{"allow":["GET"]}}],"collection":[{"href":"https:\/\/portal.uern.br\/prae\/wp-json\/wp\/v2\/pages"}],"about":[{"href":"https:\/\/portal.uern.br\/prae\/wp-json\/wp\/v2\/types\/page"}],"author":[{"embeddable":true,"href":"https:\/\/portal.uern.br\/prae\/wp-json\/wp\/v2\/users\/3"}],"replies":[{"embeddable":true,"href":"https:\/\/portal.uern.br\/prae\/wp-json\/wp\/v2\/comments?post=3057"}],"version-history":[{"count":21,"href":"https:\/\/portal.uern.br\/prae\/wp-json\/wp\/v2\/pages\/3057\/revisions"}],"predecessor-version":[{"id":3195,"href":"https:\/\/portal.uern.br\/prae\/wp-json\/wp\/v2\/pages\/3057\/revisions\/3195"}],"wp:attachment":[{"href":"https:\/\/portal.uern.br\/prae\/wp-json\/wp\/v2\/media?parent=3057"}],"curies":[{"name":"wp","href":"https:\/\/api.w.org\/{rel}","templated":true}]}}