{"id":2749,"date":"2025-04-29T17:21:14","date_gmt":"2025-04-29T20:21:14","guid":{"rendered":"https:\/\/portal.uern.br\/prae\/?page_id=2749"},"modified":"2025-04-30T13:49:04","modified_gmt":"2025-04-30T16:49:04","slug":"2025-noticias","status":"publish","type":"page","link":"https:\/\/portal.uern.br\/prae\/2025-noticias\/","title":{"rendered":"2025 &#8211; Not\u00edcias"},"content":{"rendered":"<h3 class=\"entry-title td-module-title\"><strong><em>Acompanhe as nossas not\u00edcias nos links abaixo:<\/em><\/strong><\/h3>\n<h3 class=\"elementor-post__title\" data-raofz=\"24\"><a role=\"link\" href=\"https:\/\/portal.uern.br\/blog\/resultado-do-processo-seletivo-de-estagiarios-para-atuacao-no-ambito-da-uern-e-divulgado\/\" data-raofz=\"24\">Resultado final do processo seletivo de estagi\u00e1rios para atua\u00e7\u00e3o no \u00e2mbito da Uern \u00e9 divulgado<\/a><\/h3>\n<h3 class=\"elementor-post__title\" data-raofz=\"24\"><a role=\"link\" href=\"https:\/\/portal.uern.br\/blog\/uern-divulga-resultado-preliminar-para-vagas-de-estagio-nao-obrigatorio-para-atuacao-na-facem\/\" data-raofz=\"24\">Uern divulga resultado preliminar para vagas de est\u00e1gio n\u00e3o-obrigat\u00f3rio para atua\u00e7\u00e3o na Facem<\/a><\/h3>\n<h3 class=\"\" data-start=\"122\" data-end=\"223\"><a href=\"https:\/\/portal.uern.br\/prae\/2711-2\/\">PRAE publica resultado preliminar do processo seletivo de est\u00e1gio n\u00e3o-obrigat\u00f3rio da Uern<\/a><\/h3>\n<h3 class=\"elementor-post__title\"><a href=\"https:\/\/portal.uern.br\/blog\/uern-convoca-candidatos-para-entrevista-de-estagio-para-atuacao-na-facem\/\">Uern convoca candidatos para entrevista de est\u00e1gio para atua\u00e7\u00e3o na Facem<\/a><\/h3>\n<h3 class=\"elementor-post__title\"><a href=\"https:\/\/portal.uern.br\/blog\/uern-publica-resultado-final-da-segunda-etapa-do-processo-seletivo-para-programas-socioassistenciais\/\">Uern publica resultado final da segunda etapa do processo seletivo para programas socioassistenciais<\/a><\/h3>\n<h3 class=\"elementor-post__title\"><a href=\"https:\/\/portal.uern.br\/blog\/uern-publica-resultado-dos-recursos-referentes-a-reavaliacao-dos-beneficiarios-do-programa-auxilio-creche\/\">Uern publica resultado dos recursos referentes \u00e0 reavalia\u00e7\u00e3o dos benefici\u00e1rios do programa aux\u00edlio creche<\/a><\/h3>\n<h3 class=\"elementor-post__title\"><a href=\"https:\/\/portal.uern.br\/blog\/uern-divulga-resultado-final-da-reavaliacao-dos-beneficiarios-do-programa-moradia-universitaria\/\">Uern divulga resultado final da reavalia\u00e7\u00e3o dos benefici\u00e1rios do programa Moradia Universit\u00e1ria<\/a><\/h3>\n<h3 class=\"elementor-post__title\"><a href=\"https:\/\/portal.uern.br\/blog\/uern-publica-resultado-final-do-processo-para-concessao-do-auxilio-inclusao-digital-semestre-2025-1\/\">Uern publica resultado final do processo para concess\u00e3o do aux\u00edlio inclus\u00e3o digital, semestre 2025.1<\/a><\/h3>\n<h3 class=\"elementor-post__title\"><a href=\"https:\/\/portal.uern.br\/blog\/uern-convoca-candidatos-para-entrevista-para-preenchimento-de-vagas-em-estagio-nao-obrigatorio\/\">Uern convoca candidatos para entrevista para preenchimento de vagas em est\u00e1gio n\u00e3o-obrigat\u00f3rio<\/a><\/h3>\n<h3 class=\"elementor-post__title\"><a href=\"https:\/\/portal.uern.br\/blog\/auxilio-creche-uern-divulga-resultado-preliminar-de-reavaliacao-do-programa\/\">Aux\u00edlio creche: Uern divulga resultado preliminar de reavalia\u00e7\u00e3o do programa<\/a><\/h3>\n<h3 class=\"elementor-post__title\"><a href=\"https:\/\/portal.uern.br\/blog\/uern-divulga-resultado-preliminar-de-reavaliacao-academica-do-programa-de-moradia-universitaria\/\">Uern divulga resultado preliminar de reavalia\u00e7\u00e3o acad\u00eamica do Programa de Moradia Universit\u00e1ria<\/a><\/h3>\n<h3 class=\"elementor-post__title\"><a href=\"https:\/\/portal.uern.br\/blog\/uern-divulga-resultado-preliminar-do-auxilio-inclusao-digital-para-educacao-a-distancia\/\">Uern divulga resultado preliminar do Aux\u00edlio Inclus\u00e3o Digital para Educa\u00e7\u00e3o \u00e0 Dist\u00e2ncia<\/a><\/h3>\n<h3 class=\"elementor-post__title\"><a href=\"https:\/\/portal.uern.br\/blog\/uern-abre-23-vagas-de-estagio-nao-obrigatorio-para-estudantes-de-diversos-cursos\/\">Uern abre 23 vagas de est\u00e1gio n\u00e3o obrigat\u00f3rio para estudantes de diversos cursos<\/a><\/h3>\n<h3 class=\"elementor-post__title\"><a href=\"https:\/\/portal.uern.br\/blog\/publicado-resultado-final-da-segunda-etapa-da-selecao-do-programa-moradia-universitaria\/\">Publicado resultado final da segunda etapa da sele\u00e7\u00e3o do Programa Moradia Universit\u00e1ria<\/a><\/h3>\n<h3 class=\"elementor-post__title\"><a href=\"https:\/\/portal.uern.br\/blog\/uern-amplia-vagas-para-auxilios-socioassistenciais-em-nova-etapa-do-processo-seletivo\/\">Uern amplia vagas para aux\u00edlios socioassistenciais em nova etapa do processo seletivo<\/a><\/h3>\n<h3 class=\"elementor-post__title\"><a href=\"https:\/\/portal.uern.br\/blog\/uern-divulga-resultado-final-de-selecao-para-acesso-aos-programas-de-permanencia-estudantil\/\">Uern divulga resultado final de sele\u00e7\u00e3o para acesso aos Programas de perman\u00eancia estudantil<\/a><\/h3>\n<h3 class=\"elementor-post__title\"><a href=\"https:\/\/portal.uern.br\/blog\/prae-convoca-para-entrevistas-candidatos-da-selecao-do-programa-de-moradia-universitaria-modalidade-residencia-universitaria\/\">Prae convoca para entrevistas candidatos da sele\u00e7\u00e3o do Programa de Moradia Universit\u00e1ria \u2013 modalidade Resid\u00eancia Universit\u00e1ria<\/a><\/h3>\n<h3 class=\"elementor-post__title\"><a href=\"https:\/\/portal.uern.br\/blog\/adiado-resultado-de-reavaliacao-academica-de-beneficiarios-dos-programas-de-moradia-universitaria-e-auxilio-creche\/\">Adiado resultado de reavalia\u00e7\u00e3o acad\u00eamica de benefici\u00e1rios dos programas de Moradia Universit\u00e1ria e Aux\u00edlio Creche<\/a><\/h3>\n<h3 class=\"elementor-post__title\"><a href=\"https:\/\/portal.uern.br\/blog\/prorrogada-data-de-resultado-de-selecao-de-acesso-aos-programas-socioassistenciais-da-uern\/\">Prorrogada data de resultado de sele\u00e7\u00e3o de acesso aos programas socioassistenciais da Uern<\/a><\/h3>\n<h3 class=\"elementor-post__title\"><a href=\"https:\/\/portal.uern.br\/blog\/prae-publica-resultado-de-manifestacao-de-interesse-de-residentes-universitarios-em-acessar-auxilio-alimentacao\/\">Prae publica resultado de manifesta\u00e7\u00e3o de interesse de residentes universit\u00e1rios em acessar Aux\u00edlio Alimenta\u00e7\u00e3o<\/a><\/h3>\n<h3 class=\"elementor-post__title\"><a href=\"https:\/\/portal.uern.br\/blog\/divulgada-relacao-de-inscritos-em-selecao-do-programa-de-moradia-universitaria\/\">Divulgada rela\u00e7\u00e3o de inscritos em sele\u00e7\u00e3o do Programa de Moradia Universit\u00e1ria<\/a><\/h3>\n<h3 class=\"elementor-post__title\"><a href=\"https:\/\/portal.uern.br\/blog\/uern-divulga-o-resultado-preliminar-e-convocacao-para-entrevistas-do-processo-seletivo-de-fluxo-continuo-para-acesso-aos-programas-da-prae\/\">Uern divulga o resultado preliminar e convoca\u00e7\u00e3o para entrevistas do processo seletivo de fluxo cont\u00ednuo para acesso aos programas da Prae<\/a><\/h3>\n<h3 class=\"elementor-post__title\"><a href=\"https:\/\/portal.uern.br\/blog\/prae-divulga-resultado-de-selecao-de-estagio-nao-obrigatorio-3\/\">Prae divulga resultado de sele\u00e7\u00e3o de est\u00e1gio n\u00e3o obrigat\u00f3rio<\/a><\/h3>\n<h3 class=\"elementor-post__title\"><a href=\"https:\/\/portal.uern.br\/blog\/uern-abre-selecao-de-auxilio-inclusao-digital-para-estudantes-na-modalidade-ead\/\">Uern abre sele\u00e7\u00e3o de Aux\u00edlio Inclus\u00e3o Digital para estudantes na modalidade EAD<\/a><\/h3>\n<h3 class=\"elementor-post__title\"><a href=\"https:\/\/portal.uern.br\/blog\/uern-retifica-resultado-preliminar-de-processo-seletivo-para-estagio-nao-obrigatorio\/\">Uern retifica resultado preliminar de processo seletivo para est\u00e1gio n\u00e3o-obrigat\u00f3rio<\/a><\/h3>\n<h3 class=\"elementor-post__title\"><a href=\"https:\/\/portal.uern.br\/blog\/divulgado-resultado-preliminar-de-selecao-de-estagio-nao-obrigatorio-no-ambito-da-uern\/\">Divulgado resultado preliminar de sele\u00e7\u00e3o de est\u00e1gio n\u00e3o-obrigat\u00f3rio no \u00e2mbito da Uern<\/a><\/h3>\n<h3 class=\"elementor-post__title\"><a href=\"https:\/\/portal.uern.br\/blog\/uern-abre-processo-seletivo-para-moradia-universitaria-em-2025\/\">Uern abre processo seletivo para Moradia Universit\u00e1ria em 2025<\/a><\/h3>\n<h3 class=\"elementor-post__title\"><a href=\"https:\/\/portal.uern.br\/blog\/uern-publica-aditivo-ao-edital-de-processo-seletivo-para-estagio-nao-obrigatorio\/\">Uern publica aditivo ao edital de processo seletivo para est\u00e1gio n\u00e3o obrigat\u00f3rio<\/a><\/h3>\n<h3 class=\"elementor-post__title\"><a href=\"https:\/\/portal.uern.br\/blog\/samba-promove-acolhimento-para-mais-de-600-estudantes-da-modalidade-ead\/\">Samba promove acolhimento para mais de 600 estudantes da modalidade EaD<\/a><\/h3>\n<h3 class=\"elementor-post__title\"><a href=\"https:\/\/portal.uern.br\/blog\/uern-divulga-aditivo-ao-edital-de-convocacao-para-entrevistas-para-selecao-de-estagio-nao-obrigatorio\/\">Uern divulga aditivo ao edital de convoca\u00e7\u00e3o para entrevistas para sele\u00e7\u00e3o de est\u00e1gio n\u00e3o-obrigat\u00f3rio<\/a><\/h3>\n<h3 class=\"elementor-post__title\"><a href=\"https:\/\/portal.uern.br\/blog\/grupo-conexoes-de-suporte-psicologico-aos-estudantes-divulga-programacao-de-2025\/\">Grupo Conex\u00f5es, de suporte psicol\u00f3gico aos estudantes, divulga programa\u00e7\u00e3o de 2025<\/a><\/h3>\n<h3 class=\"elementor-post__title\"><a href=\"https:\/\/portal.uern.br\/blog\/uern-amplia-acesso-a-atendimentos-psicologicos-para-estudantes\/\">Uern amplia acesso a atendimentos psicol\u00f3gicos para estudantes<\/a><\/h3>\n<h3 class=\"elementor-post__title\"><a href=\"https:\/\/portal.uern.br\/blog\/uern-convoca-para-entrevistas-candidatos-em-selecao-de-estagio-nao-obrigatorio\/\">Uern convoca para entrevistas candidatos em sele\u00e7\u00e3o de est\u00e1gio n\u00e3o-obrigat\u00f3rio<\/a><\/h3>\n<h3 class=\"elementor-post__title\"><a href=\"https:\/\/portal.uern.br\/blog\/carnaval-responsa-estudantes-em-mossoro-recebem-kits-e-orientacoes-para-cair-na-folia-com-seguranca\/\">Carnaval Responsa: estudantes em Mossor\u00f3 recebem kits e orienta\u00e7\u00f5es para cair na folia com seguran\u00e7a<\/a><\/h3>\n<h3 class=\"elementor-post__title\"><a href=\"https:\/\/portal.uern.br\/blog\/uern-divulga-resultado-de-recursos-e-convocacao-para-entrevistas-do-processo-seletivo-para-moradia-universitaria-2025-1\/\">Uern divulga resultado de recursos e convoca\u00e7\u00e3o para entrevistas do processo seletivo para Moradia Universit\u00e1ria 2025.1<\/a><\/h3>\n<h3 class=\"elementor-post__title\"><a href=\"https:\/\/portal.uern.br\/blog\/uern-divulga-resultado-final-do-processo-seletivo-para-estagios-remunerados-no-campus-de-mossoro\/\">Uern divulga resultado final do processo seletivo para est\u00e1gios remunerados no Campus de Mossor\u00f3<\/a><\/h3>\n<h3 class=\"elementor-post__title\"><a href=\"https:\/\/portal.uern.br\/blog\/seminario-de-ambientacao-academica-recepciona-estudantes-do-turno-noturno\/\">Semin\u00e1rio de Ambienta\u00e7\u00e3o Acad\u00eamica recepciona estudantes do turno noturno<\/a><\/h3>\n<h3 class=\"elementor-post__title\"><a href=\"https:\/\/portal.uern.br\/blog\/uern-publica-resultado-das-inscricoes-para-o-programa-moradia-universitaria-semestre-2025-1\/\">Uern publica resultado das inscri\u00e7\u00f5es para o Programa Moradia Universit\u00e1ria semestre 2025.1<\/a><\/h3>\n<h3 class=\"elementor-post__title\"><a href=\"https:\/\/portal.uern.br\/blog\/uern-abre-inscricoes-para-auxilios-estudantis-no-semestre-2025-1\/\">Uern abre inscri\u00e7\u00f5es para aux\u00edlios estudantis no semestre 2025.1<\/a><\/h3>\n<h3 class=\"elementor-post__title\"><a href=\"https:\/\/portal.uern.br\/blog\/uern-abre-reavaliacao-para-beneficiarios-do-programa-auxilio-creche\/\">Uern abre reavalia\u00e7\u00e3o para benefici\u00e1rios do Programa Aux\u00edlio Creche<\/a><\/h3>\n<h3 class=\"elementor-post__title\"><a href=\"https:\/\/portal.uern.br\/blog\/uern-convoca-beneficiarios-do-programa-de-moradia-universitaria-para-reavaliacao-academica\/\">Uern convoca benefici\u00e1rios do Programa de Moradia Universit\u00e1ria para reavalia\u00e7\u00e3o acad\u00eamica<\/a><\/h3>\n<h3 class=\"elementor-post__title\"><a href=\"https:\/\/portal.uern.br\/blog\/seminario-de-ambientacao-academica-samba-2025-1-recepcao-aos-calouros-e-integracao-academica\/\">Semin\u00e1rio de Ambienta\u00e7\u00e3o Acad\u00eamica (Samba) 2025.1: recep\u00e7\u00e3o aos calouros e integra\u00e7\u00e3o acad\u00eamica<\/a><\/h3>\n<h3 class=\"elementor-post__title\"><a href=\"https:\/\/portal.uern.br\/blog\/uern-convoca-candidatos-para-entrevistas-de-estagio\/\">Uern convoca candidatos para entrevistas de est\u00e1gio<\/a><\/h3>\n<h3 class=\"elementor-post__title\"><a href=\"https:\/\/portal.uern.br\/blog\/prae-lanca-edital-do-processo-seletivo-de-fluxo-continuo-para-as-residencias-universitarias\/\">Prae lan\u00e7a edital do processo seletivo de fluxo cont\u00ednuo para as Resid\u00eancias Universit\u00e1rias<\/a><\/h3>\n<h3 class=\"elementor-post__title\"><a href=\"https:\/\/portal.uern.br\/blog\/prae-uern-torna-publico-resultado-das-inscricoes-do-processo-seletivo-para-contratacao-estagios-remunerados\/\">Prae\/Uern torna p\u00fablico resultado das inscri\u00e7\u00f5es do processo seletivo que oferta de est\u00e1gios remunerados<\/a><\/h3>\n<h3 class=\"elementor-post__title\"><a href=\"https:\/\/portal.uern.br\/blog\/seminario-de-ambientacao-academica-tera-recepcao-presencial-e-remota-para-inicio-do-semestre-2025-1-na-uern\/\">Semin\u00e1rio de Ambienta\u00e7\u00e3o Acad\u00eamica ter\u00e1 recep\u00e7\u00e3o presencial e remota para in\u00edcio do semestre 2025.1 na Uern<\/a><\/h3>\n<h3 class=\"elementor-post__title\"><a href=\"https:\/\/portal.uern.br\/blog\/uern-abre-vagas-de-estagio-para-estudantes-de-outras-instituicoes\/\">Uern abre vagas de est\u00e1gio para estudantes de outras institui\u00e7\u00f5es<\/a><\/h3>\n<h3 class=\"elementor-post__title\"><a href=\"https:\/\/portal.uern.br\/blog\/uern-reconecta-integrara-estudantes-e-servidores-em-acolhida-do-semestre-2025-1\/\">Uern Reconecta integrar\u00e1 estudantes e servidores em acolhida do semestre 2025.1<\/a><\/h3>\n<h3 class=\"elementor-post__title\"><a href=\"https:\/\/portal.uern.br\/blog\/auxilio-creche-beneficiarios-devem-comprovar-a-prestacao-de-contas-referente-a-2024\/\">Aux\u00edlio Creche: benefici\u00e1rios devem comprovar a presta\u00e7\u00e3o de contas referente a 2024<\/a><\/h3>\n<h3 class=\"elementor-post__title\"><a href=\"https:\/\/portal.uern.br\/blog\/uern-publica-edital-sobre-prestacao-de-contas-do-programa-moradia-universitaria\/\">Uern publica edital sobre presta\u00e7\u00e3o de contas do programa Moradia Universit\u00e1ria<\/a><\/h3>\n","protected":false},"excerpt":{"rendered":"<p>Acompanhe as nossas not\u00edcias nos links abaixo: Resultado final do processo seletivo de estagi\u00e1rios para atua\u00e7\u00e3o no \u00e2mbito da Uern \u00e9 divulgado Uern divulga resultado preliminar para vagas de est\u00e1gio n\u00e3o-obrigat\u00f3rio para atua\u00e7\u00e3o na Facem PRAE publica resultado preliminar do processo seletivo de est\u00e1gio n\u00e3o-obrigat\u00f3rio da Uern Uern convoca candidatos para entrevista de est\u00e1gio para [&hellip;]<\/p>\n","protected":false},"author":3,"featured_media":0,"parent":0,"menu_order":0,"comment_status":"closed","ping_status":"closed","template":"","meta":{"footnotes":""},"class_list":["post-2749","page","type-page","status-publish","hentry"],"_links":{"self":[{"href":"https:\/\/portal.uern.br\/prae\/wp-json\/wp\/v2\/pages\/2749","targetHints":{"allow":["GET"]}}],"collection":[{"href":"https:\/\/portal.uern.br\/prae\/wp-json\/wp\/v2\/pages"}],"about":[{"href":"https:\/\/portal.uern.br\/prae\/wp-json\/wp\/v2\/types\/page"}],"author":[{"embeddable":true,"href":"https:\/\/portal.uern.br\/prae\/wp-json\/wp\/v2\/users\/3"}],"replies":[{"embeddable":true,"href":"https:\/\/portal.uern.br\/prae\/wp-json\/wp\/v2\/comments?post=2749"}],"version-history":[{"count":5,"href":"https:\/\/portal.uern.br\/prae\/wp-json\/wp\/v2\/pages\/2749\/revisions"}],"predecessor-version":[{"id":2755,"href":"https:\/\/portal.uern.br\/prae\/wp-json\/wp\/v2\/pages\/2749\/revisions\/2755"}],"wp:attachment":[{"href":"https:\/\/portal.uern.br\/prae\/wp-json\/wp\/v2\/media?parent=2749"}],"curies":[{"name":"wp","href":"https:\/\/api.w.org\/{rel}","templated":true}]}}