{"id":2736,"date":"2025-04-29T16:39:59","date_gmt":"2025-04-29T19:39:59","guid":{"rendered":"https:\/\/portal.uern.br\/prae\/?page_id=2736"},"modified":"2025-04-29T16:43:50","modified_gmt":"2025-04-29T19:43:50","slug":"2022-noticias","status":"publish","type":"page","link":"https:\/\/portal.uern.br\/prae\/2022-noticias\/","title":{"rendered":"2022 &#8211; Not\u00edcias"},"content":{"rendered":"<h3 class=\"entry-title td-module-title\"><strong><em>Acompanhe as nossas not\u00edcias nos links abaixo:<\/em><\/strong><\/h3>\n<h3 class=\"entry-title td-module-title\"><a style=\"font-size: 1.17em\" title=\"Prae divulga resultado final de sele\u00e7\u00e3o do Programa de Moradia Universit\u00e1ria\" href=\"https:\/\/portal.uern.br\/blog\/prae-divulga-resultado-final-de-selecao-do-programa-de-moradia-universitaria\/\" rel=\"bookmark\">Prae divulga resultado final de sele\u00e7\u00e3o do Programa de Moradia Universit\u00e1ria<\/a><\/h3>\n<h3 class=\"entry-title td-module-title\"><a title=\"Prae divulga resultado das inscri\u00e7\u00f5es e convoca\u00e7\u00e3o para entrevistas do Programa de Moradia Universit\u00e1ria\" href=\"https:\/\/portal.uern.br\/blog\/prae-divulga-resultado-das-inscricoes-e-convocacao-para-entrevistas-do-programa-de-moradia-universitaria\/\" rel=\"bookmark\">Prae divulga resultado das inscri\u00e7\u00f5es e convoca\u00e7\u00e3o para entrevistas do Programa de Moradia Universit\u00e1ria<\/a><\/h3>\n<h3 class=\"entry-title td-module-title\"><a style=\"font-size: 1.17em\" title=\"Titular da Prae ser\u00e1 conferencista em universidade do Peru, como resultado de plano de internacionaliza\u00e7\u00e3o\" href=\"https:\/\/portal.uern.br\/blog\/titular-da-prae-sera-conferencista-em-universidade-do-peru-como-resultado-de-plano-de-internacionalizacao\/\" rel=\"bookmark\">Titular da Prae ser\u00e1 conferencista em universidade do Peru, como resultado de plano de&#8230;<\/a><\/h3>\n<h3 class=\"entry-title td-module-title\"><a title=\"Prae divulga resultado preliminar da reavalia\u00e7\u00e3o acad\u00eamica do programa de Apoio ao Estudante\" href=\"https:\/\/portal.uern.br\/blog\/prae-divulga-resultado-preliminar-da-reavaliacao-academica-do-programa-de-apoio-ao-estudante-2\/\" rel=\"bookmark\">Prae divulga resultado preliminar da reavalia\u00e7\u00e3o acad\u00eamica do programa de Apoio ao Estudante<\/a><\/h3>\n<h3 class=\"entry-title td-module-title\"><a title=\"Prae divulga cronograma de entrevistas para est\u00e1gios no \u00e2mbito da Uern\" href=\"https:\/\/portal.uern.br\/blog\/prae-divulga-cronograma-de-entrevistas-para-estagios-no-ambito-da-uern\/\" rel=\"bookmark\">Prae divulga cronograma de entrevistas para est\u00e1gios no \u00e2mbito da Uern<\/a><\/h3>\n<h3 class=\"entry-title td-module-title\"><a title=\"Prae publica formul\u00e1rio de reavalia\u00e7\u00e3o acad\u00eamica para benefici\u00e1rios do PAE\" href=\"https:\/\/portal.uern.br\/blog\/prae-publica-formulario-de-reavaliacao-academica-para-beneficiarios-do-pae\/\" rel=\"bookmark\">Prae publica formul\u00e1rio de reavalia\u00e7\u00e3o acad\u00eamica para benefici\u00e1rios do PAE<\/a><\/h3>\n<h3 class=\"entry-title td-module-title\"><a title=\"Prae publica lista de aprovados em edital de fluxo cont\u00ednuo no Programa Moradia Universit\u00e1ria\" href=\"https:\/\/portal.uern.br\/blog\/prae-publica-lista-de-aprovados-em-edital-de-fluxo-continuo-no-programa-moradia-universitaria\/\" rel=\"bookmark\">Prae publica lista de aprovados em edital de fluxo cont\u00ednuo no Programa Moradia Universit\u00e1ria<\/a><\/h3>\n<h3 class=\"entry-title td-module-title\"><a title=\"Prae divulga aprovados em nova etapa do Programa Aux\u00edlio Creche\" href=\"https:\/\/portal.uern.br\/blog\/prae-divulga-aprovados-em-nova-etapa-do-programa-auxilio-creche\/\" rel=\"bookmark\">Prae divulga aprovados em nova etapa do Programa Aux\u00edlio<\/a><\/h3>\n<h3 class=\"entry-title td-module-title\"><a title=\"Prae divulga processo de reavalia\u00e7\u00e3o acad\u00eamica a discentes benefici\u00e1rios do Programa Moradia Universit\u00e1ria\" href=\"https:\/\/portal.uern.br\/blog\/prae-divulga-processo-de-reavaliacao-academica-a-discentes-beneficiarios-do-programa-moradia-universitaria\/\" rel=\"bookmark\">Prae divulga processo de reavalia\u00e7\u00e3o acad\u00eamica a discentes benefici\u00e1rios do Programa Moradia Universit\u00e1ria<\/a><\/h3>\n<h3 class=\"entry-title td-module-title\"><a title=\"Prae divulga resultado e convoca\u00e7\u00e3o para entrevistas do Programa Aux\u00edlio Creche\" href=\"https:\/\/portal.uern.br\/blog\/prae-divulga-resultado-e-convocacao-para-entrevistas-do-programa-auxilio-creche\/\" rel=\"bookmark\">Prae divulga resultado e convoca\u00e7\u00e3o para entrevistas do Programa Aux\u00edlio Creche<\/a><\/h3>\n<h3 class=\"entry-title td-module-title\"><a title=\"Prae publica convoca\u00e7\u00e3o de entrevistas do Programa de Moradia Universit\u00e1ria\" href=\"https:\/\/portal.uern.br\/blog\/prae-publica-convocacao-de-entrevistas-do-programa-de-moradia-universitaria\/\" rel=\"bookmark\">Prae publica convoca\u00e7\u00e3o de entrevistas do Programa de Moradia Universit\u00e1ria<\/a><\/h3>\n<h3 class=\"entry-title td-module-title\"><a title=\"Prae retifica edital de resultado final do processo seletivo do Programa Aux\u00edlio Inclus\u00e3o Digital\" href=\"https:\/\/portal.uern.br\/blog\/prae-retifica-edital-de-resultado-final-do-processo-seletivo-do-programa-auxilio-inclusao-digital\/\" rel=\"bookmark\">Prae retifica edital de resultado final do processo seletivo do Programa Aux\u00edlio Inclus\u00e3o Digital<\/a><\/h3>\n<h3 class=\"entry-title td-module-title\"><a title=\"Prae convoca estudantes contemplados com aux\u00edlio financeiro para comprova\u00e7\u00e3o de utiliza\u00e7\u00e3o dos recursos\" href=\"https:\/\/portal.uern.br\/blog\/prae-convoca-estudantes-contemplados-com-auxilio-financeiro-para-comprovacao-de-utilizacao-dos-recursos\/\" rel=\"bookmark\">Prae convoca estudantes contemplados com aux\u00edlio financeiro para comprova\u00e7\u00e3o de utiliza\u00e7\u00e3o dos recursos<\/a><\/h3>\n<h3 class=\"entry-title td-module-title\"><a title=\"Prae publica resultado final das vagas remanescentes do Programa Moradia Universit\u00e1ria\" href=\"https:\/\/portal.uern.br\/blog\/prae-publica-resultado-final-das-vagas-remanescentes-do-programa-moradia-universitaria\/\" rel=\"bookmark\">Prae publica resultado final das vagas remanescentes do Programa Moradia Universit\u00e1ria<\/a><\/h3>\n<h3 class=\"entry-title td-module-title\"><a title=\"Prae publica edital de convoca\u00e7\u00e3o do programa Aux\u00edlio Creche\" href=\"https:\/\/portal.uern.br\/blog\/prae-publica-edital-de-convocacao-do-programa-auxilio-creche\/\" rel=\"bookmark\">Prae publica edital de convoca\u00e7\u00e3o do programa Aux\u00edlio Creche<\/a><\/h3>\n<h3 class=\"entry-title td-module-title\"><a title=\"Prae convoca candidatos a vagas remanescentes do Programa Moradia Universit\u00e1ria\" href=\"https:\/\/portal.uern.br\/blog\/prae-convoca-candidatos-a-vagas-remanescentes-do-programa-moradia-universitaria\/\" rel=\"bookmark\">Prae convoca candidatos a vagas remanescentes do Programa Moradia Universit\u00e1ria<\/a><\/h3>\n<h3 class=\"entry-title td-module-title\"><a title=\"Prae abre inscri\u00e7\u00f5es para o programa Aux\u00edlio Creche\" href=\"https:\/\/portal.uern.br\/blog\/prae-abre-inscricoes-para-o-programa-auxilio-creche\/\" rel=\"bookmark\">Prae abre inscri\u00e7\u00f5es para o programa Aux\u00edlio Creche<\/a><\/h3>\n<h3 class=\"entry-title td-module-title\"><a title=\"Prae inicia segunda etapa para acesso \u00e0s vagas remanescentes do programa Moradia Universit\u00e1ria\" href=\"https:\/\/portal.uern.br\/blog\/prae-inicia-segunda-etapa-para-acesso-as-vagas-remanescentes-do-programa-moradia-universitaria\/\" rel=\"bookmark\">Prae inicia segunda etapa para acesso \u00e0s vagas remanescentes do programa Moradia Universit\u00e1ria<\/a><\/h3>\n<h3 class=\"entry-title td-module-title\"><a title=\"Prae publica Edital de resultado das vagas remanescentes do programa Aux\u00edlio Creche\" href=\"https:\/\/portal.uern.br\/blog\/prae-publica-edital-de-resultado-das-vagas-remanescentes-do-programa-auxilio-creche\/\" rel=\"bookmark\">Prae publica Edital de resultado das vagas remanescentes do programa Aux\u00edlio Creche<\/a><\/h3>\n<h3 class=\"entry-title td-module-title\"><a title=\"Prae publica convoca\u00e7\u00e3o de candidatos a vagas remanescentes do Programa Moradia Universit\u00e1ria\" href=\"https:\/\/portal.uern.br\/blog\/prae-publica-convocacao-de-candidatos-a-vagas-remanescentes-do-programa-moradia-universitaria\/\" rel=\"bookmark\">Prae publica convoca\u00e7\u00e3o de candidatos a vagas remanescentes do Programa Moradia Universit\u00e1ria<\/a><\/h3>\n<h3 class=\"entry-title td-module-title\"><a title=\"Prae convoca estudantes para entrevistas de vagas remanescentes do Aux\u00edlio Creche\" href=\"https:\/\/portal.uern.br\/blog\/prae-convoca-estudantes-para-entrevistas-de-vagas-remanescentes-do-auxilio-creche\/\" rel=\"bookmark\">Prae convoca estudantes para entrevistas de vagas remanescentes do Aux\u00edlio Creche<\/a><\/h3>\n<h3 class=\"entry-title td-module-title\"><a title=\"Prae divulga edital de vagas remanescentes do Aux\u00edlio Creche\" href=\"https:\/\/portal.uern.br\/blog\/prae-divulga-edital-de-vagas-remanescentes-do-auxilio-creche\/\" rel=\"bookmark\">Prae divulga edital de vagas remanescentes do Aux\u00edlio Creche<\/a><\/h3>\n<h3 class=\"entry-title td-module-title\"><a title=\"Prae publica Edital de vagas remanescentes do programa Moradia Universit\u00e1ria\" href=\"https:\/\/portal.uern.br\/blog\/prae-publica-edital-de-vagas-remanescentes-do-programa-moradia-universitaria\/\" rel=\"bookmark\">Prae publica Edital de vagas remanescentes do programa Moradia Universit\u00e1ria<\/a><\/h3>\n<h3 class=\"entry-title td-module-title\"><a title=\"Prae publica resultado final de aprovados em Est\u00e1gio Curricular N\u00e3o Obrigat\u00f3rio\" href=\"https:\/\/portal.uern.br\/blog\/prae-publica-resultado-final-de-aprovados-em-estagio-curricular-nao-obrigatorio\/\" rel=\"bookmark\">Prae publica resultado final de aprovados em Est\u00e1gio Curricular N\u00e3o Obrigat\u00f3rio<\/a><\/h3>\n<h3 class=\"entry-title td-module-title\"><a title=\"Prae publica resultado final da sele\u00e7\u00e3o do Programa Aux\u00edlio Creche\" href=\"https:\/\/portal.uern.br\/blog\/prae-publica-resultado-final-da-selecao-do-programa-auxilio-creche\/\" rel=\"bookmark\">Prae publica resultado final da sele\u00e7\u00e3o do Programa Aux\u00edlio Creche<\/a><\/h3>\n<h3 class=\"entry-title td-module-title\"><a title=\"Prae publica Edital de resultado preliminar do Programa Aux\u00edlio Creche\" href=\"https:\/\/portal.uern.br\/blog\/prae-publica-edital-de-resultado-preliminar-do-programa-auxilio-creche\/\" rel=\"bookmark\">Prae publica Edital de resultado preliminar do Programa Aux\u00edlio Creche<\/a><\/h3>\n<h3 class=\"entry-title td-module-title\"><a title=\"Prae publica resultado do Aux\u00edlio Inclus\u00e3o Digital\" href=\"https:\/\/portal.uern.br\/blog\/prae-publica-resultado-do-auxilio-inclusao-digital\/\" rel=\"bookmark\">Prae publica resultado do Aux\u00edlio Inclus\u00e3o Digital<\/a><\/h3>\n<h3 class=\"entry-title td-module-title\"><a title=\"Prae divulga resultado do Auxilio Creche\" href=\"https:\/\/portal.uern.br\/blog\/prae-divulga-resultado-do-auxilio-creche\/\" rel=\"bookmark\">Prae divulga resultado do Auxilio Creche<\/a><\/h3>\n<h3 class=\"entry-title td-module-title\"><a title=\"Prae abre 18 vagas de est\u00e1gio para atua\u00e7\u00e3o na Uern\" href=\"https:\/\/portal.uern.br\/blog\/prae-abre-18-vagas-de-estagio-para-atuacao-na-uern\/\" rel=\"bookmark\">Prae abre 18 vagas de est\u00e1gio para atua\u00e7\u00e3o na Uern<\/a><\/h3>\n<h3 class=\"entry-title td-module-title\"><a title=\"Prae publica aditivo ao edital de sele\u00e7\u00e3o de estagi\u00e1rios\" href=\"https:\/\/portal.uern.br\/blog\/prae-publica-aditivo-ao-edital-de-selecao-de-estagiarios\/\" rel=\"bookmark\">Prae publica aditivo ao edital de sele\u00e7\u00e3o de estagi\u00e1rios<\/a><\/h3>\n<h3 class=\"entry-title td-module-title\"><a title=\"Prae convoca estudantes para comprova\u00e7\u00e3o do uso de recursos do Aux\u00edlio Inclus\u00e3o Digital\" href=\"https:\/\/portal.uern.br\/blog\/prae-convoca-estudantes-para-comprovacao-do-uso-de-recursos-do-auxilio-inclusao-digital\/\" rel=\"bookmark\">Prae convoca estudantes para comprova\u00e7\u00e3o do uso de recursos do Aux\u00edlio Inclus\u00e3o Digital<\/a><\/h3>\n<h3 class=\"entry-title td-module-title\"><a title=\"Prae publica retifica\u00e7\u00e3o ao edital de vagas remanescentes do Programa de Moradia Universit\u00e1ria\" href=\"https:\/\/portal.uern.br\/blog\/prae-publica-retificacao-ao-edital-de-vagas-remanescentes-do-programa-de-moradia-universitaria\/\" rel=\"bookmark\">Prae publica retifica\u00e7\u00e3o ao edital de vagas remanescentes do Programa de Moradia Universit\u00e1ria<\/a><\/h3>\n<h3 class=\"entry-title td-module-title\"><a title=\"Prae divulga cronograma de entrevistas virtuais em sele\u00e7\u00e3o de est\u00e1gio\" href=\"https:\/\/portal.uern.br\/blog\/prae-divulga-cronograma-de-entrevistas-virtuais-em-selecao-de-estagio\/\" rel=\"bookmark\">Prae divulga cronograma de entrevistas virtuais em sele\u00e7\u00e3o de est\u00e1gio<\/a><\/h3>\n<h3 class=\"entry-title td-module-title\"><a title=\"Prae abre sele\u00e7\u00e3o para Est\u00e1gio Curricular Supervisionado N\u00e3o-Obrigat\u00f3rio\" href=\"https:\/\/portal.uern.br\/blog\/prae-abre-selecao-para-estagio-curricular-supervisionado-nao-obrigatorio\/\" rel=\"bookmark\">Prae abre sele\u00e7\u00e3o para Est\u00e1gio Curricular Supervisionado N\u00e3o-Obrigat\u00f3rio<\/a><\/h3>\n<h3 class=\"entry-title td-module-title\"><a title=\"Prae publica edital de vagas remanescentes do Programa de Moradia Universit\u00e1ria\" href=\"https:\/\/portal.uern.br\/blog\/prae-publica-edital-de-vagas-remanescentes-do-programa-de-moradia-universitaria\/\" rel=\"bookmark\">Prae publica edital de vagas remanescentes do Programa de Moradia Universit\u00e1ria<\/a><\/h3>\n<h3 class=\"entry-title td-module-title\"><a title=\"Prae publica resultado de sele\u00e7\u00e3o de beneficiados com aux\u00edlio-creche\" href=\"https:\/\/portal.uern.br\/blog\/prae-publica-resultado-de-selecao-de-beneficiados-com-auxilio-creche\/\" rel=\"bookmark\">Prae publica resultado de sele\u00e7\u00e3o de beneficiados com aux\u00edlio-creche<\/a><\/h3>\n<h3 class=\"entry-title td-module-title\"><a title=\"Prae divulga resultado da sele\u00e7\u00e3o de estagi\u00e1rios\" href=\"https:\/\/portal.uern.br\/blog\/prae-divulga-resultado-da-selecao-de-estagiarios\/\" rel=\"bookmark\">Prae divulga resultado da sele\u00e7\u00e3o de estagi\u00e1rios<\/a><\/h3>\n<h3 class=\"entry-title td-module-title\"><a title=\"Prae remaneja vagas do Programa Aux\u00edlio-Creche do Campus Central para o Campus de Caic\u00f3\" href=\"https:\/\/portal.uern.br\/blog\/prae-remaneja-vagas-do-programa-auxilio-creche-do-campus-central-para-o-campus-de-caico\/\" rel=\"bookmark\">Prae remaneja vagas do Programa Aux\u00edlio-Creche do Campus Central para o Campus de Caic\u00f3<\/a><\/h3>\n<h3 class=\"entry-title td-module-title\"><a title=\"Prae divulga resultado preliminar em sele\u00e7\u00e3o de estagi\u00e1rios\" href=\"https:\/\/portal.uern.br\/blog\/prae-divulga-resultado-preliminar-em-selecao-de-estagiarios\/\" rel=\"bookmark\">Prae divulga resultado preliminar em sele\u00e7\u00e3o de estagi\u00e1rios<\/a><\/h3>\n<h3 class=\"entry-title td-module-title\"><a title=\"Prae altera tabela de cronograma de entrevistas em sele\u00e7\u00e3o de estagi\u00e1rios\" href=\"https:\/\/portal.uern.br\/blog\/prae-altera-tabela-de-cronograma-de-entrevistas-em-selecao-de-estagiarios\/\" rel=\"bookmark\">Prae altera tabela de cronograma de entrevistas em sele\u00e7\u00e3o de estagi\u00e1rios<\/a><\/h3>\n<h3 class=\"entry-title td-module-title\"><a title=\"Prae divulga remanejamento de vagas ociosas do Programa de Apoio ao Estudante\" href=\"https:\/\/portal.uern.br\/blog\/prae-divulga-remanejamento-de-vagas-ociosas-do-programa-de-apoio-ao-estudante\/\" rel=\"bookmark\">Prae divulga remanejamento de vagas ociosas do Programa de Apoio ao Estudante<\/a><\/h3>\n<h3 class=\"entry-title td-module-title\"><a title=\"Prae divulga cronograma de entrevistas dos alunos que concorrem a est\u00e1gios\" href=\"https:\/\/portal.uern.br\/blog\/prae-divulga-cronograma-de-entrevistas-dos-alunos-que-concorrem-a-estagios\/\" rel=\"bookmark\">Prae divulga cronograma de entrevistas dos alunos que concorrem a est\u00e1gios<\/a><\/h3>\n<h3 class=\"entry-title td-module-title\"><a title=\"Prae corrige edital de sele\u00e7\u00e3o de estagi\u00e1rio no ponto sobre candidatos PcD\" href=\"https:\/\/portal.uern.br\/blog\/prae-corrige-edital-de-selecao-de-estagiario-no-ponto-sobre-candidatos-pcd\/\" rel=\"bookmark\">Prae corrige edital de sele\u00e7\u00e3o de estagi\u00e1rio no ponto sobre candidatos PcD<\/a><\/h3>\n<h3 class=\"entry-title td-module-title\"><a title=\"Prae divulga resultado de sele\u00e7\u00e3o do Aux\u00edlio-Creche\" href=\"https:\/\/portal.uern.br\/blog\/84473\/\" rel=\"bookmark\">Prae divulga resultado de sele\u00e7\u00e3o do Aux\u00edlio-Creche<\/a><\/h3>\n<h3 class=\"entry-title td-module-title\"><a title=\"Prae divulga resultado do Programa de Apoio ao Estudante\" href=\"https:\/\/portal.uern.br\/blog\/prae-divulga-resultado-do-programa-de-apoio-ao-estudante\/\" rel=\"bookmark\">Prae divulga resultado do Programa de Apoio ao Estudante<\/a><\/h3>\n<h3 class=\"entry-title td-module-title\"><a title=\"Prae divulga resultado final da sele\u00e7\u00e3o para o Aux\u00edlio Inclus\u00e3o Digital\" href=\"https:\/\/portal.uern.br\/blog\/prae-divulga-resultado-final-da-selecao-para-o-auxilio-inclusao-digital\/\" rel=\"bookmark\">Prae divulga resultado final da sele\u00e7\u00e3o para o Aux\u00edlio Inclus\u00e3o Digital<\/a><\/h3>\n<h3 class=\"entry-title td-module-title\"><a title=\"Prae lan\u00e7a assistente virtual para tirar d\u00favidas sobre os programas de assist\u00eancia estudantil\" href=\"https:\/\/portal.uern.br\/blog\/prae-lanca-assistente-virtual-para-tirar-duvidas-sobre-os-programas-de-assistencia-estudantil\/\" rel=\"bookmark\">Prae lan\u00e7a assistente virtual para tirar d\u00favidas sobre os programas de assist\u00eancia estudantil<\/a><\/h3>\n<h3 class=\"entry-title td-module-title\"><a title=\"Prae publica resultado final da sele\u00e7\u00e3o para o Programa de Moradia Universit\u00e1ria\" href=\"https:\/\/portal.uern.br\/blog\/prae-publica-resultado-final-da-selecao-para-o-programa-de-moradia-universitaria\/\" rel=\"bookmark\">Prae publica resultado final da sele\u00e7\u00e3o para o Programa de Moradia Universit\u00e1ria<\/a><\/h3>\n<h3 class=\"entry-title td-module-title\"><a title=\"Prae lan\u00e7ar\u00e1 primeiro Edital do Programa Aux\u00edlio-Creche nesta segunda-feira\" href=\"https:\/\/portal.uern.br\/blog\/prae-lancara-primeiro-edital-do-programa-auxilio-creche-nesta-segunda-feira\/\" rel=\"bookmark\">Prae lan\u00e7ar\u00e1 primeiro Edital do Programa Aux\u00edlio-Creche nesta segunda-feira<\/a><\/h3>\n<h3 class=\"entry-title td-module-title\"><a title=\"Prae convoca novos candidatos para entrevistas em sele\u00e7\u00e3o do Programa de Moradia Universit\u00e1ria\" href=\"https:\/\/portal.uern.br\/blog\/prae-convoca-novos-candidatos-para-entrevistas-em-selecao-do-programa-de-moradia-universitaria\/\" rel=\"bookmark\">Prae convoca novos candidatos para entrevistas em sele\u00e7\u00e3o do Programa de Moradia Universit\u00e1ria<\/a><\/h3>\n<h3 class=\"entry-title td-module-title\"><a title=\"Prae divulga resultado de sele\u00e7\u00e3o de est\u00e1gio n\u00e3o-obrigat\u00f3rio\" href=\"https:\/\/portal.uern.br\/blog\/prae-divulga-resultado-de-selecao-de-estagio-nao-obrigatorio-2\/\" rel=\"bookmark\">Prae divulga resultado de sele\u00e7\u00e3o de est\u00e1gio n\u00e3o-obrigat\u00f3rio<\/a><\/h3>\n<h3 class=\"entry-title td-module-title\"><a title=\"Prae publica resultado preliminar de sele\u00e7\u00e3o de est\u00e1gio de servi\u00e7o social\" href=\"https:\/\/portal.uern.br\/blog\/prae-publica-resultado-preliminar-de-selecao-de-estagio-de-servico-social\/\" rel=\"bookmark\">Prae publica resultado preliminar de sele\u00e7\u00e3o de est\u00e1gio de servi\u00e7o social<\/a><\/h3>\n<h3 class=\"entry-title td-module-title\"><a title=\"Prae divulga cronograma de entrevistas de candidatos a est\u00e1gio na \u00e1rea de Servi\u00e7o Social\" href=\"https:\/\/portal.uern.br\/blog\/prae-divulga-cronograma-de-entrevistas-de-candidatos-a-estagio-na-area-de-servico-social\/\" rel=\"bookmark\">Prae divulga cronograma de entrevistas de candidatos a est\u00e1gio na \u00e1rea de Servi\u00e7o Social<\/a><\/h3>\n<h3 class=\"entry-title td-module-title\"><a title=\"Prae divulga lista de convocados e hor\u00e1rio de entrevistas do Programa de Moradia Universit\u00e1ria\" href=\"https:\/\/portal.uern.br\/blog\/prae-divulga-lista-de-convocados-e-horario-de-entrevistas-do-programa-de-moradia-universitaria\/\" rel=\"bookmark\">Prae divulga lista de convocados e hor\u00e1rio de entrevistas do Programa de Moradia Universit\u00e1ria<\/a><\/h3>\n<h3 class=\"entry-title td-module-title\"><a title=\"PRAE abre sele\u00e7\u00e3o de est\u00e1gio para alunos de Servi\u00e7o Social\" href=\"https:\/\/portal.uern.br\/blog\/prae-abre-selecao-de-estagio-para-alunos-de-servico-social\/\" rel=\"bookmark\">PRAE abre sele\u00e7\u00e3o de est\u00e1gio para alunos de Servi\u00e7o Social<\/a><\/h3>\n<h3 class=\"entry-title td-module-title\"><a title=\"Prae divulga processo de reavalia\u00e7\u00e3o acad\u00eamica dos discentes do PAE\" href=\"https:\/\/portal.uern.br\/blog\/prae-divulga-processo-de-reavaliacao-academica-dos-discentes-do-pae\/\" rel=\"bookmark\">Prae divulga processo de reavalia\u00e7\u00e3o acad\u00eamica dos discentes do PAE<\/a><\/h3>\n<h3 class=\"entry-title td-module-title\"><\/h3>\n","protected":false},"excerpt":{"rendered":"<p>Acompanhe as nossas not\u00edcias nos links abaixo: Prae divulga resultado final de sele\u00e7\u00e3o do Programa de Moradia Universit\u00e1ria Prae divulga resultado das inscri\u00e7\u00f5es e convoca\u00e7\u00e3o para entrevistas do Programa de Moradia Universit\u00e1ria Titular da Prae ser\u00e1 conferencista em universidade do Peru, como resultado de plano de&#8230; Prae divulga resultado preliminar da reavalia\u00e7\u00e3o acad\u00eamica do programa [&hellip;]<\/p>\n","protected":false},"author":3,"featured_media":0,"parent":0,"menu_order":0,"comment_status":"closed","ping_status":"closed","template":"","meta":{"footnotes":""},"class_list":["post-2736","page","type-page","status-publish","hentry"],"_links":{"self":[{"href":"https:\/\/portal.uern.br\/prae\/wp-json\/wp\/v2\/pages\/2736","targetHints":{"allow":["GET"]}}],"collection":[{"href":"https:\/\/portal.uern.br\/prae\/wp-json\/wp\/v2\/pages"}],"about":[{"href":"https:\/\/portal.uern.br\/prae\/wp-json\/wp\/v2\/types\/page"}],"author":[{"embeddable":true,"href":"https:\/\/portal.uern.br\/prae\/wp-json\/wp\/v2\/users\/3"}],"replies":[{"embeddable":true,"href":"https:\/\/portal.uern.br\/prae\/wp-json\/wp\/v2\/comments?post=2736"}],"version-history":[{"count":2,"href":"https:\/\/portal.uern.br\/prae\/wp-json\/wp\/v2\/pages\/2736\/revisions"}],"predecessor-version":[{"id":2743,"href":"https:\/\/portal.uern.br\/prae\/wp-json\/wp\/v2\/pages\/2736\/revisions\/2743"}],"wp:attachment":[{"href":"https:\/\/portal.uern.br\/prae\/wp-json\/wp\/v2\/media?parent=2736"}],"curies":[{"name":"wp","href":"https:\/\/api.w.org\/{rel}","templated":true}]}}