{"id":2733,"date":"2025-04-29T16:37:39","date_gmt":"2025-04-29T19:37:39","guid":{"rendered":"https:\/\/portal.uern.br\/prae\/?page_id=2733"},"modified":"2025-04-29T16:43:00","modified_gmt":"2025-04-29T19:43:00","slug":"2021-noticias","status":"publish","type":"page","link":"https:\/\/portal.uern.br\/prae\/2021-noticias\/","title":{"rendered":"2021 &#8211; Not\u00edcias"},"content":{"rendered":"<h3 class=\"entry-title td-module-title\"><strong><em>Acompanhe as nossas not\u00edcias nos links abaixo:<\/em><\/strong><\/h3>\n<p><a style=\"font-size: 1.17em\" title=\"Prae abre sele\u00e7\u00e3o para acesso \u00e0 Programa de Moradia Universit\u00e1ria do semestre 2021.2\" href=\"https:\/\/portal.uern.br\/blog\/prae-abre-selecao-para-acesso-a-programa-de-moradia-universitaria-do-semestre-2021-2\/\" rel=\"bookmark\">Prae abre sele\u00e7\u00e3o para acesso \u00e0 Programa de Moradia Universit\u00e1ria do semestre 2021.2<\/a><\/p>\n<h3 class=\"entry-title td-module-title\"><a title=\"Prae divulga resultado preliminar de sele\u00e7\u00e3o de est\u00e1gio em Ci\u00eancias Cont\u00e1beis\" href=\"https:\/\/portal.uern.br\/blog\/prae-divulga-resultado-preliminar-de-selecao-de-estagio-em-ciencias-contabeis\/\" rel=\"bookmark\">Prae divulga resultado preliminar de sele\u00e7\u00e3o de est\u00e1gio em Ci\u00eancias Cont\u00e1beis<\/a><\/h3>\n<h3 class=\"entry-title td-module-title\"><a title=\"Prae divulga cronograma de entrevistas para vagas de est\u00e1gio n\u00e3o-obrigat\u00f3rio\" href=\"https:\/\/portal.uern.br\/blog\/prae-divulga-cronograma-de-entrevistas-para-vagas-de-estagio-nao-obrigatorio\/\" rel=\"bookmark\">Prae divulga cronograma de entrevistas para vagas de est\u00e1gio n\u00e3o-obrigat\u00f3rio<\/a><\/h3>\n<h3 class=\"entry-title td-module-title\"><a title=\"Prae abre sele\u00e7\u00e3o de est\u00e1gio para estudantes de Ci\u00eancias Cont\u00e1beis\" href=\"https:\/\/portal.uern.br\/blog\/prae-abre-selecao-de-estagio-para-estudantes-de-ciencias-contabeis\/\" rel=\"bookmark\">Prae abre sele\u00e7\u00e3o de est\u00e1gio para estudantes de Ci\u00eancias Cont\u00e1beis<\/a><\/h3>\n<h3 class=\"entry-title td-module-title\"><a title=\"Prae e Ouvidoria promovem \u201cDia D\u201d com estudantes sobre impactos da autonomia financeira na Uern\" href=\"https:\/\/portal.uern.br\/blog\/prae-e-ouvidoria-promovem-dia-d-com-estudantes-sobre-impactos-da-autonomia-financeira-na-uern\/\" rel=\"bookmark\">Prae e Ouvidoria promovem \u201cDia D\u201d com estudantes sobre impactos da autonomia financeira na&#8230;<\/a><\/h3>\n<h3 class=\"entry-title td-module-title\"><a title=\"Prae abre sele\u00e7\u00e3o para o Programa de Assist\u00eancia Estudantil\" href=\"https:\/\/portal.uern.br\/blog\/prae-abre-selecao-para-o-programa-de-assistencia-estudantil\/\" rel=\"bookmark\">Prae abre sele\u00e7\u00e3o para o Programa de Assist\u00eancia Estudantil<\/a><\/h3>\n<p><a style=\"font-size: 1.17em\" title=\"Uern promove o encontro \u201cPr\u00e1ticas Integrativas da Prae: As emo\u00e7\u00f5es na volta \u00e0s aulas presenciais\u201d\" href=\"https:\/\/portal.uern.br\/blog\/uern-promove-o-encontro-praticas-integrativas-da-prae-as-emocoes-na-volta-as-aulas-presenciais\/\" rel=\"bookmark\">Uern promove o encontro \u201cPr\u00e1ticas Integrativas da Prae: As emo\u00e7\u00f5es na volta \u00e0s aulas&#8230;<\/a><\/p>\n<h3 class=\"entry-title td-module-title\"><a title=\"Prae divulga resultado final da sele\u00e7\u00e3o de estagi\u00e1rios\" href=\"https:\/\/portal.uern.br\/blog\/prae-divulga-resultado-final-da-selecao-de-estagiarios\/\" rel=\"bookmark\">Prae divulga resultado final da sele\u00e7\u00e3o de estagi\u00e1rios<\/a><\/h3>\n<h3 class=\"entry-title td-module-title\"><a title=\"Prae e DCE debatem quest\u00f5es ligadas \u00e0 assist\u00eancia estudantil\" href=\"https:\/\/portal.uern.br\/blog\/prae-e-dce-debatem-questoes-ligadas-a-assistencia-estudantil\/\" rel=\"bookmark\">Prae e DCE debatem quest\u00f5es ligadas \u00e0 assist\u00eancia estudantil<\/a><\/h3>\n<h3 class=\"entry-title td-module-title\"><a title=\"Prae divulga resultado preliminar do processo seletivo de estagi\u00e1rios\" href=\"https:\/\/portal.uern.br\/blog\/prae-divulga-resultado-preliminar-do-processo-seletivo-de-estagiarios\/\" rel=\"bookmark\">Prae divulga resultado preliminar do processo seletivo de estagi\u00e1rios<\/a><\/h3>\n<h3 class=\"entry-title td-module-title\"><a title=\"Prae divulga cronograma de entrevistas de candidatos a estagi\u00e1rios\" href=\"https:\/\/portal.uern.br\/blog\/prae-divulga-cronograma-de-entrevistas-de-candidatos-a-estagiarios\/\" rel=\"bookmark\">Prae divulga cronograma de entrevistas de candidatos a estagi\u00e1rios<\/a><\/h3>\n<h3 class=\"entry-title td-module-title\"><a title=\"Prae divulga resultado para sele\u00e7\u00e3o de est\u00e1gios\" href=\"https:\/\/portal.uern.br\/blog\/prae-divulga-resultado-para-selecao-de-estagios\/\" rel=\"bookmark\">Prae divulga resultado para sele\u00e7\u00e3o de est\u00e1gios<\/a><\/h3>\n<h3 class=\"entry-title td-module-title\"><a title=\"Prae publica resultado final da concess\u00e3o do Aux\u00edlio Inclus\u00e3o Digital\" href=\"https:\/\/portal.uern.br\/blog\/prae-publica-resultado-final-da-concessao-do-auxilio-inclusao-digital\/\" rel=\"bookmark\">Prae publica resultado final da concess\u00e3o do Aux\u00edlio Inclus\u00e3o Digital<\/a><\/h3>\n<h3 class=\"entry-title td-module-title\"><a style=\"font-size: 1.17em\" title=\"Prae divulga hor\u00e1rios de entrevistas de candidatos a vagas de est\u00e1gio na Agecom e na Uern TV\" href=\"https:\/\/portal.uern.br\/blog\/prae-divulga-horarios-de-entrevistas-de-candidatos-a-vagas-de-estagio-na-agecom-e-na-uern-tv\/\" rel=\"bookmark\">Prae divulga hor\u00e1rios de entrevistas de candidatos a vagas de est\u00e1gio na Agecom e&#8230;<\/a><\/h3>\n<h3 class=\"entry-title td-module-title\"><a title=\"Prae divulga resultado preliminar da sele\u00e7\u00e3o do Aux\u00edlio Inclus\u00e3o Digital\" href=\"https:\/\/portal.uern.br\/blog\/prae-divulga-resultado-preliminar-da-selecao-do-auxilio-inclusao-digital\/\" rel=\"bookmark\">Prae divulga resultado preliminar da sele\u00e7\u00e3o do Aux\u00edlio Inclus\u00e3o Digital<\/a><\/h3>\n<h3 class=\"entry-title td-module-title\"><a title=\"Prae publica edital de elimina\u00e7\u00e3o de candidata ao Aux\u00edlio Inclus\u00e3o Digital\" href=\"https:\/\/portal.uern.br\/blog\/prae-publica-edital-de-eliminacao-de-candidata-ao-auxilio-inclusao-digital\/\" rel=\"bookmark\">Prae publica edital de elimina\u00e7\u00e3o de candidata ao Aux\u00edlio Inclus\u00e3o Digital<\/a><\/h3>\n<h3 class=\"entry-title td-module-title\"><a title=\"Prae lan\u00e7a edital com sele\u00e7\u00e3o de cinco vagas de est\u00e1gio na Agecom e na Uern TV\" href=\"https:\/\/portal.uern.br\/blog\/prae-lanca-edital-com-selecao-de-cinco-vagas-de-estagio-na-agecom-e-na-uern-tv\/\" rel=\"bookmark\">Prae lan\u00e7a edital com sele\u00e7\u00e3o de cinco vagas de est\u00e1gio na Agecom e na&#8230;<\/a><\/h3>\n<h3 class=\"entry-title td-module-title\"><a title=\"Aux\u00edlio Inclus\u00e3o Digital: Prae convoca candidata autodeclarada como pessoa com defici\u00eancia\" href=\"https:\/\/portal.uern.br\/blog\/auxilio-inclusao-digital-prae-convoca-candidata-autodeclarada-como-pessoa-com-deficiencia\/\" rel=\"bookmark\">Aux\u00edlio Inclus\u00e3o Digital: Prae convoca candidata autodeclarada como pessoa com defici\u00eancia<\/a><\/h3>\n<h3 class=\"entry-title td-module-title\"><a title=\"Prae divulga resultado preliminar de sele\u00e7\u00e3o de estagi\u00e1rios\" href=\"https:\/\/portal.uern.br\/blog\/prae-divulga-resultado-preliminar-de-selecao-de-estagiarios\/\" rel=\"bookmark\">Prae divulga resultado preliminar de sele\u00e7\u00e3o de estagi\u00e1rios<\/a><\/h3>\n<h3 class=\"entry-title td-module-title\"><a title=\"Prae\/Uern divulga cronograma de entrevistas de sele\u00e7\u00e3o de est\u00e1gio\" href=\"https:\/\/portal.uern.br\/blog\/prae-uern-divulga-cronograma-de-entrevistas-de-selecao-de-estagio\/\" rel=\"bookmark\">Prae\/Uern divulga cronograma de entrevistas de sele\u00e7\u00e3o de est\u00e1gio<\/a><\/h3>\n<h3 class=\"entry-title td-module-title\"><a title=\"Prae abre sele\u00e7\u00e3o com quatro vagas de est\u00e1gio na Uern\" href=\"https:\/\/portal.uern.br\/blog\/prae-abre-selecao-com-quatro-vagas-de-estagio-na-uern\/\" rel=\"bookmark\">Prae abre sele\u00e7\u00e3o com quatro vagas de est\u00e1gio na Uern<\/a><\/h3>\n<h3 class=\"entry-title td-module-title\"><a title=\"Prae\/Uern anuncia resultado de sele\u00e7\u00e3o de estagi\u00e1rios\" href=\"http:\/\/portal.uern.br\/blog\/prae-uern-anuncia-resultado-de-selecao-de-estagiarios\/\" rel=\"bookmark\">Prae\/Uern anuncia resultado de sele\u00e7\u00e3o de estagi\u00e1rios<\/a><\/h3>\n<h3 class=\"entry-title td-module-title\"><a title=\"Prae abre sele\u00e7\u00e3o para acesso ao Programa de Apoio ao Estudante\" href=\"http:\/\/portal.uern.br\/blog\/prae-abre-selecao-para-acesso-ao-programa-de-apoio-ao-estudante\/\" rel=\"bookmark\">Prae abre sele\u00e7\u00e3o para acesso ao Programa de Apoio ao Estudante<\/a><\/h3>\n<h3 class=\"entry-title td-module-title\"><a title=\"Prae anuncia resultado preliminar de sele\u00e7\u00e3o de estagi\u00e1rios\" href=\"http:\/\/portal.uern.br\/blog\/prae-anuncia-resultado-preliminar-de-selecao-de-estagiarios\/\" rel=\"bookmark\">Prae anuncia resultado preliminar de sele\u00e7\u00e3o de estagi\u00e1rios<\/a><\/h3>\n<h3 class=\"entry-title td-module-title\"><a title=\"Prae\/Uern anuncia cronograma de entrevistas em sele\u00e7\u00e3o de est\u00e1gio\" href=\"http:\/\/portal.uern.br\/blog\/prae-uern-anuncia-cronograma-de-entrevistas-em-selecao-de-estagio-2\/\" rel=\"bookmark\">Prae\/Uern anuncia cronograma de entrevistas em sele\u00e7\u00e3o de est\u00e1gio<\/a><\/h3>\n<h3 class=\"entry-title td-module-title\"><a title=\"Prae abre sele\u00e7\u00e3o de est\u00e1gio para atua\u00e7\u00e3o na Uern\" href=\"http:\/\/portal.uern.br\/blog\/prae-abre-selecao-de-estagio-para-atuacao-na-uern\/\" rel=\"bookmark\">Prae abre sele\u00e7\u00e3o de est\u00e1gio para atua\u00e7\u00e3o na Uern<\/a><\/h3>\n<h3 class=\"entry-title td-module-title\"><a title=\"Prae remaneja vaga ociosa e retifica rela\u00e7\u00e3o de aprovados do PAE\" href=\"http:\/\/portal.uern.br\/blog\/prae-remaneja-vaga-ociosa-e-retifica-relacao-de-aprovados-do-pae\/\" rel=\"bookmark\">Prae remaneja vaga ociosa e retifica rela\u00e7\u00e3o de aprovados do PAE<\/a><\/h3>\n<h3 class=\"entry-title td-module-title\"><a title=\"Prae\/Uern publica resultado de sele\u00e7\u00e3o de est\u00e1gio\" href=\"http:\/\/portal.uern.br\/blog\/prae-uern-anuncia-resultado-de-selecao-de-estagio\/\" rel=\"bookmark\">Prae\/Uern publica resultado de sele\u00e7\u00e3o de est\u00e1gio<\/a><\/h3>\n<h3 class=\"entry-title td-module-title\"><a title=\"SEE\/PRAE aplica question\u00e1rio on-line sobre pr\u00e1tica esportiva na Uern\" href=\"http:\/\/portal.uern.br\/blog\/see-prae-aplica-questionario-on-line-sobre-pratica-esportiva-na-uern\/\" rel=\"bookmark\">SEE\/PRAE aplica question\u00e1rio on-line sobre pr\u00e1tica esportiva na Uern<\/a><\/h3>\n<h3 class=\"entry-title td-module-title\"><a title=\"Prae\/Uern anuncia resultado final do processo seletivo para concess\u00e3o do Programa de Apoio ao Estudante\" href=\"http:\/\/portal.uern.br\/blog\/prae-uern-anuncia-resultado-final-do-processo-seletivo-para-concessao-do-programa-de-apoio-ao-estudante\/\" rel=\"bookmark\">Prae\/Uern anuncia resultado final do processo seletivo para concess\u00e3o do Programa de Apoio ao&#8230;<\/a><\/h3>\n<h3 class=\"entry-title td-module-title\"><a title=\"Prae\/Uern anuncia resultado preliminar de sele\u00e7\u00e3o de estagi\u00e1rios\" href=\"http:\/\/portal.uern.br\/blog\/prae-uern-anuncia-resultado-preliminar-de-selecao-de-estagiarios\/\" rel=\"bookmark\">Prae\/Uern anuncia resultado preliminar de sele\u00e7\u00e3o de estagi\u00e1rios<\/a><\/h3>\n<h3 class=\"entry-title td-module-title\"><a title=\"Prae divulga cronograma de entrevistas para sele\u00e7\u00e3o de est\u00e1gio no \u00e2mbito da Uern\" href=\"http:\/\/portal.uern.br\/blog\/prae-divulga-cronograma-de-entrevistas-para-selecao-de-estagio-no-ambito-da-uern\/\" rel=\"bookmark\">Prae divulga cronograma de entrevistas para sele\u00e7\u00e3o de est\u00e1gio no \u00e2mbito da Uern<\/a><\/h3>\n<h3 class=\"entry-title td-module-title\"><a title=\"Prae\/Uern retifica edital do processo seletivo do PAE para o semestre 2020.2\" href=\"http:\/\/portal.uern.br\/blog\/prae-uern-retifica-edital-do-processo-seletivo-do-pae-para-o-semestre-2020-2\/\" rel=\"bookmark\">\u00a0<\/a><\/h3>\n<h3 class=\"entry-title td-module-title\"><a title=\"Prae\/Uern retifica edital do processo seletivo do PAE para o semestre 2020.2\" href=\"http:\/\/portal.uern.br\/blog\/prae-uern-retifica-edital-do-processo-seletivo-do-pae-para-o-semestre-2020-2\/\" rel=\"bookmark\">Prae\/Uern retifica edital do processo seletivo do PAE para o semestre 2020.2<\/a><\/h3>\n<h3 class=\"entry-title td-module-title\"><a title=\"Prae divulga resultado de per\u00edcia da Junta Multiprofissional na sele\u00e7\u00e3o do Aux\u00edlio Inclus\u00e3o Digital\" href=\"http:\/\/portal.uern.br\/blog\/prae-divulga-resultado-de-pericia-da-junta-multiprofissional-na-selecao-do-auxilio-inclusao-digital\/\" rel=\"bookmark\">Prae divulga resultado de per\u00edcia da Junta Multiprofissional na sele\u00e7\u00e3o do Aux\u00edlio Inclus\u00e3o Digital<\/a><\/h3>\n<h3 class=\"entry-title td-module-title\"><a title=\"Prae convoca candidatos com defici\u00eancia para a Junta Multiprofissional\" href=\"http:\/\/portal.uern.br\/blog\/prae-convoca-candidatos-com-deficiencia-para-a-junta-multiprofissional\/\" rel=\"bookmark\">Prae convoca candidatos com defici\u00eancia para a Junta Multiprofissional<\/a><\/h3>\n<h3 class=\"entry-title td-module-title\"><a title=\"Prae divulga resultado para vagas de est\u00e1gio n\u00e3o obrigat\u00f3rio\" href=\"http:\/\/portal.uern.br\/blog\/prae-divulga-resultado-para-vagas-de-estagio-nao-obrigatorio\/\" rel=\"bookmark\">Prae divulga resultado para vagas de est\u00e1gio n\u00e3o obrigat\u00f3rio<\/a><\/h3>\n<h3 class=\"entry-title td-module-title\"><a title=\"Prae abre sele\u00e7\u00e3o para Programa de Apoio ao Estudante\" href=\"http:\/\/portal.uern.br\/blog\/prae-abre-selecao-para-programa-de-apoio-ao-estudante\/\" rel=\"bookmark\">Prae abre sele\u00e7\u00e3o para Programa de Apoio ao Estudante<\/a><\/h3>\n<h3 class=\"entry-title td-module-title\"><a title=\"Prae divulga resultado preliminar de sele\u00e7\u00e3o de est\u00e1gio\" href=\"http:\/\/portal.uern.br\/blog\/prae-divulga-resultado-preliminar-de-selecao-de-estagio\/\" rel=\"bookmark\">Prae divulga resultado preliminar de sele\u00e7\u00e3o de est\u00e1gio<\/a><\/h3>\n<h3 class=\"entry-title td-module-title\"><a title=\"Prae\/Uern divulga cronograma de entrevistas em sele\u00e7\u00e3o de estagi\u00e1rios\" href=\"http:\/\/portal.uern.br\/blog\/prae-uern-divulga-cronograma-de-entrevistas-em-selecao-de-estagiarios\/\" rel=\"bookmark\">Prae\/Uern divulga cronograma de entrevistas em sele\u00e7\u00e3o de estagi\u00e1rios<\/a><\/h3>\n<h3 class=\"entry-title td-module-title\"><a title=\"Prae abre sele\u00e7\u00e3o para vagas remanescentes do Aux\u00edlio Inclus\u00e3o Digital\" href=\"http:\/\/portal.uern.br\/blog\/prae-abre-selecao-para-vagas-remanescentes-do-auxilio-inclusao-digital\/\" rel=\"bookmark\">Prae abre sele\u00e7\u00e3o para vagas remanescentes do Aux\u00edlio Inclus\u00e3o Digital<\/a><\/h3>\n<h3 class=\"entry-title td-module-title\"><a title=\"Prae e Proex divulgam resultado final de sele\u00e7\u00e3o para concess\u00e3o de bolsas de extens\u00e3o\" href=\"http:\/\/portal.uern.br\/blog\/prae-e-proex-divulgam-resultado-final-de-selecao-para-concessao-de-bolsas-de-extensao\/\" rel=\"bookmark\">Prae e Proex divulgam resultado final de sele\u00e7\u00e3o para concess\u00e3o de bolsas de extens\u00e3o<\/a><\/h3>\n<h3 class=\"entry-title td-module-title\"><a title=\"Prae oferta uma vaga de est\u00e1gio para atua\u00e7\u00e3o no Observat\u00f3rio de Turismo do RN\" href=\"https:\/\/portal.uern.br\/blog\/prae-oferta-uma-vaga-de-estagio-para-atuacao-no-observatorio-de-turismo-do-rn\/\" rel=\"bookmark\">Prae oferta uma vaga de est\u00e1gio para atua\u00e7\u00e3o no Observat\u00f3rio de Turismo do RN<\/a><\/h3>\n<h3 class=\"entry-title td-module-title\"><a title=\"Prae e Proex divulgam resultado preliminar de sele\u00e7\u00e3o para concess\u00e3o de bolsas de extens\u00e3o\" href=\"https:\/\/portal.uern.br\/blog\/prae-e-proex-divulgam-resultado-preliminar-de-selecao-para-concessao-de-bolsas-de-extensao\/\" rel=\"bookmark\">Prae e Proex divulgam resultado preliminar de sele\u00e7\u00e3o para concess\u00e3o de bolsas de extens\u00e3o<\/a><\/h3>\n<h3 class=\"entry-title td-module-title\"><a title=\"Prae divulga resultado de sele\u00e7\u00e3o de est\u00e1gio n\u00e3o obrigat\u00f3rio\" href=\"https:\/\/portal.uern.br\/blog\/prae-divulga-resultado-de-selecao-de-estagio-nao-obrigatorio\/\" rel=\"bookmark\">Prae divulga resultado de sele\u00e7\u00e3o de est\u00e1gio n\u00e3o obrigat\u00f3rio<\/a><\/h3>\n<h3 class=\"entry-title td-module-title\"><a title=\"Prae divulga cronograma de entrevistas em sele\u00e7\u00e3o de est\u00e1gio\" href=\"https:\/\/portal.uern.br\/blog\/prae-divulga-cronograma-de-entrevistas-em-selecao-de-estagio\/\" rel=\"bookmark\">Prae divulga cronograma de entrevistas em sele\u00e7\u00e3o de est\u00e1gio<\/a><\/h3>\n<h3 class=\"entry-title td-module-title\"><a title=\"Prae publica resultado de sele\u00e7\u00e3o de estagi\u00e1rios de Ci\u00eancias Cont\u00e1beis\" href=\"https:\/\/portal.uern.br\/blog\/prae-publica-resultado-de-selecao-de-estagiarios-de-ciencias-contabeis\/\" rel=\"bookmark\">Prae publica resultado de sele\u00e7\u00e3o de estagi\u00e1rios de Ci\u00eancias Cont\u00e1beis<\/a><\/h3>\n<h3 class=\"entry-title td-module-title\"><a title=\"Prae anuncia est\u00e1gios para estudantes de Comunica\u00e7\u00e3o Social e Turismo\" href=\"https:\/\/portal.uern.br\/blog\/prae-anuncia-estagios-para-estudantes-de-comunicacao-social-e-turismo\/\" rel=\"bookmark\">Prae anuncia est\u00e1gios para estudantes de Comunica\u00e7\u00e3o Social e Turismo<\/a><\/h3>\n<h3 class=\"entry-title td-module-title\"><a title=\"Prae anuncia sele\u00e7\u00e3o de est\u00e1gio para estudantes de Ci\u00eancias Cont\u00e1beis\" href=\"https:\/\/portal.uern.br\/blog\/prae-anuncia-selecao-de-estagio-para-estudantes-de-ciencias-contabeis\/\" rel=\"bookmark\">Prae anuncia sele\u00e7\u00e3o de est\u00e1gio para estudantes de Ci\u00eancias Cont\u00e1beis<\/a><\/h3>\n<h3 class=\"entry-title td-module-title\"><a style=\"font-size: 1.17em\" title=\"Prae define regras para aplica\u00e7\u00e3o do Aux\u00edlio Inclus\u00e3o Digital\" href=\"https:\/\/portal.uern.br\/blog\/prae-define-regras-para-aplicacao-do-auxilio-inclusao-digital\/\" rel=\"bookmark\">Prae define regras para aplica\u00e7\u00e3o do Aux\u00edlio Inclus\u00e3o Digital<\/a><\/h3>\n<h3 class=\"entry-title td-module-title\"><a title=\"Prae e Proex publicam resultado de etapas de processo de institucionaliza\u00e7\u00e3o de a\u00e7\u00f5es de extens\u00e3o\" href=\"https:\/\/portal.uern.br\/blog\/prae-e-proex-publicam-resultado-de-etapas-de-processo-de-institucionalizacao-de-acoes-de-extensao\/\" rel=\"bookmark\">Prae e Proex publicam resultado de etapas de processo de institucionaliza\u00e7\u00e3o de a\u00e7\u00f5es de&#8230;<\/a><\/h3>\n<h3 class=\"entry-title td-module-title\"><a title=\"Prae realiza I Confer\u00eancia de Assuntos Estudantis da Uern entre os dias 29 e 31 de mar\u00e7o\" href=\"https:\/\/portal.uern.br\/blog\/prae-realiza-i-conferencia-de-assuntos-estudantis-da-uern-entre-os-dias-29-e-31-de-marco\/\" rel=\"bookmark\">Prae realiza I Confer\u00eancia de Assuntos Estudantis da Uern entre os dias 29 e&#8230;<\/a><\/h3>\n<h3 class=\"entry-title td-module-title\"><a title=\"Prae divulga resultado parcial da institucionaliza\u00e7\u00e3o de a\u00e7\u00f5es de extens\u00e3o\" href=\"https:\/\/portal.uern.br\/blog\/prae-divulga-resultado-parcial-da-institucionalizacao-de-acoes-de-extensao\/\" rel=\"bookmark\">Prae divulga resultado parcial da institucionaliza\u00e7\u00e3o de a\u00e7\u00f5es de extens\u00e3o<\/a><\/h3>\n<h3 class=\"entry-title td-module-title\"><a title=\"Prae\/Uern anuncia resultado do Aux\u00edlio Inclus\u00e3o Digital do semestre 2020.2\" href=\"https:\/\/portal.uern.br\/blog\/prae-uern-anuncia-resultado-do-auxilio-inclusao-digital-do-semestre-2020-2\/\" rel=\"bookmark\">Prae\/Uern anuncia resultado do Aux\u00edlio Inclus\u00e3o Digital do semestre 2020.2<\/a><\/h3>\n<h3 class=\"entry-title td-module-title\"><a title=\"PRAE publica resultado de sele\u00e7\u00e3o de est\u00e1gio na UERN TV\" href=\"https:\/\/portal.uern.br\/blog\/prae-publica-resultado-de-selecao-de-estagio-na-uern-tv\/\" rel=\"bookmark\">PRAE publica resultado de sele\u00e7\u00e3o de est\u00e1gio na UERN TV<\/a><\/h3>\n<h3 class=\"entry-title td-module-title\"><a title=\"PRAE\/UERN publica edital com elimina\u00e7\u00e3o de candidato em processo seletivo\" href=\"https:\/\/portal.uern.br\/blog\/prae-uern-publica-edital-com-eliminacao-de-candidato-em-processo-seletivo\/\" rel=\"bookmark\">PRAE\/UERN publica edital com elimina\u00e7\u00e3o de candidato em processo seletivo<\/a><\/h3>\n<h3 class=\"entry-title td-module-title\"><a title=\"Prae divulga resultado preliminar de sele\u00e7\u00f5es de est\u00e1gio n\u00e3o obrigat\u00f3rio na Uern TV e na Edi\u00e7\u00f5es Uern\" href=\"https:\/\/portal.uern.br\/blog\/prae-divulga-resultado-preliminar-de-selecoes-de-estagio-nao-obrigatorio-na-uern-tv-e-na-edicoes-uern\/\" rel=\"bookmark\">Prae divulga resultado preliminar de sele\u00e7\u00f5es de est\u00e1gio n\u00e3o obrigat\u00f3rio na Uern TV e&#8230;<\/a><\/h3>\n<h3 class=\"entry-title td-module-title\"><a title=\"PRAE convoca \u00e0 Junta Multiprofissional candidato de sele\u00e7\u00e3o do Aux\u00edlio Inclus\u00e3o Digital\" href=\"https:\/\/portal.uern.br\/blog\/prae-convoca-a-junta-multiprofissional-candidato-de-selecao-do-auxilio-inclusao-digital\/\" rel=\"bookmark\">PRAE convoca \u00e0 Junta Multiprofissional candidato de sele\u00e7\u00e3o do Aux\u00edlio Inclus\u00e3o Digital<\/a><\/h3>\n<h3 class=\"entry-title td-module-title\"><a title=\"PRAE realiza reuni\u00f5es para a constru\u00e7\u00e3o da I Confer\u00eancia de Assuntos Estudantis\" href=\"https:\/\/portal.uern.br\/blog\/prae-realiza-reunioes-para-a-construcao-da-i-conferencia-de-assuntos-estudantis\/\" rel=\"bookmark\">PRAE realiza reuni\u00f5es para a constru\u00e7\u00e3o da I Confer\u00eancia de Assuntos Estudantis<\/a><\/h3>\n<h3 class=\"entry-title td-module-title\"><a title=\"PRAE divulga calend\u00e1rio de entrevistas para candidatos a est\u00e1gio na Edi\u00e7\u00f5es Uern e na UERN TV\" href=\"https:\/\/portal.uern.br\/blog\/prae-divulga-calendario-de-entrevistas-para-candidatos-a-estagio-na-edicoes-uern-e-na-uern-tv\/\" rel=\"bookmark\">PRAE divulga calend\u00e1rio de entrevistas para candidatos a est\u00e1gio na Edi\u00e7\u00f5es Uern e na&#8230;<\/a><\/h3>\n<h3 class=\"entry-title td-module-title\"><a title=\"PRAE prorroga prazo para estudantes comprovarem uso dos recursos do Aux\u00edlio Inclus\u00e3o Digital\" href=\"https:\/\/portal.uern.br\/blog\/prae-prorroga-prazo-para-estudantes-comprovarem-uso-dos-recursos-do-auxilio-inclusao-digital\/\" rel=\"bookmark\">PRAE prorroga prazo para estudantes comprovarem uso dos recursos do Aux\u00edlio Inclus\u00e3o Digital<\/a><\/h3>\n<h3 class=\"entry-title td-module-title\"><a title=\"PRAE divulga resultado final da reavalia\u00e7\u00e3o acad\u00eamica do Programa de Apoio ao Estudante\" href=\"https:\/\/portal.uern.br\/blog\/prae-divulga-resultado-final-da-reavaliacao-academica-do-programa-de-apoio-ao-estudante\/\" rel=\"bookmark\">PRAE divulga resultado final da reavalia\u00e7\u00e3o acad\u00eamica do Programa de Apoio ao Estudante<\/a><\/h3>\n<h3 class=\"entry-title td-module-title\"><a title=\"PRAE lan\u00e7a edital com oferta de 500 bolsas de Aux\u00edlio Inclus\u00e3o Digital para o semestre 2020.2\" href=\"https:\/\/portal.uern.br\/blog\/prae-lanca-edital-com-oferta-de-500-bolsas-de-auxilio-inclusao-digital-para-o-semestre-2020-2\/\" rel=\"bookmark\">PRAE lan\u00e7a edital com oferta de 500 bolsas de Aux\u00edlio Inclus\u00e3o Digital para o&#8230;<\/a><\/h3>\n<h3 class=\"entry-title td-module-title\"><a title=\"PRAE divulga resultado preliminar da reavalia\u00e7\u00e3o acad\u00eamica do Programa de Apoio ao Estudante\" href=\"https:\/\/portal.uern.br\/blog\/prae-divulga-resultado-preliminar-da-reavaliacao-academica-do-programa-de-apoio-ao-estudante\/\" rel=\"bookmark\">PRAE divulga resultado preliminar da reavalia\u00e7\u00e3o acad\u00eamica do Programa de Apoio ao Estudante<\/a><\/h3>\n<h3 class=\"entry-title td-module-title\"><a title=\"PRAE divulga resultado final de sele\u00e7\u00e3o de estagi\u00e1rios\" href=\"https:\/\/portal.uern.br\/blog\/prae-divulga-resultado-final-de-selecao-de-estagiarios\/\" rel=\"bookmark\">PRAE divulga resultado final de sele\u00e7\u00e3o de estagi\u00e1rios<\/a><\/h3>\n<h3 class=\"entry-title td-module-title\"><a title=\"PRAE divulga resultado preliminar da sele\u00e7\u00e3o de estagi\u00e1rios\" href=\"https:\/\/portal.uern.br\/blog\/prae-divulga-resultado-preliminar-da-selecao-de-estagiarios\/\" rel=\"bookmark\">PRAE divulga resultado preliminar da sele\u00e7\u00e3o de estagi\u00e1rios<\/a><\/h3>\n<h3 class=\"entry-title td-module-title\"><a title=\"PRAE divulga cronograma de entrevistas de candidatos inscritos na sele\u00e7\u00e3o de est\u00e1gio no \u00e2mbito da Uern\" href=\"https:\/\/portal.uern.br\/blog\/prae-divulga-cronograma-de-entrevistas-de-candidatos-inscritos-na-selecao-de-estagio-no-ambito-da-uern\/\" rel=\"bookmark\">PRAE divulga cronograma de entrevistas de candidatos inscritos na sele\u00e7\u00e3o de est\u00e1gio no \u00e2mbito&#8230;<\/a><\/h3>\n","protected":false},"excerpt":{"rendered":"<p>Acompanhe as nossas not\u00edcias nos links abaixo: Prae abre sele\u00e7\u00e3o para acesso \u00e0 Programa de Moradia Universit\u00e1ria do semestre 2021.2 Prae divulga resultado preliminar de sele\u00e7\u00e3o de est\u00e1gio em Ci\u00eancias Cont\u00e1beis Prae divulga cronograma de entrevistas para vagas de est\u00e1gio n\u00e3o-obrigat\u00f3rio Prae abre sele\u00e7\u00e3o de est\u00e1gio para estudantes de Ci\u00eancias Cont\u00e1beis Prae e Ouvidoria promovem [&hellip;]<\/p>\n","protected":false},"author":3,"featured_media":0,"parent":0,"menu_order":0,"comment_status":"closed","ping_status":"closed","template":"","meta":{"footnotes":""},"class_list":["post-2733","page","type-page","status-publish","hentry"],"_links":{"self":[{"href":"https:\/\/portal.uern.br\/prae\/wp-json\/wp\/v2\/pages\/2733","targetHints":{"allow":["GET"]}}],"collection":[{"href":"https:\/\/portal.uern.br\/prae\/wp-json\/wp\/v2\/pages"}],"about":[{"href":"https:\/\/portal.uern.br\/prae\/wp-json\/wp\/v2\/types\/page"}],"author":[{"embeddable":true,"href":"https:\/\/portal.uern.br\/prae\/wp-json\/wp\/v2\/users\/3"}],"replies":[{"embeddable":true,"href":"https:\/\/portal.uern.br\/prae\/wp-json\/wp\/v2\/comments?post=2733"}],"version-history":[{"count":2,"href":"https:\/\/portal.uern.br\/prae\/wp-json\/wp\/v2\/pages\/2733\/revisions"}],"predecessor-version":[{"id":2742,"href":"https:\/\/portal.uern.br\/prae\/wp-json\/wp\/v2\/pages\/2733\/revisions\/2742"}],"wp:attachment":[{"href":"https:\/\/portal.uern.br\/prae\/wp-json\/wp\/v2\/media?parent=2733"}],"curies":[{"name":"wp","href":"https:\/\/api.w.org\/{rel}","templated":true}]}}