{"id":2729,"date":"2025-04-29T16:33:57","date_gmt":"2025-04-29T19:33:57","guid":{"rendered":"https:\/\/portal.uern.br\/prae\/?page_id=2729"},"modified":"2025-04-29T16:42:16","modified_gmt":"2025-04-29T19:42:16","slug":"2020-noticias","status":"publish","type":"page","link":"https:\/\/portal.uern.br\/prae\/2020-noticias\/","title":{"rendered":"2020 &#8211; Not\u00edcias"},"content":{"rendered":"<h3 class=\"entry-title td-module-title\"><strong><em>Acompanhe as nossas not\u00edcias nos links abaixo:<\/em><\/strong><\/h3>\n<h3 class=\"entry-title td-module-title\"><a style=\"font-size: 1.17em\" title=\"UERN\/PRAE abre prazo para comprova\u00e7\u00e3o de utiliza\u00e7\u00e3o do aux\u00edlio inclus\u00e3o digital\" href=\"https:\/\/portal.uern.br\/blog\/uern-prae-faz-selecao-de-estudantes-para-o-auxilio-inclusao-digital\/\" rel=\"bookmark\">UERN\/PRAE abre prazo para comprova\u00e7\u00e3o de utiliza\u00e7\u00e3o do aux\u00edlio inclus\u00e3o digital<\/a><\/h3>\n<h3 class=\"entry-title td-module-title\"><a style=\"font-size: 1.17em\" title=\"PRAE\/UERN anuncia o resultado do processo seletivo de estagi\u00e1rios n\u00e3o obrigat\u00f3rios\" href=\"https:\/\/portal.uern.br\/blog\/prae-uern-anuncia-o-resultado-do-processo-seletivo-de-estagiarios-nao-obrigatorios\/\" rel=\"bookmark\">PRAE\/UERN anuncia o resultado do processo seletivo de estagi\u00e1rios n\u00e3o obrigat\u00f3rios<\/a><\/h3>\n<h3 class=\"entry-title td-module-title\"><a style=\"font-size: 1.17em\" title=\"PRAE publica convoca\u00e7\u00e3o de candidatos classificados em sele\u00e7\u00e3o do Aux\u00edlio Inclus\u00e3o Digital\" href=\"https:\/\/portal.uern.br\/blog\/prae-publica-convocacao-de-candidatos-classificados-em-selecao-do-auxilio-inclusao-digital\/\" rel=\"bookmark\">PRAE publica convoca\u00e7\u00e3o de candidatos classificados em sele\u00e7\u00e3o do Aux\u00edlio Inclus\u00e3o Digital<\/a><\/h3>\n<h3 class=\"entry-title td-module-title\"><a title=\"PRAE publica resultado preliminar do processo seletivo de estagi\u00e1rios\" href=\"https:\/\/portal.uern.br\/blog\/prae-publica-resultado-preliminar-do-processo-seletivo-de-estagiarios\/\" rel=\"bookmark\">PRAE publica resultado preliminar do processo seletivo de estagi\u00e1rios<\/a><\/h3>\n<h3 class=\"entry-title td-module-title\"><a title=\"PRAE divulga calend\u00e1rio de entrevistas em sele\u00e7\u00e3o de est\u00e1gio n\u00e3o-obrigat\u00f3rio interno\" href=\"https:\/\/portal.uern.br\/blog\/prae-divulga-calendario-de-entrevistas-em-selecao-de-estagio-nao-obrigatorio-interno\/\" rel=\"bookmark\">PRAE divulga calend\u00e1rio de entrevistas em sele\u00e7\u00e3o de est\u00e1gio n\u00e3o-obrigat\u00f3rio interno<\/a><\/h3>\n<h3 class=\"entry-title td-module-title\"><a title=\"PRAE anuncia sele\u00e7\u00e3o de estagi\u00e1rios para atuar na Edi\u00e7\u00f5es UERN e Campus de Pau dos Ferros\" href=\"https:\/\/portal.uern.br\/blog\/prae-anuncia-selecao-de-estagiarios-para-atuar-na-edicoes-uern-e-campus-de-pau-dos-ferros\/\" rel=\"bookmark\">PRAE anuncia sele\u00e7\u00e3o de estagi\u00e1rios para atuar na Edi\u00e7\u00f5es UERN e Campus de Pau&#8230;<\/a><\/h3>\n<h3 class=\"entry-title td-module-title\"><a title=\"PRAE divulga resultado de sele\u00e7\u00e3o de estagi\u00e1rios\" href=\"https:\/\/portal.uern.br\/blog\/prae-divulga-resultado-de-selecao-de-estagiarios\/\" rel=\"bookmark\">PRAE divulga resultado de sele\u00e7\u00e3o de estagi\u00e1rios<\/a><\/h3>\n<h3 class=\"entry-title td-module-title\"><a title=\"PRAE divulga resultado das per\u00edcias da Junta Multiprofissional na sele\u00e7\u00e3o para concess\u00e3o do Aux\u00edlio Inclus\u00e3o Digital\" href=\"https:\/\/portal.uern.br\/blog\/prae-divulga-resultado-das-pericias-da-junta-profissional-na-selecao-para-concessao-do-auxilio-inclusao-digital\/\" rel=\"bookmark\">PRAE divulga resultado das per\u00edcias da Junta Multiprofissional na sele\u00e7\u00e3o para concess\u00e3o do Aux\u00edlio&#8230;<\/a><\/h3>\n<h3 class=\"entry-title td-module-title\"><a title=\"Prae divulga cronograma de entrevistas para sele\u00e7\u00e3o de est\u00e1gios\" href=\"https:\/\/portal.uern.br\/blog\/prae-divulga-cronograma-de-entrevistas-para-selecao-de-estagios\/\" rel=\"bookmark\">Prae divulga cronograma de entrevistas para sele\u00e7\u00e3o de est\u00e1gios<\/a><\/h3>\n<h3 class=\"entry-title td-module-title\"><a title=\"Prae seleciona estagi\u00e1rios dos cursos de Letras, Direito, Comunica\u00e7\u00e3o e Computa\u00e7\u00e3o\" href=\"https:\/\/portal.uern.br\/blog\/prae-seleciona-estagiarios-dos-cursos-de-letras-direito-comunicacao-e-computacao\/\" rel=\"bookmark\">Prae seleciona estagi\u00e1rios dos cursos de Letras, Direito, Comunica\u00e7\u00e3o e Computa\u00e7\u00e3o<\/a><\/h3>\n<h3 class=\"entry-title td-module-title\"><a title=\"PRAE divulga resultado de sele\u00e7\u00e3o de estagi\u00e1rios para atuar na Edi\u00e7\u00f5es UERN\" href=\"https:\/\/portal.uern.br\/blog\/prae-divulga-resultado-de-selecao-de-estagiarios-para-atuar-na-edicoes-uern\/\" rel=\"bookmark\">PRAE divulga resultado de sele\u00e7\u00e3o de estagi\u00e1rios para atuar na Edi\u00e7\u00f5es UERN<\/a><\/h3>\n<h3 class=\"entry-title td-module-title\"><a title=\"PRAE divulga orienta\u00e7\u00f5es sobre o uso de recursos do aux\u00edlio inclus\u00e3o digital\" href=\"https:\/\/portal.uern.br\/blog\/prae-divulga-orientacoes-sobre-o-uso-de-recursos-do-auxilio-inclusao-digital\/\" rel=\"bookmark\">PRAE divulga orienta\u00e7\u00f5es sobre o uso de recursos do aux\u00edlio inclus\u00e3o digital<\/a><\/h3>\n<h3 class=\"entry-title td-module-title\"><a title=\"PRAE informa cronograma de entrevistas de sele\u00e7\u00e3o de estagi\u00e1rios\" href=\"https:\/\/portal.uern.br\/blog\/prae-informa-cronograma-de-entrevistas-de-selecao-de-estagiarios\/\" rel=\"bookmark\">PRAE informa cronograma de entrevistas de sele\u00e7\u00e3o de estagi\u00e1rios<\/a><\/h3>\n<h3 class=\"entry-title td-module-title\"><a title=\"PRAE\/UERN anuncia resultado final da segunda fase do processo seletivo para concess\u00e3o do Aux\u00edlio Inclus\u00e3o Digital\" href=\"https:\/\/portal.uern.br\/blog\/prae-uern-anuncia-resultado-final-da-segunda-fase-do-processo-seletivo-para-concessao-do-auxilio-inclusao-digital\/\" rel=\"bookmark\">PRAE\/UERN anuncia resultado final da segunda fase do processo seletivo para concess\u00e3o do Aux\u00edlio&#8230;<\/a><\/h3>\n<h3 class=\"entry-title td-module-title\"><a title=\"Prae abre processo seletivo de est\u00e1gio para estudantes de Comunica\u00e7\u00e3o Social e Letras\" href=\"https:\/\/portal.uern.br\/blog\/prae-abre-processo-seletivo-de-estagio-para-estudantes-de-comunicacao-social-e-letras\/\" rel=\"bookmark\">Prae abre processo seletivo de est\u00e1gio para estudantes de Comunica\u00e7\u00e3o Social e Letras<\/a><\/h3>\n<h3 class=\"entry-title td-module-title\"><a title=\"Projeto Pr\u00e1ticas Integrativas da PRAE abre inscri\u00e7\u00f5es para tr\u00eas turmas\" href=\"https:\/\/portal.uern.br\/blog\/projeto-praticas-integrativas-da-prae-abre-inscricoes-para-tres-turmas\/\" rel=\"bookmark\">Projeto Pr\u00e1ticas Integrativas da PRAE abre inscri\u00e7\u00f5es para tr\u00eas turmas<\/a><\/h3>\n<h3 class=\"entry-title td-module-title\"><a title=\"Prae retifica lista de desligados do Aux\u00edlio Inclus\u00e3o Digital\" href=\"https:\/\/portal.uern.br\/blog\/prae-retifica-lista-de-desligados-do-auxilio-inclusao-digital\/\" rel=\"bookmark\">Prae retifica lista de desligados do Aux\u00edlio Inclus\u00e3o Digital<\/a><\/h3>\n<h3 class=\"entry-title td-module-title\"><a title=\"Prae divulga resultado preliminar da segunda fase do Aux\u00edlio Inclus\u00e3o Digital com aprova\u00e7\u00e3o de 599 novos aux\u00edlios\" href=\"https:\/\/portal.uern.br\/blog\/prae-divulga-resultado-preliminar-da-segunda-fase-do-auxilio-inclusao-digital-com-aprovacao-de-599-novos-auxilios\/\" rel=\"bookmark\">Prae divulga resultado preliminar da segunda fase do Aux\u00edlio Inclus\u00e3o Digital com aprova\u00e7\u00e3o de&#8230;<\/a><\/h3>\n<h3 class=\"entry-title td-module-title\"><a style=\"font-size: 1.17em\" title=\"PRAE divulga resultado de sele\u00e7\u00e3o de est\u00e1gio para estudantes de Direito\" href=\"https:\/\/portal.uern.br\/blog\/prae-divulga-resultado-de-selecao-de-estagio-para-estudantes-de-direito\/\" rel=\"bookmark\">PRAE divulga resultado de sele\u00e7\u00e3o de est\u00e1gio para estudantes de Direito<\/a><\/h3>\n<h3 class=\"entry-title td-module-title\"><a style=\"font-size: 1.17em\" title=\"PRAE\/UERN anuncia cronograma de entrevistas em sele\u00e7\u00e3o de est\u00e1gio\" href=\"https:\/\/portal.uern.br\/blog\/prae-uern-anuncia-cronograma-de-entrevistas-em-selecao-de-estagio\/\" rel=\"bookmark\">PRAE\/UERN anuncia cronograma de entrevistas em sele\u00e7\u00e3o de est\u00e1gio<\/a><\/h3>\n<h3 class=\"entry-title td-module-title\"><a title=\"Prae lan\u00e7a processo seletivo de est\u00e1gio no Programa BALE do Campus de Pau dos Ferros\" href=\"https:\/\/portal.uern.br\/blog\/prae-lanca-processo-seletivo-de-estagio-no-programa-bale-do-campus-de-pau-dos-ferros\/\" rel=\"bookmark\">Prae lan\u00e7a processo seletivo de est\u00e1gio no Programa BALE do Campus de Pau dos&#8230;<\/a><\/h3>\n<h3 class=\"entry-title td-module-title\"><a title=\"Prae abre processo seletivo de est\u00e1gio para estudantes de Direito\" href=\"https:\/\/portal.uern.br\/blog\/prae-abre-processo-seletivo-de-estagio-para-estudantes-de-direito\/\" rel=\"bookmark\">Prae abre processo seletivo de est\u00e1gio para estudantes de Direito<\/a><\/h3>\n<h3 class=\"entry-title td-module-title\"><a title=\"PRAE divulga resultado das per\u00edcias realizadas pela Junta Multiprofissional\" href=\"https:\/\/portal.uern.br\/blog\/prae-divulga-resultado-das-pericias-realizadas-pela-junta-multiprofissional\/\" rel=\"bookmark\">PRAE divulga resultado das per\u00edcias realizadas pela Junta Multiprofissional<\/a><\/h3>\n<h3 class=\"entry-title td-module-title\"><a title=\"PRAE faz nova convoca\u00e7\u00e3o de estudantes aptos a receberem o Aux\u00edlio Inclus\u00e3o Digital\" href=\"https:\/\/portal.uern.br\/blog\/prae-faz-nova-convocacao-de-estudantes-aptos-a-receberem-o-auxilio-inclusao-digital\/\" rel=\"bookmark\">PRAE faz nova convoca\u00e7\u00e3o de estudantes aptos a receberem o Aux\u00edlio Inclus\u00e3o Digital<\/a><\/h3>\n<h3 class=\"entry-title td-module-title\"><a title=\"PRAE\/UERN realiza programa\u00e7\u00e3o alusiva ao Dia do Estudante\" href=\"https:\/\/portal.uern.br\/blog\/prae-uern-realiza-programacao-alusiva-ao-dia-do-estudante\/\" rel=\"bookmark\">PRAE\/UERN realiza programa\u00e7\u00e3o alusiva ao Dia do Estudante<\/a><\/h3>\n<h3 class=\"entry-title td-module-title\"><a title=\"PRAE\/UERN realiza uma programa\u00e7\u00e3o especial em comemora\u00e7\u00e3o ao Dia do Estudante\" href=\"https:\/\/portal.uern.br\/blog\/prae-uern-realiza-uma-programacao-especial-em-comemoracao-ao-dia-do-estudante\/\" rel=\"bookmark\">PRAE\/UERN realiza uma programa\u00e7\u00e3o especial em comemora\u00e7\u00e3o ao Dia do Estudante<\/a><\/h3>\n<h3 class=\"entry-title td-module-title\"><a title=\"PRAE organiza uma programa\u00e7\u00e3o especial em alus\u00e3o ao Dia do Estudante\" href=\"https:\/\/portal.uern.br\/blog\/prae-organiza-uma-programacao-especial-em-alusao-ao-dia-do-estudante\/\" rel=\"bookmark\">PRAE organiza uma programa\u00e7\u00e3o especial em alus\u00e3o ao Dia do Estudante<\/a><\/h3>\n<h3 class=\"entry-title td-module-title\"><a title=\"PRAE publica o resultado final do processo seletivo para concess\u00e3o do Aux\u00edlio Inclus\u00e3o Digital\" href=\"https:\/\/portal.uern.br\/blog\/prae-publica-o-resultado-final-do-processo-seletivo-para-concessao-do-auxilio-inclusao-digital\/\" rel=\"bookmark\">PRAE publica o resultado final do processo seletivo para concess\u00e3o do Aux\u00edlio Inclus\u00e3o Digital<\/a><\/h3>\n<h3 class=\"entry-title td-module-title\"><a title=\"PRAE\/UERN anuncia resultado preliminar do programa Aux\u00edlio Inclus\u00e3o Digital\" href=\"https:\/\/portal.uern.br\/blog\/prae-uern-anuncia-resultado-preliminar-do-programa-auxilio-inclusao-digital\/\" rel=\"bookmark\">PRAE\/UERN anuncia resultado preliminar do programa Aux\u00edlio Inclus\u00e3o Digital<\/a><\/h3>\n<h3 class=\"entry-title td-module-title\"><a style=\"font-size: 1.17em\" title=\"Prae celebra expressiva participa\u00e7\u00e3o de estudantes na estreia do Uern Conect@\" href=\"https:\/\/portal.uern.br\/blog\/prae-celebra-expressiva-participacao-de-estudantes-na-estreia-do-uern-conect\/\" rel=\"bookmark\">Prae celebra expressiva participa\u00e7\u00e3o de estudantes na estreia do Uern Conect@<\/a><\/h3>\n<h3 class=\"entry-title td-module-title\"><a title=\"Prae encerra encontro estudantil com gincana e celebra grande participa\u00e7\u00e3o\" href=\"https:\/\/portal.uern.br\/blog\/prae-encerra-encontro-estudantil-com-gincana-e-celebra-grande-participacao\/\" rel=\"bookmark\">Prae encerra encontro estudantil com gincana e celebra grande participa\u00e7\u00e3o<\/a><\/h3>\n<h3 class=\"entry-title td-module-title\"><a title=\"PRAE\/UERN prorroga at\u00e9 3 de julho as inscri\u00e7\u00f5es do processo seletivo para concess\u00e3o do Aux\u00edlio de Inclus\u00e3o Digital\" href=\"https:\/\/portal.uern.br\/blog\/prae-uern-prorroga-ate-3-de-julho-as-inscricoes-do-processo-seletivo-para-concessao-do-auxilio-de-inclusao-digital\/\" rel=\"bookmark\">PRAE\/UERN prorroga at\u00e9 3 de julho as inscri\u00e7\u00f5es do processo seletivo para concess\u00e3o do&#8230;<\/a><\/h3>\n<h3 class=\"entry-title td-module-title\"><a title=\"I Encontro de Estudantes da PRAE come\u00e7a amanh\u00e3\" href=\"https:\/\/portal.uern.br\/blog\/prae-usa-redes-sociais-para-promover-seu-primeiro-encontro-estudantil\/\" rel=\"bookmark\">I Encontro de Estudantes da PRAE come\u00e7a amanh\u00e3<\/a><\/h3>\n<h3 class=\"entry-title td-module-title\"><a title=\"PRAE\/UERN lan\u00e7a Edital para concess\u00e3o do Aux\u00edlio de Inclus\u00e3o Digital para estudantes\" href=\"https:\/\/portal.uern.br\/blog\/prae-uern-lanca-edital-para-concessao-do-auxilio-de-inclusao-digital-para-estudantes\/\" rel=\"bookmark\">PRAE\/UERN lan\u00e7a Edital para concess\u00e3o do Aux\u00edlio de Inclus\u00e3o Digital para estudantes<\/a><\/h3>\n<h3 class=\"entry-title td-module-title\"><a title=\"PRAE\/UERN divulga resultado de reavalia\u00e7\u00e3o acad\u00eamica do PAE\" href=\"https:\/\/portal.uern.br\/blog\/prae-uern-divulga-resultado-de-reavaliacao-academica-do-pae\/\" rel=\"bookmark\">PRAE\/UERN divulga resultado de reavalia\u00e7\u00e3o acad\u00eamica do PAE<\/a><\/h3>\n<h3 class=\"entry-title td-module-title\"><a title=\"PRAE abre processo de reavalia\u00e7\u00e3o acad\u00eamica com objetivo de prorrogar concess\u00e3o de aux\u00edlio estudantil\" href=\"https:\/\/portal.uern.br\/blog\/prae-abre-processo-de-reavaliacao-academica-com-objetivo-de-prorrogar-concessao-de-auxilio-estudantil\/\" rel=\"bookmark\">PRAE abre processo de reavalia\u00e7\u00e3o acad\u00eamica com objetivo de prorrogar concess\u00e3o de aux\u00edlio estudantil<\/a><\/h3>\n<h3 class=\"entry-title td-module-title\"><a title=\"PRAE produz v\u00eddeos sobre dicas de exerc\u00edcios f\u00edsicos e sa\u00fade emocional em tempos de pandemia\" href=\"https:\/\/portal.uern.br\/blog\/prae-produz-videos-sobre-dicas-de-exercicios-fisicos-e-saude-emocional-em-tempos-de-pandemia\/\" rel=\"bookmark\">PRAE produz v\u00eddeos sobre dicas de exerc\u00edcios f\u00edsicos e sa\u00fade emocional em tempos de&#8230;<\/a><\/h3>\n<h3 class=\"entry-title td-module-title\"><a title=\"PRAE lan\u00e7a projeto sobre sa\u00fade e bem-estar dos estudantes\" href=\"https:\/\/portal.uern.br\/blog\/prae-lanca-projeto-sobre-saude-e-bem-estar-dos-estudantes\/\" rel=\"bookmark\">PRAE lan\u00e7a projeto sobre sa\u00fade e bem-estar dos estudantes<\/a><\/h3>\n<h3 class=\"entry-title td-module-title\"><a title=\"PRAE\/UERN divulga calend\u00e1rio de entrevistas em sele\u00e7\u00e3o de estagi\u00e1rios\" href=\"http:\/\/portal.uern.br\/blog\/prae-uern-divulga-calendario-de-entrevista-em-selecao-de-estagiarios\/\" rel=\"bookmark\">PRAE\/UERN divulga calend\u00e1rio de entrevistas em sele\u00e7\u00e3o de estagi\u00e1rios<\/a><\/h3>\n<h3 class=\"entry-title td-module-title\"><a title=\"PRAE\/UERN corrige edital para contrata\u00e7\u00e3o de estagi\u00e1rio da UERN TV\" href=\"http:\/\/portal.uern.br\/blog\/prae-uern-corrige-edital-para-contratacao-de-estagiario-da-uern-tv\/\" rel=\"bookmark\">PRAE\/UERN corrige edital para contrata\u00e7\u00e3o de estagi\u00e1rio da UERN TV<\/a><\/h3>\n<h3 class=\"entry-title td-module-title\"><a title=\"PRAE publica errata ao Edital de sele\u00e7\u00e3o para est\u00e1gio\" href=\"http:\/\/portal.uern.br\/blog\/prae-publica-errata-ao-edital-de-selecao-para-estagio\/\" rel=\"bookmark\">PRAE publica errata ao Edital de sele\u00e7\u00e3o para est\u00e1gio<\/a><\/h3>\n<h3 class=\"entry-title td-module-title\"><a title=\"UERN abre sele\u00e7\u00e3o para preenchimento de 27 vagas de est\u00e1gio\" href=\"http:\/\/portal.uern.br\/blog\/uern-abre-selecao-para-preenchimento-de-27-vagas-de-estagio\/\" rel=\"bookmark\">UERN abre sele\u00e7\u00e3o para preenchimento de 27 vagas de est\u00e1gio<\/a><\/h3>\n<h3 class=\"entry-title td-module-title\"><a style=\"font-size: 1.17em\" title=\"PRAE, FAD e N\u00facleo de Pr\u00e1tica Jur\u00eddica discutem parceria para amplia\u00e7\u00e3o de campos de est\u00e1gio\" href=\"http:\/\/portal.uern.br\/blog\/prae-fad-e-nucleo-de-pratica-juridica-discutem-parceria-para-ampliacao-de-campos-de-estagio\/\" rel=\"bookmark\">PRAE, FAD e N\u00facleo de Pr\u00e1tica Jur\u00eddica discutem parceria para amplia\u00e7\u00e3o de campos de&#8230;<\/a><\/h3>\n<h3 class=\"entry-title td-module-title\"><\/h3>\n","protected":false},"excerpt":{"rendered":"<p>Acompanhe as nossas not\u00edcias nos links abaixo: UERN\/PRAE abre prazo para comprova\u00e7\u00e3o de utiliza\u00e7\u00e3o do aux\u00edlio inclus\u00e3o digital PRAE\/UERN anuncia o resultado do processo seletivo de estagi\u00e1rios n\u00e3o obrigat\u00f3rios PRAE publica convoca\u00e7\u00e3o de candidatos classificados em sele\u00e7\u00e3o do Aux\u00edlio Inclus\u00e3o Digital PRAE publica resultado preliminar do processo seletivo de estagi\u00e1rios PRAE divulga calend\u00e1rio de entrevistas [&hellip;]<\/p>\n","protected":false},"author":3,"featured_media":0,"parent":0,"menu_order":0,"comment_status":"closed","ping_status":"closed","template":"","meta":{"footnotes":""},"class_list":["post-2729","page","type-page","status-publish","hentry"],"_links":{"self":[{"href":"https:\/\/portal.uern.br\/prae\/wp-json\/wp\/v2\/pages\/2729","targetHints":{"allow":["GET"]}}],"collection":[{"href":"https:\/\/portal.uern.br\/prae\/wp-json\/wp\/v2\/pages"}],"about":[{"href":"https:\/\/portal.uern.br\/prae\/wp-json\/wp\/v2\/types\/page"}],"author":[{"embeddable":true,"href":"https:\/\/portal.uern.br\/prae\/wp-json\/wp\/v2\/users\/3"}],"replies":[{"embeddable":true,"href":"https:\/\/portal.uern.br\/prae\/wp-json\/wp\/v2\/comments?post=2729"}],"version-history":[{"count":2,"href":"https:\/\/portal.uern.br\/prae\/wp-json\/wp\/v2\/pages\/2729\/revisions"}],"predecessor-version":[{"id":2741,"href":"https:\/\/portal.uern.br\/prae\/wp-json\/wp\/v2\/pages\/2729\/revisions\/2741"}],"wp:attachment":[{"href":"https:\/\/portal.uern.br\/prae\/wp-json\/wp\/v2\/media?parent=2729"}],"curies":[{"name":"wp","href":"https:\/\/api.w.org\/{rel}","templated":true}]}}