{"id":2726,"date":"2025-04-29T16:31:15","date_gmt":"2025-04-29T19:31:15","guid":{"rendered":"https:\/\/portal.uern.br\/prae\/?page_id=2726"},"modified":"2025-04-29T16:41:56","modified_gmt":"2025-04-29T19:41:56","slug":"2019-noticias","status":"publish","type":"page","link":"https:\/\/portal.uern.br\/prae\/2019-noticias\/","title":{"rendered":"2019 &#8211; Not\u00edcias"},"content":{"rendered":"<h3 class=\"entry-title td-module-title\"><strong><em>Acompanhe as nossas not\u00edcias nos links abaixo:<\/em><\/strong><\/h3>\n<h3 class=\"entry-title td-module-title\"><a title=\"PRAE divulga resultado preliminar da sele\u00e7\u00e3o do Programa de Apoio ao Estudante\" href=\"http:\/\/portal.uern.br\/blog\/prae-divulga-resultado-preliminar-da-selecao-do-programa-de-apoio-ao-estudante\/\" rel=\"bookmark\">PRAE divulga resultado preliminar da sele\u00e7\u00e3o do Programa de Apoio ao Estudante<\/a><\/h3>\n<h3 class=\"entry-title td-module-title\"><a title=\"Projeto Pr\u00e1ticas Integrativas da PRAE ser\u00e1 realizado no Campus de Natal\" href=\"http:\/\/portal.uern.br\/blog\/projeto-praticas-integrativas-da-prae-sera-realizado-no-campus-de-natal\/\" rel=\"bookmark\">Projeto Pr\u00e1ticas Integrativas da PRAE ser\u00e1 realizado no Campus de Natal<\/a><\/h3>\n<h3 class=\"entry-title td-module-title\"><a title=\"PRAE divulga resultado preliminar do processo seletivo para Resid\u00eancias Universit\u00e1rias\" href=\"http:\/\/portal.uern.br\/blog\/prae-divulga-resultado-preliminar-do-processo-seletivo-para-residencias-universitarias\/\" rel=\"bookmark\">PRAE divulga resultado preliminar do processo seletivo para Resid\u00eancias Universit\u00e1rias<\/a><\/h3>\n<h3 class=\"entry-title td-module-title\"><a title=\"PRAE\/UERN convoca candidatos para entrevista na sele\u00e7\u00e3o das Resid\u00eancias Universit\u00e1rias\" href=\"http:\/\/portal.uern.br\/blog\/prae-uern-convoca-para-entrevista-na-selecao-das-residencias-universitarias\/\" rel=\"bookmark\">PRAE\/UERN convoca candidatos para entrevista na sele\u00e7\u00e3o das Resid\u00eancias Universit\u00e1rias<\/a><\/h3>\n<h3 class=\"entry-title td-module-title\"><a title=\"PRAE inclui aditivo ao resultado final de sele\u00e7\u00e3o do Programa de Apoio ao Estudante \u2013 PAE\" href=\"http:\/\/portal.uern.br\/blog\/uern-inclui-aditivo-ao-resultado-final-de-selecao-de-pae\/\" rel=\"bookmark\">PRAE inclui aditivo ao resultado final de sele\u00e7\u00e3o do Programa de Apoio ao Estudante&#8230;<\/a><\/h3>\n<h3 class=\"entry-title td-module-title\"><a title=\"PRAE lan\u00e7a edital com oferta de 11 vagas para est\u00e1gio no \u00e2mbito da UERN\" href=\"http:\/\/portal.uern.br\/blog\/prae-lanca-edital-com-oferta-de-11-vagas-para-estagio-no-ambito-da-uern\/\" rel=\"bookmark\">PRAE lan\u00e7a edital com oferta de 11 vagas para est\u00e1gio no \u00e2mbito da UERN<\/a><\/h3>\n<h3 class=\"entry-title td-module-title\"><a title=\"PRAE retifica edital de convoca\u00e7\u00e3o de candidatos para entrega de documentos na sele\u00e7\u00e3o das resid\u00eancias\" href=\"http:\/\/portal.uern.br\/blog\/prae-retifica-edital-de-convocacao-de-candidatos-para-entrega-de-documentos-na-selecao-das-residencias\/\" rel=\"bookmark\">PRAE retifica edital de convoca\u00e7\u00e3o de candidatos para entrega de documentos na sele\u00e7\u00e3o das&#8230;<\/a><\/h3>\n<h3 class=\"entry-title td-module-title\"><a title=\"PRAE divulga resultado final do processo de reavalia\u00e7\u00e3o acad\u00eamica\" href=\"http:\/\/portal.uern.br\/blog\/prae-divulga-o-resultado-final-do-processo-de-reavaliacao-academica\/\" rel=\"bookmark\">PRAE divulga resultado final do processo de reavalia\u00e7\u00e3o acad\u00eamica<\/a><\/h3>\n<h3 class=\"entry-title td-module-title\"><a title=\"PRAE retifica quadro de convocados no Campus de Patu para entregar a documenta\u00e7\u00e3o da sele\u00e7\u00e3o do PAE\" href=\"http:\/\/portal.uern.br\/blog\/prae-retifica-quadro-de-convocados-no-campus-de-patu-para-entregar-a-documentacao-da-selecao-do-pae\/\" rel=\"bookmark\">PRAE retifica quadro de convocados no Campus de Patu para entregar a documenta\u00e7\u00e3o da&#8230;<\/a><\/h3>\n<h3 class=\"entry-title td-module-title\"><a title=\"PRAE convoca candidatos para apresentarem documenta\u00e7\u00e3o para sele\u00e7\u00e3o do Programa de Apoio ao Estudante\" href=\"https:\/\/portal.uern.br\/blog\/prae-convoca-candidatos-para-apresentar-documentacao-para-selecao-do-programa-de-apoio-ao-estudante\/\" rel=\"bookmark\">PRAE convoca candidatos para apresentarem documenta\u00e7\u00e3o para sele\u00e7\u00e3o do Programa de Apoio ao Estudante<\/a><\/h3>\n<p><a style=\"font-size: 1.17em\" title=\"Restaurante Popular no Campus Central amplia oferta de refei\u00e7\u00f5es com a Sopa Cidad\u00e3\" href=\"http:\/\/portal.uern.br\/blog\/restaurante-popular-no-campus-central-amplia-oferta-de-refeicoes-com-a-sopa-cidada\/\" rel=\"bookmark\">Restaurante Popular no Campus Central amplia oferta de refei\u00e7\u00f5es com a Sopa Cidad\u00e3<\/a><\/p>\n<h3 class=\"entry-title td-module-title\"><a title=\"PRAE convoca candidatos para entrega de documenta\u00e7\u00e3o exigida na sele\u00e7\u00e3o das Resid\u00eancias Universit\u00e1rias\" href=\"http:\/\/portal.uern.br\/blog\/prae-convoca-candidatos-para-entrega-de-documentacao-exigida-na-selecao-das-residencias-universitarias\/\" rel=\"bookmark\">PRAE convoca candidatos para entrega de documenta\u00e7\u00e3o exigida na sele\u00e7\u00e3o das Resid\u00eancias Universit\u00e1rias<\/a><\/h3>\n<h3 class=\"entry-title td-module-title\"><a title=\"PRAE divulga retifica\u00e7\u00e3o ao edital que trata do processo de reavalia\u00e7\u00e3o acad\u00eamica\" href=\"http:\/\/portal.uern.br\/blog\/prae-divulga-retificacao-ao-edital-que-trata-do-processo-de-reavaliacao-academica\/\" rel=\"bookmark\">PRAE divulga retifica\u00e7\u00e3o ao edital que trata do processo de reavalia\u00e7\u00e3o acad\u00eamica<\/a><\/h3>\n<h3 class=\"entry-title td-module-title\"><a title=\"Alunos do Campus de Ass\u00fa s\u00e3o recepcionados durante o SAMBA\" href=\"http:\/\/portal.uern.br\/blog\/alunos-do-campus-de-assu-sao-recepcionados-durante-o-samba\/\" rel=\"bookmark\">Alunos do Campus de Ass\u00fa s\u00e3o recepcionados durante o SAMBA<\/a><\/h3>\n<h3 class=\"entry-title td-module-title\"><a title=\"Campus de Natal encerra primeira semana de aula com SAMBA\" href=\"http:\/\/portal.uern.br\/blog\/campus-de-natal-encerra-primeira-semana-de-aula-com-samba\/\" rel=\"bookmark\">Campus de Natal encerra primeira semana de aula com SAMBA<\/a><\/h3>\n<h3 class=\"entry-title td-module-title\"><a title=\"SAMBA promove acolhimento e integra\u00e7\u00e3o de calouros no Campus Central\" href=\"http:\/\/portal.uern.br\/blog\/samba-promove-acolhimento-e-integracao-de-calouros-no-campus-central\/\" rel=\"bookmark\">SAMBA promove acolhimento e integra\u00e7\u00e3o de calouros no Campus Central<\/a><\/h3>\n<h3 class=\"entry-title td-module-title\"><a title=\"Campus de Pau dos Ferros d\u00e1 boas-vindas aos novos alunos durante o SAMBA\" href=\"http:\/\/portal.uern.br\/blog\/campus-de-pau-dos-ferros-da-boas-vindas-aos-novos-alunos-durante-o-samba\/\" rel=\"bookmark\">Campus de Pau dos Ferros d\u00e1 boas-vindas aos novos alunos durante o SAMBA<\/a><\/h3>\n<h3 class=\"entry-title td-module-title\"><a title=\"Arrai\u00e1 no Campus de Caic\u00f3 abre temporada do SAMBA\" href=\"http:\/\/portal.uern.br\/blog\/arraia-no-campus-de-caico-abre-temporada-do-samba\/\" rel=\"bookmark\">Arrai\u00e1 no Campus de Caic\u00f3 abre temporada do SAMBA<\/a><\/h3>\n<h3 class=\"entry-title td-module-title\"><a title=\"PRAE divulga resultado do processo de reavalia\u00e7\u00e3o acad\u00eamica\" href=\"http:\/\/portal.uern.br\/blog\/prae-divulga-resultado-do-processo-de-reavaliacao-academica\/\" rel=\"bookmark\">PRAE divulga resultado do processo de reavalia\u00e7\u00e3o acad\u00eamica<\/a><\/h3>\n<h3 class=\"entry-title td-module-title\"><a title=\"Temporada do SAMBA 2019 leva clima junino aos campi da UERN\" href=\"http:\/\/portal.uern.br\/blog\/temporada-do-samba-2019-leva-clima-junino-aos-campi-da-uern\/\" rel=\"bookmark\">Temporada do SAMBA 2019 leva clima junino aos campi da UERN<\/a><\/h3>\n<h3 class=\"entry-title td-module-title\"><a title=\"PRAE abre processo de reavalia\u00e7\u00e3o acad\u00eamica referente ao semestre letivo 2019.1\" href=\"http:\/\/portal.uern.br\/blog\/prae-abre-processo-de-reavaliacao-academica-referente-ao-semestre-letivo-2019-1\/\" rel=\"bookmark\">PRAE abre processo de reavalia\u00e7\u00e3o acad\u00eamica referente ao semestre letivo 2019.1<\/a><\/h3>\n<h3 class=\"entry-title td-module-title\"><a title=\"Abertas inscri\u00e7\u00f5es para sele\u00e7\u00e3o de vagas nas Resid\u00eancias Universit\u00e1rias\" href=\"http:\/\/portal.uern.br\/blog\/abertas-inscricoes-para-selecao-de-vagas-nas-residencias-universitarias-2\/\" rel=\"bookmark\">Abertas inscri\u00e7\u00f5es para sele\u00e7\u00e3o de vagas nas Resid\u00eancias Universit\u00e1rias<\/a><\/h3>\n<h3 class=\"entry-title td-module-title\"><a title=\"PRAE lan\u00e7a edital do Programa de Apoio ao Estudante com oferta de 130 aux\u00edlios financeiros\" href=\"http:\/\/portal.uern.br\/blog\/prae-lanca-edital-do-programa-de-apoio-ao-estudante-com-oferta-de-130-auxilios-financeiros\/\" rel=\"bookmark\">PRAE lan\u00e7a edital do Programa de Apoio ao Estudante com oferta de 130 aux\u00edlios..<\/a><\/h3>\n<h3 class=\"entry-title td-module-title\"><a title=\"Conselho Diretor aprova aux\u00edlio fotoc\u00f3pia para estudantes da UERN\" href=\"http:\/\/portal.uern.br\/blog\/conselho-diretor-aprova-auxilio-fotocopia-para-estudantes-da-uern\/\" rel=\"bookmark\">Conselho Diretor aprova aux\u00edlio fotoc\u00f3pia para estudantes da UERN<\/a><\/h3>\n<h3 class=\"entry-title td-module-title\"><a title=\"Resid\u00eancia Universit\u00e1ria impulsiona pol\u00edtica de perman\u00eancia nos cursos de gradua\u00e7\u00e3o\" href=\"http:\/\/portal.uern.br\/blog\/residencia-universitaria-impulsiona-politica-de-permanencia-nos-cursos-de-graduacao\/\" rel=\"bookmark\">Resid\u00eancia Universit\u00e1ria impulsiona pol\u00edtica de perman\u00eancia nos cursos de gradua\u00e7\u00e3o<\/a><\/h3>\n<h3 class=\"entry-title td-module-title\"><a title=\"PRAE faz visitas em locais de est\u00e1gio\" href=\"http:\/\/portal.uern.br\/blog\/prae-faz-visitas-em-locais-de-estagio\/\" rel=\"bookmark\">PRAE faz visitas em locais de est\u00e1gio<\/a><\/h3>\n<h3 class=\"entry-title td-module-title\"><a title=\"PRAE promove encontro de residentes universit\u00e1rios em Caic\u00f3\" href=\"http:\/\/portal.uern.br\/blog\/prae-promove-encontro-de-residentes-universitarios-em-caico\/\" rel=\"bookmark\">PRAE promove encontro de residentes universit\u00e1rios em Caic\u00f3<\/a><\/h3>\n<h3 class=\"entry-title td-module-title\"><a title=\"PRAE desenvolve sistema de est\u00e1gios em parceria com estudantes de Ci\u00eancia da Computa\u00e7\u00e3o\" href=\"http:\/\/portal.uern.br\/blog\/prae-desenvolve-novo-sistema-de-estagios-em-parceria-com-estudantes-de-ciencia-da-computacao\/\" rel=\"bookmark\">PRAE desenvolve sistema de est\u00e1gios em parceria com estudantes de Ci\u00eancia da Computa\u00e7\u00e3o<\/a><\/h3>\n<h3 class=\"entry-title td-module-title\"><a href=\"http:\/\/portal.uern.br\/blog\/projeto-praticas-integrativas-da-prae-sera-realizado-no-campus-de-patu\/\">Campus de Patu recebe projeto Pr\u00e1ticas Integrativas da PRAE<\/a><\/h3>\n<h3 class=\"entry-title td-module-title\"><a title=\"Campus de Ass\u00fa recebe projeto Pr\u00e1ticas Integrativas da PRAE\" href=\"http:\/\/portal.uern.br\/blog\/campus-de-assu-recebe-projeto-praticas-integrativas-da-prae\/\" rel=\"bookmark\">Campus de Ass\u00fa recebe projeto Pr\u00e1ticas Integrativas da PRAE<\/a><\/h3>\n<h3 class=\"entry-title td-module-title\"><a title=\"PRAE consolida parceria com a SETHAS\" href=\"http:\/\/portal.uern.br\/blog\/prae-consolida-parceria-com-a-sethas\/\" rel=\"bookmark\">PRAE consolida parceria com a SETHAS<\/a><\/h3>\n<h3 class=\"entry-title td-module-title\"><a title=\"Projeto Pr\u00e1ticas Integrativas da PRAE ser\u00e1 realizado no Campus de Ass\u00fa\" href=\"http:\/\/portal.uern.br\/blog\/projeto-praticas-integrativas-da-prae-sera-realizado-no-campus-de-assu\/\" rel=\"bookmark\">Projeto Pr\u00e1ticas Integrativas da PRAE ser\u00e1 realizado no Campus de Ass\u00fa<\/a><\/h3>\n<h3 class=\"entry-title td-module-title\"><a title=\"PRAE realiza I Encontro de Residentes\" href=\"http:\/\/portal.uern.br\/blog\/prae-realiza-i-encontro-de-residentes\/\" rel=\"bookmark\">PRAE realiza I Encontro de Residentes<\/a><\/h3>\n<h3 class=\"entry-title td-module-title\"><a title=\"PRAE organiza primeiro encontro de residentes da UERN\" href=\"http:\/\/portal.uern.br\/blog\/prae-organiza-primeiro-encontro-de-residentes-da-uern\/\" rel=\"bookmark\">PRAE organiza primeiro encontro de residentes da UERN<\/a><\/h3>\n<h3 class=\"entry-title td-module-title\"><a title=\"PRAE divulga resultado final de sele\u00e7\u00e3o para o Programa de Apoio ao Estudante\" href=\"http:\/\/portal.uern.br\/blog\/prae-divulga-resultado-final-de-selecao-para-o-programa-de-apoio-ao-estudante-pae\/\" rel=\"bookmark\">PRAE divulga resultado final de sele\u00e7\u00e3o para o Programa de Apoio ao Estudante<\/a><\/h3>\n<h3 class=\"entry-title td-module-title\"><a title=\"Estudantes da UERN participam dos Jogos Universit\u00e1rios Brasileiros em Bras\u00edlia\" href=\"http:\/\/portal.uern.br\/blog\/estudantes-da-uern-participam-dos-jogos-universitarios-brasileiros-em-brasilia\/\" rel=\"bookmark\">Estudantes da UERN participam dos Jogos Universit\u00e1rios Brasileiros em Bras\u00edlia<\/a><\/h3>\n<h3 class=\"entry-title td-module-title\"><a title=\"PRAE\/UERN anuncia resultado preliminar de processo seletivo da PAE\" href=\"http:\/\/portal.uern.br\/blog\/prae-uern-anuncia-resultado-preliminar-de-selecao\/\" rel=\"bookmark\">PRAE\/UERN anuncia resultado preliminar de processo seletivo da PAE<\/a><\/h3>\n<h3 class=\"entry-title td-module-title\"><a title=\"PRAE oferece 11 vagas para est\u00e1gio; inscri\u00e7\u00f5es seguem at\u00e9 esta ter\u00e7a-feira\" href=\"http:\/\/portal.uern.br\/blog\/prae-oferece-11-vagas-para-estagio-inscricoes-seguem-ate-esta-terca-feira\/\" rel=\"bookmark\">PRAE oferece 11 vagas para est\u00e1gio; inscri\u00e7\u00f5es seguem at\u00e9 esta ter\u00e7a-feira<\/a><\/h3>\n<h3 class=\"entry-title td-module-title\"><a title=\"PRAE retifica edital das Resid\u00eancias Universit\u00e1rias\" href=\"http:\/\/portal.uern.br\/blog\/prae-retifica-edital-das-residencias-universitarias-2\/\" rel=\"bookmark\">PRAE retifica edital das Resid\u00eancias Universit\u00e1rias<\/a><\/h3>\n<h3 class=\"entry-title td-module-title\"><a title=\"PRAE realiza pr\u00e1ticas integrativas voltadas para sa\u00fade mental dos estudantes\" href=\"http:\/\/portal.uern.br\/blog\/prae-realiza-praticas-integrativas-voltadas-para-saude-mental-dos-estudantes\/\" rel=\"bookmark\">PRAE realiza pr\u00e1ticas integrativas voltadas para sa\u00fade mental dos estudantes<\/a><\/h3>\n<h3 class=\"entry-title td-module-title\"><a title=\"PRAE divulga resultado preliminar para vagas nas Resid\u00eancias Universit\u00e1rias\" href=\"http:\/\/portal.uern.br\/blog\/prae-divulga-resultado-preliminar-para-vagas-nas-residencias-universitarias\/\" rel=\"bookmark\">PRAE divulga resultado preliminar para vagas nas Resid\u00eancias Universit\u00e1rias<\/a><\/h3>\n<h3 class=\"entry-title td-module-title\"><a title=\"PRAE publica convoca\u00e7\u00e3o para entrevistas da sele\u00e7\u00e3o para Resid\u00eancias Universit\u00e1rias\" href=\"http:\/\/portal.uern.br\/blog\/prae-publica-convocacao-para-entrevistas-da-selecao-para-residencias-universitarias\/\" rel=\"bookmark\">PRAE publica convoca\u00e7\u00e3o para entrevistas da sele\u00e7\u00e3o para Resid\u00eancias Universit\u00e1rias<\/a><\/h3>\n<h3 class=\"entry-title td-module-title\"><a title=\"PRAE\/UERN faz retifica\u00e7\u00e3o em edital\" href=\"http:\/\/portal.uern.br\/blog\/prae-uern-faz-retificacao-em-edital\/\" rel=\"bookmark\">PRAE\/UERN faz retifica\u00e7\u00e3o em edital<\/a><\/h3>\n<h3 class=\"entry-title td-module-title\"><a title=\"PRAE\/UERN disponibiliza edital com calend\u00e1rio de entrega de documenta\u00e7\u00e3o de candidatos ao PAE\" href=\"http:\/\/portal.uern.br\/blog\/prae-uern-disponibiliza-edital-com-calendario-de-entrega-de-documentacao-de-candidatos-ao-pae\/\" rel=\"bookmark\">PRAE\/UERN disponibiliza edital com calend\u00e1rio de entrega de documenta\u00e7\u00e3o de candidatos ao PAE<\/a><\/h3>\n<h3 class=\"entry-title td-module-title\"><a title=\"PRAE retifica Edital 007\/2019\" href=\"http:\/\/portal.uern.br\/blog\/prae-retifica-edital-007-2019\/\" rel=\"bookmark\">PRAE retifica Edital 007\/2019<\/a><\/h3>\n<h3 class=\"entry-title td-module-title\"><a title=\"PRAE convoca estudantes para entrega de documenta\u00e7\u00e3o do processo seletivo para Resid\u00eancias Universit\u00e1rias\" href=\"http:\/\/portal.uern.br\/blog\/prae-convoca-estudantes-para-entrega-de-documentacao-do-processo-seletivo-para-residencias-universitarias\/\" rel=\"bookmark\">PRAE convoca estudantes para entrega de documenta\u00e7\u00e3o do processo seletivo para Resid\u00eancias Universit\u00e1rias<\/a><\/h3>\n<h3 class=\"entry-title td-module-title\"><a title=\"PRAE divulga processo de sele\u00e7\u00e3o para Resid\u00eancias Universit\u00e1rias\" href=\"http:\/\/portal.uern.br\/blog\/prae-divulga-processo-de-selecao-para-residencias-universitarias\/\" rel=\"bookmark\">PRAE divulga processo de sele\u00e7\u00e3o para Resid\u00eancias Universit\u00e1rias<\/a><\/h3>\n<h3 class=\"entry-title td-module-title\"><a title=\"PRAE\/UERN oferta 142 bolsas para estudantes em vulnerabilidade econ\u00f4mica\" href=\"http:\/\/portal.uern.br\/blog\/prae-uern-oferta-142-bolsas-para-estudantes-em-vulnerabilidade-economica\/\" rel=\"bookmark\">PRAE\/UERN oferta 142 bolsas para estudantes em vulnerabilidade econ\u00f4mica<\/a><\/h3>\n<h3 class=\"entry-title td-module-title\"><a title=\"PRAE\/UERN convoca estagi\u00e1rio\" href=\"http:\/\/portal.uern.br\/blog\/prae-uern-convoca-estagiario\/\" rel=\"bookmark\">PRAE\/UERN convoca estagi\u00e1rio<\/a><\/h3>\n<h3 class=\"entry-title td-module-title\"><a title=\"PRAE divulga lista de aprovados no processo de avalia\u00e7\u00e3o acad\u00eamica das Resid\u00eancias Universit\u00e1rias\" href=\"http:\/\/portal.uern.br\/blog\/prae-divulga-lista-de-aprovados-no-processo-de-avaliacao-academica-das-residencias-universitarias\/\" rel=\"bookmark\">PRAE divulga lista de aprovados no processo de avalia\u00e7\u00e3o acad\u00eamica das Resid\u00eancias Universit\u00e1rias<\/a><\/h3>\n<h3 class=\"entry-title td-module-title\"><a title=\"PRAE convoca alunos da Resid\u00eancia Universit\u00e1ria \u2013 RUM II para viabiliza\u00e7\u00e3o de mudan\u00e7a\" href=\"http:\/\/portal.uern.br\/blog\/prae-convoca-alunos-da-residencia-universitaria-rum-ii-para-viabilizacao-de-mudanca\/\" rel=\"bookmark\">PRAE convoca alunos da Resid\u00eancia Universit\u00e1ria \u2013 RUM II para viabiliza\u00e7\u00e3o de mudan\u00e7a<\/a><\/h3>\n<h3 class=\"entry-title td-module-title\"><\/h3>\n","protected":false},"excerpt":{"rendered":"<p>Acompanhe as nossas not\u00edcias nos links abaixo: PRAE divulga resultado preliminar da sele\u00e7\u00e3o do Programa de Apoio ao Estudante Projeto Pr\u00e1ticas Integrativas da PRAE ser\u00e1 realizado no Campus de Natal PRAE divulga resultado preliminar do processo seletivo para Resid\u00eancias Universit\u00e1rias PRAE\/UERN convoca candidatos para entrevista na sele\u00e7\u00e3o das Resid\u00eancias Universit\u00e1rias PRAE inclui aditivo ao resultado [&hellip;]<\/p>\n","protected":false},"author":3,"featured_media":0,"parent":0,"menu_order":0,"comment_status":"closed","ping_status":"closed","template":"","meta":{"footnotes":""},"class_list":["post-2726","page","type-page","status-publish","hentry"],"_links":{"self":[{"href":"https:\/\/portal.uern.br\/prae\/wp-json\/wp\/v2\/pages\/2726","targetHints":{"allow":["GET"]}}],"collection":[{"href":"https:\/\/portal.uern.br\/prae\/wp-json\/wp\/v2\/pages"}],"about":[{"href":"https:\/\/portal.uern.br\/prae\/wp-json\/wp\/v2\/types\/page"}],"author":[{"embeddable":true,"href":"https:\/\/portal.uern.br\/prae\/wp-json\/wp\/v2\/users\/3"}],"replies":[{"embeddable":true,"href":"https:\/\/portal.uern.br\/prae\/wp-json\/wp\/v2\/comments?post=2726"}],"version-history":[{"count":2,"href":"https:\/\/portal.uern.br\/prae\/wp-json\/wp\/v2\/pages\/2726\/revisions"}],"predecessor-version":[{"id":2740,"href":"https:\/\/portal.uern.br\/prae\/wp-json\/wp\/v2\/pages\/2726\/revisions\/2740"}],"wp:attachment":[{"href":"https:\/\/portal.uern.br\/prae\/wp-json\/wp\/v2\/media?parent=2726"}],"curies":[{"name":"wp","href":"https:\/\/api.w.org\/{rel}","templated":true}]}}