{"id":2711,"date":"2025-04-29T15:58:18","date_gmt":"2025-04-29T18:58:18","guid":{"rendered":"https:\/\/portal.uern.br\/prae\/?page_id=2711"},"modified":"2025-04-29T16:03:44","modified_gmt":"2025-04-29T19:03:44","slug":"2711-2","status":"publish","type":"page","link":"https:\/\/portal.uern.br\/prae\/2711-2\/","title":{"rendered":""},"content":{"rendered":"<h3 data-start=\"122\" data-end=\"223\"><img fetchpriority=\"high\" decoding=\"async\" class=\"aligncenter wp-image-2712 size-large\" src=\"https:\/\/portal.uern.br\/prae\/wp-content\/uploads\/2025\/04\/ESTAGIO@4x-1024x512.png\" alt=\"\" width=\"800\" height=\"400\" srcset=\"https:\/\/portal.uern.br\/prae\/wp-content\/uploads\/2025\/04\/ESTAGIO@4x-1024x512.png 1024w, https:\/\/portal.uern.br\/prae\/wp-content\/uploads\/2025\/04\/ESTAGIO@4x-300x150.png 300w, https:\/\/portal.uern.br\/prae\/wp-content\/uploads\/2025\/04\/ESTAGIO@4x-768x384.png 768w, https:\/\/portal.uern.br\/prae\/wp-content\/uploads\/2025\/04\/ESTAGIO@4x-1536x768.png 1536w, https:\/\/portal.uern.br\/prae\/wp-content\/uploads\/2025\/04\/ESTAGIO@4x-2048x1024.png 2048w\" sizes=\"(max-width: 800px) 100vw, 800px\" \/><\/h3>\n<h3 class=\"\" data-start=\"122\" data-end=\"223\">PRAE publica resultado preliminar do processo seletivo de est\u00e1gio n\u00e3o-obrigat\u00f3rio da Uern<\/h3>\n<p class=\"\" data-start=\"225\" data-end=\"521\">A Universidade do Estado do Rio Grande do Norte (Uern), por meio da Pr\u00f3-Reitoria de Assuntos Estudantis (PRAE), divulgou nesta segunda-feira (28) o <strong data-start=\"373\" data-end=\"481\">resultado preliminar do processo seletivo para preenchimento de vagas em est\u00e1gio n\u00e3o-obrigat\u00f3rio interno<\/strong>, destinado a estudantes da institui\u00e7\u00e3o.<\/p>\n<p class=\"\" data-start=\"523\" data-end=\"690\">O processo tem como objetivo oportunizar experi\u00eancias pr\u00e1ticas aos discentes, fortalecendo a forma\u00e7\u00e3o acad\u00eamica e contribuindo com o funcionamento dos setores da Uern.<\/p>\n<p class=\"\" data-start=\"692\" data-end=\"1123\">Conforme o edital, os(as) candidatos(as) com a indica\u00e7\u00e3o <strong data-start=\"749\" data-end=\"766\">\u201cAprovado(a)\u201d<\/strong> foram selecionados(as) para ocupar as vagas dispon\u00edveis nesta etapa. J\u00e1 os(as) <strong data-start=\"846\" data-end=\"867\">\u201cClassificado(a)\u201d<\/strong> n\u00e3o foram aprovados(as) entre as vagas imediatas, mas poder\u00e3o ser convocados(as) posteriormente, conforme o surgimento de novas vagas. Os(as) <strong data-start=\"1010\" data-end=\"1034\">\u201cDesclassificado(a)\u201d<\/strong> n\u00e3o atenderam aos crit\u00e9rios estabelecidos na entrevista e retornam ao banco de cadastro.<\/p>\n<p class=\"\" data-start=\"1125\" data-end=\"1403\"><strong data-start=\"1128\" data-end=\"1151\">Per\u00edodo de recursos<\/strong><br data-start=\"1151\" data-end=\"1154\" \/>Os(as) candidatos(as) que desejarem interpor recurso podem faz\u00ea-lo <strong data-start=\"1221\" data-end=\"1263\">entre os dias 27 e 28 de abril de 2025<\/strong>, at\u00e9 \u00e0s 17h do \u00faltimo dia, por meio do seguinte formul\u00e1rio:<br data-start=\"1323\" data-end=\"1326\" \/>\ud83d\udd17 <a class=\"\" href=\"https:\/\/forms.gle\/iv1ZUXnCiKnhaZ276\" target=\"_new\" rel=\"noopener\" data-start=\"1329\" data-end=\"1403\">https:\/\/forms.gle\/iv1ZUXnCiKnhaZ276<\/a><\/p>\n<p data-start=\"1125\" data-end=\"1403\"><strong>Edital completo pelo link: <a href=\"https:\/\/portal.uern.br\/prae\/wp-content\/uploads\/2025\/04\/SEI_33350969_Edital_48_PRAE_UERN-3.pdf\">(CliqueAqui)<\/a><\/strong><\/p>\n<p class=\"\" data-start=\"1405\" data-end=\"1563\">A PRAE refor\u00e7a a import\u00e2ncia do est\u00e1gio como espa\u00e7o de aprendizagem e desenvolvimento de compet\u00eancias e se coloca \u00e0 disposi\u00e7\u00e3o para d\u00favidas e esclarecimentos.<\/p>\n<p class=\"\" data-start=\"1565\" data-end=\"1597\">\ud83d\udce9 <strong data-start=\"1568\" data-end=\"1580\">Contato:<\/strong> <a class=\"cursor-pointer\" rel=\"noopener\" data-start=\"1581\" data-end=\"1597\">sae.prae@uern.br<\/a><\/p>\n","protected":false},"excerpt":{"rendered":"<p>PRAE publica resultado preliminar do processo seletivo de est\u00e1gio n\u00e3o-obrigat\u00f3rio da Uern A Universidade do Estado do Rio Grande do Norte (Uern), por meio da Pr\u00f3-Reitoria de Assuntos Estudantis (PRAE), divulgou nesta segunda-feira (28) o resultado preliminar do processo seletivo para preenchimento de vagas em est\u00e1gio n\u00e3o-obrigat\u00f3rio interno, destinado a estudantes da institui\u00e7\u00e3o. O processo [&hellip;]<\/p>\n","protected":false},"author":3,"featured_media":0,"parent":0,"menu_order":0,"comment_status":"closed","ping_status":"closed","template":"","meta":{"footnotes":""},"class_list":["post-2711","page","type-page","status-publish","hentry"],"_links":{"self":[{"href":"https:\/\/portal.uern.br\/prae\/wp-json\/wp\/v2\/pages\/2711","targetHints":{"allow":["GET"]}}],"collection":[{"href":"https:\/\/portal.uern.br\/prae\/wp-json\/wp\/v2\/pages"}],"about":[{"href":"https:\/\/portal.uern.br\/prae\/wp-json\/wp\/v2\/types\/page"}],"author":[{"embeddable":true,"href":"https:\/\/portal.uern.br\/prae\/wp-json\/wp\/v2\/users\/3"}],"replies":[{"embeddable":true,"href":"https:\/\/portal.uern.br\/prae\/wp-json\/wp\/v2\/comments?post=2711"}],"version-history":[{"count":3,"href":"https:\/\/portal.uern.br\/prae\/wp-json\/wp\/v2\/pages\/2711\/revisions"}],"predecessor-version":[{"id":2716,"href":"https:\/\/portal.uern.br\/prae\/wp-json\/wp\/v2\/pages\/2711\/revisions\/2716"}],"wp:attachment":[{"href":"https:\/\/portal.uern.br\/prae\/wp-json\/wp\/v2\/media?parent=2711"}],"curies":[{"name":"wp","href":"https:\/\/api.w.org\/{rel}","templated":true}]}}