{"id":242,"date":"2022-09-08T16:24:41","date_gmt":"2022-09-08T19:24:41","guid":{"rendered":"https:\/\/paisdemossoro.com.br\/wordpress\/prae\/?page_id=242"},"modified":"2025-02-07T13:00:05","modified_gmt":"2025-02-07T16:00:05","slug":"programa-de-moradia-universitaria","status":"publish","type":"page","link":"https:\/\/portal.uern.br\/prae\/programa-de-moradia-universitaria\/","title":{"rendered":"Programa de Moradia Universit\u00e1ria (aux\u00edlio financeiro e resid\u00eancias universir\u00e1rias)"},"content":{"rendered":"<p>&nbsp;<\/p>\n<p><img fetchpriority=\"high\" decoding=\"async\" class=\"aligncenter wp-image-1891 size-large\" src=\"https:\/\/portal.uern.br\/prae\/wp-content\/uploads\/2024\/04\/MORADIA@4x-1024x512.png\" alt=\"\" width=\"800\" height=\"400\" srcset=\"https:\/\/portal.uern.br\/prae\/wp-content\/uploads\/2024\/04\/MORADIA@4x-1024x512.png 1024w, https:\/\/portal.uern.br\/prae\/wp-content\/uploads\/2024\/04\/MORADIA@4x-300x150.png 300w, https:\/\/portal.uern.br\/prae\/wp-content\/uploads\/2024\/04\/MORADIA@4x-768x384.png 768w, https:\/\/portal.uern.br\/prae\/wp-content\/uploads\/2024\/04\/MORADIA@4x-1536x768.png 1536w, https:\/\/portal.uern.br\/prae\/wp-content\/uploads\/2024\/04\/MORADIA@4x-2048x1024.png 2048w\" sizes=\"(max-width: 800px) 100vw, 800px\" \/><\/p>\n<p>Criado pela Resolu\u00e7\u00e3o\u00a08\/2019\u00a0&#8211; CD, de\u00a05\u00a0de dezembro de 2019, o\u00a0PMU\u00a0objetiva\u00a0apoiar os estudantes\u00a0devidamente matriculados em curso de gradua\u00e7\u00e3o presencial\u00a0e p\u00f3s-gradua\u00e7\u00e3o stricto sensu da UERN, e\u00a0que se encontre em situa\u00e7\u00e3o de comprovada vulnerabilidade socioecon\u00f4mica, visando a garantia de\u00a0moradia universit\u00e1ria.<\/p>\n<h5>O PMU tem duas modalidades:<\/h5>\n<ul>\n<li>Resid\u00eancia Universit\u00e1ria &#8211; im\u00f3vel mantido pela FUERN na sede do curso ao qual o aluno est\u00e1 vinculado; e<\/li>\n<li>Aux\u00edlio Moradia &#8211; aux\u00edlio financeiro destinado ao apoio no custeio das despesas com o aluguel de im\u00f3vel por parte do aluno.<\/li>\n<\/ul>\n<h5>Quem pode ser benefici\u00e1rio do PMU? Pode ser benefici\u00e1rio do PMU o aluno que atender aos seguintes requisitos:<\/h5>\n<ul>\n<li>Ser maior de 18 (dezoito) anos ou emancipado legalmente;<\/li>\n<li>Comprovar situa\u00e7\u00e3o de renda que justifique a inclus\u00e3o no programa, conforme Art. 4, mediante avalia\u00e7\u00e3o socioecon\u00f4mica;<\/li>\n<li>Participar de todas as etapas da avalia\u00e7\u00e3oo socioecon\u00f4mica;<\/li>\n<li>Ter cursado a educa\u00e7\u00e3o b\u00e1sica integralmente em escola p\u00fablica, excetuando-se os casos previstos em edital;<\/li>\n<li>Estar regularmente matriculado em um curso de gradua\u00e7\u00e3o ou p\u00f3s-gradua\u00e7\u00e3o stricto sensu da UERN;<\/li>\n<li>Para alunos (as) de gradua\u00e7\u00e3o, n\u00e3o possuir diploma de gradua\u00e7\u00e3o anterior;<\/li>\n<li>Para alunos (as) de p\u00f3s-gradua\u00e7\u00e3o stricto sensu, n\u00e3o possuir diploma de p\u00f3s-gradua\u00e7\u00e3o stricto sensu anterior;<\/li>\n<li>N\u00e3o residir no munic\u00edpio sede do curso ao qual est\u00e1 vinculado, exceto nos casos em que o (a) aluno (a) resida em zona rural com dist\u00e2ncia m\u00e1nima de 15 (quinze) quil\u00f4metros;<\/li>\n<li>N\u00e3o estar em situa\u00e7\u00e3o de trancamento volunt\u00e1rio ou compuls\u00f3rio de qualquer componente curricular obrigat\u00f3rio do per\u00edodo acad\u00eamico em curso;<\/li>\n<li>N\u00e3o possuir v\u00ednculo empregat\u00e1cio, p\u00fablico ou privado, ainda que tempor\u00e1rio, excetuando-se os casos espec\u00edficos estabelecidos em edital;<\/li>\n<li>N\u00e3o ser benefici\u00e1rio de outro programa socioassistencial da UERN, excetuando-se os casos espec\u00edficos estabelecidos em edital;<\/li>\n<li>N\u00e3o ser benefici\u00e1rio de qualquer outro tipo de bolsa ou aux\u00edlio financeiro que ultrapasse o valor de um sal\u00e1rio-m\u00ednimo e meio;<\/li>\n<li>N\u00e3o estar em d\u00e9bito ou com pend\u00eancias junto ao Setor de Est\u00e1gios e Conv\u00eanios da PRAE;<\/li>\n<li>N\u00e3o ter sido benefici\u00e1rio do Programa de Moradia Universit\u00e1ria, ou programa equivalente, anteriormente; e<\/li>\n<li>N\u00e3o estar em d\u00e9bito com o Sistema Integrado de Bibliotecas da UERN.<\/li>\n<\/ul>\n<p><strong>Localiza\u00e7\u00e3o:<\/strong><\/p>\n<ul>\n<li><em><strong>Mossor\u00f3<\/strong><\/em><\/li>\n<\/ul>\n<p><strong>Resid\u00eancia Masculina\u00a0<\/strong><\/p>\n<p><strong>Resid\u00eancia Feminina<\/strong><\/p>\n<p><strong>Resid\u00eancias nos Campi Avan\u00e7ados:<\/strong><\/p>\n<ul>\n<li><em><strong>Assu\u00a0<\/strong><\/em><\/li>\n<\/ul>\n<p><strong>Resid\u00eancia Feminina<\/strong><\/p>\n<p><strong>Resid\u00eancia Masculina<\/strong><\/p>\n<ul>\n<li><em><strong>Natal\u00a0<\/strong><\/em><\/li>\n<\/ul>\n<p><strong>Resid\u00eancia Feminina<\/strong><\/p>\n<p><strong>Resid\u00eancia Masculina<\/strong><\/p>\n<ul>\n<li><em><strong>Patu\u00a0<\/strong><\/em><\/li>\n<\/ul>\n<p><strong>Resid\u00eancia Feminina<\/strong><\/p>\n<p><strong>Resid\u00eancia Maculina<\/strong><\/p>\n<ul>\n<li><strong><em>Caic\u00f3\u00a0<\/em><\/strong><\/li>\n<\/ul>\n<p><strong>Resid\u00eancia Feminina\u00a0<\/strong><\/p>\n<p><strong>Resid\u00eancia Maculina\u00a0<\/strong><\/p>\n<h5><strong>Quem pode se candidatar?<\/strong><\/h5>\n<p>Alunos regularmente matriculados nos cursos da UERN, com idade igual ou superior a dezoito anos, que comprovem, principalmente, estarem em vulnerabilidade socioeconomica, ou seja, que a fam\u00edlia n\u00e3o tenha condi\u00e7\u00f5es de custear sua estadia na cidade sede do curso.<\/p>\n<h5><strong>Como se d\u00e1 o processo seletivo?<\/strong><\/h5>\n<p>A sele\u00e7\u00e3o consta de\u00a0duas etapas:<\/p>\n<p>A\u00a0primeira etapa consistir\u00e1 em an\u00e1lise do perfil socioecon\u00f4mico e a segunda ser\u00e1 realizada\u00a0atrav\u00e9s da\u00a0entrevista com a equipe t\u00e9cnica.<\/p>\n<p>No julgamento dos candidatos, ser\u00e3o considerados:<\/p>\n<ul>\n<li>a situa\u00e7\u00e3o econ\u00f4mica &#8211; financeira do candidato;<\/li>\n<li>a vida escolar anterior e atual do candidato;<\/li>\n<li>o munic\u00edpio de origem, onde reside atualmente, levando em conta a dist\u00e2ncia do mesmo;<\/li>\n<li>n\u00e3o ter sido reprovado em mais de 03 (tr\u00eas) disciplinas por semestre;<\/li>\n<li>parecer psicol\u00f3gico.<\/li>\n<\/ul>\n<h5><strong>Quando ocorrem as sele\u00e7\u00f5es?<\/strong><\/h5>\n<p>No inicio de cada semestre letivo a PRAE\u00a0 publica Edital de\u00a0abertura de vagas para sele\u00e7\u00e3o de novos residentes, disponibilizado no portal da UERN (<a href=\"https:\/\/www.uern.br\/\">www.uern.br<\/a>) e nas faculdades durante o per\u00edodo de matr\u00edcula dos cursos de gradua\u00e7\u00e3o.<\/p>\n<h5><strong>Quais os servi\u00e7os oferecidos aos residentes?<\/strong><\/h5>\n<ul type=\"disc\">\n<li>\u00e1gua e energia el\u00e9trica;<\/li>\n<li>aluguel;<\/li>\n<li>material de limpeza<\/li>\n<\/ul>\n<h5><strong>Normas:<\/strong><\/h5>\n<ul>\n<li>Ad Referendum n\u00ba 004\/2019 &#8211; CD &#8211; Institui o Programa de Moradia Universit\u00e1ria (<a href=\"\/Users\/sepho\/OneDrive\/\u00c1rea%20de%20Trabalho\/Ad-Referendum%20n%20004-2019%20%20-%20%20CD.pdf\">aqui<\/a>);<\/li>\n<li>Regimento das Resid\u00eancias Universit\u00e1rias: Resolu\u00e7\u00e3o n.\u00ba 9\/2007-CONSUNI (<a href=\"https:\/\/www.uern.br\/controledepaginas\/dae-residencia-universitaria\/arquivos\/2597resolua\u00a7a\u00a3o_9_2007_consuni_aprova_o_regimento_das_residancias_universita\u00a1rias_da_uern.pdf\">aqui<\/a>);<\/li>\n<\/ul>\n<h5><strong>Outras informa\u00e7\u00f5es:<\/strong><\/h5>\n<p>Email: sae.prae@uern.br\u00a0 Tel.(84)3315-2185<\/p>\n","protected":false},"excerpt":{"rendered":"<p>&nbsp; Criado pela Resolu\u00e7\u00e3o\u00a08\/2019\u00a0&#8211; CD, de\u00a05\u00a0de dezembro de 2019, o\u00a0PMU\u00a0objetiva\u00a0apoiar os estudantes\u00a0devidamente matriculados em curso de gradua\u00e7\u00e3o presencial\u00a0e p\u00f3s-gradua\u00e7\u00e3o stricto sensu da UERN, e\u00a0que se encontre em situa\u00e7\u00e3o de comprovada vulnerabilidade socioecon\u00f4mica, visando a garantia de\u00a0moradia universit\u00e1ria. O PMU tem duas modalidades: Resid\u00eancia Universit\u00e1ria &#8211; im\u00f3vel mantido pela FUERN na sede do curso ao qual [&hellip;]<\/p>\n","protected":false},"author":1,"featured_media":0,"parent":0,"menu_order":0,"comment_status":"closed","ping_status":"closed","template":"","meta":{"footnotes":""},"class_list":["post-242","page","type-page","status-publish","hentry"],"_links":{"self":[{"href":"https:\/\/portal.uern.br\/prae\/wp-json\/wp\/v2\/pages\/242","targetHints":{"allow":["GET"]}}],"collection":[{"href":"https:\/\/portal.uern.br\/prae\/wp-json\/wp\/v2\/pages"}],"about":[{"href":"https:\/\/portal.uern.br\/prae\/wp-json\/wp\/v2\/types\/page"}],"author":[{"embeddable":true,"href":"https:\/\/portal.uern.br\/prae\/wp-json\/wp\/v2\/users\/1"}],"replies":[{"embeddable":true,"href":"https:\/\/portal.uern.br\/prae\/wp-json\/wp\/v2\/comments?post=242"}],"version-history":[{"count":7,"href":"https:\/\/portal.uern.br\/prae\/wp-json\/wp\/v2\/pages\/242\/revisions"}],"predecessor-version":[{"id":2547,"href":"https:\/\/portal.uern.br\/prae\/wp-json\/wp\/v2\/pages\/242\/revisions\/2547"}],"wp:attachment":[{"href":"https:\/\/portal.uern.br\/prae\/wp-json\/wp\/v2\/media?parent=242"}],"curies":[{"name":"wp","href":"https:\/\/api.w.org\/{rel}","templated":true}]}}