{"id":237,"date":"2022-09-08T16:22:33","date_gmt":"2022-09-08T19:22:33","guid":{"rendered":"https:\/\/paisdemossoro.com.br\/wordpress\/prae\/?page_id=237"},"modified":"2024-07-05T11:37:34","modified_gmt":"2024-07-05T14:37:34","slug":"programa-de-apoio-ao-estudante-pae","status":"publish","type":"page","link":"https:\/\/portal.uern.br\/prae\/programa-de-apoio-ao-estudante-pae\/","title":{"rendered":"Programa de Apoio ao Estudante &#8211; PAE"},"content":{"rendered":"<p>&nbsp;<\/p>\n<p><img fetchpriority=\"high\" decoding=\"async\" class=\"aligncenter wp-image-1887 size-large\" src=\"https:\/\/portal.uern.br\/prae\/wp-content\/uploads\/2024\/04\/PAE@4x-1024x512.png\" alt=\"\" width=\"800\" height=\"400\" srcset=\"https:\/\/portal.uern.br\/prae\/wp-content\/uploads\/2024\/04\/PAE@4x-1024x512.png 1024w, https:\/\/portal.uern.br\/prae\/wp-content\/uploads\/2024\/04\/PAE@4x-300x150.png 300w, https:\/\/portal.uern.br\/prae\/wp-content\/uploads\/2024\/04\/PAE@4x-768x384.png 768w, https:\/\/portal.uern.br\/prae\/wp-content\/uploads\/2024\/04\/PAE@4x-1536x768.png 1536w, https:\/\/portal.uern.br\/prae\/wp-content\/uploads\/2024\/04\/PAE@4x-2048x1024.png 2048w\" sizes=\"(max-width: 800px) 100vw, 800px\" \/><\/p>\n<p>Criado pela Resolu\u00e7\u00e3o 39\/2014 &#8211; CD, de 23 de dezembro de 2014, o PAE objetiva oferecer apoio ao estudante devidamente matriculado em curso de gradua\u00e7\u00e3o presencial da UERN que se encontre em situa\u00e7\u00e3o de comprovada vulnerabilidade socioecon\u00f4mica, visando a garantia de perman\u00eancia.<\/p>\n<p>Diante da nova realidade acad\u00eamica na qual, cada vez mais, os discentes em condi\u00e7\u00f5es de\u00a0vulnerabilidade socioecon\u00f4mica\u00a0ingressam no ensino superior, \u00e9 que\u00a0a\u00a0Universidade do Estado do Rio Grande do\u00a0Norte\u00a0&#8211; UERN por meio da Pr\u00f3-Reitoria de Assuntos Estudantis &#8211; PAE desenvolveu\u00a0o Programa de Apoio ao Estudante &#8211; PAE\u00a0buscando, prioritariamente,\u00a0\u00e0 permanc\u00eancia do discente.<\/p>\n<p>O apoio proposto, inicialmente, pelo PAE consiste em um aux\u00edlio pecuni\u00e1rio no valor de R$450,00. O aux\u00edlio dever\u00e1, obrigatoriamente, ser utilizado com moradia, alimenta\u00e7\u00e3o, transporte e reprografia.<\/p>\n<h5>Quem pode receber o PAE? Pode receber o PAE o aluno que:<\/h5>\n<ul>\n<li>Ter ingressado na UERN atrav\u00e9s do sistema de cotas;<\/li>\n<li>Estar regularmente matriculado em um Curso de Gradua\u00e7\u00e3o da UERN;<\/li>\n<li>N\u00e3o estar em situa\u00e7\u00e3o de trancamento volunt\u00e1rio ou compuls\u00f3rio;<\/li>\n<li>N\u00e3o possuir v\u00ednculo empregat\u00edcio, p\u00fablico ou privado;<\/li>\n<li>N\u00e3o ser benefici\u00e1rio de outro aux\u00edlio socioassistencial da UERN; e<\/li>\n<li>Comprovar situa\u00e7\u00e3o de vulnerabilidade socioecon\u00f4mica que justifique a concess\u00e3o do aux\u00edlio.<\/li>\n<\/ul>\n<p>o benefici\u00e1rio ainda ter\u00e1 que cumprir os requisitos de:<\/p>\n<ul>\n<li>N\u00e3o estar em situa\u00e7\u00e3o de trancamento volunt\u00e1rio ou compuls\u00f3rio;<\/li>\n<li>N\u00e3o ter ultrapassado o tempo m\u00e1ximo de integraliza\u00e7\u00e3o do seu Curso, de acordo com a legisla\u00e7\u00e3o vigente, salvo situa\u00e7\u00f5es excepcionais a serem analisadas pela Comiss\u00e3o de Perman\u00eancia Estudantil;<\/li>\n<li>Ter aproveitamento acad\u00eamico, durante o percebimento do aux\u00edlio, correspondente a 100% da carga hor\u00e1ria prevista para cada semestre, de acordo com o Projeto Pedag\u00f3gico do Curso ao qual esteja vinculado;<\/li>\n<li>Assinar Termo de Responsabilidade confirmando a necessidade de perman\u00eancia no Programa de Apoio ao Estudante\/UERN<\/li>\n<\/ul>\n<p>O discente para ser beneficiado dever\u00e1, previamente,\u00a0concorrer\u00a0por meio de edital especifico que ser\u00e1 lan\u00e7ado por semestre letivo e divulgado neste site.<\/p>\n<p>&nbsp;<\/p>\n","protected":false},"excerpt":{"rendered":"<p>&nbsp; Criado pela Resolu\u00e7\u00e3o 39\/2014 &#8211; CD, de 23 de dezembro de 2014, o PAE objetiva oferecer apoio ao estudante devidamente matriculado em curso de gradua\u00e7\u00e3o presencial da UERN que se encontre em situa\u00e7\u00e3o de comprovada vulnerabilidade socioecon\u00f4mica, visando a garantia de perman\u00eancia. Diante da nova realidade acad\u00eamica na qual, cada vez mais, os discentes [&hellip;]<\/p>\n","protected":false},"author":1,"featured_media":0,"parent":0,"menu_order":0,"comment_status":"closed","ping_status":"closed","template":"","meta":{"footnotes":""},"class_list":["post-237","page","type-page","status-publish","hentry"],"_links":{"self":[{"href":"https:\/\/portal.uern.br\/prae\/wp-json\/wp\/v2\/pages\/237","targetHints":{"allow":["GET"]}}],"collection":[{"href":"https:\/\/portal.uern.br\/prae\/wp-json\/wp\/v2\/pages"}],"about":[{"href":"https:\/\/portal.uern.br\/prae\/wp-json\/wp\/v2\/types\/page"}],"author":[{"embeddable":true,"href":"https:\/\/portal.uern.br\/prae\/wp-json\/wp\/v2\/users\/1"}],"replies":[{"embeddable":true,"href":"https:\/\/portal.uern.br\/prae\/wp-json\/wp\/v2\/comments?post=237"}],"version-history":[{"count":8,"href":"https:\/\/portal.uern.br\/prae\/wp-json\/wp\/v2\/pages\/237\/revisions"}],"predecessor-version":[{"id":2197,"href":"https:\/\/portal.uern.br\/prae\/wp-json\/wp\/v2\/pages\/237\/revisions\/2197"}],"wp:attachment":[{"href":"https:\/\/portal.uern.br\/prae\/wp-json\/wp\/v2\/media?parent=237"}],"curies":[{"name":"wp","href":"https:\/\/api.w.org\/{rel}","templated":true}]}}